{"id":186,"date":"2010-06-04T16:46:25","date_gmt":"2010-06-04T16:46:25","guid":{"rendered":"https:\/\/blogs.ua.es\/smithriquezanaciones\/?page_id=186"},"modified":"2010-06-04T16:46:25","modified_gmt":"2010-06-04T16:46:25","slug":"friedrich-engels","status":"publish","type":"page","link":"https:\/\/blogs.ua.es\/smithriquezanaciones\/friedrich-engels\/","title":{"rendered":"Friedrich Engels"},"content":{"rendered":"<p><a href=\"https:\/\/blogs.ua.es\/smithriquezanaciones\/files\/2010\/06\/Engels2.jpg\"><img loading=\"lazy\" decoding=\"async\" class=\"alignleft size-medium wp-image-187\" title=\"Engels2\" src=\"https:\/\/blogs.ua.es\/smithriquezanaciones\/files\/2010\/06\/Engels2-217x300.jpg\" alt=\"\" width=\"217\" height=\"300\" srcset=\"https:\/\/blogs.ua.es\/smithriquezanaciones\/files\/2010\/06\/Engels2-217x300.jpg 217w, https:\/\/blogs.ua.es\/smithriquezanaciones\/files\/2010\/06\/Engels2.jpg 364w\" sizes=\"auto, (max-width: 217px) 100vw, 217px\" \/><\/a><strong>Friedrich Engels<\/strong>, conocido en espa\u00f1ol como <strong>Federico Engels<\/strong> (Barmen-Elberfeld, actualmente <a title=\"Wuppertal\" href=\"http:\/\/es.wikipedia.org\/wiki\/Wuppertal\">Wuppertal<\/a>,  <a title=\"Renania\" href=\"http:\/\/es.wikipedia.org\/wiki\/Renania\">Renania<\/a>,  entonces parte de <a title=\"Prusia\" href=\"http:\/\/es.wikipedia.org\/wiki\/Prusia\">Prusia<\/a>, <a title=\"28 de  noviembre\" href=\"http:\/\/es.wikipedia.org\/wiki\/28_de_noviembre\">28 de noviembre<\/a> de <a title=\"1820\" href=\"http:\/\/es.wikipedia.org\/wiki\/1820\">1820<\/a> \u2013 <a title=\"Londres\" href=\"http:\/\/es.wikipedia.org\/wiki\/Londres\">Londres<\/a>,  <a title=\"5 de agosto\" href=\"http:\/\/es.wikipedia.org\/wiki\/5_de_agosto\">5  de agosto<\/a> de <a title=\"1895\" href=\"http:\/\/es.wikipedia.org\/wiki\/1895\">1895<\/a>) fue un fil\u00f3sofo y revolucionario <a title=\"Alemania\" href=\"http:\/\/es.wikipedia.org\/wiki\/Alemania\">alem\u00e1n<\/a>.<\/p>\n<p>Amigo y colaborador de <a title=\"Karl Marx\" href=\"http:\/\/es.wikipedia.org\/wiki\/Karl_Marx\">Karl  Marx<\/a>, fue coautor con \u00e9l de obras fundamentales para el nacimiento  de los movimientos <a title=\"Socialista\" href=\"http:\/\/es.wikipedia.org\/wiki\/Socialista\">socialista<\/a>, <a title=\"Comunista\" href=\"http:\/\/es.wikipedia.org\/wiki\/Comunista\">comunista<\/a> y <a title=\"Movimiento sindical\" href=\"http:\/\/es.wikipedia.org\/wiki\/Movimiento_sindical\">sindical<\/a>, y dirigente pol\u00edtico de la <a title=\"Primera  Internacional\" href=\"http:\/\/es.wikipedia.org\/wiki\/Primera_Internacional\">Primera Internacional<\/a> y de la <a title=\"Segunda  Internacional\" href=\"http:\/\/es.wikipedia.org\/wiki\/Segunda_Internacional\">Segunda Internacional<\/a>.<\/p>\n<p>Pensador y dirigente socialista alem\u00e1n (Barmen, Renania, 1820 &#8211;  Londres, 1895). Naci\u00f3 en una familia burguesa, acomodada, conservadora y  religiosa, propietaria de f\u00e1bricas textiles y <a title=\"Vitivin\u00edcola\" href=\"http:\/\/es.wikipedia.org\/wiki\/Vitivin%C3%ADcola\">vitivin\u00edcolas<\/a>. Sin embargo,  desde su paso por la Universidad de Berl\u00edn (1841-1842) se interes\u00f3 por  los movimientos revolucionarios de la \u00e9poca: se relacion\u00f3 con los  hegelianos de izquierda y con el movimiento de la Joven Alemania.  Enviado a Inglaterra al frente de los negocios familiares, conoci\u00f3 las  m\u00edseras condiciones de vida de los trabajadores de la primera potencia  industrial del mundo; m\u00e1s tarde plasmar\u00eda sus observaciones en su libro <em>La  situaci\u00f3n de la clase obrera en Inglaterra<\/em> (1845).<\/p>\n<p>En 1844 se adhiri\u00f3 definitivamente al socialismo y entabl\u00f3 una  duradera amistad con Marx. En lo sucesivo, ambos pensadores colaborar\u00edan  estrechamente, publicando juntos obras como La Sagrada Familia (1844), <a title=\"La  ideolog\u00eda alemana\" href=\"http:\/\/es.wikipedia.org\/wiki\/La_ideolog%C3%ADa_alemana\">La ideolog\u00eda alemana<\/a> (1844-46) y el <a title=\"Manifiesto Comunista\" href=\"http:\/\/es.wikipedia.org\/wiki\/Manifiesto_Comunista\">Manifiesto Comunista<\/a> (1848). Aunque corresponde a Marx la primac\u00eda en el liderazgo  socialista, Engels ejerci\u00f3 una gran influencia sobre \u00e9l: le acerc\u00f3 al  conocimiento del movimiento obrero ingl\u00e9s y atrajo su atenci\u00f3n hacia la  cr\u00edtica de la teor\u00eda econ\u00f3mica cl\u00e1sica. Fue tambi\u00e9n \u00e9l quien, gracias a  la desahogada situaci\u00f3n econ\u00f3mica de la que disfrutaba como empresario,  aport\u00f3 a Marx la ayuda econ\u00f3mica necesaria para mantenerse y escribir <strong><a title=\"El Capital\" href=\"http:\/\/es.wikipedia.org\/wiki\/El_Capital\">El  Capital<\/a><\/strong>, e incluso public\u00f3 los dos \u00faltimos tomos de la obra  despu\u00e9s de la muerte de su amigo.<\/p>\n<p>Por los mismos a\u00f1os public\u00f3 en los <em><a title=\"Anales Franco-Alemanes (a\u00fan no redactado)\" href=\"http:\/\/es.wikipedia.org\/w\/index.php?title=Anales_Franco-Alemanes&amp;action=edit&amp;redlink=1\">Anales  Franco-Alemanes<\/a><\/em>, de los que <a title=\"Karl Marx\" href=\"http:\/\/es.wikipedia.org\/wiki\/Karl_Marx\">Karl  Marx<\/a> era coeditor, un texto titulado <em>Elementos de una cr\u00edtica de  la econom\u00eda pol\u00edtica<\/em>. De esa \u00e9poca procede su amistad con Marx, al  que reconoc\u00eda una superior capacidad te\u00f3rica y mayor originalidad en las  ideas. En adelante Engels se convirti\u00f3 en el sost\u00e9n de Marx, al que  mantuvo junto a su familia durante los a\u00f1os en que se dedicaba a  elaborar <em><a title=\"El  capital\" href=\"http:\/\/es.wikipedia.org\/wiki\/El_capital\">El capital<\/a><\/em>. En esa primera estancia  en <a title=\"M\u00e1nchester\" href=\"http:\/\/es.wikipedia.org\/wiki\/M%C3%A1nchester\">M\u00e1nchester<\/a>, Engels se vincul\u00f3 tambi\u00e9n al  activismo pol\u00edtico local, militando en el movimiento <a title=\"Cartismo\" href=\"http:\/\/es.wikipedia.org\/wiki\/Cartismo\">cartista<\/a> y colaborando en <em>El Nuevo Mundo Moral<\/em> (<em>The New Moral World<\/em>),  uno de los peri\u00f3dicos de <a title=\"Robert Owen\" href=\"http:\/\/es.wikipedia.org\/wiki\/Robert_Owen\">Robert  Owen<\/a>. M\u00e1s tarde, en <a title=\"Bruselas\" href=\"http:\/\/es.wikipedia.org\/wiki\/Bruselas\">Bruselas<\/a>, lugar de refugio de muchos izquierdistas  europeos, particip\u00f3 activamente con Marx en la <em><a title=\"Liga de  los Justos\" href=\"http:\/\/es.wikipedia.org\/wiki\/Liga_de_los_Justos\">Liga de los Justos<\/a><\/em>, convertida  pronto en la <em><a title=\"Liga  de los Comunistas\" href=\"http:\/\/es.wikipedia.org\/wiki\/Liga_de_los_Comunistas\">Liga de los Comunistas<\/a><\/em>. Marx y Engels se  encargaron de redactar un breve panfleto con los principios pol\u00edticos  del nuevo movimiento y que describe el capitalismo con una claridad que  sus seguidores consideran no superada. Publicado finalmente con el  t\u00edtulo de <em>Manifiesto del partido comunista<\/em> (o <em><a title=\"Manifiesto comunista\" href=\"http:\/\/es.wikipedia.org\/wiki\/Manifiesto_comunista\">Manifiesto comunista<\/a><\/em>)  lleg\u00f3 a tiempo de traducirse y difundirse por Europa antes de los <a title=\"Revoluciones de 1848\" href=\"http:\/\/es.wikipedia.org\/wiki\/Revoluciones_de_1848\">movimientos revolucionarios de 1848<\/a>.  Marx y Engels volvieron a <a title=\"Alemania\" href=\"http:\/\/es.wikipedia.org\/wiki\/Alemania\">Alemania<\/a> a participar en la lucha, y Engels fue ayudante de campo de <a title=\"August Willich (a\u00fan no redactado)\" href=\"http:\/\/es.wikipedia.org\/w\/index.php?title=August_Willich&amp;action=edit&amp;redlink=1\">August Willich<\/a> durante la rebeli\u00f3n de <a title=\"Baden\" href=\"http:\/\/es.wikipedia.org\/wiki\/Baden\">Baden<\/a>\u2013<a title=\"Palatinado\" href=\"http:\/\/es.wikipedia.org\/wiki\/Palatinado\">Palatinado<\/a>.  Como consecuencia del fracaso del movimiento Marx y Engels tuvieron que  exiliarse en <a title=\"Londres\" href=\"http:\/\/es.wikipedia.org\/wiki\/Londres\">Londres<\/a>. En Londres, en <a title=\"1850\" href=\"http:\/\/es.wikipedia.org\/wiki\/1850\">1850<\/a>,  contribuy\u00f3 a la <em>Nueva Gaceta Renana<\/em>, editada por Marx y publicada  en <a title=\"Hamburgo\" href=\"http:\/\/es.wikipedia.org\/wiki\/Hamburgo\">Hamburgo<\/a>.  Tambi\u00e9n dio a la imprenta la primera edici\u00f3n de <em>Las guerras  campesinas en Alemania<\/em>.<\/p>\n<p>Engels regres\u00f3 a Manchester, a la f\u00e1brica en la que hab\u00eda trabajado y  de la que se convirti\u00f3 en copropietario. Aunque Marx permaneci\u00f3 en  Londres eso no les impidi\u00f3 mantener una estrecha colaboraci\u00f3n, basada en  una correspondencia casi diaria. Finalmente Engels se traslad\u00f3 a  Londres en 1870, haciendo a\u00fan m\u00e1s intensa la colaboraci\u00f3n hasta la  muerte de Marx en 1883. Engels public\u00f3 o prepar\u00f3 en esos a\u00f1os algunas de  sus obras m\u00e1s notables, como <em>Contribuci\u00f3n sobre el problema de la  vivienda&#8217;<\/em>, <em><a title=\"El papel del trabajo en la transformaci\u00f3n del mono  en hombre (a\u00fan no redactado)\" href=\"http:\/\/es.wikipedia.org\/w\/index.php?title=El_papel_del_trabajo_en_la_transformaci%C3%B3n_del_mono_en_hombre&amp;action=edit&amp;redlink=1\">El papel del trabajo en la transformaci\u00f3n  del mono en hombre<\/a><\/em>, <em>La revoluci\u00f3n de la ciencia de E. D\u00fchring<\/em> (obra contra el <a title=\"Anarquista\" href=\"http:\/\/es.wikipedia.org\/wiki\/Anarquista\">anarquista<\/a> <a title=\"Karl  Eugen D\u00fchring\" href=\"http:\/\/es.wikipedia.org\/wiki\/Karl_Eugen_D%C3%BChring\">Karl Eugen D\u00fchring<\/a>, m\u00e1s conocida como <em><a title=\"Anti-D\u00fchring (a\u00fan no redactado)\" href=\"http:\/\/es.wikipedia.org\/w\/index.php?title=Anti-D%C3%BChring&amp;action=edit&amp;redlink=1\">Anti-D\u00fchring<\/a><\/em>),  <em><a title=\"Del socialismo ut\u00f3pico al socialismo cient\u00edfico (a\u00fan  no redactado)\" href=\"http:\/\/es.wikipedia.org\/w\/index.php?title=Del_socialismo_ut%C3%B3pico_al_socialismo_cient%C3%ADfico&amp;action=edit&amp;redlink=1\">Del socialismo ut\u00f3pico al socialismo cient\u00edfico<\/a><\/em> o  <em><a title=\"El origen de la familia, la propiedad privada y el  estado (a\u00fan no redactado)\" href=\"http:\/\/es.wikipedia.org\/w\/index.php?title=El_origen_de_la_familia,_la_propiedad_privada_y_el_estado&amp;action=edit&amp;redlink=1\">El origen de la familia, la propiedad privada  y el estado<\/a><\/em>. En esos a\u00f1os Engels aparec\u00eda como un miembro m\u00e1s  de la familia en casa de Marx, cuyas hijas le llamaban \u00abEl General\u00bb&#8230;, o  tambi\u00e9n y mejor, &#8220;secretario general&#8221; (t\u00e9rmino que usar\u00eda Lenin  posteriormente).<\/p>\n<p>Engels se aplic\u00f3 a corregir y preparar para publicaci\u00f3n los  manuscritos que Marx hab\u00eda dejado inconclusos en su preparaci\u00f3n de <em><a title=\"El Capital\" href=\"http:\/\/es.wikipedia.org\/wiki\/El_Capital\">El  Capital<\/a><\/em>. El tomo II vio la luz en <a title=\"1885\" href=\"http:\/\/es.wikipedia.org\/wiki\/1885\">1885<\/a> y el III  en <a title=\"1894\" href=\"http:\/\/es.wikipedia.org\/wiki\/1894\">1894<\/a>.  Esta obra fue el centro de sus esfuerzos hasta su muerte, que ocurri\u00f3  antes de que pudiera dar a la luz lo que habr\u00eda sido un tomo IV. El  nombre de Engels no figura en forma alguna en la autor\u00eda de esos  vol\u00famenes, pero es indudable que hay mucho de su mano en ellos. Engels  sigui\u00f3 publicando obras originales, como <em><a title=\"Ludwig  Feuerbach\" href=\"http:\/\/es.wikipedia.org\/wiki\/Ludwig_Feuerbach\">Ludwig Feuerbach<\/a> y el fin de la filosof\u00eda cl\u00e1sica alemana<\/em>,  as\u00ed como art\u00edculos militantes en <em>La Nueva Gaceta<\/em>.<\/p>\n<p>Engels no tuvo s\u00f3lo protagonismo propio como te\u00f3rico del <a title=\"Socialismo\" href=\"http:\/\/es.wikipedia.org\/wiki\/Socialismo\">socialismo<\/a>,  a pesar de lo contradictoria que nos aparece su doble condici\u00f3n de  empresario y revolucionario, sino que sigui\u00f3 participando activamente en  el movimiento socialista y comunista. Fue secretario de la <a title=\"Primera  Internacional\" href=\"http:\/\/es.wikipedia.org\/wiki\/Primera_Internacional\">Primera Internacional<\/a> obrera (la Asociaci\u00f3n  Internacional de los Trabajadores o AIT) desde <a title=\"1870\" href=\"http:\/\/es.wikipedia.org\/wiki\/1870\">1870<\/a>, y  particip\u00f3 tambi\u00e9n en la fundaci\u00f3n de la <a title=\"Segunda  Internacional\" href=\"http:\/\/es.wikipedia.org\/wiki\/Segunda_Internacional\">Segunda Internacional<\/a>. Intervino, por sus  responsabilidades, en la vida pol\u00edtica de los partidos afiliados a la  Internacional en el Sur de Europa (<a title=\"Espa\u00f1a\" href=\"http:\/\/es.wikipedia.org\/wiki\/Espa%C3%B1a\">Espa\u00f1a<\/a>,  <a title=\"Portugal\" href=\"http:\/\/es.wikipedia.org\/wiki\/Portugal\">Portugal<\/a> e <a title=\"Italia\" href=\"http:\/\/es.wikipedia.org\/wiki\/Italia\">Italia<\/a>)  y en el Este (<a title=\"Rumania\" href=\"http:\/\/es.wikipedia.org\/wiki\/Rumania\">Rumania<\/a>, <a title=\"Rusia\" href=\"http:\/\/es.wikipedia.org\/wiki\/Rusia\">Rusia<\/a>,\u2026) y  escribi\u00f3 libros y art\u00edculos al respecto.<\/p>\n<p>F. Engels, en calidad de te\u00f3rico y fundador del socialismo  cient\u00edfico, contribuy\u00f3 a definir formulaciones acerca de la lucha de  clases, as\u00ed estuviesen &#8217;embozadas&#8217;. Su categorizaci\u00f3n de las acciones de  los &#8216;anabaptistas&#8217; y su l\u00edder <a title=\"Thomas  M\u00fcntzer\" href=\"http:\/\/es.wikipedia.org\/wiki\/Thomas_M%C3%BCntzer\">Thomas M\u00fcntzer<\/a>, entre otras, as\u00ed como de las  confrontaciones religiosas (Taboritas de Bohemia) sirvieron de puntal al  &#8216;desvelamiento&#8217; de las contradicciones violentas de clase. Aparte  habr\u00eda que se\u00f1alar que Engels fue un cabal heredero del Renacimiento, al  ser comprobado que hablaba y escrib\u00eda en 37 idiomas. Valdr\u00eda la pena  releer el paneg\u00edrico de V. I. Lenin: &#8220;Un gran hombre ha dejado de  existir&#8230;&#8221;.<\/p>\n<p>Tras la muerte de Marx, Engels se convirti\u00f3 en el garante de la  incipiente socialdemocracia alemana, de la <a title=\"Segunda  Internacional\" href=\"http:\/\/es.wikipedia.org\/wiki\/Segunda_Internacional\">Segunda Internacional<\/a> y del socialismo mundial,  salvaguardando lo esencial de la ideolog\u00eda marxista, a la que \u00e9l mismo  hab\u00eda aportado matices relativos a la desaparici\u00f3n futura del Estado, a  la dial\u00e9ctica y a las complejas relaciones entre la infraestructura  econ\u00f3mica y las superestructuras pol\u00edticas, jur\u00eddicas y culturales.<\/p>\n<p>Engels se opuso al radicalismo izquierdista, pero tampoco concili\u00f3  con la evoluci\u00f3n reformista del movimiento revolucionario, reeditando la  <em>Cr\u00edtica al programa de Gotha<\/em> o <em>Las guerras civiles en Francia<\/em> y finalmente publicando la <em>Cr\u00edtica al p<\/em><em>rograma socialdem\u00f3crata  (alem\u00e1n) de <a title=\"1891\" href=\"http:\/\/es.wikipedia.org\/wiki\/1891\">1891<\/a><\/em>.  Dio lugar as\u00ed a la revisi\u00f3n que condujo al <em>Programa de Erfurt<\/em>,  con el que s\u00ed se identificaba. Su colaborador <a title=\"Eduard  Bernstein\" href=\"http:\/\/es.wikipedia.org\/wiki\/Eduard_Bernstein\">Eduard Bernstein<\/a> y otros dirigentes condujeron a la  socialdemocracia alemana hacia el reformismo parlamentarista, extrayendo  del legado de Engels una legitimidad que es negada por otra parte del  movimiento, la que condujo a la formaci\u00f3n de los partidos comunistas y  la <a title=\"III  Internacional\" href=\"http:\/\/es.wikipedia.org\/wiki\/III_Internacional\">III Internacional<\/a>.<\/p>\n<p>Engels no s\u00f3lo aplic\u00f3 el <a title=\"Materialismo hist\u00f3rico\" href=\"http:\/\/es.wikipedia.org\/wiki\/Materialismo_hist%C3%B3rico\">materialismo hist\u00f3rico<\/a> en sus  escritos, sino que desarroll\u00f3 y aplic\u00f3 tambi\u00e9n el <a title=\"Materialismo dial\u00e9ctico\" href=\"http:\/\/es.wikipedia.org\/wiki\/Materialismo_dial%C3%A9ctico\">materialismo dial\u00e9ctico<\/a>, que  llegar\u00eda a ser la <a title=\"Filosof\u00eda\" href=\"http:\/\/es.wikipedia.org\/wiki\/Filosof%C3%ADa\">filosof\u00eda<\/a> oficial del movimiento comunista despu\u00e9s  de la <a title=\"Revoluci\u00f3n rusa de 1917\" href=\"http:\/\/es.wikipedia.org\/wiki\/Revoluci%C3%B3n_rusa_de_1917\">Revoluci\u00f3n rusa de 1917<\/a>. Elementos  importantes de sus \u00faltimas concepciones filos\u00f3ficas se encuentran en <em>Dial\u00e9ctica  de la Naturaleza<\/em>, aunque muchos de sus an\u00e1lisis o ejemplos hab\u00edan  perdido ya valor cuando se publicaron en 1925, en un marco de  crecimiento explosivo de la ciencia natural y de debate epistemol\u00f3gico.<\/p>\n<p>Fuente: Wikipedia.<\/p>\n<p><img loading=\"lazy\" decoding=\"async\" src=\"http:\/\/www.biografiasyvidas.com\/images\/p.gif\" alt=\"\" width=\"10\" height=\"10\" \/><\/p>\n","protected":false},"excerpt":{"rendered":"<p>Friedrich Engels, conocido en espa\u00f1ol como Federico Engels (Barmen-Elberfeld, actualmente Wuppertal, Renania, entonces parte de Prusia, 28 de noviembre de 1820 \u2013 Londres, 5 de agosto de 1895) fue un fil\u00f3sofo y revolucionario alem\u00e1n. Amigo y colaborador de Karl Marx, fue coautor con \u00e9l de obras fundamentales para el nacimiento de los movimientos socialista, comunista [&hellip;]<\/p>\n","protected":false},"author":1671,"featured_media":0,"parent":0,"menu_order":0,"comment_status":"open","ping_status":"open","template":"","meta":{"footnotes":""},"class_list":["post-186","page","type-page","status-publish","hentry"],"_links":{"self":[{"href":"https:\/\/blogs.ua.es\/smithriquezanaciones\/wp-json\/wp\/v2\/pages\/186","targetHints":{"allow":["GET"]}}],"collection":[{"href":"https:\/\/blogs.ua.es\/smithriquezanaciones\/wp-json\/wp\/v2\/pages"}],"about":[{"href":"https:\/\/blogs.ua.es\/smithriquezanaciones\/wp-json\/wp\/v2\/types\/page"}],"author":[{"embeddable":true,"href":"https:\/\/blogs.ua.es\/smithriquezanaciones\/wp-json\/wp\/v2\/users\/1671"}],"replies":[{"embeddable":true,"href":"https:\/\/blogs.ua.es\/smithriquezanaciones\/wp-json\/wp\/v2\/comments?post=186"}],"version-history":[{"count":1,"href":"https:\/\/blogs.ua.es\/smithriquezanaciones\/wp-json\/wp\/v2\/pages\/186\/revisions"}],"predecessor-version":[{"id":188,"href":"https:\/\/blogs.ua.es\/smithriquezanaciones\/wp-json\/wp\/v2\/pages\/186\/revisions\/188"}],"wp:attachment":[{"href":"https:\/\/blogs.ua.es\/smithriquezanaciones\/wp-json\/wp\/v2\/media?parent=186"}],"curies":[{"name":"wp","href":"https:\/\/api.w.org\/{rel}","templated":true}]}}