{"id":2,"date":"2010-03-04T13:40:01","date_gmt":"2010-03-04T13:40:01","guid":{"rendered":""},"modified":"2010-04-22T13:20:05","modified_gmt":"2010-04-22T13:20:05","slug":"declaracionintencione","status":"publish","type":"page","link":"https:\/\/blogs.ua.es\/smithriquezanaciones\/declaracionintencione\/","title":{"rendered":"Declaraci\u00f3n de intenciones"},"content":{"rendered":"<p style=\"text-align: justify\">\n<figure id=\"attachment_18\" aria-describedby=\"caption-attachment-18\" style=\"width: 300px\" class=\"wp-caption alignleft\"><a href=\"https:\/\/blogs.ua.es\/smithriquezanaciones\/files\/2010\/03\/karl-marx-adam-smith.jpg\"><img loading=\"lazy\" decoding=\"async\" class=\"size-medium wp-image-18\" title=\"Adam Smith y Karl Marx\" src=\"https:\/\/blogs.ua.es\/smithriquezanaciones\/files\/2010\/03\/karl-marx-adam-smith-300x176.jpg\" alt=\"Creadores del mundo contempor\u00e1neo.\" width=\"300\" height=\"176\" srcset=\"https:\/\/blogs.ua.es\/smithriquezanaciones\/files\/2010\/03\/karl-marx-adam-smith-300x176.jpg 300w, https:\/\/blogs.ua.es\/smithriquezanaciones\/files\/2010\/03\/karl-marx-adam-smith.jpg 640w\" sizes=\"auto, (max-width: 300px) 100vw, 300px\" \/><\/a><figcaption id=\"caption-attachment-18\" class=\"wp-caption-text\">Dos modelos econ\u00f3micos enfrentados.<\/figcaption><\/figure>\n<p style=\"text-align: justify\">Adam Smith, es conocido como el padre del capitalismo. As\u00ed pues desde este peque\u00f1o espacio intentar\u00e9, desde mi declarada \u00f3ptica de izquierdas, intentar comprender todo su trabajo y explicar c\u00f3mo sus teor\u00edas se han aplicado en el mundo actual y las consecuencias que han producido.<\/p>\n","protected":false},"excerpt":{"rendered":"<p>Adam Smith, es conocido como el padre del capitalismo. As\u00ed pues desde este peque\u00f1o espacio intentar\u00e9, desde mi declarada \u00f3ptica de izquierdas, intentar comprender todo su trabajo y explicar c\u00f3mo sus teor\u00edas se han aplicado en el mundo actual y las consecuencias que han producido.<\/p>\n","protected":false},"author":1671,"featured_media":0,"parent":0,"menu_order":1,"comment_status":"open","ping_status":"open","template":"","meta":{"footnotes":""},"class_list":["post-2","page","type-page","status-publish","hentry"],"_links":{"self":[{"href":"https:\/\/blogs.ua.es\/smithriquezanaciones\/wp-json\/wp\/v2\/pages\/2","targetHints":{"allow":["GET"]}}],"collection":[{"href":"https:\/\/blogs.ua.es\/smithriquezanaciones\/wp-json\/wp\/v2\/pages"}],"about":[{"href":"https:\/\/blogs.ua.es\/smithriquezanaciones\/wp-json\/wp\/v2\/types\/page"}],"author":[{"embeddable":true,"href":"https:\/\/blogs.ua.es\/smithriquezanaciones\/wp-json\/wp\/v2\/users\/1671"}],"replies":[{"embeddable":true,"href":"https:\/\/blogs.ua.es\/smithriquezanaciones\/wp-json\/wp\/v2\/comments?post=2"}],"version-history":[{"count":5,"href":"https:\/\/blogs.ua.es\/smithriquezanaciones\/wp-json\/wp\/v2\/pages\/2\/revisions"}],"predecessor-version":[{"id":51,"href":"https:\/\/blogs.ua.es\/smithriquezanaciones\/wp-json\/wp\/v2\/pages\/2\/revisions\/51"}],"wp:attachment":[{"href":"https:\/\/blogs.ua.es\/smithriquezanaciones\/wp-json\/wp\/v2\/media?parent=2"}],"curies":[{"name":"wp","href":"https:\/\/api.w.org\/{rel}","templated":true}]}}