{"id":62,"date":"2010-04-30T10:25:30","date_gmt":"2010-04-30T10:25:30","guid":{"rendered":"https:\/\/blogs.ua.es\/smithriquezanaciones\/maurice-dobb\/"},"modified":"2010-05-06T12:33:59","modified_gmt":"2010-05-06T12:33:59","slug":"maurice-dobb","status":"publish","type":"page","link":"https:\/\/blogs.ua.es\/smithriquezanaciones\/maurice-dobb\/","title":{"rendered":"Maurice Dobb"},"content":{"rendered":"<p><strong><a href=\"https:\/\/blogs.ua.es\/smithriquezanaciones\/files\/2010\/04\/dobb.jpg\"><img loading=\"lazy\" decoding=\"async\" class=\"alignleft size-medium wp-image-103\" title=\"Maurice Dobb\" src=\"https:\/\/blogs.ua.es\/smithriquezanaciones\/files\/2010\/04\/dobb-223x300.jpg\" alt=\"\" width=\"223\" height=\"300\" srcset=\"https:\/\/blogs.ua.es\/smithriquezanaciones\/files\/2010\/04\/dobb-223x300.jpg 223w, https:\/\/blogs.ua.es\/smithriquezanaciones\/files\/2010\/04\/dobb.jpg 306w\" sizes=\"auto, (max-width: 223px) 100vw, 223px\" \/><\/a>Maurice Herbert Dobb<\/strong> (<a title=\"3 de septiembre\" href=\"http:\/\/es.wikipedia.org\/wiki\/3_de_septiembre\">3 de septiembre<\/a> de <a title=\"1900\" href=\"http:\/\/es.wikipedia.org\/wiki\/1900\">1900<\/a> &#8211; <a title=\"17 de agosto\" href=\"http:\/\/es.wikipedia.org\/wiki\/17_de_agosto\">17 de agosto<\/a> <a title=\"1976\" href=\"http:\/\/es.wikipedia.org\/wiki\/1976\">1976<\/a>), fue un economista marxista quien ha estudiado el <a title=\"Feudalismo\" href=\"http:\/\/es.wikipedia.org\/wiki\/Feudalismo\">modo de producci\u00f3n feudal<\/a>, y estuvo empe\u00f1ado en la interpretaci\u00f3n de la teor\u00eda econ\u00f3mica desde un punto de vista marxista.<\/p>\n<p>Form\u00f3 parte del influyente grupo de Historiadores Marxistas Brit\u00e1nicos siendo una de sus m\u00e1s prominetes figuras. Algunas de sus obras como <em>Introducci\u00f3n a la econom\u00eda<\/em> fueron publicadas por el <a title=\"Fondo de Cultura Econ\u00f3mica\" href=\"http:\/\/es.wikipedia.org\/wiki\/Fondo_de_Cultura_Econ%C3%B3mica\">Fondo de Cultura Econ\u00f3mica<\/a>.<\/p>\n<p>Tuvo especial inter\u00e9s en comprender las teorizaciones econ\u00f3micas contextu\u00e1ndolas en su espacio tiempo y desmitificar los antagonismos para concluir que tanto la Econom\u00eda Pol\u00edtica como la Econom\u00eda Neocl\u00e1sica se ocupaban de cuestiones diferentes.<\/p>\n<p><!--  NewPP limit report Preprocessor node count: 2\/1000000 Post-expand include size: 0\/2048000 bytes Template argument size: 0\/2048000 bytes Expensive parser function count: 0\/500 --><!-- Saved in parser cache with key eswiki:pcache:idhash:467804-0!1!0!!es!2 and timestamp 20100425141055 --><\/p>\n<div>Obtenido de &#8220;<a href=\"http:\/\/es.wikipedia.org\/wiki\/Maurice_Herbert_Dobb\">http:\/\/es.wikipedia.org\/wiki\/Maurice_Herbert_Dobb<\/a>&#8220;<\/div>\n<p><img decoding=\"async\" src=\"\/Users\/paqui\/AppData\/Local\/Temp\/moz-screenshot.png\" alt=\"\" \/><\/p>\n","protected":false},"excerpt":{"rendered":"<p>Maurice Herbert Dobb (3 de septiembre de 1900 &#8211; 17 de agosto 1976), fue un economista marxista quien ha estudiado el modo de producci\u00f3n feudal, y estuvo empe\u00f1ado en la interpretaci\u00f3n de la teor\u00eda econ\u00f3mica desde un punto de vista marxista. Form\u00f3 parte del influyente grupo de Historiadores Marxistas Brit\u00e1nicos siendo una de sus m\u00e1s [&hellip;]<\/p>\n","protected":false},"author":1671,"featured_media":0,"parent":0,"menu_order":0,"comment_status":"open","ping_status":"open","template":"","meta":{"footnotes":""},"class_list":["post-62","page","type-page","status-publish","hentry"],"_links":{"self":[{"href":"https:\/\/blogs.ua.es\/smithriquezanaciones\/wp-json\/wp\/v2\/pages\/62","targetHints":{"allow":["GET"]}}],"collection":[{"href":"https:\/\/blogs.ua.es\/smithriquezanaciones\/wp-json\/wp\/v2\/pages"}],"about":[{"href":"https:\/\/blogs.ua.es\/smithriquezanaciones\/wp-json\/wp\/v2\/types\/page"}],"author":[{"embeddable":true,"href":"https:\/\/blogs.ua.es\/smithriquezanaciones\/wp-json\/wp\/v2\/users\/1671"}],"replies":[{"embeddable":true,"href":"https:\/\/blogs.ua.es\/smithriquezanaciones\/wp-json\/wp\/v2\/comments?post=62"}],"version-history":[{"count":3,"href":"https:\/\/blogs.ua.es\/smithriquezanaciones\/wp-json\/wp\/v2\/pages\/62\/revisions"}],"predecessor-version":[{"id":63,"href":"https:\/\/blogs.ua.es\/smithriquezanaciones\/wp-json\/wp\/v2\/pages\/62\/revisions\/63"}],"wp:attachment":[{"href":"https:\/\/blogs.ua.es\/smithriquezanaciones\/wp-json\/wp\/v2\/media?parent=62"}],"curies":[{"name":"wp","href":"https:\/\/api.w.org\/{rel}","templated":true}]}}