{"id":7,"date":"2010-03-04T14:34:02","date_gmt":"2010-03-04T14:34:02","guid":{"rendered":"https:\/\/blogs.ua.es\/smithriquezanaciones\/?page_id=7"},"modified":"2010-05-10T15:04:39","modified_gmt":"2010-05-10T15:04:39","slug":"biografia","status":"publish","type":"page","link":"https:\/\/blogs.ua.es\/smithriquezanaciones\/biografia\/","title":{"rendered":"Adam Smith"},"content":{"rendered":"<p style=\"text-align: justify\"><span style=\"color: #ffffff\"><span style=\"color: #ffffff\"><strong><a href=\"https:\/\/blogs.ua.es\/smithriquezanaciones\/files\/2010\/03\/Kirkcaldy_High_Street_Adam_Smith_Plaque.png\"><img loading=\"lazy\" decoding=\"async\" class=\"alignleft size-medium wp-image-143\" title=\"Placa homenaje\" src=\"https:\/\/blogs.ua.es\/smithriquezanaciones\/files\/2010\/03\/Kirkcaldy_High_Street_Adam_Smith_Plaque-230x300.png\" alt=\"\" width=\"230\" height=\"300\" srcset=\"https:\/\/blogs.ua.es\/smithriquezanaciones\/files\/2010\/03\/Kirkcaldy_High_Street_Adam_Smith_Plaque-230x300.png 230w, https:\/\/blogs.ua.es\/smithriquezanaciones\/files\/2010\/03\/Kirkcaldy_High_Street_Adam_Smith_Plaque.png 675w\" sizes=\"auto, (max-width: 230px) 100vw, 230px\" \/><\/a>Adam Smith<\/strong> (<\/span><a title=\"5 de junio\" href=\"http:\/\/es.wikipedia.org\/wiki\/5_de_junio\"><span style=\"color: #ffffff\">5 de junio<\/span><\/a><span style=\"color: #ffffff\"> de <\/span><a title=\"1723\" href=\"http:\/\/es.wikipedia.org\/wiki\/1723\"><span style=\"color: #ffffff\">1723<\/span><\/a><span style=\"color: #ffffff\"> \u2013 <\/span><a title=\"17 de julio\" href=\"http:\/\/es.wikipedia.org\/wiki\/17_de_julio\"><span style=\"color: #ffffff\">17 de julio<\/span><\/a><span style=\"color: #ffffff\"> de <\/span><a title=\"1790\" href=\"http:\/\/es.wikipedia.org\/wiki\/1790\"><span style=\"color: #ffffff\">1790<\/span><\/a><span style=\"color: #ffffff\">) fue un <\/span><a title=\"Econom\u00eda\" href=\"http:\/\/es.wikipedia.org\/wiki\/Econom%C3%ADa\"><span style=\"color: #ffffff\">economista<\/span><\/a><span style=\"color: #ffffff\"> y <\/span><a title=\"Fil\u00f3sofo\" href=\"http:\/\/es.wikipedia.org\/wiki\/Fil%C3%B3sofo\"><span style=\"color: #ffffff\">fil\u00f3sofo<\/span><\/a><span style=\"color: #ffffff\"> <\/span><a title=\"Escocia\" href=\"http:\/\/es.wikipedia.org\/wiki\/Escocia\"><span style=\"color: #ffffff\">escoc\u00e9s<\/span><\/a><span style=\"color: #ffffff\">, uno de los mayores exponentes de la <\/span><a title=\"Econom\u00eda cl\u00e1sica\" href=\"http:\/\/es.wikipedia.org\/wiki\/Econom%C3%ADa_cl%C3%A1sica\"><span style=\"color: #ffffff\">econom\u00eda cl\u00e1sica<\/span><\/a><span style=\"color: #ffffff\">. En 1776 publica: <em>Ensayo sobre la naturaleza y las causas de la riqueza de las naciones<\/em>, en la que sostiene que la riqueza procede del trabajo. El libro fue esencialmente un estudio acerca del proceso de creaci\u00f3n y acumulaci\u00f3n de la riqueza, tema ya abordado por los mercantilistas y fisi\u00f3cratas, pero sin el car\u00e1cter cient\u00edfico de la obra de Smith. Este trabajo obtuvo para \u00e9l el t\u00edtulo de fundador de la econom\u00eda porque fue el primer estudio completo y sistem\u00e1tico del tema.<\/span><\/span><\/p>\n<p style=\"text-align: justify\"><span style=\"color: #ffffff\"><span style=\"color: #ffffff\">Naci\u00f3 en <\/span><a title=\"Kirkcaldy\" href=\"http:\/\/es.wikipedia.org\/wiki\/Kirkcaldy\"><span style=\"color: #ffffff\">Kirkcaldy<\/span><\/a><span style=\"color: #ffffff\"> (<\/span><a title=\"Escocia\" href=\"http:\/\/es.wikipedia.org\/wiki\/Escocia\"><span style=\"color: #ffffff\">Escocia<\/span><\/a><span style=\"color: #ffffff\">), durante el a\u00f1o <\/span><a title=\"1723\" href=\"http:\/\/es.wikipedia.org\/wiki\/1723\"><span style=\"color: #ffffff\">1723<\/span><\/a><span style=\"color: #ffffff\"> (bautizado el d\u00eda 5 de junio del mismo a\u00f1o); estudi\u00f3 en las universidades de <\/span><a title=\"Universidad de Glasgow\" href=\"http:\/\/es.wikipedia.org\/wiki\/Universidad_de_Glasgow\"><span style=\"color: #ffffff\">Glasgow<\/span><\/a><span style=\"color: #ffffff\"> y <\/span><a title=\"Universidad de Oxford\" href=\"http:\/\/es.wikipedia.org\/wiki\/Universidad_de_Oxford\"><span style=\"color: #ffffff\">Oxford<\/span><\/a><span style=\"color: #ffffff\">. En 1737 ingresa en la Universidad de Glasgow. En \u00e9sta recibe clases de <\/span><a title=\"Filosof\u00eda Moral\" href=\"http:\/\/es.wikipedia.org\/wiki\/Filosof%C3%ADa_Moral\"><span style=\"color: #ffffff\">Filosof\u00eda Moral<\/span><\/a><a title=\"Francis Hutcheson\" href=\"http:\/\/es.wikipedia.org\/wiki\/Francis_Hutcheson\"><span style=\"color: #ffffff\">Francis Hutcheson<\/span><\/a><span style=\"color: #ffffff\">, que a la postre le valdr\u00eda ser influido por la escuela hist\u00f3rica escocesa. Es en esta asignatura, en la que se dedicaba una parte a la moral pr\u00e1ctica, en la cual Smith basar\u00eda gran parte de <em><a title=\"La riqueza de las naciones\" href=\"http:\/\/es.wikipedia.org\/wiki\/La_riqueza_de_las_naciones\">La riqueza de las naciones<\/a><\/em>.<\/span><\/span><\/p>\n<p style=\"text-align: justify\"><span style=\"color: #ffffff\"><span style=\"color: #ffffff\">En 1740 recibir\u00eda una beca para ir a estudiar al Balliol College de Oxford, una universidad en decadencia, como sostendr\u00eda en la <em>Riqueza de las Naciones<\/em>. De <\/span><a title=\"1748\" href=\"http:\/\/es.wikipedia.org\/wiki\/1748\"><span style=\"color: #ffffff\">1748<\/span><\/a><span style=\"color: #ffffff\"> a <\/span><a title=\"1751\" href=\"http:\/\/es.wikipedia.org\/wiki\/1751\"><span style=\"color: #ffffff\">1751<\/span><\/a><span style=\"color: #ffffff\"> fue profesor ayudante de las c\u00e1tedras <\/span><a title=\"Ret\u00f3rica\" href=\"http:\/\/es.wikipedia.org\/wiki\/Ret%C3%B3rica\"><span style=\"color: #ffffff\">ret\u00f3rica<\/span><\/a><span style=\"color: #ffffff\"> y <\/span><a title=\"Literatura\" href=\"http:\/\/es.wikipedia.org\/wiki\/Literatura\"><span style=\"color: #ffffff\">literatura<\/span><\/a><span style=\"color: #ffffff\"> en <\/span><a title=\"Edimburgo\" href=\"http:\/\/es.wikipedia.org\/wiki\/Edimburgo\"><span style=\"color: #ffffff\">Edimburgo<\/span><\/a><span style=\"color: #ffffff\">. Durante este periodo estableci\u00f3 una estrecha amistad con el fil\u00f3sofo <\/span><a title=\"David Hume\" href=\"http:\/\/es.wikipedia.org\/wiki\/David_Hume\"><span style=\"color: #ffffff\">David Hume<\/span><\/a><span style=\"color: #ffffff\">, amistad que influy\u00f3 mucho sobre las teor\u00edas economistas y \u00e9ticas de Smith.<\/span><\/span><\/p>\n<p style=\"text-align: justify\"><span style=\"color: #ffffff\"><span style=\"color: #ffffff\">En 1751 fue nombrado <\/span><a title=\"Catedr\u00e1tico de Universidad\" href=\"http:\/\/es.wikipedia.org\/wiki\/Catedr%C3%A1tico_de_Universidad\"><span style=\"color: #ffffff\">catedr\u00e1tico<\/span><\/a><span style=\"color: #ffffff\"> de <\/span><a title=\"L\u00f3gica\" href=\"http:\/\/es.wikipedia.org\/wiki\/L%C3%B3gica\"><span style=\"color: #ffffff\">l\u00f3gica<\/span><\/a><span style=\"color: #ffffff\"> y en 1752 de <\/span><a title=\"Filosof\u00eda moral\" href=\"http:\/\/es.wikipedia.org\/wiki\/Filosof%C3%ADa_moral\"><span style=\"color: #ffffff\">filosof\u00eda moral<\/span><\/a><span style=\"color: #ffffff\"> en la universidad de Glasgow. En 1763 renunci\u00f3 a la universidad y se convirti\u00f3 en el tutor del <\/span><a title=\"Henry Scott, III Duque de Buccleuch (a\u00fan no redactado)\" href=\"http:\/\/es.wikipedia.org\/w\/index.php?title=Henry_Scott,_III_Duque_de_Buccleuch&amp;action=edit&amp;redlink=1\"><span style=\"color: #ffffff\">III Duque de Buccleuch<\/span><\/a><span style=\"color: #ffffff\">, a quien acompa\u00f1\u00f3 a un viaje por Suiza y Francia. En este viaje conoci\u00f3 a los <\/span><a title=\"Fisiocracia\" href=\"http:\/\/es.wikipedia.org\/wiki\/Fisiocracia\"><span style=\"color: #ffffff\">fisi\u00f3cratas<\/span><\/a><span style=\"color: #ffffff\"> franceses, que defend\u00edan la econom\u00eda y pol\u00edtica basada en la primac\u00eda de la <\/span><a title=\"Ley natural\" href=\"http:\/\/es.wikipedia.org\/wiki\/Ley_natural\"><span style=\"color: #ffffff\">ley natural<\/span><\/a><span style=\"color: #ffffff\">, la riqueza y el orden.<\/span><\/span><\/p>\n<p style=\"text-align: justify\"><span style=\"color: #ffffff\"><span style=\"color: #ffffff\">Smith se inspir\u00f3 en esencia en las ideas de <\/span><a title=\"Fran\u00e7ois Quesnay\" href=\"http:\/\/es.wikipedia.org\/wiki\/Fran%C3%A7ois_Quesnay\"><span style=\"color: #ffffff\">Fran\u00e7ois Quesnay<\/span><\/a><span style=\"color: #ffffff\"> y <\/span><a title=\"Anne Robert Jacques Turgot\" href=\"http:\/\/es.wikipedia.org\/wiki\/Anne_Robert_Jacques_Turgot\"><span style=\"color: #ffffff\">Anne Robert Jacques Turgot<\/span><\/a><span style=\"color: #ffffff\"> para construir su propia teor\u00eda, que establecer\u00eda diferencias respecto a la de estos autores. De <\/span><a title=\"1766\" href=\"http:\/\/es.wikipedia.org\/wiki\/1766\"><span style=\"color: #ffffff\">1766<\/span><\/a><span style=\"color: #ffffff\"> a 1776 vivi\u00f3 en <\/span><a title=\"Kirkcaldy\" href=\"http:\/\/es.wikipedia.org\/wiki\/Kirkcaldy\"><span style=\"color: #ffffff\">Kirkcaldy<\/span><\/a><span style=\"color: #ffffff\">. Fue nombrado director de Aduana de Edimburgo en <\/span><a title=\"1778\" href=\"http:\/\/es.wikipedia.org\/wiki\/1778\"><span style=\"color: #ffffff\">1778<\/span><\/a><span style=\"color: #ffffff\">, puesto que desempe\u00f1\u00f3 hasta su muerte el 17 de julio de 1790 a causa de una enfermedad. En 1787 fue nombrado rector honor\u00edfico de la universidad de Glasgow.<\/span><\/span><\/p>\n<p style=\"text-align: justify\"><span style=\"color: #ffffff\">Fuente: Wikipedia.<\/span><\/p>\n<p style=\"text-align: justify\"><span style=\"color: #ffffff\"> <\/span><\/p>\n","protected":false},"excerpt":{"rendered":"<p>Adam Smith (5 de junio de 1723 \u2013 17 de julio de 1790) fue un economista y fil\u00f3sofo escoc\u00e9s, uno de los mayores exponentes de la econom\u00eda cl\u00e1sica. En 1776 publica: Ensayo sobre la naturaleza y las causas de la riqueza de las naciones, en la que sostiene que la riqueza procede del trabajo. El [&hellip;]<\/p>\n","protected":false},"author":1671,"featured_media":0,"parent":0,"menu_order":2,"comment_status":"open","ping_status":"open","template":"","meta":{"footnotes":""},"class_list":["post-7","page","type-page","status-publish","hentry"],"_links":{"self":[{"href":"https:\/\/blogs.ua.es\/smithriquezanaciones\/wp-json\/wp\/v2\/pages\/7","targetHints":{"allow":["GET"]}}],"collection":[{"href":"https:\/\/blogs.ua.es\/smithriquezanaciones\/wp-json\/wp\/v2\/pages"}],"about":[{"href":"https:\/\/blogs.ua.es\/smithriquezanaciones\/wp-json\/wp\/v2\/types\/page"}],"author":[{"embeddable":true,"href":"https:\/\/blogs.ua.es\/smithriquezanaciones\/wp-json\/wp\/v2\/users\/1671"}],"replies":[{"embeddable":true,"href":"https:\/\/blogs.ua.es\/smithriquezanaciones\/wp-json\/wp\/v2\/comments?post=7"}],"version-history":[{"count":11,"href":"https:\/\/blogs.ua.es\/smithriquezanaciones\/wp-json\/wp\/v2\/pages\/7\/revisions"}],"predecessor-version":[{"id":58,"href":"https:\/\/blogs.ua.es\/smithriquezanaciones\/wp-json\/wp\/v2\/pages\/7\/revisions\/58"}],"wp:attachment":[{"href":"https:\/\/blogs.ua.es\/smithriquezanaciones\/wp-json\/wp\/v2\/media?parent=7"}],"curies":[{"name":"wp","href":"https:\/\/api.w.org\/{rel}","templated":true}]}}