{"id":13,"date":"2007-12-28T11:34:01","date_gmt":"2007-12-28T09:34:01","guid":{"rendered":"https:\/\/blogs.ua.es\/socfso\/dudas-del-espanol-declaracion-de-intenciones\/"},"modified":"2008-12-21T18:09:17","modified_gmt":"2008-12-21T16:09:17","slug":"dudas-del-espanol-declaracion-de-intenciones","status":"publish","type":"page","link":"https:\/\/blogs.ua.es\/socfso\/dudas-del-espanol-declaracion-de-intenciones\/","title":{"rendered":"Declaraci\u00f3n de intenciones"},"content":{"rendered":"<p><strong>Dudas y errores comunes del espa\u00f1ol<\/strong><\/p>\n<p>Estudi\u00e9 toda mi carrera de filolog\u00eda sentado en una silla que ten\u00eda una tabla para escribir. Soy zurdo, y la tabla estaba a la derecha. De las m\u00e1s de 300 sillas que hab\u00eda en aquella enorme aula, no hab\u00eda ninguna que tuviera una tabla para zurdos. Nunca consegu\u00ed una silla para zurdos, s\u00ed una tendinitis en el hombro. Cuando pens\u00e9 en un nombre para este blog, no dud\u00e9 en cumplir mi venganza y llamarlo <em>Espa\u00f1ol para zurdos<\/em>.<\/p>\n<p>Un ma\u00f1ana cualquiera, atendiendo a las nunca suficientes demandas que me hac\u00edan mis amigos tecn\u00f3filos sobre el uso correcto del espa\u00f1ol, pens\u00e9 que ser\u00eda oportuno crear un blog para anotar todas esas <strong>dudas del espa\u00f1ol y errores comunes<\/strong> que son recurrentes, y sobre todo c\u00f3mo escribir correctamente y no perder las amistades.<\/p>\n<p>Aclaro que todo el mundo es libre de escribir como le salga de las narices. No hay ninguna ley por la que tengamos que escribir &#8220;hab\u00eda&#8221; y no &#8220;avia&#8221;. Es lo primero que digo a mis tecn\u00f3filos y me aplauden como focas. No obstante, la Academia fija normas con el fin de que nos entendamos. O las sigues o no las sigues. Este blog propone que nos llevemos bien con las normas, pero no enmendar a nadie ni dramatizar por los errores que cometemos.  Aqu\u00ed podr\u00e1s encontrar t\u00e9rminos, significados y giros que suelen ser controvertidos, pero en el fondo son buenas personas.<\/p>\n<p>Adem\u00e1s,  este blog rinde homenaje a las inglesas que ense\u00f1an ingl\u00e9s, pero tambi\u00e9n a las que ense\u00f1an ingles.<\/p>\n<p>Bienvenidos y bienvenidas.<\/p>\n","protected":false},"excerpt":{"rendered":"<p>Dudas y errores comunes del espa\u00f1ol Estudi\u00e9 toda mi carrera de filolog\u00eda sentado en una silla que ten\u00eda una tabla para escribir. Soy zurdo, y la tabla estaba a la derecha. De las m\u00e1s de 300 sillas que hab\u00eda en aquella enorme aula, no hab\u00eda ninguna que tuviera una tabla para zurdos. Nunca consegu\u00ed una [&hellip;]<\/p>\n","protected":false},"author":27,"featured_media":0,"parent":0,"menu_order":0,"comment_status":"open","ping_status":"open","template":"","meta":{"footnotes":""},"class_list":["post-13","page","type-page","status-publish","hentry"],"_links":{"self":[{"href":"https:\/\/blogs.ua.es\/socfso\/wp-json\/wp\/v2\/pages\/13","targetHints":{"allow":["GET"]}}],"collection":[{"href":"https:\/\/blogs.ua.es\/socfso\/wp-json\/wp\/v2\/pages"}],"about":[{"href":"https:\/\/blogs.ua.es\/socfso\/wp-json\/wp\/v2\/types\/page"}],"author":[{"embeddable":true,"href":"https:\/\/blogs.ua.es\/socfso\/wp-json\/wp\/v2\/users\/27"}],"replies":[{"embeddable":true,"href":"https:\/\/blogs.ua.es\/socfso\/wp-json\/wp\/v2\/comments?post=13"}],"version-history":[{"count":2,"href":"https:\/\/blogs.ua.es\/socfso\/wp-json\/wp\/v2\/pages\/13\/revisions"}],"predecessor-version":[{"id":21,"href":"https:\/\/blogs.ua.es\/socfso\/wp-json\/wp\/v2\/pages\/13\/revisions\/21"}],"wp:attachment":[{"href":"https:\/\/blogs.ua.es\/socfso\/wp-json\/wp\/v2\/media?parent=13"}],"curies":[{"name":"wp","href":"https:\/\/api.w.org\/{rel}","templated":true}]}}