{"id":11,"date":"2023-03-10T16:00:19","date_gmt":"2023-03-10T16:00:19","guid":{"rendered":"https:\/\/blogs.ua.es\/sociologia\/?page_id=11"},"modified":"2023-03-10T16:00:19","modified_gmt":"2023-03-10T16:00:19","slug":"inicio","status":"publish","type":"page","link":"https:\/\/blogs.ua.es\/sociologia\/","title":{"rendered":"Inicio"},"content":{"rendered":"<p>Este blog persigue el objetivo de servir de <strong>portal de transparencia<\/strong> del <strong>proyecto<\/strong> que se est\u00e1 encargando de <strong>evaluar el grado de Sociolog\u00eda de la UA<\/strong>.<\/p>\n<p>En cada una de las pesta\u00f1as podr\u00e9is encontrar informaci\u00f3n de inter\u00e9s del mismo, desde los pasos que se vayan dando del proyecto hasta documentos en los que se publiquen los resultados de las distintas etapas.<\/p>\n<p>A modo de peque\u00f1a presentaci\u00f3n del proyecto, cabe decir que nace de un inter\u00e9s personal por mejorar el grado en el que me he estado formando durante 4 a\u00f1os. Se trata de un proyecto adscrito a la\u00a0<strong>Beca de Colaboraci\u00f3n<\/strong> que el Ministerio de Educaci\u00f3n concede anualmente. En este caso, est\u00e1 vinculado al <strong>Departamento de Sociolog\u00eda II<\/strong>\u00a0y tutorizado por el profesor <strong>Francisco Jos\u00e9 Franc\u00e9s Garc\u00eda<\/strong>. Su aplicaci\u00f3n pr\u00e1ctica se basa en las <strong>metodolog\u00edas participativas<\/strong>, raz\u00f3n por la cual a lo largo del curso vigente (2022-2023) se van a realizar diferentes sesiones en las que, conjuntamente, tratemos de elaborar propuestas estrat\u00e9gicas para mejorar el grado. Siendo as\u00ed, y teniendo en cuenta que se trata de un proyecto de y para todxs, espero que este blog sirva para mostrar todo el trabajo en el que tantas personas van a estar implicadas.<\/p>\n<p>Atentamente,<\/p>\n<p>Patricia Aranda Arenas.<\/p>\n","protected":false},"excerpt":{"rendered":"<p>Este blog persigue el objetivo de servir de portal de transparencia del proyecto que se est\u00e1 encargando de evaluar el grado de Sociolog\u00eda de la UA. En cada una de las pesta\u00f1as podr\u00e9is encontrar informaci\u00f3n de inter\u00e9s del mismo, desde los pasos que se vayan dando del proyecto hasta documentos en los que se publiquen &hellip; <\/p>\n<p class=\"link-more\"><a href=\"https:\/\/blogs.ua.es\/sociologia\/\" class=\"more-link\">Continue reading<span class=\"screen-reader-text\"> &#8220;Inicio&#8221;<\/span><\/a><\/p>\n","protected":false},"author":4419,"featured_media":0,"parent":0,"menu_order":0,"comment_status":"closed","ping_status":"closed","template":"","meta":{"footnotes":""},"class_list":["post-11","page","type-page","status-publish","hentry"],"_links":{"self":[{"href":"https:\/\/blogs.ua.es\/sociologia\/wp-json\/wp\/v2\/pages\/11","targetHints":{"allow":["GET"]}}],"collection":[{"href":"https:\/\/blogs.ua.es\/sociologia\/wp-json\/wp\/v2\/pages"}],"about":[{"href":"https:\/\/blogs.ua.es\/sociologia\/wp-json\/wp\/v2\/types\/page"}],"author":[{"embeddable":true,"href":"https:\/\/blogs.ua.es\/sociologia\/wp-json\/wp\/v2\/users\/4419"}],"replies":[{"embeddable":true,"href":"https:\/\/blogs.ua.es\/sociologia\/wp-json\/wp\/v2\/comments?post=11"}],"version-history":[{"count":2,"href":"https:\/\/blogs.ua.es\/sociologia\/wp-json\/wp\/v2\/pages\/11\/revisions"}],"predecessor-version":[{"id":18,"href":"https:\/\/blogs.ua.es\/sociologia\/wp-json\/wp\/v2\/pages\/11\/revisions\/18"}],"wp:attachment":[{"href":"https:\/\/blogs.ua.es\/sociologia\/wp-json\/wp\/v2\/media?parent=11"}],"curies":[{"name":"wp","href":"https:\/\/api.w.org\/{rel}","templated":true}]}}