{"id":12,"date":"2023-03-07T17:28:40","date_gmt":"2023-03-07T17:28:40","guid":{"rendered":"https:\/\/blogs.ua.es\/sociologia\/?page_id=12"},"modified":"2023-06-01T17:37:05","modified_gmt":"2023-06-01T17:37:05","slug":"documentos","status":"publish","type":"page","link":"https:\/\/blogs.ua.es\/sociologia\/documentos\/","title":{"rendered":"Documentos"},"content":{"rendered":"<p>Post que se difundi\u00f3 para crear el Grupo Motor:<\/p>\n<p><a href=\"https:\/\/blogs.ua.es\/sociologia\/files\/2023\/03\/Reunion-Grupo-Motor-17-02-2023.pdf\"><img loading=\"lazy\" decoding=\"async\" class=\"alignnone size-medium wp-image-31\" src=\"https:\/\/blogs.ua.es\/sociologia\/files\/2023\/03\/Post-para-el-proyecto-de-la-beca-de-colaboracion-300x300.jpg\" alt=\"\" width=\"300\" height=\"300\" \/><\/a><\/p>\n<p>Borrador que se le present\u00f3 al Grupo Motor y sobre el que se tomaron las decisiones finales en la reuni\u00f3n del 17 de febrero de 2023:<\/p>\n<p><a href=\"https:\/\/blogs.ua.es\/sociologia\/documentos\/etapa-previa-1-proyecto-para-la-evaluacion-del-grado-de-sociologia\/\" rel=\"attachment wp-att-34\">Etapa previa (1) &#8211; Proyecto para la evaluaci\u00f3n del grado de Sociolog\u00eda<\/a><\/p>\n<p>Orden del d\u00eda de la primera reuni\u00f3n del Grupo Motor, realizada el viernes 17 de febrero de 2023:<\/p>\n<p><a href=\"https:\/\/blogs.ua.es\/sociologia\/documentos\/reunion-grupo-motor-17-02-2023\/\" rel=\"attachment wp-att-29\">Reuni\u00f3n Grupo Motor 17-02-2023<\/a><\/p>\n<p>Documento con la propuesta definitiva del proyecto, validada por el grupo motor:<\/p>\n<p><a href=\"https:\/\/blogs.ua.es\/sociologia\/documentos\/aranda-arenas-patricia-diagnostico-estrategico-y-participativo-de-la-titulacion-de-sociologia\/\" rel=\"attachment wp-att-122\">Aranda Arenas, Patricia &#8211; Diagn\u00f3stico estrat\u00e9gico y participativo de la titulaci\u00f3n de Sociolog\u00eda<\/a><\/p>\n<p>Post que se difundi\u00f3 para informar de la primera sesi\u00f3n participativa con el alumnado (primera convocatoria, intento fallido):<\/p>\n<p><a href=\"https:\/\/blogs.ua.es\/sociologia\/documentos\/aranda-arenas-patricia-post-para-la-1a-sesion-alumnado\/\" rel=\"attachment wp-att-123\"><img loading=\"lazy\" decoding=\"async\" class=\"alignnone size-medium wp-image-123\" src=\"https:\/\/blogs.ua.es\/sociologia\/files\/2023\/04\/Aranda-Arenas-Patricia-Post-para-la-1a-sesion-alumnado-300x300.png\" alt=\"\" width=\"300\" height=\"300\" \/><\/a><\/p>\n<p>Post que se difundi\u00f3 para informar de la primera sesi\u00f3n participativa con el alumnado (segunda convocatoria, exitazo):<\/p>\n<p><a href=\"https:\/\/blogs.ua.es\/sociologia\/documentos\/aranda-arenas-patricia-post-para-la-1a-sesion-alumnado-2-0\/\" rel=\"attachment wp-att-124\"><img loading=\"lazy\" decoding=\"async\" class=\"alignnone size-medium wp-image-124\" src=\"https:\/\/blogs.ua.es\/sociologia\/files\/2023\/04\/Aranda-Arenas-Patricia-Post-para-la-1a-sesion-alumnado-2.0-300x300.png\" alt=\"\" width=\"300\" height=\"300\" \/><\/a><\/p>\n<p>Post que se difundi\u00f3 para informar de la segunda sesi\u00f3n participativa con el alumnado:<\/p>\n<p><a href=\"https:\/\/blogs.ua.es\/sociologia\/documentos\/beca-de-colaboracion-2a-sesion\/\" rel=\"attachment wp-att-145\"><img loading=\"lazy\" decoding=\"async\" class=\"alignnone size-medium wp-image-145\" src=\"https:\/\/blogs.ua.es\/sociologia\/files\/2023\/06\/Beca-de-colaboracion-2a-sesion-300x300.png\" alt=\"\" width=\"300\" height=\"300\" \/><\/a><\/p>\n<p>Post que se difundi\u00f3 para informar de la primera sesi\u00f3n participativa con el profesorado:<\/p>\n<p><a href=\"https:\/\/blogs.ua.es\/sociologia\/documentos\/beca-de-colaboracion-1a-sesion-profesorado\/\" rel=\"attachment wp-att-146\"><img loading=\"lazy\" decoding=\"async\" class=\"alignnone size-medium wp-image-146\" src=\"https:\/\/blogs.ua.es\/sociologia\/files\/2023\/06\/Beca-de-colaboracion-1a-sesion-profesorado-300x300.png\" alt=\"\" width=\"300\" height=\"300\" \/><\/a><\/p>\n<p>Post que se difundi\u00f3 para informar de la segunda sesi\u00f3n participativa con el profesorado:<\/p>\n<p><a href=\"https:\/\/blogs.ua.es\/sociologia\/documentos\/beca-de-colaboracion-2a-sesion-profesorado\/\" rel=\"attachment wp-att-147\"><img loading=\"lazy\" decoding=\"async\" class=\"alignnone size-medium wp-image-147\" src=\"https:\/\/blogs.ua.es\/sociologia\/files\/2023\/06\/Beca-de-colaboracion-2a-sesion-profesorado-300x300.png\" alt=\"\" width=\"300\" height=\"300\" \/><\/a><\/p>\n<p>Informe de resultados de la fase de autodiagn\u00f3stico:<\/p>\n<p><a href=\"https:\/\/blogs.ua.es\/sociologia\/documentos\/aranda-arenas-patricia-informe-resultados-fase-de-autodiagnostico\/\" rel=\"attachment wp-att-165\">Aranda Arenas, Patricia &#8211; Informe resultados fase de autodiagn\u00f3stico<\/a><\/p>\n<p>Resultados del World caf\u00e9 con el alumnado:<\/p>\n<p><a href=\"https:\/\/blogs.ua.es\/sociologia\/documentos\/world-cafe\/\" rel=\"attachment wp-att-150\"><img loading=\"lazy\" decoding=\"async\" class=\"alignnone size-medium wp-image-150\" src=\"https:\/\/blogs.ua.es\/sociologia\/files\/2023\/06\/World-cafe-212x300.png\" alt=\"\" width=\"212\" height=\"300\" \/><\/a><a href=\"https:\/\/blogs.ua.es\/sociologia\/documentos\/world-cafe-2\/\" rel=\"attachment wp-att-160\"><img loading=\"lazy\" decoding=\"async\" class=\"alignnone size-medium wp-image-160\" src=\"https:\/\/blogs.ua.es\/sociologia\/files\/2023\/06\/World-cafe-2-212x300.png\" alt=\"\" width=\"212\" height=\"300\" \/><\/a><a href=\"https:\/\/blogs.ua.es\/sociologia\/documentos\/world-cafe-3\/\" rel=\"attachment wp-att-161\"><img loading=\"lazy\" decoding=\"async\" class=\"alignnone size-medium wp-image-161\" src=\"https:\/\/blogs.ua.es\/sociologia\/files\/2023\/06\/World-cafe-3-212x300.png\" alt=\"\" width=\"212\" height=\"300\" \/><\/a><a href=\"https:\/\/blogs.ua.es\/sociologia\/documentos\/world-cafe-4\/\" rel=\"attachment wp-att-162\"><img loading=\"lazy\" decoding=\"async\" class=\"alignnone size-medium wp-image-162\" src=\"https:\/\/blogs.ua.es\/sociologia\/files\/2023\/06\/World-cafe-4-212x300.png\" alt=\"\" width=\"212\" height=\"300\" \/><\/a><a href=\"https:\/\/blogs.ua.es\/sociologia\/documentos\/world-cafe-5\/\" rel=\"attachment wp-att-163\"><img loading=\"lazy\" decoding=\"async\" class=\"alignnone size-medium wp-image-163\" src=\"https:\/\/blogs.ua.es\/sociologia\/files\/2023\/06\/World-cafe-5-212x300.png\" alt=\"\" width=\"212\" height=\"300\" \/><\/a><a href=\"https:\/\/blogs.ua.es\/sociologia\/documentos\/world-cafe-6\/\" rel=\"attachment wp-att-164\"><img loading=\"lazy\" decoding=\"async\" class=\"alignnone size-medium wp-image-164\" src=\"https:\/\/blogs.ua.es\/sociologia\/files\/2023\/06\/World-cafe-6-212x300.png\" alt=\"\" width=\"212\" height=\"300\" \/><\/a><\/p>\n<p><a href=\"https:\/\/blogs.ua.es\/sociologia\/documentos\/attachment\/1682355158485\/\" rel=\"attachment wp-att-186\"><img loading=\"lazy\" decoding=\"async\" class=\"alignnone size-medium wp-image-186\" src=\"https:\/\/blogs.ua.es\/sociologia\/files\/2023\/06\/1682355158485-224x300.jpg\" alt=\"\" width=\"224\" height=\"300\" \/><\/a><a href=\"https:\/\/blogs.ua.es\/sociologia\/documentos\/attachment\/1682355158495\/\" rel=\"attachment wp-att-188\"><img loading=\"lazy\" decoding=\"async\" class=\"alignnone size-medium wp-image-188\" src=\"https:\/\/blogs.ua.es\/sociologia\/files\/2023\/06\/1682355158495-224x300.jpg\" alt=\"\" width=\"224\" height=\"300\" \/><\/a><a href=\"https:\/\/blogs.ua.es\/sociologia\/documentos\/attachment\/1682355158508\/\" rel=\"attachment wp-att-190\"><img loading=\"lazy\" decoding=\"async\" class=\"alignnone size-medium wp-image-190\" src=\"https:\/\/blogs.ua.es\/sociologia\/files\/2023\/06\/1682355158508-224x300.jpg\" alt=\"\" width=\"224\" height=\"300\" \/><\/a><a href=\"https:\/\/blogs.ua.es\/sociologia\/documentos\/attachment\/1682355158491\/\" rel=\"attachment wp-att-187\"><img loading=\"lazy\" decoding=\"async\" class=\"alignnone size-medium wp-image-187\" src=\"https:\/\/blogs.ua.es\/sociologia\/files\/2023\/06\/1682355158491-224x300.jpg\" alt=\"\" width=\"224\" height=\"300\" \/><\/a><a href=\"https:\/\/blogs.ua.es\/sociologia\/documentos\/attachment\/1682355158499\/\" rel=\"attachment wp-att-189\"><img loading=\"lazy\" decoding=\"async\" class=\"alignnone size-medium wp-image-189\" src=\"https:\/\/blogs.ua.es\/sociologia\/files\/2023\/06\/1682355158499-224x300.jpg\" alt=\"\" width=\"224\" height=\"300\" \/><\/a><a href=\"https:\/\/blogs.ua.es\/sociologia\/documentos\/attachment\/1682355158512\/\" rel=\"attachment wp-att-191\"><img loading=\"lazy\" decoding=\"async\" class=\"alignnone size-medium wp-image-191\" src=\"https:\/\/blogs.ua.es\/sociologia\/files\/2023\/06\/1682355158512-224x300.jpg\" alt=\"\" width=\"224\" height=\"300\" \/><\/a><\/p>\n<p>Resultados del DAFO con el alumnado:<\/p>\n<p><a href=\"https:\/\/blogs.ua.es\/sociologia\/documentos\/dafo-alumnado\/\" rel=\"attachment wp-att-157\"><img loading=\"lazy\" decoding=\"async\" class=\"alignnone size-medium wp-image-157\" src=\"https:\/\/blogs.ua.es\/sociologia\/files\/2023\/06\/DAFO-alumnado-300x169.png\" alt=\"\" width=\"300\" height=\"169\" \/><\/a><a href=\"https:\/\/blogs.ua.es\/sociologia\/documentos\/attachment\/1682355158479\/\" rel=\"attachment wp-att-185\"><img loading=\"lazy\" decoding=\"async\" class=\"alignnone size-medium wp-image-185\" src=\"https:\/\/blogs.ua.es\/sociologia\/files\/2023\/06\/1682355158479-224x300.jpg\" alt=\"\" width=\"224\" height=\"300\" \/><\/a><a href=\"https:\/\/blogs.ua.es\/sociologia\/documentos\/attachment\/1682355158469\/\" rel=\"attachment wp-att-183\"><img loading=\"lazy\" decoding=\"async\" class=\"alignnone size-medium wp-image-183\" src=\"https:\/\/blogs.ua.es\/sociologia\/files\/2023\/06\/1682355158469-300x224.jpg\" alt=\"\" width=\"300\" height=\"224\" \/><\/a><a href=\"https:\/\/blogs.ua.es\/sociologia\/documentos\/attachment\/1682355158475\/\" rel=\"attachment wp-att-184\"><img loading=\"lazy\" decoding=\"async\" class=\"alignnone size-medium wp-image-184\" src=\"https:\/\/blogs.ua.es\/sociologia\/files\/2023\/06\/1682355158475-224x300.jpg\" alt=\"\" width=\"224\" height=\"300\" \/><\/a><a href=\"https:\/\/blogs.ua.es\/sociologia\/documentos\/attachment\/1682355158465\/\" rel=\"attachment wp-att-182\"><img loading=\"lazy\" decoding=\"async\" class=\"alignnone size-medium wp-image-182\" src=\"https:\/\/blogs.ua.es\/sociologia\/files\/2023\/06\/1682355158465-300x224.jpg\" alt=\"\" width=\"300\" height=\"224\" \/><\/a><\/p>\n<p>Resultados del flujograma con el alumnado:<\/p>\n<p><a href=\"https:\/\/blogs.ua.es\/sociologia\/documentos\/flujograma-alumnado\/\" rel=\"attachment wp-att-153\"><img loading=\"lazy\" decoding=\"async\" class=\"alignnone size-medium wp-image-153\" src=\"https:\/\/blogs.ua.es\/sociologia\/files\/2023\/06\/Flujograma-alumnado-300x169.png\" alt=\"\" width=\"300\" height=\"169\" \/><\/a><\/p>\n<p>Propuestas de mejora del alumnado:<\/p>\n<p><a href=\"https:\/\/blogs.ua.es\/sociologia\/documentos\/propuestas-alumnado\/\" rel=\"attachment wp-att-154\"><img loading=\"lazy\" decoding=\"async\" class=\"alignnone size-medium wp-image-154\" src=\"https:\/\/blogs.ua.es\/sociologia\/files\/2023\/06\/Propuestas-alumnado-212x300.png\" alt=\"\" width=\"212\" height=\"300\" \/><\/a><\/p>\n<p>Resultados de la L\u00ednea del tiempo con el profesorado:<\/p>\n<p><a href=\"https:\/\/blogs.ua.es\/sociologia\/documentos\/linea-del-tiempo\/\" rel=\"attachment wp-att-158\"><img loading=\"lazy\" decoding=\"async\" class=\"alignnone size-medium wp-image-158\" src=\"https:\/\/blogs.ua.es\/sociologia\/files\/2023\/06\/Linea-del-tiempo-300x169.png\" alt=\"\" width=\"300\" height=\"169\" \/><\/a><a href=\"https:\/\/blogs.ua.es\/sociologia\/documentos\/attachment\/1683562716119\/\" rel=\"attachment wp-att-176\"><img loading=\"lazy\" decoding=\"async\" class=\"alignnone size-medium wp-image-176\" src=\"https:\/\/blogs.ua.es\/sociologia\/files\/2023\/06\/1683562716119-300x224.jpg\" alt=\"\" width=\"300\" height=\"224\" \/><\/a><a href=\"https:\/\/blogs.ua.es\/sociologia\/documentos\/attachment\/1683562716113\/\" rel=\"attachment wp-att-177\"><img loading=\"lazy\" decoding=\"async\" class=\"alignnone size-medium wp-image-177\" src=\"https:\/\/blogs.ua.es\/sociologia\/files\/2023\/06\/1683562716113-300x224.jpg\" alt=\"\" width=\"300\" height=\"224\" \/><\/a><a href=\"https:\/\/blogs.ua.es\/sociologia\/documentos\/attachment\/1683562716104\/\" rel=\"attachment wp-att-178\"><img loading=\"lazy\" decoding=\"async\" class=\"alignnone size-medium wp-image-178\" src=\"https:\/\/blogs.ua.es\/sociologia\/files\/2023\/06\/1683562716104-300x224.jpg\" alt=\"\" width=\"300\" height=\"224\" \/><\/a><\/p>\n<p>Resultados del DAFO con el profesorado:<\/p>\n<p><a href=\"https:\/\/blogs.ua.es\/sociologia\/documentos\/dafo-profesorado\/\" rel=\"attachment wp-att-155\"><img loading=\"lazy\" decoding=\"async\" class=\"alignnone size-medium wp-image-155\" src=\"https:\/\/blogs.ua.es\/sociologia\/files\/2023\/06\/DAFO-profesorado-300x169.png\" alt=\"\" width=\"300\" height=\"169\" \/><\/a><a href=\"https:\/\/blogs.ua.es\/sociologia\/documentos\/attachment\/1683562716090\/\" rel=\"attachment wp-att-179\"><img loading=\"lazy\" decoding=\"async\" class=\"alignnone size-medium wp-image-179\" src=\"https:\/\/blogs.ua.es\/sociologia\/files\/2023\/06\/1683562716090-300x224.jpg\" alt=\"\" width=\"300\" height=\"224\" \/><\/a><a href=\"https:\/\/blogs.ua.es\/sociologia\/documentos\/attachment\/1683562716086\/\" rel=\"attachment wp-att-181\"><img loading=\"lazy\" decoding=\"async\" class=\"alignnone size-medium wp-image-181\" src=\"https:\/\/blogs.ua.es\/sociologia\/files\/2023\/06\/1683562716086-300x224.jpg\" alt=\"\" width=\"300\" height=\"224\" \/><\/a><a href=\"https:\/\/blogs.ua.es\/sociologia\/documentos\/attachment\/1683562716080\/\" rel=\"attachment wp-att-180\"><img loading=\"lazy\" decoding=\"async\" class=\"alignnone size-medium wp-image-180\" src=\"https:\/\/blogs.ua.es\/sociologia\/files\/2023\/06\/1683562716080-300x224.jpg\" alt=\"\" width=\"300\" height=\"224\" \/><\/a><\/p>\n<p>Resultados del flujograma con el profesorado:<\/p>\n<p><a href=\"https:\/\/blogs.ua.es\/sociologia\/documentos\/flujograma-profesorado\/\" rel=\"attachment wp-att-156\"><img loading=\"lazy\" decoding=\"async\" class=\"alignnone size-medium wp-image-156\" src=\"https:\/\/blogs.ua.es\/sociologia\/files\/2023\/06\/Flujograma-profesorado-300x169.png\" alt=\"\" width=\"300\" height=\"169\" \/><\/a><\/p>\n<p>Propuestas de mejora del profesorado:<\/p>\n<p><a href=\"https:\/\/blogs.ua.es\/sociologia\/documentos\/propuestas-profesorado\/\" rel=\"attachment wp-att-152\"><img loading=\"lazy\" decoding=\"async\" class=\"alignnone size-medium wp-image-152\" src=\"https:\/\/blogs.ua.es\/sociologia\/files\/2023\/06\/Propuestas-profesorado-212x300.png\" alt=\"\" width=\"212\" height=\"300\" \/><\/a><\/p>\n","protected":false},"excerpt":{"rendered":"<p>Post que se difundi\u00f3 para crear el Grupo Motor: Borrador que se le present\u00f3 al Grupo Motor y sobre el que se tomaron las decisiones finales en la reuni\u00f3n del 17 de febrero de 2023: Etapa previa (1) &#8211; Proyecto para la evaluaci\u00f3n del grado de Sociolog\u00eda Orden del d\u00eda de la primera reuni\u00f3n del &hellip; <\/p>\n<p class=\"link-more\"><a href=\"https:\/\/blogs.ua.es\/sociologia\/documentos\/\" class=\"more-link\">Continue reading<span class=\"screen-reader-text\"> &#8220;Documentos&#8221;<\/span><\/a><\/p>\n","protected":false},"author":4419,"featured_media":0,"parent":0,"menu_order":0,"comment_status":"closed","ping_status":"closed","template":"","meta":{"footnotes":""},"class_list":["post-12","page","type-page","status-publish","hentry"],"_links":{"self":[{"href":"https:\/\/blogs.ua.es\/sociologia\/wp-json\/wp\/v2\/pages\/12","targetHints":{"allow":["GET"]}}],"collection":[{"href":"https:\/\/blogs.ua.es\/sociologia\/wp-json\/wp\/v2\/pages"}],"about":[{"href":"https:\/\/blogs.ua.es\/sociologia\/wp-json\/wp\/v2\/types\/page"}],"author":[{"embeddable":true,"href":"https:\/\/blogs.ua.es\/sociologia\/wp-json\/wp\/v2\/users\/4419"}],"replies":[{"embeddable":true,"href":"https:\/\/blogs.ua.es\/sociologia\/wp-json\/wp\/v2\/comments?post=12"}],"version-history":[{"count":11,"href":"https:\/\/blogs.ua.es\/sociologia\/wp-json\/wp\/v2\/pages\/12\/revisions"}],"predecessor-version":[{"id":192,"href":"https:\/\/blogs.ua.es\/sociologia\/wp-json\/wp\/v2\/pages\/12\/revisions\/192"}],"wp:attachment":[{"href":"https:\/\/blogs.ua.es\/sociologia\/wp-json\/wp\/v2\/media?parent=12"}],"curies":[{"name":"wp","href":"https:\/\/api.w.org\/{rel}","templated":true}]}}