{"id":36,"date":"2023-03-10T16:00:19","date_gmt":"2023-03-10T16:00:19","guid":{"rendered":"https:\/\/blogs.ua.es\/sociologia\/?page_id=36"},"modified":"2023-03-10T16:00:19","modified_gmt":"2023-03-10T16:00:19","slug":"autodiagnostico","status":"publish","type":"page","link":"https:\/\/blogs.ua.es\/sociologia\/autodiagnostico\/","title":{"rendered":"Autodiagn\u00f3stico"},"content":{"rendered":"<p>Las sesiones participativas de la etapa de autodiagn\u00f3stico pretenden conseguir el objetivo de que las personas participantes identifiquen todos aquellos problemas o aspectos a mejorar del grado y propongan las soluciones o l\u00edneas de actuaci\u00f3n que consideren necesarias para paliar dichos problemas. Para ello, se van a realizar 4 sesiones de autodiagn\u00f3stico, 2 con el alumnado y 2 con el profesorado, las cuales se describen con m\u00e1s detalle en las subpesta\u00f1as correspondientes.<\/p>\n","protected":false},"excerpt":{"rendered":"<p>Las sesiones participativas de la etapa de autodiagn\u00f3stico pretenden conseguir el objetivo de que las personas participantes identifiquen todos aquellos problemas o aspectos a mejorar del grado y propongan las soluciones o l\u00edneas de actuaci\u00f3n que consideren necesarias para paliar dichos problemas. Para ello, se van a realizar 4 sesiones de autodiagn\u00f3stico, 2 con el &hellip; <\/p>\n<p class=\"link-more\"><a href=\"https:\/\/blogs.ua.es\/sociologia\/autodiagnostico\/\" class=\"more-link\">Continue reading<span class=\"screen-reader-text\"> &#8220;Autodiagn\u00f3stico&#8221;<\/span><\/a><\/p>\n","protected":false},"author":4419,"featured_media":0,"parent":0,"menu_order":0,"comment_status":"closed","ping_status":"closed","template":"","meta":{"footnotes":""},"class_list":["post-36","page","type-page","status-publish","hentry"],"_links":{"self":[{"href":"https:\/\/blogs.ua.es\/sociologia\/wp-json\/wp\/v2\/pages\/36","targetHints":{"allow":["GET"]}}],"collection":[{"href":"https:\/\/blogs.ua.es\/sociologia\/wp-json\/wp\/v2\/pages"}],"about":[{"href":"https:\/\/blogs.ua.es\/sociologia\/wp-json\/wp\/v2\/types\/page"}],"author":[{"embeddable":true,"href":"https:\/\/blogs.ua.es\/sociologia\/wp-json\/wp\/v2\/users\/4419"}],"replies":[{"embeddable":true,"href":"https:\/\/blogs.ua.es\/sociologia\/wp-json\/wp\/v2\/comments?post=36"}],"version-history":[{"count":1,"href":"https:\/\/blogs.ua.es\/sociologia\/wp-json\/wp\/v2\/pages\/36\/revisions"}],"predecessor-version":[{"id":44,"href":"https:\/\/blogs.ua.es\/sociologia\/wp-json\/wp\/v2\/pages\/36\/revisions\/44"}],"wp:attachment":[{"href":"https:\/\/blogs.ua.es\/sociologia\/wp-json\/wp\/v2\/media?parent=36"}],"curies":[{"name":"wp","href":"https:\/\/api.w.org\/{rel}","templated":true}]}}