{"id":37,"date":"2023-03-10T16:00:19","date_gmt":"2023-03-10T16:00:19","guid":{"rendered":"https:\/\/blogs.ua.es\/sociologia\/?page_id=37"},"modified":"2023-03-10T16:20:51","modified_gmt":"2023-03-10T16:20:51","slug":"priorizacion","status":"publish","type":"page","link":"https:\/\/blogs.ua.es\/sociologia\/priorizacion\/","title":{"rendered":"Priorizaci\u00f3n"},"content":{"rendered":"<p>Tras la realizaci\u00f3n del total de 4 sesiones participativas, 2 con alumnado y 2 profesorado, se har\u00e1n p\u00fablicos los resultados de las mismas. Se redactar\u00e1 un listado con todas aquellas propuestas planteadas por ambos grupos, el cual ser\u00e1 el recurso de apoyo para la siguiente fase del proyecto: la priorizaci\u00f3n. En esta ocasi\u00f3n la din\u00e1mica no requerir\u00e1 de presencialidad, pues se propondr\u00e1 una actividad de priorizaci\u00f3n online en la que cada participante pueda escoger un n\u00famero limitado de propuestas (entre 1 y 3, dependiendo de la cantidad que haya) que considere son las m\u00e1s importantes y, por tanto, las primeras que deben ponerse en marcha.<\/p>\n<p>Con la votaci\u00f3n de todas las personas se obtendr\u00e1n aquellas propuestas percibidas como m\u00e1s urgentes de llevar a cabo. Adem\u00e1s de que se podr\u00e1 recuperar el listado de todas las propuestas y ordenarlas por orden de prioridad. De modo que a la hora de ponerlas en pr\u00e1ctica, los organismos encargados de hacerlo tendr\u00e1n una referencia plausible de por d\u00f3nde empezar a actuar.<\/p>\n","protected":false},"excerpt":{"rendered":"<p>Tras la realizaci\u00f3n del total de 4 sesiones participativas, 2 con alumnado y 2 profesorado, se har\u00e1n p\u00fablicos los resultados de las mismas. Se redactar\u00e1 un listado con todas aquellas propuestas planteadas por ambos grupos, el cual ser\u00e1 el recurso de apoyo para la siguiente fase del proyecto: la priorizaci\u00f3n. En esta ocasi\u00f3n la din\u00e1mica &hellip; <\/p>\n<p class=\"link-more\"><a href=\"https:\/\/blogs.ua.es\/sociologia\/priorizacion\/\" class=\"more-link\">Continue reading<span class=\"screen-reader-text\"> &#8220;Priorizaci\u00f3n&#8221;<\/span><\/a><\/p>\n","protected":false},"author":4419,"featured_media":0,"parent":0,"menu_order":0,"comment_status":"closed","ping_status":"closed","template":"","meta":{"footnotes":""},"class_list":["post-37","page","type-page","status-publish","hentry"],"_links":{"self":[{"href":"https:\/\/blogs.ua.es\/sociologia\/wp-json\/wp\/v2\/pages\/37","targetHints":{"allow":["GET"]}}],"collection":[{"href":"https:\/\/blogs.ua.es\/sociologia\/wp-json\/wp\/v2\/pages"}],"about":[{"href":"https:\/\/blogs.ua.es\/sociologia\/wp-json\/wp\/v2\/types\/page"}],"author":[{"embeddable":true,"href":"https:\/\/blogs.ua.es\/sociologia\/wp-json\/wp\/v2\/users\/4419"}],"replies":[{"embeddable":true,"href":"https:\/\/blogs.ua.es\/sociologia\/wp-json\/wp\/v2\/comments?post=37"}],"version-history":[{"count":3,"href":"https:\/\/blogs.ua.es\/sociologia\/wp-json\/wp\/v2\/pages\/37\/revisions"}],"predecessor-version":[{"id":88,"href":"https:\/\/blogs.ua.es\/sociologia\/wp-json\/wp\/v2\/pages\/37\/revisions\/88"}],"wp:attachment":[{"href":"https:\/\/blogs.ua.es\/sociologia\/wp-json\/wp\/v2\/media?parent=37"}],"curies":[{"name":"wp","href":"https:\/\/api.w.org\/{rel}","templated":true}]}}