{"id":39,"date":"2023-03-10T16:00:19","date_gmt":"2023-03-10T16:00:19","guid":{"rendered":"https:\/\/blogs.ua.es\/sociologia\/?page_id=39"},"modified":"2023-03-10T16:16:12","modified_gmt":"2023-03-10T16:16:12","slug":"alumnado","status":"publish","type":"page","link":"https:\/\/blogs.ua.es\/sociologia\/alumnado\/","title":{"rendered":"Alumnado"},"content":{"rendered":"<p>En la primera sesi\u00f3n participativa de autodiagn\u00f3stico realizada con el alumnado se van a llevar a cabo 2 t\u00e9cnicas:<\/p>\n<ul>\n<li><strong>World caf\u00e9<\/strong>: El objetivo es que se genere un ambiente relajado, en el que predomine un di\u00e1logo colaborativo y en el que se contextualice la tem\u00e1tica de la que se va a hablar. Para ello, se dispondr\u00e1n de varias mesas en las que se puedan sentar entre 4 y 6 personas que, durante intervalos regulares de tiempo, conversar\u00e1n sobre un tema en particular; y, transcurrido ese tiempo, la mitad se levantar\u00e1n para pasar a la siguiente mesa, mientras que la otra mitad permanecer\u00e1 en la que est\u00e1 para hacer un breve resumen a personas nuevas. En cada mesa habr\u00e1 un soporte gr\u00e1fico en el que los y las participantes podr\u00e1n ir anotando lo que debatan. Al final de la sesi\u00f3n, una de las personas que hayan permanecido en cada una de las mesas ser\u00e1 invitada a compartir las conclusiones a las que se hayan llegado.<\/li>\n<li><strong>DAFO<\/strong>: Con la informaci\u00f3n construida en la primera t\u00e9cnica, los y las participantes proceder\u00e1n a realizar un DAFO. Los \u00edtems anal\u00edticos, que se separar\u00e1n siguiendo la misma l\u00f3gica de las mesas de la t\u00e9cnica anterior, deber\u00e1n ser organizados en cuatro cuadrantes \u2192 debilidades (necesidades a cubrir), amenazas (posibles riesgos que est\u00e1n fuera de su acci\u00f3n), fortalezas (aspectos positivos que hay que mantener) y oportunidades (recursos potenciales que hay que hacer valer).<\/li>\n<\/ul>\n<p>Mientras que en la segunda sesi\u00f3n se realizaran otras 2 t\u00e9cnicas:<\/p>\n<ul>\n<li><strong>Flujograma<\/strong>: Se recuperar\u00e1 la informaci\u00f3n construida en la sesi\u00f3n previa, de modo que los y las participantes deber\u00e1n colocar cada uno de los problemas en la matriz seg\u00fan su capacidad de influencia en ellos y el \u00e1mbito de actuaci\u00f3n.<\/li>\n<li><strong>Propuestas<\/strong>: Una vez los problemas hayan sido ubicados, deber\u00e1n tratar de plantear posibles l\u00edneas de actuaci\u00f3n y soluciones, centr\u00e1ndose especialmente en aquellos problemas donde tengan mayor influencia.<\/li>\n<\/ul>\n","protected":false},"excerpt":{"rendered":"<p>En la primera sesi\u00f3n participativa de autodiagn\u00f3stico realizada con el alumnado se van a llevar a cabo 2 t\u00e9cnicas: World caf\u00e9: El objetivo es que se genere un ambiente relajado, en el que predomine un di\u00e1logo colaborativo y en el que se contextualice la tem\u00e1tica de la que se va a hablar. Para ello, se &hellip; <\/p>\n<p class=\"link-more\"><a href=\"https:\/\/blogs.ua.es\/sociologia\/alumnado\/\" class=\"more-link\">Continue reading<span class=\"screen-reader-text\"> &#8220;Alumnado&#8221;<\/span><\/a><\/p>\n","protected":false},"author":4419,"featured_media":0,"parent":0,"menu_order":0,"comment_status":"closed","ping_status":"closed","template":"","meta":{"footnotes":""},"class_list":["post-39","page","type-page","status-publish","hentry"],"_links":{"self":[{"href":"https:\/\/blogs.ua.es\/sociologia\/wp-json\/wp\/v2\/pages\/39","targetHints":{"allow":["GET"]}}],"collection":[{"href":"https:\/\/blogs.ua.es\/sociologia\/wp-json\/wp\/v2\/pages"}],"about":[{"href":"https:\/\/blogs.ua.es\/sociologia\/wp-json\/wp\/v2\/types\/page"}],"author":[{"embeddable":true,"href":"https:\/\/blogs.ua.es\/sociologia\/wp-json\/wp\/v2\/users\/4419"}],"replies":[{"embeddable":true,"href":"https:\/\/blogs.ua.es\/sociologia\/wp-json\/wp\/v2\/comments?post=39"}],"version-history":[{"count":3,"href":"https:\/\/blogs.ua.es\/sociologia\/wp-json\/wp\/v2\/pages\/39\/revisions"}],"predecessor-version":[{"id":84,"href":"https:\/\/blogs.ua.es\/sociologia\/wp-json\/wp\/v2\/pages\/39\/revisions\/84"}],"wp:attachment":[{"href":"https:\/\/blogs.ua.es\/sociologia\/wp-json\/wp\/v2\/media?parent=39"}],"curies":[{"name":"wp","href":"https:\/\/api.w.org\/{rel}","templated":true}]}}