{"id":9,"date":"2023-03-10T16:00:19","date_gmt":"2023-03-10T16:00:19","guid":{"rendered":"https:\/\/blogs.ua.es\/sociologia\/?page_id=9"},"modified":"2023-03-10T16:00:19","modified_gmt":"2023-03-10T16:00:19","slug":"sesiones-participativas","status":"publish","type":"page","link":"https:\/\/blogs.ua.es\/sociologia\/sesiones-participativas\/","title":{"rendered":"Sesiones participativas"},"content":{"rendered":"<p>Las sesiones participativas del proyecto se van a dividir en dos etapas: la de autodiagn\u00f3stico y la de priorizaci\u00f3n. Por ello, se han creado dos subpesta\u00f1as en las que se detalla la informaci\u00f3n de cada una de ellas.<\/p>\n","protected":false},"excerpt":{"rendered":"<p>Las sesiones participativas del proyecto se van a dividir en dos etapas: la de autodiagn\u00f3stico y la de priorizaci\u00f3n. Por ello, se han creado dos subpesta\u00f1as en las que se detalla la informaci\u00f3n de cada una de ellas.<\/p>\n","protected":false},"author":4419,"featured_media":0,"parent":0,"menu_order":0,"comment_status":"closed","ping_status":"closed","template":"","meta":{"footnotes":""},"class_list":["post-9","page","type-page","status-publish","hentry"],"_links":{"self":[{"href":"https:\/\/blogs.ua.es\/sociologia\/wp-json\/wp\/v2\/pages\/9","targetHints":{"allow":["GET"]}}],"collection":[{"href":"https:\/\/blogs.ua.es\/sociologia\/wp-json\/wp\/v2\/pages"}],"about":[{"href":"https:\/\/blogs.ua.es\/sociologia\/wp-json\/wp\/v2\/types\/page"}],"author":[{"embeddable":true,"href":"https:\/\/blogs.ua.es\/sociologia\/wp-json\/wp\/v2\/users\/4419"}],"replies":[{"embeddable":true,"href":"https:\/\/blogs.ua.es\/sociologia\/wp-json\/wp\/v2\/comments?post=9"}],"version-history":[{"count":1,"href":"https:\/\/blogs.ua.es\/sociologia\/wp-json\/wp\/v2\/pages\/9\/revisions"}],"predecessor-version":[{"id":43,"href":"https:\/\/blogs.ua.es\/sociologia\/wp-json\/wp\/v2\/pages\/9\/revisions\/43"}],"wp:attachment":[{"href":"https:\/\/blogs.ua.es\/sociologia\/wp-json\/wp\/v2\/media?parent=9"}],"curies":[{"name":"wp","href":"https:\/\/api.w.org\/{rel}","templated":true}]}}