{"id":92,"date":"2023-03-17T20:41:22","date_gmt":"2023-03-17T20:41:22","guid":{"rendered":"https:\/\/blogs.ua.es\/sociologia\/?page_id=92"},"modified":"2023-06-01T17:18:37","modified_gmt":"2023-06-01T17:18:37","slug":"fotografias","status":"publish","type":"page","link":"https:\/\/blogs.ua.es\/sociologia\/fotografias\/","title":{"rendered":"Fotograf\u00edas"},"content":{"rendered":"<p>Reuni\u00f3n del grupo motor, 17-02-2023:<\/p>\n<p><a href=\"https:\/\/blogs.ua.es\/sociologia\/fotografias\/reunion-grupo-motor-17-02-2023-2\/\" rel=\"attachment wp-att-114\"><img loading=\"lazy\" decoding=\"async\" class=\"alignnone size-medium wp-image-114\" src=\"https:\/\/blogs.ua.es\/sociologia\/files\/2023\/03\/Reunion-grupo-motor-17-02-2023-300x225.jpg\" alt=\"\" width=\"300\" height=\"225\" \/><\/a><\/p>\n<p>Primera convocatoria para la primera sesi\u00f3n participativa con el alumnado (fracaso), 30-03-2023:<\/p>\n<p><a href=\"https:\/\/blogs.ua.es\/sociologia\/fotografias\/attachment\/1681836156103\/\" rel=\"attachment wp-att-126\"><img loading=\"lazy\" decoding=\"async\" class=\"alignnone size-medium wp-image-126\" src=\"https:\/\/blogs.ua.es\/sociologia\/files\/2023\/04\/1681836156103-300x224.jpg\" alt=\"\" width=\"300\" height=\"224\" \/><\/a><\/p>\n<p>Segunda convocatoria para la primera sesi\u00f3n participativa con el alumnado (\u00e9xito), 17-04-2023:<\/p>\n<p><a href=\"https:\/\/blogs.ua.es\/sociologia\/fotografias\/primera-sesion-participativa-alumnado-18-04-2023-1-2\/\" rel=\"attachment wp-att-143\"><img loading=\"lazy\" decoding=\"async\" class=\"alignnone size-medium wp-image-143\" src=\"https:\/\/blogs.ua.es\/sociologia\/files\/2023\/04\/Primera-sesion-participativa-alumnado-18-04-2023-1-1-300x225.jpg\" alt=\"\" width=\"300\" height=\"225\" \/><\/a><a href=\"https:\/\/blogs.ua.es\/sociologia\/fotografias\/primera-sesion-participativa-alumnado-18-04-2023-2\/\" rel=\"attachment wp-att-135\"><img loading=\"lazy\" decoding=\"async\" class=\"alignnone size-medium wp-image-135\" src=\"https:\/\/blogs.ua.es\/sociologia\/files\/2023\/04\/Primera-sesion-participativa-alumnado-18-04-2023-2-300x225.jpg\" alt=\"\" width=\"300\" height=\"225\" \/><\/a><a href=\"https:\/\/blogs.ua.es\/sociologia\/fotografias\/primera-sesion-participativa-alumnado-18-04-2023-4\/\" rel=\"attachment wp-att-138\"><img loading=\"lazy\" decoding=\"async\" class=\"alignnone size-medium wp-image-138\" src=\"https:\/\/blogs.ua.es\/sociologia\/files\/2023\/04\/Primera-sesion-participativa-alumnado-18-04-2023-4-225x300.jpg\" alt=\"\" width=\"225\" height=\"300\" \/><\/a><a href=\"https:\/\/blogs.ua.es\/sociologia\/fotografias\/primera-sesion-participativa-alumnado-18-04-2023-3\/\" rel=\"attachment wp-att-141\"><img loading=\"lazy\" decoding=\"async\" class=\"alignnone size-medium wp-image-141\" src=\"https:\/\/blogs.ua.es\/sociologia\/files\/2023\/04\/Primera-sesion-participativa-alumnado-18-04-2023-3-225x300.jpg\" alt=\"\" width=\"225\" height=\"300\" \/><\/a><a href=\"https:\/\/blogs.ua.es\/sociologia\/fotografias\/primera-sesion-participativa-alumnado-18-04-2023-5\/\" rel=\"attachment wp-att-137\"><img loading=\"lazy\" decoding=\"async\" class=\"alignnone size-medium wp-image-137\" src=\"https:\/\/blogs.ua.es\/sociologia\/files\/2023\/04\/Primera-sesion-participativa-alumnado-18-04-2023-5-300x225.jpg\" alt=\"\" width=\"300\" height=\"225\" \/><\/a><a href=\"https:\/\/blogs.ua.es\/sociologia\/fotografias\/primera-sesion-participativa-alumnado-18-04-2023-6\/\" rel=\"attachment wp-att-136\"><img loading=\"lazy\" decoding=\"async\" class=\"alignnone size-medium wp-image-136\" src=\"https:\/\/blogs.ua.es\/sociologia\/files\/2023\/04\/Primera-sesion-participativa-alumnado-18-04-2023-6-300x225.jpg\" alt=\"\" width=\"300\" height=\"225\" \/><\/a><a href=\"https:\/\/blogs.ua.es\/sociologia\/fotografias\/primera-sesion-participativa-alumnado-18-04-2023-7\/\" rel=\"attachment wp-att-139\"><img loading=\"lazy\" decoding=\"async\" class=\"alignnone size-medium wp-image-139\" src=\"https:\/\/blogs.ua.es\/sociologia\/files\/2023\/04\/Primera-sesion-participativa-alumnado-18-04-2023-7-300x225.jpg\" alt=\"\" width=\"300\" height=\"225\" \/><\/a><a href=\"https:\/\/blogs.ua.es\/sociologia\/fotografias\/primera-sesion-participativa-alumnado-18-04-2023-8\/\" rel=\"attachment wp-att-142\"><img loading=\"lazy\" decoding=\"async\" class=\"alignnone size-medium wp-image-142\" src=\"https:\/\/blogs.ua.es\/sociologia\/files\/2023\/04\/Primera-sesion-participativa-alumnado-18-04-2023-8-300x224.jpg\" alt=\"\" width=\"300\" height=\"224\" \/><\/a><\/p>\n<p>Segunda sesi\u00f3n participativa con el alumnado, 25-04-2023:<\/p>\n<p><a href=\"https:\/\/blogs.ua.es\/sociologia\/fotografias\/attachment\/1683562284442\/\" rel=\"attachment wp-att-167\"><img loading=\"lazy\" decoding=\"async\" class=\"alignnone size-medium wp-image-167\" src=\"https:\/\/blogs.ua.es\/sociologia\/files\/2023\/06\/1683562284442-300x224.jpg\" alt=\"\" width=\"300\" height=\"224\" \/><\/a> <a href=\"https:\/\/blogs.ua.es\/sociologia\/fotografias\/attachment\/1683562284468\/\" rel=\"attachment wp-att-168\"><img loading=\"lazy\" decoding=\"async\" class=\"alignnone size-medium wp-image-168\" src=\"https:\/\/blogs.ua.es\/sociologia\/files\/2023\/06\/1683562284468-300x224.jpg\" alt=\"\" width=\"300\" height=\"224\" \/><\/a> <a href=\"https:\/\/blogs.ua.es\/sociologia\/fotografias\/attachment\/1683562284484\/\" rel=\"attachment wp-att-169\"><img loading=\"lazy\" decoding=\"async\" class=\"alignnone size-medium wp-image-169\" src=\"https:\/\/blogs.ua.es\/sociologia\/files\/2023\/06\/1683562284484-300x224.jpg\" alt=\"\" width=\"300\" height=\"224\" \/><\/a> <a href=\"https:\/\/blogs.ua.es\/sociologia\/fotografias\/attachment\/1683562284499\/\" rel=\"attachment wp-att-170\"><img loading=\"lazy\" decoding=\"async\" class=\"alignnone size-medium wp-image-170\" src=\"https:\/\/blogs.ua.es\/sociologia\/files\/2023\/06\/1683562284499-300x224.jpg\" alt=\"\" width=\"300\" height=\"224\" \/><\/a><\/p>\n<p>Primera sesi\u00f3n participativa con el profesorado, 04-05-2023:<\/p>\n<p><a href=\"https:\/\/blogs.ua.es\/sociologia\/fotografias\/attachment\/1683562307517\/\" rel=\"attachment wp-att-171\"><img loading=\"lazy\" decoding=\"async\" class=\"alignnone size-medium wp-image-171\" src=\"https:\/\/blogs.ua.es\/sociologia\/files\/2023\/06\/1683562307517-300x224.jpg\" alt=\"\" width=\"300\" height=\"224\" \/><\/a> <a href=\"https:\/\/blogs.ua.es\/sociologia\/fotografias\/attachment\/1683562307552\/\" rel=\"attachment wp-att-172\"><img loading=\"lazy\" decoding=\"async\" class=\"alignnone size-medium wp-image-172\" src=\"https:\/\/blogs.ua.es\/sociologia\/files\/2023\/06\/1683562307552-300x224.jpg\" alt=\"\" width=\"300\" height=\"224\" \/><\/a> <a href=\"https:\/\/blogs.ua.es\/sociologia\/fotografias\/attachment\/1683562307584\/\" rel=\"attachment wp-att-173\"><img loading=\"lazy\" decoding=\"async\" class=\"alignnone size-medium wp-image-173\" src=\"https:\/\/blogs.ua.es\/sociologia\/files\/2023\/06\/1683562307584-300x224.jpg\" alt=\"\" width=\"300\" height=\"224\" \/><\/a> <a href=\"https:\/\/blogs.ua.es\/sociologia\/fotografias\/attachment\/1683562307617\/\" rel=\"attachment wp-att-174\"><img loading=\"lazy\" decoding=\"async\" class=\"alignnone size-medium wp-image-174\" src=\"https:\/\/blogs.ua.es\/sociologia\/files\/2023\/06\/1683562307617-300x224.jpg\" alt=\"\" width=\"300\" height=\"224\" \/><\/a><\/p>\n<p>Segunda sesi\u00f3n participativa con el profesorado, 11-05-2023:<\/p>\n","protected":false},"excerpt":{"rendered":"<p>Reuni\u00f3n del grupo motor, 17-02-2023: Primera convocatoria para la primera sesi\u00f3n participativa con el alumnado (fracaso), 30-03-2023: Segunda convocatoria para la primera sesi\u00f3n participativa con el alumnado (\u00e9xito), 17-04-2023: Segunda sesi\u00f3n participativa con el alumnado, 25-04-2023: Primera sesi\u00f3n participativa con el profesorado, 04-05-2023: Segunda sesi\u00f3n participativa con el profesorado, 11-05-2023:<\/p>\n","protected":false},"author":4419,"featured_media":0,"parent":0,"menu_order":0,"comment_status":"closed","ping_status":"closed","template":"","meta":{"footnotes":""},"class_list":["post-92","page","type-page","status-publish","hentry"],"_links":{"self":[{"href":"https:\/\/blogs.ua.es\/sociologia\/wp-json\/wp\/v2\/pages\/92","targetHints":{"allow":["GET"]}}],"collection":[{"href":"https:\/\/blogs.ua.es\/sociologia\/wp-json\/wp\/v2\/pages"}],"about":[{"href":"https:\/\/blogs.ua.es\/sociologia\/wp-json\/wp\/v2\/types\/page"}],"author":[{"embeddable":true,"href":"https:\/\/blogs.ua.es\/sociologia\/wp-json\/wp\/v2\/users\/4419"}],"replies":[{"embeddable":true,"href":"https:\/\/blogs.ua.es\/sociologia\/wp-json\/wp\/v2\/comments?post=92"}],"version-history":[{"count":7,"href":"https:\/\/blogs.ua.es\/sociologia\/wp-json\/wp\/v2\/pages\/92\/revisions"}],"predecessor-version":[{"id":175,"href":"https:\/\/blogs.ua.es\/sociologia\/wp-json\/wp\/v2\/pages\/92\/revisions\/175"}],"wp:attachment":[{"href":"https:\/\/blogs.ua.es\/sociologia\/wp-json\/wp\/v2\/media?parent=92"}],"curies":[{"name":"wp","href":"https:\/\/api.w.org\/{rel}","templated":true}]}}