{"id":93,"date":"2023-03-17T20:41:22","date_gmt":"2023-03-17T20:41:22","guid":{"rendered":"https:\/\/blogs.ua.es\/sociologia\/?page_id=93"},"modified":"2023-04-18T16:26:31","modified_gmt":"2023-04-18T16:26:31","slug":"devoluciones","status":"publish","type":"page","link":"https:\/\/blogs.ua.es\/sociologia\/devoluciones\/","title":{"rendered":"Devoluciones"},"content":{"rendered":"<p>En las dos subpesta\u00f1as de este apartado encontrar\u00e9is toda la informaci\u00f3n en relaci\u00f3n al proyecto, ya se han documentos escritos o im\u00e1genes, como posts divulgativos o fotograf\u00edas. Todo ello da cuenta de todos los pasos que se han ido siguiente desde los inicios del proyecto.<\/p>\n","protected":false},"excerpt":{"rendered":"<p>En las dos subpesta\u00f1as de este apartado encontrar\u00e9is toda la informaci\u00f3n en relaci\u00f3n al proyecto, ya se han documentos escritos o im\u00e1genes, como posts divulgativos o fotograf\u00edas. Todo ello da cuenta de todos los pasos que se han ido siguiente desde los inicios del proyecto.<\/p>\n","protected":false},"author":4419,"featured_media":0,"parent":0,"menu_order":0,"comment_status":"closed","ping_status":"closed","template":"","meta":{"footnotes":""},"class_list":["post-93","page","type-page","status-publish","hentry"],"_links":{"self":[{"href":"https:\/\/blogs.ua.es\/sociologia\/wp-json\/wp\/v2\/pages\/93","targetHints":{"allow":["GET"]}}],"collection":[{"href":"https:\/\/blogs.ua.es\/sociologia\/wp-json\/wp\/v2\/pages"}],"about":[{"href":"https:\/\/blogs.ua.es\/sociologia\/wp-json\/wp\/v2\/types\/page"}],"author":[{"embeddable":true,"href":"https:\/\/blogs.ua.es\/sociologia\/wp-json\/wp\/v2\/users\/4419"}],"replies":[{"embeddable":true,"href":"https:\/\/blogs.ua.es\/sociologia\/wp-json\/wp\/v2\/comments?post=93"}],"version-history":[{"count":3,"href":"https:\/\/blogs.ua.es\/sociologia\/wp-json\/wp\/v2\/pages\/93\/revisions"}],"predecessor-version":[{"id":121,"href":"https:\/\/blogs.ua.es\/sociologia\/wp-json\/wp\/v2\/pages\/93\/revisions\/121"}],"wp:attachment":[{"href":"https:\/\/blogs.ua.es\/sociologia\/wp-json\/wp\/v2\/media?parent=93"}],"curies":[{"name":"wp","href":"https:\/\/api.w.org\/{rel}","templated":true}]}}