{"id":18,"date":"2020-05-28T16:17:14","date_gmt":"2020-05-28T16:17:14","guid":{"rendered":"https:\/\/blogs.ua.es\/sociologiaentiemposdecuarentena\/?page_id=18"},"modified":"2020-06-04T10:17:57","modified_gmt":"2020-06-04T10:17:57","slug":"max-weber-racionalizacion-tema-3","status":"publish","type":"page","link":"https:\/\/blogs.ua.es\/sociologiaentiemposdecuarentena\/max-weber-racionalizacion-tema-3\/","title":{"rendered":"Max Weber: Racionalizaci\u00f3n. &#8211; TEMA 3"},"content":{"rendered":"<p><strong>1.Mapa conceptual<\/strong><strong>.<img loading=\"lazy\" decoding=\"async\" class=\"alignnone wp-image-13\" src=\"https:\/\/blogs.ua.es\/sociologiaentiemposdecuarentena\/files\/2020\/05\/WhatsApp-Image-2020-05-23-at-17.57.16-300x232.jpeg\" alt=\"\" width=\"772\" height=\"597\" srcset=\"https:\/\/blogs.ua.es\/sociologiaentiemposdecuarentena\/files\/2020\/05\/WhatsApp-Image-2020-05-23-at-17.57.16-300x232.jpeg 300w, https:\/\/blogs.ua.es\/sociologiaentiemposdecuarentena\/files\/2020\/05\/WhatsApp-Image-2020-05-23-at-17.57.16-1024x792.jpeg 1024w, https:\/\/blogs.ua.es\/sociologiaentiemposdecuarentena\/files\/2020\/05\/WhatsApp-Image-2020-05-23-at-17.57.16-768x594.jpeg 768w, https:\/\/blogs.ua.es\/sociologiaentiemposdecuarentena\/files\/2020\/05\/WhatsApp-Image-2020-05-23-at-17.57.16-1536x1188.jpeg 1536w, https:\/\/blogs.ua.es\/sociologiaentiemposdecuarentena\/files\/2020\/05\/WhatsApp-Image-2020-05-23-at-17.57.16.jpeg 1600w\" sizes=\"auto, (max-width: 772px) 100vw, 772px\" \/><\/strong><\/p>\n<p>Max Weber diferencia entre tradici\u00f3n y racionalidad, para \u00e9l la racionalidad es calcular los medios m\u00e1s eficientes para conseguir un objetivo o una meta determinada. Por otro lado entiende tradici\u00f3n como los sentimientos y creencias que pasan de generaci\u00f3n en generaci\u00f3n. Seg\u00fan Weber las sociedades preindustriales se rigen por la tradici\u00f3n mientras que las sociedades industriales capitalistas se rigen por la racionalidad.<\/p>\n<p>Dentro de estas sociedades basadas en la racionalidad, los sentimientos no tienen cabida, ya que las personas piensan y act\u00faan seg\u00fan las consecuencias que haya en un presente y un futuro. Se eval\u00faa el empleo, la formaci\u00f3n acad\u00e9mica e incluso con qui\u00e9n se relacionan para obtener algo a cambio.<\/p>\n<p>Weber defend\u00eda que el capitalismo industrial era uno de los pilares fundamentales de la racionalidad ya que persigue los beneficios de una forma totalmente racional. Tambi\u00e9n defend\u00eda que el calvinismo era el predecesor del capitalismo industrial ya que los calvinistas ve\u00edan la vida de una forma disciplinada y racional.<\/p>\n<p>La religi\u00f3n tambi\u00e9n forma una parte muy importante dentro de la racionalidad, seg\u00fan Weber el monote\u00edsmo \u00e9tico aparece en el antiguo Israel. Antes las religiones si basaban en la magia el polite\u00edsmo o la muerte y qui\u00e9n recurr\u00eda a ellos era para satisfacer alguna necesidad mientras qui\u00e9n recurre a la religi\u00f3n lo hac\u00eda para dar significaci\u00f3n a la vida social. La religi\u00f3n fue el origen del proceso de racionalizaci\u00f3n ya que el juda\u00edsmo antiguo se deshizo de la magia y comenz\u00f3 la racionalizaci\u00f3n del culto dise\u00f1ando un grado de sistematizaci\u00f3n entre dios y las personas. Adem\u00e1s los rituales desaparecieron y fueron implantados los mandamientos, se hizo un Pacto entre el pueblo de Israel con Yav\u00e9, si \u00e9ste no ayudaba al pueblo era por romper el Pacto. Los sacerdotes portaban la sabidur\u00eda de los mandamientos de Yav\u00e9.<\/p>\n<p>El calvinismo por otro lado fue le origen del capitalismo ya que la doctrina religiosa defend\u00eda que todo estaba predestinado y nadie pod\u00eda cambiar su destino. Cre\u00edan que el \u00e9xito econ\u00f3mico era una se\u00f1al divina, as\u00ed que siempre buscaban este \u00e9xito bajo las bases de la racionalidad, disciplina y el trabajo duro. No disfrutaban de los placeres ni compart\u00edan la riqueza ya que se consideraba pecado.<\/p>\n<p>Weber conclu\u00eda que la racionalidad con ayuda del capitalismo hab\u00eda definido la nueva sociedad moderna y sus rasgos son los siguientes: Separaba las instituciones racionales (educaci\u00f3n, sanidad&#8230;) con las tradicionales (familia), organizar los trabajadores de\u00a0 la iglesia, multinacionales, administraci\u00f3n p\u00fablica, etc., para que logren las metas propuestas. Otros rasgos ser\u00edan la especializaci\u00f3n de los trabajadores para hacer ciertas actividades, la disciplina personal junto al \u00e9xito y la realizaci\u00f3n de uno mismo, la conciencia del tiempo, organizar y controlar el tiempo del d\u00eda es muy importante para la racionalizaci\u00f3n. Y por \u00faltimo la competencia t\u00e9cnica, es decir, a los individuos se les trata por sus m\u00e9ritos, habilidades, lo que son capaces de hacer y la impersonalidad, es decir, los sentimientos se quedan a un lado.<\/p>\n<p>Para terminar, Weber afirmaba que hay una alienaci\u00f3n general en la sociedad moderna debido a la regulaci\u00f3n y la deshumanizaci\u00f3n ligadas a la burocracia. Ve\u00eda la sociedad moderna como un sistema de normas que buscaban regular todo, incluso acabar con el esp\u00edritu humano<\/p>\n<p>&nbsp;<\/p>\n<p><strong>2.Prototipo<\/strong><\/p>\n<p><a href=\"https:\/\/youtu.be\/853LDxEaf2k\">https:\/\/youtu.be\/853LDxEaf2k<\/a><\/p>\n<p>Hemos decidido que la pel\u00edcula divergente refleja bastante bien los rasgos que seg\u00fan Weber deber\u00eda tener la sociedad moderna ya que en la pel\u00edcula se ve una gran deshumanizaci\u00f3n y una gran racionalizaci\u00f3n ya que cada individuo est\u00e1 predestinado a ejercer su trabajo y no puede salirse de esas normas establecidas. Todo esto es debido a que los &#8220;gobernantes&#8221; dise\u00f1aron un sistema compuesto por 5 facciones y alcanzada una edad debes hacer una prueba para saber a que facci\u00f3n perteneces, una vez asignada esta facci\u00f3n, debes cumplirla y dedicarte a ella al 100%.<\/p>\n<p>La protagonista al realizar la prueba no concuerda con ninguna facci\u00f3n ya que puede controlar sus miedos (divergente), as\u00ed que tiene que fingir ser de alguna facci\u00f3n para que nadie sepa que es divergente<\/p>\n<p><b>3.La teor\u00eda en la realidad de la pandemia por Covid-19.<\/b><\/p>\n<ul>\n<li style=\"list-style-type: none\">\n<ul>\n<li>Art\u00edculo period\u00edstico:<\/li>\n<\/ul>\n<\/li>\n<\/ul>\n<p><a href=\"https:\/\/gacetamedica.com\/investigacion\/el-rol-de-un-comite-de-seleccion-en-una-pandemia-ante-la-racionalizacion-de\/\">https:\/\/gacetamedica.com\/investigacion\/el-rol-de-un-comite-de-seleccion-en-una-pandemia-ante-la-racionalizacion-de\/<\/a><\/p>\n<p>En el siguiente art\u00edculo period\u00edstico podemos observar como debido a la falta de material sanitario se ha tenido que hacer una racionalizaci\u00f3n de estos recursos. Seg\u00fan los diferentes pa\u00edses esta racionalizaci\u00f3n se ha gestionado de manera diferente, por ejemplo en Estados Unidos se realiza mediante un comit\u00e9 de personas sin responsabilidad cl\u00ednica. Esto permite que los m\u00e9dicos voluntarios que participen en este comit\u00e9 puedan mantener su\u00a0 rol y atender a los pacientes de forma convencional.<\/p>\n<p>&nbsp;<\/p>\n<ul>\n<li style=\"list-style-type: none\">\n<ul>\n<li>\u00a0 <strong>Elemento audiovisual.<\/strong><\/li>\n<\/ul>\n<\/li>\n<\/ul>\n<p><a href=\"https:\/\/twitter.com\/i\/status\/1252512209831366657\">https:\/\/twitter.com\/i\/status\/1252512209831366657<\/a><\/p>\n<p>En el siguiente v\u00eddeo podemos ver c\u00f3mo los gobiernos de Italia y Wuhan respectivamente toman medidas diferentes para intentar frenar la crisis del coronavirus. Italia prefiere tomar la mayor cantidad de muestras para saber los infectados y poder aislar a los no infectados.<\/p>\n<ul>\n<li style=\"list-style-type: none\">\n<ul>\n<li>\u00a0Mensaje de una red social:<\/li>\n<\/ul>\n<\/li>\n<\/ul>\n<p><a href=\"https:\/\/twitter.com\/mreparaguay\/status\/1239711039635292166?s=19\">https:\/\/twitter.com\/mreparaguay\/status\/1239711039635292166?s=19<\/a><\/p>\n<p>En el siguiente tweet podemos ver como los expertos econ\u00f3micos de Paraguay se reunieron ante la crisis para reorganizar la econom\u00eda del pa\u00eds, hacer redistribuciones y racionamientos de gastos para apoyar al \u00e1mbito de la salud principalmente aunque tambi\u00e9n al \u00e1rea social.<\/p>\n<p>&nbsp;<\/p>\n<p>(todos los enlaces se encuentran clickando en la im\u00e1gen correspondiente)<\/p>\n","protected":false},"excerpt":{"rendered":"<p>1.Mapa conceptual. Max Weber diferencia entre tradici\u00f3n y racionalidad, para \u00e9l la racionalidad es calcular los medios m\u00e1s eficientes para conseguir un objetivo o una meta determinada. Por otro lado entiende tradici\u00f3n como los sentimientos y creencias que pasan de generaci\u00f3n en generaci\u00f3n. Seg\u00fan Weber las sociedades preindustriales se rigen por la tradici\u00f3n mientras que [&hellip;]<\/p>\n","protected":false},"author":4416,"featured_media":0,"parent":0,"menu_order":0,"comment_status":"closed","ping_status":"closed","template":"","meta":{"footnotes":""},"class_list":["post-18","page","type-page","status-publish","hentry"],"_links":{"self":[{"href":"https:\/\/blogs.ua.es\/sociologiaentiemposdecuarentena\/wp-json\/wp\/v2\/pages\/18","targetHints":{"allow":["GET"]}}],"collection":[{"href":"https:\/\/blogs.ua.es\/sociologiaentiemposdecuarentena\/wp-json\/wp\/v2\/pages"}],"about":[{"href":"https:\/\/blogs.ua.es\/sociologiaentiemposdecuarentena\/wp-json\/wp\/v2\/types\/page"}],"author":[{"embeddable":true,"href":"https:\/\/blogs.ua.es\/sociologiaentiemposdecuarentena\/wp-json\/wp\/v2\/users\/4416"}],"replies":[{"embeddable":true,"href":"https:\/\/blogs.ua.es\/sociologiaentiemposdecuarentena\/wp-json\/wp\/v2\/comments?post=18"}],"version-history":[{"count":7,"href":"https:\/\/blogs.ua.es\/sociologiaentiemposdecuarentena\/wp-json\/wp\/v2\/pages\/18\/revisions"}],"predecessor-version":[{"id":79,"href":"https:\/\/blogs.ua.es\/sociologiaentiemposdecuarentena\/wp-json\/wp\/v2\/pages\/18\/revisions\/79"}],"wp:attachment":[{"href":"https:\/\/blogs.ua.es\/sociologiaentiemposdecuarentena\/wp-json\/wp\/v2\/media?parent=18"}],"curies":[{"name":"wp","href":"https:\/\/api.w.org\/{rel}","templated":true}]}}