{"id":26,"date":"2020-06-04T10:19:37","date_gmt":"2020-06-04T10:19:37","guid":{"rendered":"https:\/\/blogs.ua.es\/sociologiaentiemposdecuarentena\/?page_id=26"},"modified":"2020-06-04T10:19:37","modified_gmt":"2020-06-04T10:19:37","slug":"tipos-de-cambio-social-tema-4","status":"publish","type":"page","link":"https:\/\/blogs.ua.es\/sociologiaentiemposdecuarentena\/tipos-de-cambio-social-tema-4\/","title":{"rendered":"Tipos de Cambio Social &#8211; TEMA 4"},"content":{"rendered":"<h4>\u00a0 \u00a0 \u00a0 \u00a01.\u00a0 MAPA CONCEPTUAL DE LA TEOR\u00cdA<br \/>\n<img loading=\"lazy\" decoding=\"async\" class=\"alignnone wp-image-27\" src=\"https:\/\/blogs.ua.es\/sociologiaentiemposdecuarentena\/files\/2020\/05\/Esquemas-4-300x232.jpg\" alt=\"\" width=\"538\" height=\"416\" srcset=\"https:\/\/blogs.ua.es\/sociologiaentiemposdecuarentena\/files\/2020\/05\/Esquemas-4-300x232.jpg 300w, https:\/\/blogs.ua.es\/sociologiaentiemposdecuarentena\/files\/2020\/05\/Esquemas-4-1024x793.jpg 1024w, https:\/\/blogs.ua.es\/sociologiaentiemposdecuarentena\/files\/2020\/05\/Esquemas-4-768x595.jpg 768w, https:\/\/blogs.ua.es\/sociologiaentiemposdecuarentena\/files\/2020\/05\/Esquemas-4-1536x1189.jpg 1536w, https:\/\/blogs.ua.es\/sociologiaentiemposdecuarentena\/files\/2020\/05\/Esquemas-4-2048x1586.jpg 2048w\" sizes=\"auto, (max-width: 538px) 100vw, 538px\" \/><\/h4>\n<p>Seg\u00fan Nisbet el cambio social se podr\u00eda definir como la sucesi\u00f3n de diferencias en el tiempo sobre una misma identidad social persistente. Esto se opone a una perspectiva de la sociedad como algo estable basado en el consenso social, adem\u00e1s diferenciaba entre sociolog\u00eda est\u00e1tica (estudia la estructura social) y sociolog\u00eda din\u00e1mica (estudia el cambio social).\u00a0 Por otro lados los cient\u00edficos definen la estructura social como el conjunto de individuos, grupos e instituciones en interacci\u00f3n que tiende a reproducirse repetitivamente y \u00e9sta estudia la poblaci\u00f3n, cultura, religi\u00f3n, lenguaje, valores&#8230; Mientras el cambio social es la alteraci\u00f3n de los sistemas sociales establecidos y estudia los factores que producen el cambio por ejemplo el progreso, revoluciones, innovaci\u00f3n&#8230;<\/p>\n<p>Los soci\u00f3logos se han preguntado qu\u00e9 es lo que cambia, c\u00f3mo, hacia donde, sus causas&#8230; todo esto ha llevado a clasificar los tipos de cambio en la sociedad seg\u00fan sus diferentes or\u00edgenes, relaciones o din\u00e1mica del sistema.<\/p>\n<p>El cambio social se puede diferenciar en varios tipos:<\/p>\n<p>-Seg\u00fan su magnitud pueden ser estructurales, los cuales afectan al conjunto del sistema y cambian los valores de la sociedad, el mando de poder, religiosidad&#8230; O pueden ser locales, que solo afectan a una parte del sistema, ya sea zona geogr\u00e1fica, grupo de poblaci\u00f3n, infraestructura&#8230;<\/p>\n<p>-Seg\u00fan su din\u00e1mica pueden ser lentos, que cambian a lo largo del tiempo por ejemplo las familias desde la actualidad hasta hoy en d\u00eda, o revolucionarios, que suponen un cambio radical en el sistema.<\/p>\n<p>-Seg\u00fan su origen ser\u00e1n end\u00f3genos, es decir, producidos por el mismo sistema social o ex\u00f3genos, producidos por una fuerza externa.<\/p>\n<p>-Seg\u00fan la relaci\u00f3n con otros cambios pueden ser sincr\u00f3nicos, que se producen a la vez (nuevas tecnolog\u00edas, comunicaciones, pol\u00edtica&#8230;) o asincr\u00f3nicos, que se producen en momentos diferentes (auge de nacionalismos tras una crisis, aumento de la inmigraci\u00f3n&#8230;)<\/p>\n<p>Las principales influencias en el cambio social podemos decir que son el medio f\u00edsico, la organizaci\u00f3n pol\u00edtica y los factores culturales. Dentro de los factores culturales podemos encontrar 3, la religi\u00f3n es uno de ellos ya que ha sido muy importante a lo largo de la historia y ha antepuesto ante todo respetar sus rituales, valores y tradiciones, suponiendo una traba para ciertas transformaciones, aunque tambi\u00e9n ha ayudado a favorecer el cambio social. Los sistemas de comunicaci\u00f3n es otro de los factores ya que es muy buena ayuda para realizar un cambio social, ejemplos de ello son la escritura, la imprenta o Internet, ya que este \u00faltimo ha hecho que la comunicaci\u00f3n sea pr\u00e1cticamente instant\u00e1nea y puedes comunicarte con cualquier parte del mundo. El tercer factor es el liderazgo ya que un buen l\u00edder es una gran influencia como por ejemplo Julio C\u00e9sar, Alejandro Magno, Isaac Newton, Jes\u00fas&#8230; Aunque tienen que tener unas condiciones sociales favorables para que sean eficientes.<\/p>\n<p>El medio f\u00edsico es otro factor de cambio social, dependiendo de las circunstancias medioambientales las sociedades se organizan de una manera u otra, por ejemplo no tienen las mismas pautas de vida social en el Sahara que en Siberia.<\/p>\n<p>Para terminar con los factores de cambio social, se encuentra el factor pol\u00edtico ya que la influencia de jefes, reyes o gobiernos influye mucho en el cambio social y no est\u00e1n relacionados con una organizaci\u00f3n econ\u00f3mica ya que diferentes tipos de organizaci\u00f3n pol\u00edtica tienen un sistema econ\u00f3mico muy similar.<\/p>\n<p>Actualmente el cambio social respecto a la cultura los factores que m\u00e1s han influenciado han sido la ciencia e innovaci\u00f3n y las costumbres y tradiciones han perdido influencia considerablemente. Ha cambiado la forma de pensar y el contenido de ideas, la mejora personal, la libertad, igualdad y la democratizaci\u00f3n son ideas que han aparecido en los \u00faltimos 3 siglos y han causado un cambio pol\u00edtico y social. No se asocian a la tradici\u00f3n sino que intentan mejorar la vida humana. Respecto a los factores econ\u00f3micos el capitalismo industrial es el que ha tenido una mayor influencia y alcance ya que es una constante evoluci\u00f3n de la producci\u00f3n y acumulaci\u00f3n de la riqueza est\u00e1 en constante crecimiento mientras que los sistemas m\u00e1s tradicionales ten\u00edan unos niveles de producci\u00f3n bastante est\u00e1ticos. Adem\u00e1s el capitalismo impulsa el avance de las\u00a0 tecnolog\u00edas y la ciencia aunque tambi\u00e9n influyen los factores pol\u00edticos y culturales.<\/p>\n<p>Respecto a los factores pol\u00edticos, tradicionalmente se reservaba a las \u00e9lites, hoy en d\u00eda los l\u00edderes pol\u00edticos y el gobierno afecta en la vida de la poblaci\u00f3n.<\/p>\n<h4>\u00a0 \u00a0 \u00a0 \u00a02.\u00a0 PROTOTIPO<\/h4>\n<p><img loading=\"lazy\" decoding=\"async\" class=\"alignnone wp-image-28\" src=\"https:\/\/blogs.ua.es\/sociologiaentiemposdecuarentena\/files\/2020\/05\/Casa-200x300.jpg\" alt=\"\" width=\"219\" height=\"329\" srcset=\"https:\/\/blogs.ua.es\/sociologiaentiemposdecuarentena\/files\/2020\/05\/Casa-200x300.jpg 200w, https:\/\/blogs.ua.es\/sociologiaentiemposdecuarentena\/files\/2020\/05\/Casa.jpg 317w\" sizes=\"auto, (max-width: 219px) 100vw, 219px\" \/><\/p>\n<p>Hemos decidido que esta novela refleja muy bien el cambio social, en concreta la relaci\u00f3n entre la familia Trueba (adinerados y due\u00f1os de Las Tres Mar\u00edas)\u00a0 y la familia de Pedro Garc\u00eda (campesinos que trabajan para la familia Trueba). La familia Garc\u00eda comienza siendo simples campesinos y finalmente acaban al mismo nivel que la familia Trueba debido a cambios pol\u00edticos, al medio f\u00edsico y a la uni\u00f3n de una de las hijas Trueba con uno de los hijos Garc\u00eda.<\/p>\n<h4>\u00a0 \u00a0 \u00a03. LA TEOR\u00cdA EN LA REALIDAD POR COVID-19<\/h4>\n<ul>\n<li style=\"list-style-type: none\">\n<ul>\n<li>Art\u00edculo period\u00edstico<\/li>\n<\/ul>\n<\/li>\n<li style=\"list-style-type: none\"><a href=\"https:\/\/www.compromisorse.com\/rse\/2020\/04\/21\/covid-19-la-crisis-sanitaria-economica-y-social-que-pone-a-prueba-la-rse\/\"><img loading=\"lazy\" decoding=\"async\" class=\"alignnone wp-image-29\" src=\"https:\/\/blogs.ua.es\/sociologiaentiemposdecuarentena\/files\/2020\/05\/Anotaci\u00f3n-2020-05-24-175255-243x300.png\" alt=\"\" width=\"308\" height=\"380\" srcset=\"https:\/\/blogs.ua.es\/sociologiaentiemposdecuarentena\/files\/2020\/05\/Anotaci\u00f3n-2020-05-24-175255-243x300.png 243w, https:\/\/blogs.ua.es\/sociologiaentiemposdecuarentena\/files\/2020\/05\/Anotaci\u00f3n-2020-05-24-175255.png 478w\" sizes=\"auto, (max-width: 308px) 100vw, 308px\" \/><\/a><\/li>\n<li style=\"list-style-type: none\">Gracias a programas de responsabilidad social muchas empresas est\u00e1n intentando aportar su granito de arena para ayudar en la crisis sanitaria, financiera y social provocada por el Covid-19. Muchas de ellas han ayudado a la fabricaci\u00f3n de mascarillas y batas de protecci\u00f3n como Mango o Inditex, las farmac\u00e9uticas han realizado donaciones de hidrowicloroquina, Seat ha empezado a producir respiradores en vez de coches&#8230;<\/li>\n<li style=\"list-style-type: none\">Por otro lado el Gobierno ha realizado un ERTE (Expediente de Regulaci\u00f3n Temporal de Empleo) para que se puedan mantener puestos de trabajo.\n<ul>\n<li>Elemento audiovisual<\/li>\n<\/ul>\n<\/li>\n<\/ul>\n<p><a href=\"http:\/\/www.telemadrid.es\/programas\/madrid-directo\/cambio-relaciones-sociales-cuarentena-coronavirus-2-2228497161--20200504091214.html\"><img loading=\"lazy\" decoding=\"async\" class=\"alignnone wp-image-30\" src=\"https:\/\/blogs.ua.es\/sociologiaentiemposdecuarentena\/files\/2020\/05\/Anotaci\u00f3n-2020-05-24-175722-300x184.png\" alt=\"\" width=\"385\" height=\"236\" srcset=\"https:\/\/blogs.ua.es\/sociologiaentiemposdecuarentena\/files\/2020\/05\/Anotaci\u00f3n-2020-05-24-175722-300x184.png 300w, https:\/\/blogs.ua.es\/sociologiaentiemposdecuarentena\/files\/2020\/05\/Anotaci\u00f3n-2020-05-24-175722-768x472.png 768w, https:\/\/blogs.ua.es\/sociologiaentiemposdecuarentena\/files\/2020\/05\/Anotaci\u00f3n-2020-05-24-175722.png 957w\" sizes=\"auto, (max-width: 385px) 100vw, 385px\" \/><\/a><\/p>\n<p>En este v\u00eddeo podemos observar c\u00f3mo seg\u00fan un soci\u00f3logo experto explica el cambio de nuestras relaciones con los dem\u00e1s. Seg\u00fan \u00e9l, recuperaremos valores tales como la solidaridad o empat\u00eda y dejaremos a un lado el individualismo. Cambiar\u00e1n nuestras costumbres por un tiempo pero no se perder\u00e1n.<\/p>\n<p>(Accede al v\u00eddeo haciendo click en la imagen)<\/p>\n<ul>\n<li style=\"list-style-type: none\">\n<ul>\n<li>Mensaje en una red social<\/li>\n<\/ul>\n<\/li>\n<\/ul>\n<p><a href=\"https:\/\/twitter.com\/1DeTantos\/status\/1239851490405212160\"><img loading=\"lazy\" decoding=\"async\" class=\"alignnone wp-image-31\" src=\"https:\/\/blogs.ua.es\/sociologiaentiemposdecuarentena\/files\/2020\/05\/Anotaci\u00f3n-2020-05-24-180130-300x179.png\" alt=\"\" width=\"389\" height=\"232\" srcset=\"https:\/\/blogs.ua.es\/sociologiaentiemposdecuarentena\/files\/2020\/05\/Anotaci\u00f3n-2020-05-24-180130-300x179.png 300w, https:\/\/blogs.ua.es\/sociologiaentiemposdecuarentena\/files\/2020\/05\/Anotaci\u00f3n-2020-05-24-180130.png 599w\" sizes=\"auto, (max-width: 389px) 100vw, 389px\" \/><\/a><\/p>\n<p>En este tweet podemos ver como claramente el Covid-19 supondr\u00e1 un cambio social ya que no entiende ni de partidos pol\u00edticos ni de dinero, as\u00ed que quiz\u00e1 sirva para que todo el mundo tome un poco de conciencia en ser m\u00e1s solidarios con el pr\u00f3gimo y menos materialistas e individualistas.<\/p>\n<p>(todos los enlaces se encuentran clickando en la im\u00e1gen correspondiente)<\/p>\n","protected":false},"excerpt":{"rendered":"<p>\u00a0 \u00a0 \u00a0 \u00a01.\u00a0 MAPA CONCEPTUAL DE LA TEOR\u00cdA Seg\u00fan Nisbet el cambio social se podr\u00eda definir como la sucesi\u00f3n de diferencias en el tiempo sobre una misma identidad social persistente. Esto se opone a una perspectiva de la sociedad como algo estable basado en el consenso social, adem\u00e1s diferenciaba entre sociolog\u00eda est\u00e1tica (estudia la [&hellip;]<\/p>\n","protected":false},"author":4415,"featured_media":0,"parent":0,"menu_order":0,"comment_status":"closed","ping_status":"closed","template":"","meta":{"footnotes":""},"class_list":["post-26","page","type-page","status-publish","hentry"],"_links":{"self":[{"href":"https:\/\/blogs.ua.es\/sociologiaentiemposdecuarentena\/wp-json\/wp\/v2\/pages\/26","targetHints":{"allow":["GET"]}}],"collection":[{"href":"https:\/\/blogs.ua.es\/sociologiaentiemposdecuarentena\/wp-json\/wp\/v2\/pages"}],"about":[{"href":"https:\/\/blogs.ua.es\/sociologiaentiemposdecuarentena\/wp-json\/wp\/v2\/types\/page"}],"author":[{"embeddable":true,"href":"https:\/\/blogs.ua.es\/sociologiaentiemposdecuarentena\/wp-json\/wp\/v2\/users\/4415"}],"replies":[{"embeddable":true,"href":"https:\/\/blogs.ua.es\/sociologiaentiemposdecuarentena\/wp-json\/wp\/v2\/comments?post=26"}],"version-history":[{"count":4,"href":"https:\/\/blogs.ua.es\/sociologiaentiemposdecuarentena\/wp-json\/wp\/v2\/pages\/26\/revisions"}],"predecessor-version":[{"id":76,"href":"https:\/\/blogs.ua.es\/sociologiaentiemposdecuarentena\/wp-json\/wp\/v2\/pages\/26\/revisions\/76"}],"wp:attachment":[{"href":"https:\/\/blogs.ua.es\/sociologiaentiemposdecuarentena\/wp-json\/wp\/v2\/media?parent=26"}],"curies":[{"name":"wp","href":"https:\/\/api.w.org\/{rel}","templated":true}]}}