{"id":6,"date":"2020-06-04T10:14:20","date_gmt":"2020-06-04T10:14:20","guid":{"rendered":"https:\/\/blogs.ua.es\/sociologiaentiemposdecuarentena\/?page_id=6"},"modified":"2020-06-04T10:14:57","modified_gmt":"2020-06-04T10:14:57","slug":"estatus-social-tema-2","status":"publish","type":"page","link":"https:\/\/blogs.ua.es\/sociologiaentiemposdecuarentena\/estatus-social-tema-2\/","title":{"rendered":"Estatus Social &#8211; TEMA 2"},"content":{"rendered":"<h4><strong>1. MAPA CONCEPTUAL DE LA TEOR\u00cdA<\/strong><img loading=\"lazy\" decoding=\"async\" class=\"alignnone wp-image-7\" src=\"https:\/\/blogs.ua.es\/sociologiaentiemposdecuarentena\/files\/2020\/05\/Esquemas-2-300x181.jpg\" alt=\"\" width=\"569\" height=\"343\" srcset=\"https:\/\/blogs.ua.es\/sociologiaentiemposdecuarentena\/files\/2020\/05\/Esquemas-2-300x181.jpg 300w, https:\/\/blogs.ua.es\/sociologiaentiemposdecuarentena\/files\/2020\/05\/Esquemas-2-1024x618.jpg 1024w, https:\/\/blogs.ua.es\/sociologiaentiemposdecuarentena\/files\/2020\/05\/Esquemas-2-768x464.jpg 768w, https:\/\/blogs.ua.es\/sociologiaentiemposdecuarentena\/files\/2020\/05\/Esquemas-2-1536x927.jpg 1536w, https:\/\/blogs.ua.es\/sociologiaentiemposdecuarentena\/files\/2020\/05\/Esquemas-2-2048x1236.jpg 2048w\" sizes=\"auto, (max-width: 569px) 100vw, 569px\" \/><\/h4>\n<p>El estatus social se refiere a la posici\u00f3n que ocupas en la sociedad, formado por todas las posiciones que ocupamos en la sociedad, destacando aquello que la sociedad considere, que suele ser el estatus laboral o profesional, es decir, depende de la sociedad.<\/p>\n<p>Este estatus implica jerarqu\u00eda, la cual forma la estructura social de manera permanente, y a su vez implica unos deberes y obligaciones, los cuales var\u00edan seg\u00fan el estatus de la persona en cuesti\u00f3n.<\/p>\n<p>Hay distintos tipos de estatus, el adscrito y el adquirido, en otras palabras, el que nos viene impuesto desde nuestro nacimiento y el que conseguimos a lo largo de nuestras vidas gracias a nuestro trabajo y logros. Este \u00faltimo lo conseguimos gracias a la movilidad social, lo cual nos permite cambiar nuestro estatus social gracias al trabajo que se realiza, los logros conseguidos, etc. , pero tambi\u00e9n depende de los modos de comportamiento y de aquello que la sociedad espera de dicho trabajo, pero estos factores son cambiantes, por lo que no siempre se le da la misma importancia a lo que la sociedad espera de la funci\u00f3n en cuesti\u00f3n.<\/p>\n<p>Por \u00faltimo, tambi\u00e9n existen conflictos de estatus, los cuales ocurren cuando tu estatus social no es equitativo a los beneficios o a aquello que deber\u00edas recibir por el hecho de pertenecer a dicho estatus.<\/p>\n<p>&nbsp;<\/p>\n<h4>2.PROTOTIPO<\/h4>\n<p><iframe loading=\"lazy\" title=\"Para\u0301sitos - Trailer subtitulado en espan\u0303ol (HD)\" width=\"500\" height=\"281\" src=\"https:\/\/www.youtube.com\/embed\/-XdqnFV_trs?feature=oembed\" frameborder=\"0\" allow=\"accelerometer; autoplay; clipboard-write; encrypted-media; gyroscope; picture-in-picture; web-share\" referrerpolicy=\"strict-origin-when-cross-origin\" allowfullscreen><\/iframe><\/p>\n<p>La pel\u00edcula coreana Parasite, trata sobre una familia pobre que reside en un s\u00f3tano de un callej\u00f3n, trabajan a tiempo parcial doblando cajas de pizza, lo cual no les da el suficiente dinero para una vida dentro de lo normal. Roban el Wi-Fi de los vecinos, suelen comer comida la cual puede que no est\u00e9 en buen estado, etc. Un d\u00eda, un amigo del hijo mayor le pide a este que de clases particulares a una chica de una familia rica, y este acepta con tal de poder ayudar a su familia, van pasando los d\u00edas, e idean un plan para conseguir que toda la familia acabe trabajando en esta casa de lujo. Falsifican documentos, acusan a un ch\u00f3fer de mantener relaciones sexuales en el coche de su jefe, provocan la alergia casi mortal a la criada de la casa, para conseguir estar trabajando todos.<\/p>\n<p>Observamos como las personas luchan por aumentar su estatus social, buscan tener riqueza y poder tener una vida mejor, con unos trabajos dignos y aceptados por la sociedad, pero lo hicieron por el camino incorrecto, el del enga\u00f1o y la falsificaci\u00f3n de documentos, cosa ilegal, y toda esta farsa se acab\u00f3 desmontando, ya que se les fue de las manos y acab\u00f3 de una manera fatal.<\/p>\n<h4><strong>3.LA TEORIA EN LA REALIDAD DE LA PANDEMIA POR COVID-19<\/strong><\/h4>\n<ul>\n<li style=\"list-style-type: none\">\n<ul>\n<li><strong>Art\u00edculo period\u00edstico<\/strong><\/li>\n<\/ul>\n<\/li>\n<\/ul>\n<p><a href=\"https:\/\/www.lamarea.com\/2020\/05\/11\/pobreza-covid-19\/\"><img loading=\"lazy\" decoding=\"async\" class=\"alignnone wp-image-16\" src=\"https:\/\/blogs.ua.es\/sociologiaentiemposdecuarentena\/files\/2020\/05\/Anotaci\u00f3n-2020-05-23-180349-300x192.png\" alt=\"\" width=\"500\" height=\"320\" srcset=\"https:\/\/blogs.ua.es\/sociologiaentiemposdecuarentena\/files\/2020\/05\/Anotaci\u00f3n-2020-05-23-180349-300x192.png 300w, https:\/\/blogs.ua.es\/sociologiaentiemposdecuarentena\/files\/2020\/05\/Anotaci\u00f3n-2020-05-23-180349-768x493.png 768w, https:\/\/blogs.ua.es\/sociologiaentiemposdecuarentena\/files\/2020\/05\/Anotaci\u00f3n-2020-05-23-180349.png 817w\" sizes=\"auto, (max-width: 500px) 100vw, 500px\" \/><\/a><\/p>\n<p>Como bien expresa el art\u00edculo, (al cual se puede acceder\u00a0<em>clickando<\/em> en la im\u00e1gen), se observa que el estatus social te da unos privilegios en esta pandemia, ya que el n\u00famero de fallecidos por este virus es mayor en las personas con una vida pobre o desfavorecidas, como inmigrantes.<\/p>\n<p>En muchos pa\u00edses la sanidad es de pago, y estas personas pueden no disponer de los recursos para realizarles la prueba del COVID-19, y tampoco pueden ir a trabajar por el estado de alarma y la cuarentena impuesta en muchos pa\u00edses. Por lo que, el COVID-19, afectar\u00e1 m\u00e1s a todos aquellos que no sean relevantes para la sociedad y a quienes no puedan permitirse estos tratamientos debido a su econom\u00eda.<\/p>\n<p>&nbsp;<\/p>\n<ol>\n<li style=\"list-style-type: none\">\n<ul>\n<li><strong>Elemento audiovisual\u00a0<\/strong><\/li>\n<\/ul>\n<\/li>\n<\/ol>\n<p><iframe loading=\"lazy\" title=\"Iglesias: &quot;El CORONAVIRUS s\u00ed distingue de clase social&quot;\" width=\"500\" height=\"281\" src=\"https:\/\/www.youtube.com\/embed\/rA-A4WAnHSA?feature=oembed\" frameborder=\"0\" allow=\"accelerometer; autoplay; clipboard-write; encrypted-media; gyroscope; picture-in-picture; web-share\" referrerpolicy=\"strict-origin-when-cross-origin\" allowfullscreen><\/iframe><\/p>\n<p>En el presente v\u00eddeo, observamos como Pedro Iglesias, hace un llamamiento a todos los partidos pol\u00edticos de nuestro pa\u00eds para que colaboren a luchar contra este virus, el cual est\u00e1 afectando sobre todo a aquellos m\u00e1s desfavorecidos que no disponen de los recursos suficientes para su subsistencia y no pueden ir al trabajo para ganar el sueldo que mantiene a sus familias. Por esto mismo se necesita la colaboraci\u00f3n de todos para conseguir que este virus pase pronto y que las personas m\u00e1s desfavorecidas no corran peligro.<\/p>\n<ul>\n<li style=\"list-style-type: none\">\n<ul>\n<li><strong>Un mensaje en una red social<\/strong><\/li>\n<\/ul>\n<\/li>\n<\/ul>\n<p><a href=\"https:\/\/twitter.com\/pedroma2014\/status\/1239234610250293259\"><img loading=\"lazy\" decoding=\"async\" class=\"alignnone wp-image-22\" src=\"https:\/\/blogs.ua.es\/sociologiaentiemposdecuarentena\/files\/2020\/05\/Anotaci\u00f3n-2020-05-23-182000-300x134.png\" alt=\"\" width=\"582\" height=\"260\" srcset=\"https:\/\/blogs.ua.es\/sociologiaentiemposdecuarentena\/files\/2020\/05\/Anotaci\u00f3n-2020-05-23-182000-300x134.png 300w, https:\/\/blogs.ua.es\/sociologiaentiemposdecuarentena\/files\/2020\/05\/Anotaci\u00f3n-2020-05-23-182000.png 600w\" sizes=\"auto, (max-width: 582px) 100vw, 582px\" \/><\/a><\/p>\n<p>En este\u00a0<em>tweet<\/em> observamos el malestar del autor ante la situaci\u00f3n de que se les hacen las pruebas del COVID-19 a cargos importantes, pero a las dem\u00e1s personas de calle no se les hacen con tanta frecuencia y tienes que cumplir una serie de requisitos y s\u00edntomas para que puedan realizarla. A los pol\u00edticos, como en este caso, no les hace falta dichos s\u00edntomas, por el mero hecho de ser personajes p\u00fablicos y relevantes para la sociedad, se les realiza la prueba para comprobar su estado de salud, como si la salud y la vida de unas personas tuviese m\u00e1s valor que las otras, la vida de una persona es igual que la de otra, sea cual sea tu estatus social.<\/p>\n<p>(todos los enlaces se encuentran clickando en la im\u00e1gen correspondiente)<\/p>\n","protected":false},"excerpt":{"rendered":"<p>1. MAPA CONCEPTUAL DE LA TEOR\u00cdA El estatus social se refiere a la posici\u00f3n que ocupas en la sociedad, formado por todas las posiciones que ocupamos en la sociedad, destacando aquello que la sociedad considere, que suele ser el estatus laboral o profesional, es decir, depende de la sociedad. Este estatus implica jerarqu\u00eda, la cual [&hellip;]<\/p>\n","protected":false},"author":4415,"featured_media":0,"parent":0,"menu_order":0,"comment_status":"closed","ping_status":"closed","template":"","meta":{"footnotes":""},"class_list":["post-6","page","type-page","status-publish","hentry"],"_links":{"self":[{"href":"https:\/\/blogs.ua.es\/sociologiaentiemposdecuarentena\/wp-json\/wp\/v2\/pages\/6","targetHints":{"allow":["GET"]}}],"collection":[{"href":"https:\/\/blogs.ua.es\/sociologiaentiemposdecuarentena\/wp-json\/wp\/v2\/pages"}],"about":[{"href":"https:\/\/blogs.ua.es\/sociologiaentiemposdecuarentena\/wp-json\/wp\/v2\/types\/page"}],"author":[{"embeddable":true,"href":"https:\/\/blogs.ua.es\/sociologiaentiemposdecuarentena\/wp-json\/wp\/v2\/users\/4415"}],"replies":[{"embeddable":true,"href":"https:\/\/blogs.ua.es\/sociologiaentiemposdecuarentena\/wp-json\/wp\/v2\/comments?post=6"}],"version-history":[{"count":13,"href":"https:\/\/blogs.ua.es\/sociologiaentiemposdecuarentena\/wp-json\/wp\/v2\/pages\/6\/revisions"}],"predecessor-version":[{"id":77,"href":"https:\/\/blogs.ua.es\/sociologiaentiemposdecuarentena\/wp-json\/wp\/v2\/pages\/6\/revisions\/77"}],"wp:attachment":[{"href":"https:\/\/blogs.ua.es\/sociologiaentiemposdecuarentena\/wp-json\/wp\/v2\/media?parent=6"}],"curies":[{"name":"wp","href":"https:\/\/api.w.org\/{rel}","templated":true}]}}