{"id":17,"date":"2020-06-05T14:10:43","date_gmt":"2020-06-05T14:10:43","guid":{"rendered":"https:\/\/blogs.ua.es\/sofia\/?page_id=17"},"modified":"2020-06-08T12:03:19","modified_gmt":"2020-06-08T12:03:19","slug":"tema-2-rol-social-y-estatus-social","status":"publish","type":"page","link":"https:\/\/blogs.ua.es\/sofia\/tema-2-rol-social-y-estatus-social\/","title":{"rendered":"tema 2. Rol social y estatus social (Ralph Linton)"},"content":{"rendered":"<h2 style=\"text-align: center\">MAPA CONCEPTUAL. TEOR\u00cdA\u00a0 DEL ESTATUS SOCIAL<\/h2>\n<p><img loading=\"lazy\" decoding=\"async\" class=\"wp-image-18 aligncenter\" src=\"https:\/\/blogs.ua.es\/sofia\/files\/2020\/06\/tema-2-estatus-300x162.png\" alt=\"\" width=\"408\" height=\"221\" srcset=\"https:\/\/blogs.ua.es\/sofia\/files\/2020\/06\/tema-2-estatus-300x162.png 300w, https:\/\/blogs.ua.es\/sofia\/files\/2020\/06\/tema-2-estatus.png 618w\" sizes=\"auto, (max-width: 408px) 100vw, 408px\" \/><\/p>\n<p>https:\/\/www.goconqr.com\/es\/mindmap\/23333336\/Estatus<\/p>\n<p><span style=\"font-weight: 400\">La teor\u00eda del rol-estatus aparece explicada por Ralph Linton en una de sus obras. Publicada en 1936, en esta establece las diferencias entre roles y estatus. Son dos conceptos los cuales no se pueden separar, siempre van de la mano uno con otro, pero de igual manera son diferentes. En este caso me he centrado en el tema de estatus.<\/span><\/p>\n<p><span style=\"font-weight: 400\">El estatus dentro de una sociedad implica que existe una jerarqu\u00eda dentro de ella. Hay quienes gozan de un estatus superior al de otros, sea cual sea la raz\u00f3n. El estatus, al igual que los roles conllevan modelos de comportamiento, que variar\u00e1n seg\u00fan el estatus del que goza la persona en cuesti\u00f3n. El valor de este depende de la legitimidad de quien haga este papel. Si se act\u00faa de una manera es porque su papel est\u00e1 legitimado por la sociedad.<\/span><\/p>\n<p><span style=\"font-weight: 400\">Existe el estatus adscrito, que es aquel que viene dado por razones biol\u00f3gicas o de familia, t\u00edpico de las sociedades antiguas.Este estatus es invariable. Por otro lado existe el estatus adqurido, que es aquel que se ha alcanzado a partir de los esfuerzos de uno mismo. Normalmente conseguido debido al trabajo o por la educaci\u00f3n. El estatus adquirido implica que existe movilidad social.<\/span><\/p>\n<h2 style=\"text-align: center\">PROTOTIPO. 12 A\u00d1OS DE ESCLAVITUD<\/h2>\n<p><iframe loading=\"lazy\" title=\"Subasta de esclavos [12 a\u00f1os de esclavitud]\" width=\"500\" height=\"281\" src=\"https:\/\/www.youtube.com\/embed\/B8mcfPPg2Wg?feature=oembed\" frameborder=\"0\" allow=\"accelerometer; autoplay; clipboard-write; encrypted-media; gyroscope; picture-in-picture; web-share\" referrerpolicy=\"strict-origin-when-cross-origin\" allowfullscreen><\/iframe><\/p>\n<p>&nbsp;<\/p>\n<p><span style=\"font-weight: 400\">En esta escena de la pel\u00edcula se muestra a dos hombres blancos negociando el precio de esclavos negros, los cuales son tratados como si fueran un simple objeto inanimado, carente de emociones. Llegando en ocasiones incluso a tratarlos como si fuesen ganado. En esta \u00e9poca la esclavitud era legal en EEUU, por lo que esta pr\u00e1ctica era normal en su tiempo. Podemos observar que en este fragmento de pel\u00edcula se representan a la perfecci\u00f3n la teor\u00eda del rol-estatus. Los 2 hombres blancos representan un estatus social m\u00e1s alto que los negros. Esto es por el mero hecho de ser blancos, y gozaban de unos privilegios que los hombres negros no pod\u00edan. Mientras que los blancos no pod\u00edan ser esclavizados, si se permit\u00eda hacerlo con los negros. Esto es debido a las diferencias biol\u00f3gicas entre ambas razas, donde la blanca presentaba un estatus social m\u00e1s alto por las creencias de esa \u00e9poca al pensar que los negros eran seres inferiores.\u00a0<\/span><\/p>\n<p><span style=\"font-weight: 400\">Tambi\u00e9n podemos observar que en la escena se representa de forma acertada la teor\u00eda del rol social. Como en esos a\u00f1os la esclavitud no estaba bien vista y adem\u00e1s era una pr\u00e1ctica habitual, la sociedad se acostumbr\u00f3 a ella, y no vio nada raro. Al normalizar estos actos, la sociedad espera que el papel a seguir de las personas negras sea el de ser tratados como esclavos, y que estos act\u00faen de esa forma como si fuera algo totalmente normal. Por otro lado, tambi\u00e9n se espera de los hombres negros que act\u00faen el rol de ser los que esclavizan y comercian con negros. Ambas partes act\u00faan as\u00ed porque la sociedad es lo que espera de ellos, si eso no fuera as\u00ed, las personas negras no acatar\u00edan su rol de esa manera y se rebelar\u00edan.<\/span><\/p>\n<h2 style=\"text-align: center\">MEDIOS DE COMUNICACI\u00d3N<\/h2>\n<p>a) Articulo periodistico.<br \/>\n<img loading=\"lazy\" decoding=\"async\" class=\"wp-image-29 alignleft\" src=\"https:\/\/blogs.ua.es\/sofia\/files\/2020\/06\/tema-2-prensa-300x206.png\" alt=\"\" width=\"274\" height=\"188\" srcset=\"https:\/\/blogs.ua.es\/sofia\/files\/2020\/06\/tema-2-prensa-300x206.png 300w, https:\/\/blogs.ua.es\/sofia\/files\/2020\/06\/tema-2-prensa.png 743w\" sizes=\"auto, (max-width: 274px) 100vw, 274px\" \/><\/p>\n<p>https:\/\/www.lamarea.com\/2020\/05\/11\/pobreza-covid-19 \/<\/p>\n<p><span style=\"font-weight: 400\">He elegido este art\u00edculo de prensa ya que en \u00e9l se explica de forma detallada y sencilla que, la mortalidad del coronavirus afecta de forma mucho m\u00e1s significativa a aquellas personas que viven en barrios pobres y aquellos lugares donde hay m\u00e1s personas racializadas. Esto acompa\u00f1a bien la teor\u00eda del rol y el estatus social, ya que podemos ver que dependiendo del estatus social la enfermedad tendr\u00e1 m\u00e1s posibilidades de afectarte de forma m\u00e1s grave. Al pertenecer a los barrios pobres, el estatus social es m\u00e1s bajo, y esto hace que sea m\u00e1s dif\u00edcil para ellos poder enfrentarse al virus con unas condiciones y medios tan desfavorables.<\/span><\/p>\n<p>b) imagen gr\u00e1fica<\/p>\n<p><img loading=\"lazy\" decoding=\"async\" class=\"size-medium wp-image-30 alignleft\" src=\"https:\/\/blogs.ua.es\/sofia\/files\/2020\/06\/tema-2-imagen-300x204.png\" alt=\"\" width=\"300\" height=\"204\" srcset=\"https:\/\/blogs.ua.es\/sofia\/files\/2020\/06\/tema-2-imagen-300x204.png 300w, https:\/\/blogs.ua.es\/sofia\/files\/2020\/06\/tema-2-imagen.png 330w\" sizes=\"auto, (max-width: 300px) 100vw, 300px\" \/><\/p>\n<p><span style=\"font-weight: 400\">Hace una muestra a la perfecci\u00f3n que una persona con estatus social alto, generalmente con m\u00e1s dinero que una persona con un estatus social medio o bajo, tiene m\u00e1s medios para poder sobrevivir ante el virus. La persona de la derecha es salvada, ya sea por el dinero que tiene o porque se le considera m\u00e1s importante que otras debido a su estatus social. Por otro lado la persona de la derecha es una que no tiene un estatus social tan alto, por lo que se le dar\u00e1 un trato menos favorable que a la otra, no se le salvar\u00e1 a ella primero ni se le dar\u00e1n tratos especiales, simplemente se la dejar\u00e1 con el resto de personas que no posean un estatus social alto. As\u00ed, se les da un trato diferente dependiendo de cuanto mayor o menor sea su estatus social.<\/span><\/p>\n<p>C) mensaje de twitter<\/p>\n<p><img loading=\"lazy\" decoding=\"async\" class=\"wp-image-33 alignleft\" src=\"https:\/\/blogs.ua.es\/sofia\/files\/2020\/06\/WhatsApp-Image-2020-06-05-at-17.12.36-300x63.jpeg\" alt=\"\" width=\"471\" height=\"99\" srcset=\"https:\/\/blogs.ua.es\/sofia\/files\/2020\/06\/WhatsApp-Image-2020-06-05-at-17.12.36-300x63.jpeg 300w, https:\/\/blogs.ua.es\/sofia\/files\/2020\/06\/WhatsApp-Image-2020-06-05-at-17.12.36.jpeg 515w\" sizes=\"auto, (max-width: 471px) 100vw, 471px\" \/><\/p>\n<p><span style=\"font-weight: 400\">He seleccionado este mensaje porque en \u00e9l se muestra una teor\u00eda del fil\u00f3sofo Surcoreano Byung-Chul-Han. Este fil\u00f3sofo asi\u00e1tico explica mediante su teor\u00eda que la capacidad de sobrevivir al coronavirus se ve afectada dependiendo del estatus social que se posea. El autor del tweet es un profesor de filosof\u00eda de Chile que comparte la idea de esa teor\u00eda. En este caso la supervivencia de las personas se basan en el dinero y el poder que posean.<\/span><\/p>\n<p>En la televisi\u00f3n se ha podido ver como un programa de Telecinco pod\u00eda tener hasta 15 peronas en el plat\u00f3, guardando las normas de distanciamiento, aunque no llevaban mascarillas y no ten\u00edan p\u00fablico, pero no se permit\u00edan acudir a m\u00e1s de 3 personas a los entierros o a las bodas de las personas que no eran p\u00fablicas.<\/p>\n<h2 style=\"text-align: center\">MAPA CONCEPTUAL\u00a0 DEL TEMA 2<\/h2>\n<p>&nbsp;<\/p>\n<p><img loading=\"lazy\" decoding=\"async\" class=\"alignnone wp-image-40\" src=\"https:\/\/blogs.ua.es\/sofia\/files\/2020\/06\/WhatsApp-Image-2020-06-05-at-17.11.17-300x136.jpeg\" alt=\"\" width=\"631\" height=\"286\" srcset=\"https:\/\/blogs.ua.es\/sofia\/files\/2020\/06\/WhatsApp-Image-2020-06-05-at-17.11.17-300x136.jpeg 300w, https:\/\/blogs.ua.es\/sofia\/files\/2020\/06\/WhatsApp-Image-2020-06-05-at-17.11.17-1024x464.jpeg 1024w, https:\/\/blogs.ua.es\/sofia\/files\/2020\/06\/WhatsApp-Image-2020-06-05-at-17.11.17-768x348.jpeg 768w, https:\/\/blogs.ua.es\/sofia\/files\/2020\/06\/WhatsApp-Image-2020-06-05-at-17.11.17-1536x696.jpeg 1536w, https:\/\/blogs.ua.es\/sofia\/files\/2020\/06\/WhatsApp-Image-2020-06-05-at-17.11.17-1200x544.jpeg 1200w, https:\/\/blogs.ua.es\/sofia\/files\/2020\/06\/WhatsApp-Image-2020-06-05-at-17.11.17.jpeg 1600w\" sizes=\"auto, (max-width: 631px) 100vw, 631px\" \/><\/p>\n<p>https:\/\/www.goconqr.com\/es\/mindmap\/23363848\/Tema-2&#8211;La-interacci-n-institucional-y-la-naturaleza-normativa-de-la-sociedad<\/p>\n","protected":false},"excerpt":{"rendered":"<p>MAPA CONCEPTUAL. TEOR\u00cdA\u00a0 DEL ESTATUS SOCIAL https:\/\/www.goconqr.com\/es\/mindmap\/23333336\/Estatus La teor\u00eda del rol-estatus aparece explicada por Ralph Linton en una de sus obras. Publicada en 1936, en esta establece las diferencias entre roles y estatus. Son dos conceptos los cuales no se pueden separar, siempre van de la mano uno con otro, pero de igual manera son [&hellip;]<\/p>\n","protected":false},"author":4421,"featured_media":0,"parent":0,"menu_order":0,"comment_status":"closed","ping_status":"closed","template":"","meta":{"footnotes":""},"class_list":["post-17","page","type-page","status-publish","hentry"],"_links":{"self":[{"href":"https:\/\/blogs.ua.es\/sofia\/wp-json\/wp\/v2\/pages\/17","targetHints":{"allow":["GET"]}}],"collection":[{"href":"https:\/\/blogs.ua.es\/sofia\/wp-json\/wp\/v2\/pages"}],"about":[{"href":"https:\/\/blogs.ua.es\/sofia\/wp-json\/wp\/v2\/types\/page"}],"author":[{"embeddable":true,"href":"https:\/\/blogs.ua.es\/sofia\/wp-json\/wp\/v2\/users\/4421"}],"replies":[{"embeddable":true,"href":"https:\/\/blogs.ua.es\/sofia\/wp-json\/wp\/v2\/comments?post=17"}],"version-history":[{"count":9,"href":"https:\/\/blogs.ua.es\/sofia\/wp-json\/wp\/v2\/pages\/17\/revisions"}],"predecessor-version":[{"id":76,"href":"https:\/\/blogs.ua.es\/sofia\/wp-json\/wp\/v2\/pages\/17\/revisions\/76"}],"wp:attachment":[{"href":"https:\/\/blogs.ua.es\/sofia\/wp-json\/wp\/v2\/media?parent=17"}],"curies":[{"name":"wp","href":"https:\/\/api.w.org\/{rel}","templated":true}]}}