{"id":2,"date":"2020-05-19T16:36:51","date_gmt":"2020-05-19T16:36:51","guid":{"rendered":"https:\/\/blogs.ua.es\/sofia\/?page_id=2"},"modified":"2020-06-08T09:20:35","modified_gmt":"2020-06-08T09:20:35","slug":"pagina-ejemplo","status":"publish","type":"page","link":"https:\/\/blogs.ua.es\/sofia\/pagina-ejemplo\/","title":{"rendered":"Entrevista. La experiencia personal de una persona en cuarentena"},"content":{"rendered":"<p>&nbsp;<\/p>\n<h2 style=\"text-align: center\"><span style=\"font-weight: 400\">TEORIA<\/span><\/h2>\n<p><span style=\"font-weight: 400\">En una entrevista, Martuccelli habl\u00f3 sobre su concepto te\u00f3rico de la <\/span><i><span style=\"font-weight: 400\">prueba <\/span><\/i><span style=\"font-weight: 400\">y en esta la define como una noci\u00f3n que inscribe una larga tradici\u00f3n humanista y va vinculado entre las experiencias y estructuras. Este concepto, seg\u00fan el soci\u00f3logo, trabaja en las diferentes dimensiones del individuo. Todo individuo tiene un soporte, esta var\u00eda seg\u00fan las sociedades, ya que nadie se mantiene por s\u00ed mismo y debe de contar con ello para lograr el \u00e9xito.<\/span><\/p>\n<h2 style=\"text-align: center\">ENTREVISTA<\/h2>\n<p>https:\/\/www.youtube.com\/watch?v=-GJOT9_kw_o<\/p>\n<p><span style=\"font-weight: 400\">Se ha realizado la entrevista\u00a0 a Jose Antonio. Un hombre que posee un peque\u00f1o negocio de cocinas en Elche. En esta entrevista se le realizar\u00e1n una serie de preguntas para conocer c\u00f3mo la situaci\u00f3n generada por el Covid-19 ha afectado a diferentes aspectos de su vida. Explicar\u00e1 c\u00f3mo ha afectado a su situaci\u00f3n familiar, laboral, sentimental y explicar\u00e1 las razones por las cuales \u00e9l cree que este virus ha afectado de manera tan dr\u00e1stica a la sociedad espa\u00f1ola y a la econom\u00eda.<\/span><\/p>\n<h2 style=\"text-align: center\"><span style=\"font-weight: 400\">PREGUNTAS<\/span><\/h2>\n<ul>\n<li style=\"font-weight: 400\"><span style=\"font-weight: 400\">\u00bfDurante la cuarentena, como te has llegado a sentir? \u00bf te has llegado a sentir vulnerable o con miedo?<\/span><\/li>\n<li style=\"font-weight: 400\"><span style=\"font-weight: 400\">\u00bfHas tomado las medidas de prevenci\u00f3n cuando empez\u00f3 el estado de alarma?<\/span><\/li>\n<li style=\"font-weight: 400\"><span style=\"font-weight: 400\">\u00bfHas pedido ayuda a familiares o gente ajena para poder llevar los gastos del hogar? \u00bfque tipo de ayuda has solicitado?<\/span><\/li>\n<li style=\"font-weight: 400\"><span style=\"font-weight: 400\">A causa del confinamiento, \u00bfha sido f\u00e1cil o ha habido complicaciones con la convivencia en tu hogar? \u00bfhas tenido peleas o situaciones de hostiles debido a tener que estar en cuarentena?<\/span><\/li>\n<li style=\"font-weight: 400\"><span style=\"font-weight: 400\">\u00bfTienes alg\u00fan negocio? En caso afirmativo,\u00bfc\u00f3mo se ha visto afectado debido al coronavirus? \u00bfC\u00f3mo ha afectado tambi\u00e9n a los trabajadores?<\/span><\/li>\n<\/ul>\n<h2 style=\"text-align: center\"><span style=\"font-weight: 400\">FICHA T\u00c9CNICA<\/span><\/h2>\n<p><span style=\"font-weight: 400\">Fecha entrevista (d\u00eda, mes, a\u00f1o): 04\/06\/2020<\/span><\/p>\n<p><span style=\"font-weight: 400\">Nombre y apellidos del entrevistado: Jose Antonio S\u00e1nchez Serrano<\/span><\/p>\n<p><span style=\"font-weight: 400\">Edad: 51<\/span><\/p>\n<p><span style=\"font-weight: 400\">Ciudad donde se realiza la entrevista: Elche<\/span><\/p>\n<p>&nbsp;<\/p>\n<p>Datos obtenidos en:<\/p>\n<p>Martuccelli, D.; Seoane, V. (2013). Sociolog\u00eda del individuo: Socializaci\u00f3n, subjetivaci\u00f3n e individuaci\u00f3n. Entrevista a Danilo Martuccelli. Archivos de Ciencias de la Educaci\u00f3n, 7 (7), 1- 12. En Memoria Acad\u00e9mica. Disponible en: http:\/\/www.memoria.fahce.unlp.edu.ar\/art_revistas\/pr.6578\/pr.6578.pdf<\/p>\n","protected":false},"excerpt":{"rendered":"<p>&nbsp; TEORIA En una entrevista, Martuccelli habl\u00f3 sobre su concepto te\u00f3rico de la prueba y en esta la define como una noci\u00f3n que inscribe una larga tradici\u00f3n humanista y va vinculado entre las experiencias y estructuras. Este concepto, seg\u00fan el soci\u00f3logo, trabaja en las diferentes dimensiones del individuo. Todo individuo tiene un soporte, esta var\u00eda [&hellip;]<\/p>\n","protected":false},"author":4421,"featured_media":0,"parent":0,"menu_order":0,"comment_status":"closed","ping_status":"open","template":"","meta":{"footnotes":""},"class_list":["post-2","page","type-page","status-publish","hentry"],"_links":{"self":[{"href":"https:\/\/blogs.ua.es\/sofia\/wp-json\/wp\/v2\/pages\/2","targetHints":{"allow":["GET"]}}],"collection":[{"href":"https:\/\/blogs.ua.es\/sofia\/wp-json\/wp\/v2\/pages"}],"about":[{"href":"https:\/\/blogs.ua.es\/sofia\/wp-json\/wp\/v2\/types\/page"}],"author":[{"embeddable":true,"href":"https:\/\/blogs.ua.es\/sofia\/wp-json\/wp\/v2\/users\/4421"}],"replies":[{"embeddable":true,"href":"https:\/\/blogs.ua.es\/sofia\/wp-json\/wp\/v2\/comments?post=2"}],"version-history":[{"count":9,"href":"https:\/\/blogs.ua.es\/sofia\/wp-json\/wp\/v2\/pages\/2\/revisions"}],"predecessor-version":[{"id":72,"href":"https:\/\/blogs.ua.es\/sofia\/wp-json\/wp\/v2\/pages\/2\/revisions\/72"}],"wp:attachment":[{"href":"https:\/\/blogs.ua.es\/sofia\/wp-json\/wp\/v2\/media?parent=2"}],"curies":[{"name":"wp","href":"https:\/\/api.w.org\/{rel}","templated":true}]}}