{"id":21,"date":"2020-06-05T14:13:25","date_gmt":"2020-06-05T14:13:25","guid":{"rendered":"https:\/\/blogs.ua.es\/sofia\/?page_id=21"},"modified":"2020-06-08T12:02:51","modified_gmt":"2020-06-08T12:02:51","slug":"tema-3-la-solidaridad-e-durkheim","status":"publish","type":"page","link":"https:\/\/blogs.ua.es\/sofia\/tema-3-la-solidaridad-e-durkheim\/","title":{"rendered":"tema 3. La solidaridad (E. Durkheim)"},"content":{"rendered":"<h2 style=\"text-align: center\">MAPA CONCEPTUAL<\/h2>\n<p><img loading=\"lazy\" decoding=\"async\" class=\"alignnone size-medium wp-image-38 aligncenter\" src=\"https:\/\/blogs.ua.es\/sofia\/files\/2020\/06\/tema-3-solidaridad-300x180.png\" alt=\"\" width=\"300\" height=\"180\" srcset=\"https:\/\/blogs.ua.es\/sofia\/files\/2020\/06\/tema-3-solidaridad-300x180.png 300w, https:\/\/blogs.ua.es\/sofia\/files\/2020\/06\/tema-3-solidaridad.png 610w\" sizes=\"auto, (max-width: 300px) 100vw, 300px\" \/><\/p>\n<p>https:\/\/www.goconqr.com\/mindmap\/23414153\/solidaridad-e-durkheim-?locale=es<\/p>\n<p><span style=\"font-weight: 400\">La teor\u00eda de los dos tipos de solidaridad fue desarrollada por Emile Durkheim y explica las diferencias sociales existentes en seg\u00fan qu\u00e9 tipo de comunidad. De modo general, E. Durkheim diferencia una solidaridad mec\u00e1nica y otra org\u00e1nica.<\/span><\/p>\n<p><span style=\"font-weight: 400\">La solidaridad mec\u00e1nica es la que se produce en comunidades peque\u00f1as y con un sistema de trabajo preindustrial. Lo que m\u00e1s caracteriza a esta sociedad es la afinidad que existe entre sus miembros, debido principalmente a la conciencia colectiva presente y a pensamientos e ideas en com\u00fan, especialmente religiosa.<\/span><\/p>\n<p><span style=\"font-weight: 400\">La solidaridad org\u00e1nica es la que se produce en comunidades grandes (generalmente grandes urbes) y postindustriales. En estas sociedades destaca la individualidad de sus miembros en cuanto al pensamiento y a su papel en la comunidad. Y en cuanto al trabajo, se encuentra determinado por un alto grado de especializaci\u00f3n.<\/span><\/p>\n<h5><\/h5>\n<h2 style=\"text-align: center\">PROTOTIPO. LA CIUDAD NO ES PARA MI<\/h2>\n<p><iframe loading=\"lazy\" title=\"La ciudad no es para mi - Clip Agustin llega a la ciudad\" width=\"500\" height=\"375\" src=\"https:\/\/www.youtube.com\/embed\/JU4svvLYXWQ?feature=oembed\" frameborder=\"0\" allow=\"accelerometer; autoplay; clipboard-write; encrypted-media; gyroscope; picture-in-picture; web-share\" referrerpolicy=\"strict-origin-when-cross-origin\" allowfullscreen><\/iframe><\/p>\n<p><span style=\"font-weight: 400\">Este fragmento de la pel\u00edcula \u201cLa ciudad no es para mi\u201d (1966) refleja la teor\u00eda de la solidaridad de Emile Durkheim en la pr\u00e1ctica. Lo que m\u00e1s destaca en el fragmento es la diferencia en la actitud de Agust\u00edn (que resalta en cordialidad y en un trato cercano, como cuando le explica a todo el mundo que la del cuadro es su mujer Antonia), con la del resto de gente con la que se relaciona (que le tratan con reserva).<\/span><\/p>\n<p><span style=\"font-weight: 400\">Al salir de la estaci\u00f3n de Atocha, un hombre aprovecha su actitud de desorientaci\u00f3n para intentar timarle, pero al no producirse estos timos en las comunidades peque\u00f1as, Agust\u00edn se compadece de \u00e9l y se salva de caer en el timo.<\/span><\/p>\n<p><span style=\"font-weight: 400\">Por otro lado, la forma de desenvolverse en la ciudad tambi\u00e9n le causa dificultades, ya que en comunidades peque\u00f1as como la suya en esa \u00e9poca no hab\u00eda una regulaci\u00f3n del tr\u00e1fico (sem\u00e1foros, pasos de cebra, etc), lo que le cuesta un enfado del polic\u00eda que \u00e9l contesta con la misma afinidad propia del trato en la solidaridad mec\u00e1nica.<\/span><\/p>\n<p><span style=\"font-weight: 400\">Adem\u00e1s, tambi\u00e9n se aprecia una diferencia en el aspecto f\u00edsico o vestuario de Agust\u00edn con respecto al resto de viandantes, especialmente con el detalle de los pollos.<\/span><\/p>\n<h2 style=\"text-align: center\">MEDIOS DE COMUNICACI\u00d3N<\/h2>\n<p>a) articulo de prensa<\/p>\n<p><img loading=\"lazy\" decoding=\"async\" class=\"alignnone wp-image-42\" src=\"https:\/\/blogs.ua.es\/sofia\/files\/2020\/06\/tema-3-noticia-300x102.png\" alt=\"\" width=\"547\" height=\"186\" srcset=\"https:\/\/blogs.ua.es\/sofia\/files\/2020\/06\/tema-3-noticia-300x102.png 300w, https:\/\/blogs.ua.es\/sofia\/files\/2020\/06\/tema-3-noticia-768x261.png 768w, https:\/\/blogs.ua.es\/sofia\/files\/2020\/06\/tema-3-noticia.png 819w\" sizes=\"auto, (max-width: 547px) 100vw, 547px\" \/><\/p>\n<p><span style=\"font-weight: 400\">Este art\u00edculo explica las consecuencias y cambios sociales producidos tras el confinamiento y como afectan al mundo rural, especialmente en Cantabria. Lo m\u00e1s relevante que se muestra en el art\u00edculo es el crecimiento del inter\u00e9s por la vida en el mundo rural y el alejamiento del bullicio de las ciudades, lo que supone un descenso en la preocupaci\u00f3n por el despoblamiento en la \u00e1reas rurales.<\/span><\/p>\n<p>b) imagen gr\u00e1fica<\/p>\n<p><img loading=\"lazy\" decoding=\"async\" class=\"wp-image-43 alignleft\" src=\"https:\/\/blogs.ua.es\/sofia\/files\/2020\/06\/tema-3-imagen-grafica-300x223.png\" alt=\"\" width=\"387\" height=\"288\" srcset=\"https:\/\/blogs.ua.es\/sofia\/files\/2020\/06\/tema-3-imagen-grafica-300x223.png 300w, https:\/\/blogs.ua.es\/sofia\/files\/2020\/06\/tema-3-imagen-grafica.png 477w\" sizes=\"auto, (max-width: 387px) 100vw, 387px\" \/><\/p>\n<p><span style=\"font-weight: 400\">Desde el decreto del estado de alarma, la poblaci\u00f3n ha tenido que ir tomando conciencia de que su relaci\u00f3n con el mundo tiene que cambiar y sufrir modificaciones. Esta imagen muestra de forma gr\u00e1fica una serie de protocolos a tener en cuenta a la hora de salir a la calle, especialmente dirigido a la poblaci\u00f3n infantil y a los adultos que los acompa\u00f1an. Respecto a la teor\u00eda que nos toca, esta relaci\u00f3n con el mundo exterior no es la misma en una gran urbe posindustrial, que en un ambiente m\u00e1s rural. Ya que la relaci\u00f3n social y con el entorno presente en la solidaridad mec\u00e1nica (no existe una regulaci\u00f3n del movimiento tan estricta), difiere de la presente en la solidaridad org\u00e1nica (en la que cada espacio est\u00e1 dirigido a un uso m\u00e1s concreto). Sin embargo, la intenci\u00f3n de esta imagen es explicar estos comportamientos de una forma m\u00e1s est\u00e1ndar.<\/span><\/p>\n<p>c) mensaje de twitter<\/p>\n<p><img loading=\"lazy\" decoding=\"async\" class=\"wp-image-62 alignleft\" src=\"https:\/\/blogs.ua.es\/sofia\/files\/2020\/06\/tema-3-twitter-300x66.png\" alt=\"\" width=\"336\" height=\"74\" srcset=\"https:\/\/blogs.ua.es\/sofia\/files\/2020\/06\/tema-3-twitter-300x66.png 300w, https:\/\/blogs.ua.es\/sofia\/files\/2020\/06\/tema-3-twitter-150x33.png 150w, https:\/\/blogs.ua.es\/sofia\/files\/2020\/06\/tema-3-twitter-250x55.png 250w, https:\/\/blogs.ua.es\/sofia\/files\/2020\/06\/tema-3-twitter.png 597w\" sizes=\"auto, (max-width: 336px) 100vw, 336px\" \/><\/p>\n<p><span style=\"font-weight: 400\">Este mensaje expresa el miedo a la llegada del coronavirus en comunidades peque\u00f1as que se cre\u00edan libres y a salvo. En estas sociedades, el golpe del virus afecta con m\u00e1s fuerza debido a la cercan\u00eda social de sus miembros, lo que provoca que cada muerto o contagiado resuene con m\u00e1s fuerza entre sus vecinos, que en una urbe. El resultado en el que ha desembocado esta situaci\u00f3n en este caso <\/span><\/p>\n<h2 style=\"text-align: center\">MAPA CONCEPTUAL DEL TEMA.<\/h2>\n<p><img loading=\"lazy\" decoding=\"async\" class=\"alignnone size-medium wp-image-63 aligncenter\" src=\"https:\/\/blogs.ua.es\/sofia\/files\/2020\/06\/tema-3-tema-300x86.png\" alt=\"\" width=\"300\" height=\"86\" srcset=\"https:\/\/blogs.ua.es\/sofia\/files\/2020\/06\/tema-3-tema-300x86.png 300w, https:\/\/blogs.ua.es\/sofia\/files\/2020\/06\/tema-3-tema-150x43.png 150w, https:\/\/blogs.ua.es\/sofia\/files\/2020\/06\/tema-3-tema-250x72.png 250w, https:\/\/blogs.ua.es\/sofia\/files\/2020\/06\/tema-3-tema.png 705w\" sizes=\"auto, (max-width: 300px) 100vw, 300px\" \/><\/p>\n<p>https:\/\/www.goconqr.com\/mindmap\/23235760\/la-construcci-n-social-de-lo-singular-y-de-la-diversidad-el-proceso-de-individuaci-n?locale=es<\/p>\n","protected":false},"excerpt":{"rendered":"<p>MAPA CONCEPTUAL https:\/\/www.goconqr.com\/mindmap\/23414153\/solidaridad-e-durkheim-?locale=es La teor\u00eda de los dos tipos de solidaridad fue desarrollada por Emile Durkheim y explica las diferencias sociales existentes en seg\u00fan qu\u00e9 tipo de comunidad. De modo general, E. Durkheim diferencia una solidaridad mec\u00e1nica y otra org\u00e1nica. La solidaridad mec\u00e1nica es la que se produce en comunidades peque\u00f1as y con un sistema [&hellip;]<\/p>\n","protected":false},"author":4421,"featured_media":0,"parent":0,"menu_order":0,"comment_status":"closed","ping_status":"closed","template":"","meta":{"footnotes":""},"class_list":["post-21","page","type-page","status-publish","hentry"],"_links":{"self":[{"href":"https:\/\/blogs.ua.es\/sofia\/wp-json\/wp\/v2\/pages\/21","targetHints":{"allow":["GET"]}}],"collection":[{"href":"https:\/\/blogs.ua.es\/sofia\/wp-json\/wp\/v2\/pages"}],"about":[{"href":"https:\/\/blogs.ua.es\/sofia\/wp-json\/wp\/v2\/types\/page"}],"author":[{"embeddable":true,"href":"https:\/\/blogs.ua.es\/sofia\/wp-json\/wp\/v2\/users\/4421"}],"replies":[{"embeddable":true,"href":"https:\/\/blogs.ua.es\/sofia\/wp-json\/wp\/v2\/comments?post=21"}],"version-history":[{"count":9,"href":"https:\/\/blogs.ua.es\/sofia\/wp-json\/wp\/v2\/pages\/21\/revisions"}],"predecessor-version":[{"id":77,"href":"https:\/\/blogs.ua.es\/sofia\/wp-json\/wp\/v2\/pages\/21\/revisions\/77"}],"wp:attachment":[{"href":"https:\/\/blogs.ua.es\/sofia\/wp-json\/wp\/v2\/media?parent=21"}],"curies":[{"name":"wp","href":"https:\/\/api.w.org\/{rel}","templated":true}]}}