{"id":6,"date":"2020-05-22T15:46:18","date_gmt":"2020-05-22T15:46:18","guid":{"rendered":"https:\/\/blogs.ua.es\/sofia\/?page_id=6"},"modified":"2020-06-08T11:17:35","modified_gmt":"2020-06-08T11:17:35","slug":"tema-4","status":"publish","type":"page","link":"https:\/\/blogs.ua.es\/sofia\/tema-4\/","title":{"rendered":"Tema 4. El cambio social"},"content":{"rendered":"<h2 style=\"text-align: center\">MAPA CONCEPTUAL<\/h2>\n<p><img loading=\"lazy\" decoding=\"async\" class=\"alignnone size-medium wp-image-36 aligncenter\" src=\"https:\/\/blogs.ua.es\/sofia\/files\/2020\/06\/EL-CAMBIO-SOCIAL_-CULTURA-Y-VALORES-2-300x120.png\" alt=\"\" width=\"300\" height=\"120\" srcset=\"https:\/\/blogs.ua.es\/sofia\/files\/2020\/06\/EL-CAMBIO-SOCIAL_-CULTURA-Y-VALORES-2-300x120.png 300w, https:\/\/blogs.ua.es\/sofia\/files\/2020\/06\/EL-CAMBIO-SOCIAL_-CULTURA-Y-VALORES-2-1024x410.png 1024w, https:\/\/blogs.ua.es\/sofia\/files\/2020\/06\/EL-CAMBIO-SOCIAL_-CULTURA-Y-VALORES-2-768x308.png 768w, https:\/\/blogs.ua.es\/sofia\/files\/2020\/06\/EL-CAMBIO-SOCIAL_-CULTURA-Y-VALORES-2-1536x615.png 1536w, https:\/\/blogs.ua.es\/sofia\/files\/2020\/06\/EL-CAMBIO-SOCIAL_-CULTURA-Y-VALORES-2-2048x821.png 2048w, https:\/\/blogs.ua.es\/sofia\/files\/2020\/06\/EL-CAMBIO-SOCIAL_-CULTURA-Y-VALORES-2-1200x481.png 1200w, https:\/\/blogs.ua.es\/sofia\/files\/2020\/06\/EL-CAMBIO-SOCIAL_-CULTURA-Y-VALORES-2-1980x793.png 1980w\" sizes=\"auto, (max-width: 300px) 100vw, 300px\" \/><\/p>\n<p>https:\/\/www.goconqr.com\/mindmap\/23060982\/el-cambio-social-cultura-y-valores?locale=es<\/p>\n<p>Cambio social<\/p>\n<p>Los soci\u00f3logos cuestionan el origen, la forma, el futuro\u2026 del cambio social. Este cambio se clasifica en funci\u00f3n de la fuente u origen, cuales son las relaciones con distintos cambios, cual es la din\u00e1mica\u2026 \u00a0para poder responder las preguntas. Los cient\u00edficos diferencian la estructura social y el cambio social. Mientras que la estructura social se mantiene en una sociolog\u00eda est\u00e1tica, sigue un sistema social en el que existe un conjunto de individuos, grupos e instituciones con una interacci\u00f3n regular y estudia la poblaci\u00f3n, la cultura, religi\u00f3n\u2026; el cambio social pertenece a una sociolog\u00eda din\u00e1mica donde se establece la alteraci\u00f3n de las estructuras y estudia los factores que produce el cambio, el progreso y el cambio de paradigma, revoluci\u00f3n e innovaci\u00f3n.<\/p>\n<p>Hay diferentes tipos de cambios sociales. Puede ocurrir seg\u00fan la magnitud (estructural o local), seg\u00fan su origen (end\u00f3geno o ex\u00f3geno), seg\u00fan su propia din\u00e1mica (lentos o revolucionarios) o seg\u00fan su relaci\u00f3n con otros cambios (sincr\u00f3nico o asincr\u00f3nico). \u00a0Por mucho tiempo se ha intentado desarrollar teor\u00edas que explicasen la naturaleza del cambio social pero la complejidad de la sociedad ha hecho complicado encontrar explicaciones a su desarrollo que ha pasado de ser simples cazadores y recolectores a sociedades postindustriales muy diversas y complejas. Aunque es complicado hacer un an\u00e1lisis detallado, hay generalizaciones que se pueden llegar a estudiar como el medio f\u00edsico, la organizaci\u00f3n pol\u00edtica \u00a0los factores culturales.<\/p>\n<p>A lo largo de la historia, la sociedad se ha ido transformando en un sistema m\u00e1s complejo y din\u00e1mico donde el cambio social siempre esta presente. Hace menos de un siglo, se cre\u00eda que exist\u00edan diferentes razas y que la &#8220;raza blanca&#8221; era la raza superior. En la actualidad, millones de personas de todo el mundo est\u00e1n luchando y manifest\u00e1ndose por la lucha de la igualdad social y que se ponga fin a la creencia de la existencia de distintas razas.<\/p>\n<h2 style=\"text-align: center\">PROTOTIPO. 12 A\u00d1OS DE ESCLAVITUD<\/h2>\n<p><iframe loading=\"lazy\" title=\"12 a\u00f1os de esclavitud - Alegato iusnaturalista contra la esclavitud\" width=\"500\" height=\"281\" src=\"https:\/\/www.youtube.com\/embed\/qcNUxzLktrk?feature=oembed\" frameborder=\"0\" allow=\"accelerometer; autoplay; clipboard-write; encrypted-media; gyroscope; picture-in-picture; web-share\" referrerpolicy=\"strict-origin-when-cross-origin\" allowfullscreen><\/iframe><\/p>\n<p><span style=\"font-weight: 400\">En este fragmento de la pel\u00edcula se discute la estructura fr\u00e1gil en la que se sostiene la esclavitud de los negros en Estados Unidos. El hombre del sombrero llamado Samuel Bass, responde con argumentos razonables de base \u00e9tica y moral, mientras el hombre que dice ser el due\u00f1o de estas personas llamado Edwin Epps, responde de manera agresiva y reclamando que son de su posesi\u00f3n porque compr\u00f3 a estos hombres y est\u00e1n bajo la obediencia de su \u201camo\u201d. Este video empieza con la preocupaci\u00f3n de Edwin por la salud de Bass, ignorando al resto de las personas de piel negra, los trata como objetos que usa para que realicen trabajos y los cataloga como gente de bajo nivel intelectual ya que usa una experiencia personal para decir que un babuino presenta una mayor inteligencia que estos hombre de piel negra.<\/span><\/p>\n<p><span style=\"font-weight: 400\">Samuel muestra de manera oral como la sociedad estaba cambiando y la esclavitud iba siendo eliminada de todos los pa\u00edses ya que tanto hombres blancos como negros son iguales. En el fragmento se muestra las dos posiciones ideol\u00f3gicas frente a la esclavitud.<\/span><\/p>\n<h2 style=\"text-align: center\">MEDIOS DE COMUNICACI\u00d3N<\/h2>\n<p>a) articulo peri\u00f3dico<\/p>\n<p><img loading=\"lazy\" decoding=\"async\" class=\"aligncenter wp-image-47\" src=\"https:\/\/blogs.ua.es\/sofia\/files\/2020\/06\/tema-4-articulo-de-prensa-1-300x114.png\" alt=\"\" width=\"289\" height=\"110\" \/><\/p>\n<p>https:\/\/cnnespanol.cnn.com\/2020\/06\/03\/cuales-son-los-metodos-mas-efectivos-para-evitar-la-transmision-del-nuevo-coronavirus\/#0<\/p>\n<p>Con la imprevista llegada de la epidemia mundial, muchos pa\u00edses tomaron mesuras apresuradas para evitar el contagio del virus COVID-19. Muchas revistas y peri\u00f3dicos se han dedicado a publicar informaci\u00f3n acerca de los medios de contagio m\u00e1s frecuentes, como prevenirlo y actualizando los datos del numero de contagiados como de muertos a nivel nacional y global. En esta revista, \u00a0el Dr. Elmer Huerta habla sobre los tres medios de prevenci\u00f3n contra el contagio (la mascarilla,\u00a0 los anteojos y el distanciamiento social) y a trav\u00e9s de numerosos estudios se ha podido comprobar su alta efectividad contra la propagaci\u00f3n del virus. Aunque todas estas medidas han ayudado exponencialmente a evitarlo, el confinamiento de las personas durante varias semanas en sus casas, ha sido el mejor m\u00e9todo contra la crecida de los contagiados.<\/p>\n<p>Este virus ha supuesto muchos cambios bruscos en las vidas de las personas, cuyas vidas estaban repletas de\u00a0 interacciones sociales y acercamientos. Este virus ha obligado a que las personas nos distanciemos unas de otras y esta medida no ha sido bien aceptada por la gente.<\/p>\n<p>b) imagen gr\u00e1fica<\/p>\n<p><img loading=\"lazy\" decoding=\"async\" class=\"size-medium wp-image-48 alignleft\" src=\"https:\/\/blogs.ua.es\/sofia\/files\/2020\/06\/Captura-300x219.png\" alt=\"\" width=\"300\" height=\"219\" srcset=\"https:\/\/blogs.ua.es\/sofia\/files\/2020\/06\/Captura-300x219.png 300w, https:\/\/blogs.ua.es\/sofia\/files\/2020\/06\/Captura.png 495w\" sizes=\"auto, (max-width: 300px) 100vw, 300px\" \/><\/p>\n<p><span style=\"font-weight: 400\">Desde el inicio de la pandemia, muchos artistas y dise\u00f1adores gr\u00e1ficos han llenado las redes sociales con im\u00e1genes donde muestra los m\u00e9todos de prevenci\u00f3n que se deben de tener para prevenir el contagio y\u00a0 evitar que esta pandemia siga expandi\u00e9ndose. Esta imagen muestra los posibles s\u00edntomas que alertan de la posibilidad de haber contra\u00eddo la enfermedad, los medios de contagio y las mejoras formas de prevenir el contagio que son el uso de mascarillas, limpiarse\u00a0 las manos de manera habitual y consumir la comida bien cocinada. Este movimiento ha ayudado a que la sociedad sea consciente de que los medios de protecci\u00f3n son importantes.<\/span><\/p>\n<p>c) mensaje de twitter<\/p>\n<p><img loading=\"lazy\" decoding=\"async\" class=\"size-medium wp-image-49 alignleft\" src=\"https:\/\/blogs.ua.es\/sofia\/files\/2020\/06\/tema-4-twitter-300x231.png\" alt=\"\" width=\"300\" height=\"231\" srcset=\"https:\/\/blogs.ua.es\/sofia\/files\/2020\/06\/tema-4-twitter-300x231.png 300w, https:\/\/blogs.ua.es\/sofia\/files\/2020\/06\/tema-4-twitter.png 590w\" sizes=\"auto, (max-width: 300px) 100vw, 300px\" \/>El mayor problema con el que tuvo que vivir toda Espa\u00f1a fueron las numerosas muertes de ancianos que resid\u00edan en las residencias. Estas muertes no pudieron ser consoladas por sus familiares y sus funerales se realizaron de manera muy fr\u00eda con la asistencia de muy pocas personas a sus funerales, adem\u00e1s de que hubieron muchos problemas con las morgues por la llegada excesiva de cuerpos sin vida. Este fue uno de los peores sucesos que tuvieron que vivir muchas familias. El contagio entre los ancianos, cuyo colectivo es el que presenta mayor riesgo, fue muy r\u00e1pido y el Estado llev\u00f3 una mala gesti\u00f3n de esta expansi\u00f3n tan r\u00e1pida que creo descontento y temor en toda la sociedad espa\u00f1ola. Esto es una muestra de lo que sucede por no llevar una respuesta r\u00e1pida\u00a0 ya que el virus tuvo una acelerada expansi\u00f3n, matando a mas de 6 mil personas en solo residencias de Madrid.<\/p>\n<p>&nbsp;<\/p>\n","protected":false},"excerpt":{"rendered":"<p>MAPA CONCEPTUAL https:\/\/www.goconqr.com\/mindmap\/23060982\/el-cambio-social-cultura-y-valores?locale=es Cambio social Los soci\u00f3logos cuestionan el origen, la forma, el futuro\u2026 del cambio social. Este cambio se clasifica en funci\u00f3n de la fuente u origen, cuales son las relaciones con distintos cambios, cual es la din\u00e1mica\u2026 \u00a0para poder responder las preguntas. Los cient\u00edficos diferencian la estructura social y el cambio social. Mientras [&hellip;]<\/p>\n","protected":false},"author":4421,"featured_media":0,"parent":0,"menu_order":0,"comment_status":"closed","ping_status":"closed","template":"","meta":{"footnotes":""},"class_list":["post-6","page","type-page","status-publish","hentry"],"_links":{"self":[{"href":"https:\/\/blogs.ua.es\/sofia\/wp-json\/wp\/v2\/pages\/6","targetHints":{"allow":["GET"]}}],"collection":[{"href":"https:\/\/blogs.ua.es\/sofia\/wp-json\/wp\/v2\/pages"}],"about":[{"href":"https:\/\/blogs.ua.es\/sofia\/wp-json\/wp\/v2\/types\/page"}],"author":[{"embeddable":true,"href":"https:\/\/blogs.ua.es\/sofia\/wp-json\/wp\/v2\/users\/4421"}],"replies":[{"embeddable":true,"href":"https:\/\/blogs.ua.es\/sofia\/wp-json\/wp\/v2\/comments?post=6"}],"version-history":[{"count":14,"href":"https:\/\/blogs.ua.es\/sofia\/wp-json\/wp\/v2\/pages\/6\/revisions"}],"predecessor-version":[{"id":74,"href":"https:\/\/blogs.ua.es\/sofia\/wp-json\/wp\/v2\/pages\/6\/revisions\/74"}],"wp:attachment":[{"href":"https:\/\/blogs.ua.es\/sofia\/wp-json\/wp\/v2\/media?parent=6"}],"curies":[{"name":"wp","href":"https:\/\/api.w.org\/{rel}","templated":true}]}}