{"id":16,"date":"2009-10-20T15:51:41","date_gmt":"2009-10-20T13:51:41","guid":{"rendered":"https:\/\/blogs.ua.es\/solimanelmagnifico\/?page_id=16"},"modified":"2010-01-14T12:44:26","modified_gmt":"2010-01-14T10:44:26","slug":"reinado-de-soliman","status":"publish","type":"page","link":"https:\/\/blogs.ua.es\/solimanelmagnifico\/reinado-de-soliman\/","title":{"rendered":"Sus Conquistas"},"content":{"rendered":"<p style=\"text-align: justify\"><span style=\"color: #000000\">Tras suceder a su padre, Solim\u00e1n emprendi\u00f3 una serie de conquistas militares, empezando por reprimir una revuelta del gobernador de Damasco en 1521. Solim\u00e1n hizo preparativos para la conquista de Belgrado al Reino de Hungr\u00eda, algo en lo que su bisabuelo <\/span><a href=\"http:\/\/es.wikipedia.org\/wiki\/Mehmed_II\" target=\"_blank\"><span style=\"color: #000000\">Mehmed II <\/span><\/a><span style=\"color: #000000\">hab\u00eda fracasado. Solim\u00e1n rode\u00f3 Belgrado y empez\u00f3 a bombardearla gravemente desde una mejana ubicada en el Danubio. Con una guarnici\u00f3n de apenas setecientos hombres y sin recibir ayuda de Hungr\u00eda, Belgrado cay\u00f3 en agosto de 1521.<\/span><\/p>\n<p style=\"text-align: justify\"><span style=\"color: #000000\">El camino a Hungr\u00eda y Austria se abri\u00f3 ante \u00e9l, pero sin embargo, Solim\u00e1n distrajo su atenci\u00f3n hacia la isla mediterr\u00e1nea de Rodas, cuya proximidad a Asia Menor y el Levante le hab\u00eda causado muchos problemas al Imperio. En el verano de 1522, aprovechando la ventaja de la flota que hab\u00eda heredado de su padre, lider\u00f3 personalmente unos 400 barcos y 100 000 hombres desde Asia Menor a la isla. Tras el sitio de Rodas de cinco meses, en los que se produjeron brutales encuentros, Rodas capitul\u00f3 y Solim\u00e1n permiti\u00f3 a los Caballeros de Rodas que partiesen, tras lo que establecieron su nueva base en Malta.<\/span><\/p>\n<p style=\"text-align: justify\"><span style=\"color: #000000\">Tras el deterioro de las relaciones entre Hungr\u00eda y el Imperio Otomano, Solim\u00e1n retom\u00f3 su campa\u00f1a en Europa Oriental y el 29 de agosto de 1526 derrot\u00f3 a<span style=\"text-decoration: underline\"> <\/span>Luis II de Hungr\u00eda<span style=\"text-decoration: underline\"> <\/span>en la Batalla de <\/span><a href=\"http:\/\/es.wikipedia.org\/wiki\/Batalla_de_Moh%C3%A1cs\" target=\"_blank\"><span style=\"color: #000000\">Moh\u00e1cs.<\/span><\/a><span style=\"color: #000000\"> La resistencia h\u00fangara se desplom\u00f3 y el Imperio Otomano pas\u00f3 a ser la potencia m\u00e1s fuerte de Europa Oriental. Tras encontrar el cuerpo inerte de Luis II, Solim\u00e1n dijo haberlo lamentado.<\/span><\/p>\n<p style=\"text-align: center\"><span style=\"color: #000000\"><img loading=\"lazy\" decoding=\"async\" class=\"size-thumbnail wp-image-26  aligncenter\" src=\"https:\/\/blogs.ua.es\/solimanelmagnifico\/files\/2009\/10\/Suleiman_Mohacs-150x150.jpg\" alt=\"Suleiman_Mohacs\" width=\"254\" height=\"247\" \/><span style=\"text-decoration: underline\">Batalla de Moh\u00e1cs<\/span><span style=\"color: #000000\">\u00a0<\/span><\/span><\/p>\n<p style=\"text-align: justify\"><span style=\"color: #000000\">Tras el hundimiento del reino h\u00fangaro aflor\u00f3 una lucha de poder. Algunos nobles h\u00fangaros propusieron que <\/span><a href=\"http:\/\/es.wikipedia.org\/wiki\/Fernando_I_de_Habsburgo\" target=\"_blank\"><span style=\"color: #000000\">Fernando I de Habsburgo<\/span><\/a><span style=\"color: #000000\">, gobernador de la vecina Austria y unido a la familia de Luis II por lazos de sangre, sin embargo, otros nobles prefer\u00edan al noble <\/span><a href=\"http:\/\/translate.google.es\/translate?hl=es&amp;sl=en&amp;u=http:\/\/en.wikipedia.org\/wiki\/J%25C3%25A1nos_Szapolyai&amp;ei=w53uSpv_E4vkmwOH7JmFDw&amp;sa=X&amp;oi=translate&amp;ct=result&amp;resnum=1&amp;ved=0CAgQ7gEwAA&amp;prev=\/search%3Fq%3Djohn%2Bzapolya%26hl%3Des%26rlz%3D1R2ADBF_esES330%26sa%3DX\" target=\"_blank\"><span style=\"color: #000000\">John Z\u00e1polya<\/span><\/a><span style=\"color: #000000\">, que contaba con el apoyo de Solim\u00e1n, y que no fue reconocido por las potencias europeas cristianas. Se desat\u00f3 un conflicto a tres bandas cuando Fernando trat\u00f3 de imponer su dominio sobre tanta parte de Hungr\u00eda como fuese posible, lo que result\u00f3 en la divisi\u00f3n del reino en 1541. Solim\u00e1n reclam\u00f3 la mayor parte de la moderna Hungr\u00eda, conocida como Gran Llanura H\u00fangara y tras eliminar la amenaza de Stephen Maylad situ\u00f3 a la familia Z\u00e1polya en el gobierno de Transilvania como estado vasallo de su imperio. Fernando reclam\u00f3 la Hungr\u00eda Real, que inclu\u00eda la actual Eslovaquia, Croacia Occidental y los territorios adyacentes, fijando temporalmente la frontera entre los Habsburgo y los Otomanos.<\/span><\/p>\n<p style=\"text-align: justify\"><span style=\"color: #000000\">Bajo el mando de Carlos V y su hermano Fernando, archiduque de Austria, los Habsburgo ocuparon Buda y tomaron Hungr\u00eda. En 1529 Solim\u00e1n march\u00f3 una vez m\u00e1s por el valle del Danubio, reocup\u00f3 Buda en el oto\u00f1o siguiente y siti\u00f3 Viena. Fue la expedici\u00f3n m\u00e1s ambiciosa del Imperio Otomano y el apogeo de su expansi\u00f3n occidental. Con una guarnici\u00f3n reforzada de 20 000 hombres los Austrias le infringieron su primera derrota y plantaron las semillas de la rivalidad entre los otomanos y los Habsburgo, que perdur\u00f3 hasta el siglo XX. Solim\u00e1n trat\u00f3 de conquistar Viena por segunda vez en 1532, cosechando un nuevo fracaso antes de alcanzar Viena. A pesar de la derrota Solim\u00e1n asegur\u00f3 al Imperio Otomano un papel de importancia en el panorama pol\u00edtico de Europa.<\/span><\/p>\n<p style=\"text-align: justify\"><span style=\"color: #000000\">Su siguiente pas\u00f3 fue desviar su atenci\u00f3n a la amenaza perenne que representaba el Sah de la dinast\u00eda Safavid de Persia. En primer lugar el <\/span><a href=\"http:\/\/translate.google.es\/translate?hl=es&amp;sl=en&amp;u=http:\/\/en.wikipedia.org\/wiki\/Tahmasp_I&amp;ei=vZ_uSsuyHonAmQP52YCJDw&amp;sa=X&amp;oi=translate&amp;ct=result&amp;resnum=1&amp;ved=0CAsQ7gEwAA&amp;prev=\/search%3Fq%3DShah%2BTahmasp%26hl%3Des%26rlz%3D1R2ADBF_esES330%26sa%3DX\" target=\"_blank\"><span style=\"color: #000000\">Sah Tahmasp<\/span><\/a><span style=\"color: #000000\"> hizo que asesinasen al gobernador de Bagdad, leal a Suleiman, y que fuese reemplazado con un partidario del Sah. En segundo lugar, el gobernador de Bitlis hab\u00eda jurado fidelidad a los safavides.\u00a0 En 1533 Suleiman orden\u00f3 a su Gran Visir <\/span><a href=\"http:\/\/translate.google.es\/translate?hl=es&amp;sl=en&amp;u=http:\/\/en.wikipedia.org\/wiki\/Ibrahim_Pasha&amp;ei=4J_uSvi0MojAmQPM45WIDw&amp;sa=X&amp;oi=translate&amp;ct=result&amp;resnum=3&amp;ved=0CBkQ7gEwAg&amp;prev=\/search%3Fq%3DIbrahim%2BPasha%26hl%3Des%26rlz%3D1R2ADBF_esES330%26sa%3DX\" target=\"_blank\"><span style=\"color: #000000\">Igrahim Pasha <\/span><\/a><span style=\"color: #000000\">que liderase un ej\u00e9rcito que retom\u00f3 Bitlis y ocup\u00f3 Tabriz sin resistencia alguna. Tras unirse a Ibrahim en 1534 Suleiman se intern\u00f3 en Persia, donde se encontr\u00f3 con que el Sah sacrificaba territorio en lugar de enfrentarse en combate, lo que resultaba en el debilitamiento de las huestes otomanas al cruzar estas duras regiones. \u00a0El a\u00f1o siguiente, Suleiman e Ibrahim hicieron una gran entrada en Bagdad, ciudad que rindi\u00f3 su comandante, lo que afianz\u00f3 a Suleiman como l\u00edder del mundo isl\u00e1mico y leg\u00edtimo sucesor de los califas abas\u00edes.<\/span><\/p>\n<p style=\"text-align: center\"><span style=\"color: #000000\">\u00a0\u00a0 <img loading=\"lazy\" decoding=\"async\" class=\"size-thumbnail wp-image-59  aligncenter\" src=\"https:\/\/blogs.ua.es\/solimanelmagnifico\/files\/2009\/11\/250px-Sueleymanname_nahcevan-150x150.jpg\" alt=\"250px-Sueleymanname_nahcevan\" width=\"334\" height=\"312\" \/><\/span><\/p>\n<p style=\"text-align: center\"><span style=\"text-decoration: underline\"><span style=\"color: #000000\">Suleiman marchando con su ej\u00e9rcito <\/span><\/span><\/p>\n<p style=\"text-align: center\"><span style=\"text-decoration: underline\"><span style=\"color: #000000\">en Nakhichevan , verano de 1554<\/span><\/span><\/p>\n<p style=\"text-align: justify\"><span style=\"color: #000000\">Tratando de derrotar al Sah de una vez por todas, Suleiman se embarc\u00f3 en una segunda campa\u00f1a entre 1548 y 1549. Como en la vez anterior, el Sah evit\u00f3 la confrontaci\u00f3n con el ej\u00e9rcito otomano y procedi\u00f3 a retirarse, exponiendo al ej\u00e9rcito otomano al duro invierno del C\u00e1ucaso.\u00a0 Suleiman abandon\u00f3 la campa\u00f1a con las recompensas temporales de Tabriz y Azerbaiy\u00e1n.<\/span><\/p>\n<p style=\"text-align: justify\"><span style=\"color: #000000\">En 1553 acometi\u00f3 su tercera y \u00faltima campa\u00f1a contra el Sah. Tras perder inicialmente territorios en el Erzurm frente al hijo del Sah, Suleiman contraatac\u00f3 y recaptur\u00f3 Erzurum, cruzando el \u00c9ufrates y devastando partes de Persia. El ej\u00e9rcito del Sah prosigui\u00f3 su estrategia de evitar a los otomanos hasta que se llegase a un estancamiento en el que ning\u00fan ej\u00e9rcito pod\u00eda ganar. En 1554 se firm\u00f3 un acuerdo por el cual Suleiman concluir\u00eda sus campa\u00f1as asi\u00e1ticas, se devolver\u00eda Tabriz pero asegurar\u00eda Bagdad, Mesopotamia inferior, las desembocaduras del \u00c9ufrates y el Tigris y parte del Golfo P\u00e9rsico. \u00a0El Shah tambi\u00e9n prometi\u00f3 cesar todas las incursiones en territorio Otomano.<\/span><\/p>\n<p style=\"text-align: justify\"><span style=\"color: #000000\">Suleiman se ali\u00f3 con Francisco I de Francia en su lucha con el emperador Carlos V, a quien combatieron en el Mediterr\u00e1neo . La flota otomana del corsario <\/span><a href=\"https:\/\/blogs.ua.es\/barbarroja\" target=\"_blank\"><span style=\"color: #000000\">Barbarroja<\/span><\/a><span style=\"color: #000000\"> sali\u00f3 victoriosa en Argel, T\u00fanez y Tr\u00edpoli . Fracas\u00f3 en apoderarse de la isla de Malta . En 1535, arrebat\u00f3 Bagdad, Mosul y Tabriz a los persas saf\u00e1vidas e impuso su autoridad en todo el litoral del Yemen hasta Ad\u00e9n y Mascate. Con ello, dominaba todo el mundo <\/span><a href=\"http:\/\/wapedia.mobi\/es\/Mundo_%C3%A1rabe\"><span style=\"color: #000000\">\u00e1rabe<\/span><\/a><span style=\"color: #000000\"> con la excepci\u00f3n de Marruecos y algunos emiratos del Golfo P\u00e9rsico.<\/span><\/p>\n<p style=\"text-align: justify\"><span style=\"color: #000000\">Tras consolidar sus conquistas en tierra, Suleiman recibi\u00f3 la noticia de que la fortaleza de Koron ante <\/span><a href=\"http:\/\/es.wikipedia.org\/wiki\/Andrea_Doria\" target=\"_blank\"><span style=\"color: #000000\">Andrea Doria<\/span><\/a><span style=\"color: #000000\">, almirante de Carlos V. La presencia espa\u00f1ola en el Mediterr\u00e1neo Oriental preocupaba a Suleiman, pues la consideraba un indicativo de la intenci\u00f3n de Carlos V de discutir el dominio otomano de la regi\u00f3n. Tras reconocer la necesidad de reforzar el papel de la flota turca en el Mediterr\u00e1neo, Suleiman nombr\u00f3 al excepcional comandante Khair ad Din, conocido en Europa como Barbarroja. Una vez nombrado almirante en jefe, Barbarroja recibi\u00f3 el encargo de reconstruir la flota otomana hasta igualar el poder\u00edo naval del resto de potencias mediterr\u00e1neas juntas. En 1535 Carlos V obtuvo una importante victoria contra los Otomanos en T\u00fanez, pero en 1536 Francisco I de Francia se ali\u00f3 con Suleiman contra Carlos V. En 1538 la flota espa\u00f1ola sali\u00f3 derrotada de la <\/span><a href=\"http:\/\/es.wikipedia.org\/wiki\/Batalla_de_Preveza\" target=\"_blank\"><span style=\"color: #000000\">Batalla de Preveza<\/span><\/a><span style=\"color: #000000\"> de manos de Barbarroja, lo que asegur\u00f3 el Mediterr\u00e1neo oriental durante 33 a\u00f1os.<\/span><\/p>\n<p style=\"text-align: justify\"><span style=\"color: #000000\">Al este de Marruecos se anexion\u00f3 grandes extensiones de terreno norteafricano. Los estados berberiscos de Tripolitania, T\u00fanez y Argelia pasaron a ser provincias aut\u00f3nomas del Imperio, y fueron el escenario del conflicto entre Suleiman y Carlos V, cuyo intento de expulsar a los turcos fracas\u00f3 en 1541. La pirater\u00eda llevada a cabo desde estos estados pas\u00f3 a ser parte de las guerras entre los otomanos y Espa\u00f1a, y la expansi\u00f3n otomana se vio asociada con el dominio naval durante un breve periodo de tiempo. Las naves otomanas controlaban tambi\u00e9n el Mar Rojo y el Golfo P\u00e9rsico hasta 1554, cuando su flota cay\u00f3 derrotada por la del Imperio Portugu\u00e9s. Los portugueses seguir\u00edan batallando contra las fuerzas de Suleiman por el control de Ad\u00e9n, actual Yemen.<\/span><\/p>\n<p style=\"text-align: justify\"><span style=\"color: #000000\">Francisco I firm\u00f3 un tratado de paz con Carlos V en 1538, sin embargo se ali\u00f3 nuevamente con Suleiman en 1542. En 1543 Carlos se ali\u00f3 con Enrique VIII de Inglaterra y forz\u00f3 a Francisco a firmar la <\/span><a href=\"http:\/\/es.wikipedia.org\/wiki\/Paz_de_Cr%C3%A9py\" target=\"_blank\"><span style=\"color: #000000\">Tregua de Crepy-en-Laonnois<\/span><\/a><span style=\"color: #000000\">. \u00a0Carlos firm\u00f3 un humillante tratado con Suleiman para darse un respiro por los enormes gastos de la guerra.<\/span><\/p>\n<p style=\"text-align: justify\"><span style=\"color: #000000\">En 1544, cuando Espa\u00f1a le declar\u00f3 la guerra a Francia, el rey franc\u00e9s le pidi\u00f3 ayuda a Suleiman, que envi\u00f3 una flota liderada por Barbarroja que sali\u00f3 victoriosa ante los espa\u00f1oles y consigui\u00f3 recuperar N\u00e1poles. Suleiman le dio el t\u00edtulo de <em>Beyler Bey<\/em>.<\/span><\/p>\n<p style=\"text-align: justify\"><span style=\"color: #000000\">Cuando los caballeros de la Orden de Malta se reasentaron en el Reino de Malta en 1630 sus acciones contra los nav\u00edos musulmanes despertaron la ira del emperador otomano, que mand\u00f3 otro gran ej\u00e9rcito para desalojarles. En 1565 invadieron Malta.<\/span><\/p>\n<p style=\"text-align: justify\"><span style=\"color: #000000\">Tras estos acontecimientos Suleiman volvi\u00f3 a concentrarse en Hungr\u00eda de nuevo. Muri\u00f3 de un ataque durante la <\/span><a href=\"http:\/\/wapedia.mobi\/es\/Batalla_de_Szigetv%C3%A1r\"><span style=\"color: #000000\">Batalla de Szigetv\u00e1r<\/span><\/a><span style=\"color: #000000\"> en Szigetv\u00e1r, Hungr\u00eda.<\/span><\/p>\n","protected":false},"excerpt":{"rendered":"<p>Tras suceder a su padre, Solim\u00e1n emprendi\u00f3 una serie de conquistas militares, empezando por reprimir una revuelta del gobernador de Damasco en 1521. Solim\u00e1n hizo preparativos para la conquista de Belgrado al Reino de Hungr\u00eda, algo en lo que su bisabuelo Mehmed II hab\u00eda fracasado. Solim\u00e1n rode\u00f3 Belgrado y empez\u00f3 a bombardearla gravemente desde una [&hellip;]<\/p>\n","protected":false},"author":1352,"featured_media":0,"parent":0,"menu_order":0,"comment_status":"open","ping_status":"open","template":"","meta":{"footnotes":""},"class_list":["post-16","page","type-page","status-publish","hentry"],"_links":{"self":[{"href":"https:\/\/blogs.ua.es\/solimanelmagnifico\/wp-json\/wp\/v2\/pages\/16","targetHints":{"allow":["GET"]}}],"collection":[{"href":"https:\/\/blogs.ua.es\/solimanelmagnifico\/wp-json\/wp\/v2\/pages"}],"about":[{"href":"https:\/\/blogs.ua.es\/solimanelmagnifico\/wp-json\/wp\/v2\/types\/page"}],"author":[{"embeddable":true,"href":"https:\/\/blogs.ua.es\/solimanelmagnifico\/wp-json\/wp\/v2\/users\/1352"}],"replies":[{"embeddable":true,"href":"https:\/\/blogs.ua.es\/solimanelmagnifico\/wp-json\/wp\/v2\/comments?post=16"}],"version-history":[{"count":25,"href":"https:\/\/blogs.ua.es\/solimanelmagnifico\/wp-json\/wp\/v2\/pages\/16\/revisions"}],"predecessor-version":[{"id":275,"href":"https:\/\/blogs.ua.es\/solimanelmagnifico\/wp-json\/wp\/v2\/pages\/16\/revisions\/275"}],"wp:attachment":[{"href":"https:\/\/blogs.ua.es\/solimanelmagnifico\/wp-json\/wp\/v2\/media?parent=16"}],"curies":[{"name":"wp","href":"https:\/\/api.w.org\/{rel}","templated":true}]}}