{"id":160,"date":"2009-12-22T13:08:34","date_gmt":"2009-12-22T11:08:34","guid":{"rendered":"https:\/\/blogs.ua.es\/solimanelmagnifico\/?page_id=160"},"modified":"2010-01-14T12:58:21","modified_gmt":"2010-01-14T10:58:21","slug":"aprender-mas-sobre-soleiman-el-magnifico","status":"publish","type":"page","link":"https:\/\/blogs.ua.es\/solimanelmagnifico\/aprender-mas-sobre-soleiman-el-magnifico\/","title":{"rendered":"Libros y Pel\u00edculas"},"content":{"rendered":"<p style=\"text-align: justify\"><span style=\"color: #000000\">Para aprender m\u00e1s sobre \u00e9ste sult\u00e1n Turco, <\/span><span style=\"color: #000000\">llamado Solim\u00e1n el Magn\u00edfico, tambi\u00e9n tenemos otros m\u00e9todos de aprendizaje.<\/span><\/p>\n<p style=\"text-align: justify\"><span style=\"color: #000000\">Aqu\u00ed dejo pel\u00edculas, v\u00eddeos, o libros que pueden ayudar a saber m\u00e1s sobre \u00e9ste personaje hist\u00f3rico.<\/span><\/p>\n<p style=\"text-align: justify\"><span style=\"color: #000000\">En primer lugar existe la pel\u00edcula\u00a0<em>Solimano il conquistatore<\/em>, de 1961, hecha en Italia y Yugoslavia. Del director Vatroslav Mimica, y Mario Tota<em>.<\/em><\/span><\/p>\n<p style=\"text-align: center\"><em><span style=\"color: #000000\"><img loading=\"lazy\" decoding=\"async\" class=\"size-full wp-image-155  aligncenter\" title=\"peli soliman\" src=\"https:\/\/blogs.ua.es\/solimanelmagnifico\/files\/2009\/12\/peli-soliman.jpg\" alt=\"peli soliman\" width=\"266\" height=\"382\" \/><\/span><\/em><\/p>\n<p style=\"text-align: justify\"><span style=\"color: #000000\">La pel\u00edcula narra<em> cuando<\/em> las tropas otomanas al mando del sult\u00e1n Solim\u00e1n el magn\u00edfico avanzan con paso firme hacia Viena. A pesar de su importancia tanto hist\u00f3rica como cultural, las numerosas incursiones militares del Imperio Otomano en Europa ha sido un terreno apenas explorado por el cine occidental m\u00e1s all\u00e1 de cierto aspecto cong\u00e9nito de uno de sus personajes m\u00e1s representativos como Dr\u00e1cula.<\/span><\/p>\n<p style=\"text-align: center\"><span style=\"color: #000000\"><img loading=\"lazy\" decoding=\"async\" class=\"size-full wp-image-154  aligncenter\" title=\"actores soliman\" src=\"https:\/\/blogs.ua.es\/solimanelmagnifico\/files\/2009\/12\/actores-soliman.jpg\" alt=\"actores soliman\" width=\"298\" height=\"451\" srcset=\"https:\/\/blogs.ua.es\/solimanelmagnifico\/files\/2009\/12\/actores-soliman.jpg 298w, https:\/\/blogs.ua.es\/solimanelmagnifico\/files\/2009\/12\/actores-soliman-198x300.jpg 198w\" sizes=\"auto, (max-width: 298px) 100vw, 298px\" \/><\/span><\/p>\n<p><span style=\"text-decoration: underline\"><span style=\"color: #000000\">Actor que interpreta a Soleiman<\/span><\/span><\/p>\n<p><span style=\"text-decoration: underline\"><span style=\"color: #000000\">\u00a0<\/span><\/span><\/p>\n<p style=\"text-align: justify\"><span style=\"color: #000000\">\u00a0<\/span><\/p>\n<p style=\"text-align: justify\"><span style=\"color: #000000\">Ahora muestro el libro llamado\u00a0 <span style=\"text-decoration: underline\">Solim\u00e1n El Magn\u00edfico<\/span>. 1495-1566, por\u00a0<\/span><span style=\"color: #000000\">Downey, Fairfax<\/span><span style=\"color: #000000\">. que se trata de la biograf\u00eda del sult\u00e1n Turco, de la editorial Joaquin Gil.<\/span><\/p>\n<p style=\"text-align: center\"><span style=\"color: #000000\"><img loading=\"lazy\" decoding=\"async\" class=\"size-full wp-image-182  aligncenter\" title=\"librooooooooooooo\" src=\"https:\/\/blogs.ua.es\/solimanelmagnifico\/files\/2009\/12\/librooooooooooooo.jpg\" alt=\"librooooooooooooo\" width=\"230\" height=\"264\" \/><\/span><\/p>\n<p>\u00a0<\/p>\n<p style=\"text-align: justify\"><span style=\"color: #000000\">Otro libro que tambi\u00e9n podemos encontrar\u00a0 es el de Andr\u00e9 Clot, <em><span style=\"text-decoration: underline\">Soliman el Magn\u00edfico, <\/span><\/em>de Emec\u00e9, 1985.<\/span><\/p>\n<p style=\"text-align: center\"><img loading=\"lazy\" decoding=\"async\" class=\"size-full wp-image-186  aligncenter\" title=\"51HAHG3SW1L__SL160_AA115_\" src=\"https:\/\/blogs.ua.es\/solimanelmagnifico\/files\/2009\/12\/51HAHG3SW1L__SL160_AA115_.jpg\" alt=\"51HAHG3SW1L__SL160_AA115_\" width=\"184\" height=\"186\" \/><\/p>\n<p>\u00a0<\/p>\n<p style=\"text-align: justify\"><span style=\"color: #000000\">El tercer libro que puede servirnos de ayuda si buscamos informaci\u00f3n sobre nuestro sult\u00e1n, es <em><span style=\"text-decoration: underline\">Solim\u00e1n el magn\u00edfico: sult\u00e1n del este<\/span>,<\/em> de Harold Lamb, de 1952.<\/span><\/p>\n<p style=\"text-align: justify\">\n<tbody><\/tbody>\n<td>\u00a0<\/td>\n<p>\u00a0<\/p>\n<p>\u00a0<\/p>\n<p>\u00a0<\/p>\n<p><span style=\"color: #000000\">Exportadora de Publicaciones Mexicanas, 1952<\/span><\/p>\n<p><img loading=\"lazy\" decoding=\"async\" class=\"aligncenter size-full wp-image-189\" title=\"img\" src=\"https:\/\/blogs.ua.es\/solimanelmagnifico\/files\/2009\/12\/img.gif\" alt=\"img\" width=\"500\" height=\"362\" srcset=\"https:\/\/blogs.ua.es\/solimanelmagnifico\/files\/2009\/12\/img.gif 500w, https:\/\/blogs.ua.es\/solimanelmagnifico\/files\/2009\/12\/img-300x217.jpg 300w\" sizes=\"auto, (max-width: 500px) 100vw, 500px\" \/><\/p>\n<p>\u00a0<\/p>\n<p style=\"text-align: justify\"><span style=\"color: #000000\">Un libro que puede resultar muy interesante, en este caso no para saber sobre nuestro sult\u00e1n, sino sobre el gran palacio Topkapi, es, <span dir=\"ltr\"><span style=\"text-decoration: underline\">El Har\u00e9n de la Sublime Puerta: vida y muerte en el palacio de Topkapi<\/span>, de Alfred Shmueli,\u00a0 editado por <span dir=\"ltr\">Planeta DeAgostini en \u00a02003.<\/span><\/span><\/span><\/p>\n<p style=\"text-align: center\"><span style=\"color: #000000\"><span dir=\"ltr\"><span dir=\"ltr\"><img loading=\"lazy\" decoding=\"async\" class=\"size-full wp-image-232  aligncenter\" title=\"2qkl0rt\" src=\"https:\/\/blogs.ua.es\/solimanelmagnifico\/files\/2009\/12\/2qkl0rt.jpg\" alt=\"2qkl0rt\" width=\"250\" height=\"391\" srcset=\"https:\/\/blogs.ua.es\/solimanelmagnifico\/files\/2009\/12\/2qkl0rt.jpg 250w, https:\/\/blogs.ua.es\/solimanelmagnifico\/files\/2009\/12\/2qkl0rt-191x300.jpg 191w\" sizes=\"auto, (max-width: 250px) 100vw, 250px\" \/><\/span><\/span><\/span><\/p>\n","protected":false},"excerpt":{"rendered":"<p>Para aprender m\u00e1s sobre \u00e9ste sult\u00e1n Turco, llamado Solim\u00e1n el Magn\u00edfico, tambi\u00e9n tenemos otros m\u00e9todos de aprendizaje. Aqu\u00ed dejo pel\u00edculas, v\u00eddeos, o libros que pueden ayudar a saber m\u00e1s sobre \u00e9ste personaje hist\u00f3rico. En primer lugar existe la pel\u00edcula\u00a0Solimano il conquistatore, de 1961, hecha en Italia y Yugoslavia. Del director Vatroslav Mimica, y Mario Tota. [&hellip;]<\/p>\n","protected":false},"author":1352,"featured_media":0,"parent":0,"menu_order":8,"comment_status":"open","ping_status":"open","template":"","meta":{"footnotes":""},"class_list":["post-160","page","type-page","status-publish","hentry"],"_links":{"self":[{"href":"https:\/\/blogs.ua.es\/solimanelmagnifico\/wp-json\/wp\/v2\/pages\/160","targetHints":{"allow":["GET"]}}],"collection":[{"href":"https:\/\/blogs.ua.es\/solimanelmagnifico\/wp-json\/wp\/v2\/pages"}],"about":[{"href":"https:\/\/blogs.ua.es\/solimanelmagnifico\/wp-json\/wp\/v2\/types\/page"}],"author":[{"embeddable":true,"href":"https:\/\/blogs.ua.es\/solimanelmagnifico\/wp-json\/wp\/v2\/users\/1352"}],"replies":[{"embeddable":true,"href":"https:\/\/blogs.ua.es\/solimanelmagnifico\/wp-json\/wp\/v2\/comments?post=160"}],"version-history":[{"count":18,"href":"https:\/\/blogs.ua.es\/solimanelmagnifico\/wp-json\/wp\/v2\/pages\/160\/revisions"}],"predecessor-version":[{"id":288,"href":"https:\/\/blogs.ua.es\/solimanelmagnifico\/wp-json\/wp\/v2\/pages\/160\/revisions\/288"}],"wp:attachment":[{"href":"https:\/\/blogs.ua.es\/solimanelmagnifico\/wp-json\/wp\/v2\/media?parent=160"}],"curies":[{"name":"wp","href":"https:\/\/api.w.org\/{rel}","templated":true}]}}