{"id":168,"date":"2009-12-29T12:42:27","date_gmt":"2009-12-29T10:42:27","guid":{"rendered":"https:\/\/blogs.ua.es\/solimanelmagnifico\/?page_id=168"},"modified":"2010-01-14T12:21:41","modified_gmt":"2010-01-14T10:21:41","slug":"bibliografia","status":"publish","type":"page","link":"https:\/\/blogs.ua.es\/solimanelmagnifico\/bibliografia\/","title":{"rendered":"Bibliograf\u00eda"},"content":{"rendered":"<p><span style=\"text-decoration: underline\"><span style=\"color: #000000\">-Introducci\u00f3n a la Historia del Imperio Otomano<\/span><\/span>.Tokatliogliu, L\u00fctf\u00fc,1999<span style=\"text-decoration: underline\"><br \/>\n<\/span><\/p>\n<p><a href=\"http:\/\/www.biografiasyvidas.com\/biografia\/s\/selim.htm\"><span style=\"color: #800080\">www.biografiasyvidas.com\/biografia\/s\/selim.htm<\/span><\/a><\/p>\n<p><a href=\"http:\/\/www.biografiasyvidas.com\/biografia\/s\/selim_i.htm\"><span style=\"color: #800080\">www.biografiasyvidas.com\/biografia\/s\/selim_i.htm<\/span><\/a><\/p>\n<p><a href=\"http:\/\/www.wilkepedia.es\/\"><span style=\"color: #800080\">www.wilkepedia.es<\/span><\/a><\/p>\n<p><a href=\"http:\/\/www.theottomans.org\/english\/family\/selim2\"><span style=\"color: #800080\">www.theottomans.org\/english\/family\/selim2<\/span><\/a><\/p>\n<p><a href=\"http:\/\/www.artehistoria.jcyl.es\/historia\/personajes\/5644.htm\"><span style=\"color: #800080\">www.artehistoria.jcyl.es\/historia\/personajes\/5644.htm<\/span><\/a><\/p>\n<p><a href=\"http:\/\/www.business-with-turkey.com\/guia-estambul\/roxelana_haren_sultan.shtml\"><span style=\"color: #800080\">www.business-with-turkey.com\/guia-estambul\/roxelana_haren_sultan.shtml<\/span><\/a><\/p>\n<p><a href=\"http:\/\/www.grupoese.com.ni\/2003\/01\/13\/crrMMM0113.htm\"><span style=\"color: #800080\">www.grupoese.com.ni\/2003\/01\/13\/crrMMM0113.htm<\/span><\/a><\/p>\n<p><a href=\"http:\/\/www.worldlingo.com\/ma\/enwiki\/es\/Suleiman_the_Magnificent\"><span style=\"color: #800080\">www.worldlingo.com\/ma\/enwiki\/es\/Suleiman_the_Magnificent<\/span><\/a><\/p>\n<p><a href=\"http:\/\/www.estambul-online.com\/palacio_topkapi.htm\"><span style=\"color: #800080\">www.estambul-online.com\/palacio_topkapi.htm<\/span><\/a><\/p>\n<p><a href=\"http:\/\/www.turquiareal.com\/palaciotopkapi.htm\"><span style=\"color: #800080\">www.turquiareal.com\/palaciotopkapi.htm<\/span><\/a><\/p>\n<p><a href=\"http:\/\/es.wikipedia.org\/wiki\/Palacio_de_Topkap%C4%B1\"><span style=\"color: #800080\">http:\/\/es.wikipedia.org\/wiki\/Palacio_de_Topkap%C4%B1<\/span><\/a><\/p>\n<p><span style=\"text-decoration: underline\"><span style=\"color: #800080\"><a href=\"http:\/\/www.todocoleccion.net\/arte-diamante-86-karat-palacio-topkapi-estambul~x257124\">www.todocoleccion.net\/arte-diamante-86-karat-palacio-topkapi-estambul~x257124<\/a><\/span><\/span><\/p>\n<p><span style=\"text-decoration: underline\"><span style=\"color: #800080\"><a href=\"http:\/\/www.embajada-hungria.org\/spanyol\/historia\/historiainicio.htm\"><span style=\"color: #800080\">www.embajada-hungria.org\/spanyol\/historia\/historiainicio.htm<\/span><\/a><\/span><\/span><\/p>\n<p><span style=\"text-decoration: underline\"><span style=\"color: #800080\">\u00a0<\/span><\/span><\/p>\n","protected":false},"excerpt":{"rendered":"<p>-Introducci\u00f3n a la Historia del Imperio Otomano.Tokatliogliu, L\u00fctf\u00fc,1999 www.biografiasyvidas.com\/biografia\/s\/selim.htm www.biografiasyvidas.com\/biografia\/s\/selim_i.htm www.wilkepedia.es www.theottomans.org\/english\/family\/selim2 www.artehistoria.jcyl.es\/historia\/personajes\/5644.htm www.business-with-turkey.com\/guia-estambul\/roxelana_haren_sultan.shtml www.grupoese.com.ni\/2003\/01\/13\/crrMMM0113.htm www.worldlingo.com\/ma\/enwiki\/es\/Suleiman_the_Magnificent www.estambul-online.com\/palacio_topkapi.htm www.turquiareal.com\/palaciotopkapi.htm http:\/\/es.wikipedia.org\/wiki\/Palacio_de_Topkap%C4%B1 www.todocoleccion.net\/arte-diamante-86-karat-palacio-topkapi-estambul~x257124 www.embajada-hungria.org\/spanyol\/historia\/historiainicio.htm \u00a0<\/p>\n","protected":false},"author":1352,"featured_media":0,"parent":0,"menu_order":8,"comment_status":"open","ping_status":"open","template":"","meta":{"footnotes":""},"class_list":["post-168","page","type-page","status-publish","hentry"],"_links":{"self":[{"href":"https:\/\/blogs.ua.es\/solimanelmagnifico\/wp-json\/wp\/v2\/pages\/168","targetHints":{"allow":["GET"]}}],"collection":[{"href":"https:\/\/blogs.ua.es\/solimanelmagnifico\/wp-json\/wp\/v2\/pages"}],"about":[{"href":"https:\/\/blogs.ua.es\/solimanelmagnifico\/wp-json\/wp\/v2\/types\/page"}],"author":[{"embeddable":true,"href":"https:\/\/blogs.ua.es\/solimanelmagnifico\/wp-json\/wp\/v2\/users\/1352"}],"replies":[{"embeddable":true,"href":"https:\/\/blogs.ua.es\/solimanelmagnifico\/wp-json\/wp\/v2\/comments?post=168"}],"version-history":[{"count":16,"href":"https:\/\/blogs.ua.es\/solimanelmagnifico\/wp-json\/wp\/v2\/pages\/168\/revisions"}],"predecessor-version":[{"id":254,"href":"https:\/\/blogs.ua.es\/solimanelmagnifico\/wp-json\/wp\/v2\/pages\/168\/revisions\/254"}],"wp:attachment":[{"href":"https:\/\/blogs.ua.es\/solimanelmagnifico\/wp-json\/wp\/v2\/media?parent=168"}],"curies":[{"name":"wp","href":"https:\/\/api.w.org\/{rel}","templated":true}]}}