{"id":192,"date":"2010-01-05T12:55:54","date_gmt":"2010-01-05T10:55:54","guid":{"rendered":"https:\/\/blogs.ua.es\/solimanelmagnifico\/?page_id=192"},"modified":"2010-01-14T12:56:02","modified_gmt":"2010-01-14T10:56:02","slug":"palacio-topkapi","status":"publish","type":"page","link":"https:\/\/blogs.ua.es\/solimanelmagnifico\/palacio-topkapi\/","title":{"rendered":"Palacio Topkapi"},"content":{"rendered":"<p style=\"text-align: center\"><span style=\"color: #000000\"><img loading=\"lazy\" decoding=\"async\" class=\"size-full wp-image-200  aligncenter\" title=\"palacio-topkapi\" src=\"https:\/\/blogs.ua.es\/solimanelmagnifico\/files\/2010\/01\/palacio-topkapi.jpg\" alt=\"palacio-topkapi\" width=\"300\" height=\"300\" srcset=\"https:\/\/blogs.ua.es\/solimanelmagnifico\/files\/2010\/01\/palacio-topkapi.jpg 300w, https:\/\/blogs.ua.es\/solimanelmagnifico\/files\/2010\/01\/palacio-topkapi-150x150.jpg 150w\" sizes=\"auto, (max-width: 300px) 100vw, 300px\" \/><\/span><\/p>\n<p style=\"text-align: justify\"><span style=\"color: #000000\">El Palacio de Topkap\u0131 literalmente el &#8216;Palacio de la Puerta de los Ca\u00f1ones, situado en <\/span><span style=\"color: #000000\">Estambul<\/span><span style=\"color: #000000\">, fue el centro administrativo del <\/span><span style=\"color: #000000\">Imperio otomano<\/span><span style=\"color: #000000\"> desde <\/span><span style=\"color: #000000\">1845<\/span><span style=\"color: #000000\"> hasta <\/span><span style=\"color: #000000\">1853<\/span><span style=\"color: #000000\">. Es el palacio m\u00e1s visitado de Turqu\u00eda y uno de los m\u00e1s visitados de Europa con unos 1.5 millones de visitantes al a\u00f1o.<\/span><\/p>\n<p style=\"text-align: justify\"><span style=\"color: #000000\">Despu\u00e9s de la toma de Estambul, Fatih Sult\u00e1n Mehmet durante un tiempo residi\u00f3 en un palacio bastante peque\u00f1o en Beyazit cerca del Gran Bazar, y entre el a\u00f1o 1475 y 1478 orden\u00f3 construir encima de las ruinas de una ciudad romana los edificios que ser\u00edan las ra\u00edces del palacio de Topkapi. En los siglos posteriores, todos los sultanes enriquecieron y ampliaron el palacio con nuevas construcciones hasta el siglo XIX en que lo abandonaron.El palacio est\u00e1 situado entre el <\/span><span style=\"color: #000000\">Cuerno de Oro<\/span><span style=\"color: #000000\"> y el <\/span><span style=\"color: #000000\">Mar de M\u00e1rmara<\/span><span style=\"color: #000000\">, y desde \u00e9l se tiene una espl\u00e9ndida vista del <\/span><span style=\"color: #000000\">B\u00f3sforo<\/span><span style=\"color: #000000\">. Est\u00e1 formado por muchos peque\u00f1os edificios construidos juntos y rodeados por cuatro patios.<\/span><\/p>\n<p style=\"text-align: justify\"><span style=\"color: #000000\">El palacio est\u00e1 construido siguiendo las normas de la arquitectura seglar turca, siendo su m\u00e1ximo ejemplo. Es un entramado complejo de edificios, unidos por patios o jardines siendo la superficie total del complejo de 700.000 m\u00b2, rodeados por una muralla bizantina.<\/span><\/p>\n<p style=\"text-align: justify\"><span style=\"color: #000000\">En la entrada encontramos la <\/span><span style=\"color: #000000\">Puerta imperial<\/span><span style=\"color: #000000\"> (<em>Bab-\u0399 H\u00fcmayun<\/em>), en el primer patio tenemos la puerta de la Acogida, y en \u00a0el segundo patio est\u00e1 el <\/span><span style=\"color: #000000\">Patio de ceremonias<\/span><span style=\"color: #000000\">, los <\/span><span style=\"color: #000000\">Establos reales<\/span><span style=\"color: #000000\">, el <\/span><span style=\"color: #000000\">Consejo privado<\/span><span style=\"color: #000000\">, la \u00a0<\/span><span style=\"color: #000000\">Colecci\u00f3n de armas<\/span><span style=\"color: #000000\"> , la Mezquita de personal de la cocina , el Patio de las cocinas , las <\/span><a title=\"Palacio de Topkap\u0131\" href=\"http:\/\/es.wikipedia.org\/wiki\/Palacio_de_Topkap%C4%B1#Cocinas_reales\"><span style=\"color: #000000\">Cocinas reales<\/span><\/a><span style=\"color: #000000\"> , la Colecci\u00f3n porcelana europea y orfebrer\u00eda en plata , la Puerta de los <\/span><span style=\"color: #000000\">eunucos<\/span><span style=\"color: #000000\"> blancos, y las Habitaciones de los eunucos blancos .<\/span><\/p>\n<p style=\"text-align: center\"><span style=\"color: #000000\"><img loading=\"lazy\" decoding=\"async\" class=\"size-full wp-image-196  aligncenter\" title=\"entrada al palacio\" src=\"https:\/\/blogs.ua.es\/solimanelmagnifico\/files\/2010\/01\/entrada-al-palacio.jpg\" alt=\"entrada al palacio\" width=\"372\" height=\"477\" \/><\/span><\/p>\n<p style=\"text-align: center\"><span style=\"color: #000000\"><span style=\"text-decoration: underline\">Entrada al palacio<\/span><\/span><\/p>\n<p style=\"text-align: justify\"><span style=\"color: #000000\">En el tercer patio encontramos nueve estancias: Sal\u00f3n de la audiencia (<em>Arz Odasi<\/em>), la Biblioteca de <\/span><span style=\"color: #000000\">Ahmed III<\/span><span style=\"color: #000000\">, la \u00a0Mezquita de los Aghas Blancos, el \u00a0Colegio de los pajes exploradores, el <\/span><span style=\"color: #000000\">Tesoro<\/span><span style=\"color: #000000\">, el cual es uno de los m\u00e1s espectaculares del mundo. Las piezas provienen de diferentes caminos, como regalos por mandatarios extranjeros, joyas de los diferentes sultanes, botines de guerra o herencias, y se encuentra expuesto \u00a0a lo largo de cuatro salas, a continuaci\u00f3n la Residencia director museo, la Colecci\u00f3n caligraf\u00eda, miniaturas y retratos, y la \u00a0Colecci\u00f3n relojes Reliquias sagradas<\/span><\/p>\n<p style=\"text-align: justify\"><span style=\"color: #000000\"><img loading=\"lazy\" decoding=\"async\" class=\"aligncenter size-full wp-image-198\" title=\"entrada al harem\" src=\"https:\/\/blogs.ua.es\/solimanelmagnifico\/files\/2010\/01\/entrada-al-harem.jpg\" alt=\"entrada al harem\" width=\"319\" height=\"323\" \/><\/span><\/p>\n<p style=\"text-align: center\"><span style=\"color: #000000\"><span style=\"text-decoration: underline\">Entrada al Harem<\/span><\/span><\/p>\n<p style=\"text-align: justify\"><span style=\"color: #000000\">Por \u00faltimo en el cuarto patio se sit\u00faan, la mezquita, el pabell\u00f3n ornamentado, la residencia del m\u00e9dico, el pabell\u00f3n del zagu\u00e1n, el pabell\u00f3n de Revan, el pabell\u00f3n de Bagdad, el pabell\u00f3n de la circuncisi\u00f3n, y el p\u00f3rtico de Iftar<\/span><\/p>\n<p style=\"text-align: justify\"><span style=\"color: #000000\">A continuaci\u00f3n encontramos el El har\u00e9n, que en contradicci\u00f3n a la creencia com\u00fan, el har\u00e9n del Palacio Topkap\u0131 no era necesariamente una parte por si misma de las dependencias de la corte otomana en la Punta del Serrallo y sus habitantes no necesariamente constaban \u00fanicamente de mujeres con quien el soberano o sult\u00e1n en este caso podr\u00eda tener o no relaciones sexuales, el har\u00e9n otomano era la zona del palacio prohibida a otros hombres, en la que habitaban varios cientos de mujeres incluyendo criadas, la madre del sult\u00e1n, hijas y otros parientes femeninos, sus esposas, as\u00ed como eunucos y esclavas que serv\u00edan a las mujeres ya mencionadas, pero que no todos sus miembros ten\u00edan intimas relaciones con el sult\u00e1n otomano por lo que el n\u00famero de concubinas u odaliscas y sus funciones se ha exagerado en exceso debido a que la instituci\u00f3n del har\u00e9n ejerci\u00f3 una cierta fascinaci\u00f3n en la imaginaci\u00f3n europea, sobre todo durante la \u00e9poca de mayor influencia del Orientalismo y Romanticismo.<\/span><\/p>\n<p style=\"text-align: justify\"><span style=\"color: #000000\">Por \u00faltimo est\u00e1n los edificios situados en la muralla del palacio:<\/span><\/p>\n<p style=\"text-align: justify\"><span style=\"color: #000000\">Pabell\u00f3n de la ribera (<em>Yali K\u00f6\u015fk\u00fc<\/em>)<\/span><\/p>\n<p style=\"text-align: justify\"><span style=\"color: #000000\">Pabell\u00f3n de mimbre (<em>Sepet\u00e7iler K\u00f6\u015fk\u00fc<\/em>)<\/span><\/p>\n<p style=\"text-align: justify\"><span style=\"color: #000000\">Palacio mar\u00edtimo de Topkap\u0131 (<em>Topkap\u0131 Sahil Saray\u0131<\/em>)<\/span><\/p>\n<p style=\"text-align: justify\"><span style=\"color: #000000\">Pabell\u00f3n de perlas (<em>Incili K\u00f6\u015fk<\/em>)<\/span><\/p>\n<p style=\"text-align: justify\"><span style=\"color: #000000\">Puerta de Tokapi<\/span><\/p>\n<p style=\"text-align: justify\"><span style=\"color: #000000\">Puerta de Balikhane<\/span><\/p>\n","protected":false},"excerpt":{"rendered":"<p>El Palacio de Topkap\u0131 literalmente el &#8216;Palacio de la Puerta de los Ca\u00f1ones, situado en Estambul, fue el centro administrativo del Imperio otomano desde 1845 hasta 1853. Es el palacio m\u00e1s visitado de Turqu\u00eda y uno de los m\u00e1s visitados de Europa con unos 1.5 millones de visitantes al a\u00f1o. Despu\u00e9s de la toma de [&hellip;]<\/p>\n","protected":false},"author":1352,"featured_media":0,"parent":0,"menu_order":7,"comment_status":"open","ping_status":"open","template":"","meta":{"footnotes":""},"class_list":["post-192","page","type-page","status-publish","hentry"],"_links":{"self":[{"href":"https:\/\/blogs.ua.es\/solimanelmagnifico\/wp-json\/wp\/v2\/pages\/192","targetHints":{"allow":["GET"]}}],"collection":[{"href":"https:\/\/blogs.ua.es\/solimanelmagnifico\/wp-json\/wp\/v2\/pages"}],"about":[{"href":"https:\/\/blogs.ua.es\/solimanelmagnifico\/wp-json\/wp\/v2\/types\/page"}],"author":[{"embeddable":true,"href":"https:\/\/blogs.ua.es\/solimanelmagnifico\/wp-json\/wp\/v2\/users\/1352"}],"replies":[{"embeddable":true,"href":"https:\/\/blogs.ua.es\/solimanelmagnifico\/wp-json\/wp\/v2\/comments?post=192"}],"version-history":[{"count":8,"href":"https:\/\/blogs.ua.es\/solimanelmagnifico\/wp-json\/wp\/v2\/pages\/192\/revisions"}],"predecessor-version":[{"id":285,"href":"https:\/\/blogs.ua.es\/solimanelmagnifico\/wp-json\/wp\/v2\/pages\/192\/revisions\/285"}],"wp:attachment":[{"href":"https:\/\/blogs.ua.es\/solimanelmagnifico\/wp-json\/wp\/v2\/media?parent=192"}],"curies":[{"name":"wp","href":"https:\/\/api.w.org\/{rel}","templated":true}]}}