{"id":237,"date":"2010-01-14T12:00:44","date_gmt":"2010-01-14T10:00:44","guid":{"rendered":"https:\/\/blogs.ua.es\/solimanelmagnifico\/?page_id=237"},"modified":"2010-01-14T12:22:52","modified_gmt":"2010-01-14T10:22:52","slug":"batalla-de-mohacs","status":"publish","type":"page","link":"https:\/\/blogs.ua.es\/solimanelmagnifico\/batalla-de-mohacs\/","title":{"rendered":"Batalla de Moh\u00e1cs"},"content":{"rendered":"<p><span style=\"color: #000000\">La Batalla de Moh\u00e1cs, supuso la derrota del ej\u00e9rcito h\u00fangaro, a las \u00f3rdenes del joven rey Luis II de Hungr\u00eda, a manos del ej\u00e9rcito otomano, bajo el mando del sult\u00e1n Solim\u00e1n el Magn\u00edfico, y que tuvo lugar el 29 de agosto de 1526 a 170 km al sur de Budapest, Hungr\u00eda, en Moh\u00e1cs.<\/span><\/p>\n<p style=\"text-align: center\"><span style=\"color: #000000\"><img loading=\"lazy\" decoding=\"async\" class=\"size-full wp-image-238    aligncenter\" title=\"mort than\" src=\"https:\/\/blogs.ua.es\/solimanelmagnifico\/files\/2010\/01\/mort-than.jpg\" alt=\"mort than\" width=\"450\" height=\"225\" srcset=\"https:\/\/blogs.ua.es\/solimanelmagnifico\/files\/2010\/01\/mort-than.jpg 450w, https:\/\/blogs.ua.es\/solimanelmagnifico\/files\/2010\/01\/mort-than-300x150.jpg 300w\" sizes=\"auto, (max-width: 450px) 100vw, 450px\" \/><\/span><\/p>\n<p style=\"text-align: center\"><span style=\"color: #000000\"><span style=\"text-decoration: underline\">Batalla de Moh\u00e1cs,<\/span> M\u00f3r Than. 1856<\/span><\/p>\n<p style=\"text-align: justify\"><span style=\"color: #000000\">Tras las tensiones entre Hungr\u00eda y el Imperio otomano, Solim\u00e1n exigi\u00f3 el pago de tributos al reino de Hungr\u00eda como prevenci\u00f3n y cuando \u00e9sta se neg\u00f3 y desafi\u00f3, avanz\u00f3 hacia el norte con un ej\u00e9rcito formado entre 70 mil y 80 mil soldados, dirigido personalmente por el propio sult\u00e1n, tomando Belgrado y alcanzando la frontera h\u00fangara. Luis II reuni\u00f3 a un ej\u00e9rcito de igual o mayor n\u00famero, y en vez de esperar los \u00faltimos refuerzos de Croacia y Transilvania, avanz\u00f3 hacia el sur desde Buda.<br \/>\nLos h\u00fangaros escogieron el terreno de batalla, una planicie abierta que terminaba en el Danubio con algunas zonas pantanosas. Los turcos avanzaron sin encontrar oposici\u00f3n y asediaron ciudades y cruzaron los r\u00edos Sava y Drava mientras Luis II aguardaba en Buda.<\/span><\/p>\n<p style=\"text-align: justify\"><span style=\"color: #000000\">La batalla apenas dur\u00f3 dos horas. Las fuerzas h\u00fangaras fueron pr\u00e1cticamente aniquiladas y el mismo rey muri\u00f3 en la batalla. Las bajas fueron de 21.000 soldados h\u00fangaros y 12.000 otomanos. Las consecuencias para Hungr\u00eda fueron desastrosas. Despu\u00e9s de doce a\u00f1os de guerra civil, todo el pa\u00eds fue absorbido por el Imperio Turco; s\u00f3lo el tercio oriental, incluida Transilvania, mantuvo cierta autonom\u00eda. La monarqu\u00eda h\u00fangara fue destruida, y Fernando I, hermano de Carlos V y heredero del Sacro Imperio Romano Germ\u00e1nico, fue nombrado monarca de la parte de Hungr\u00eda que hab\u00edan dejado los turcos, y de Bohemia, que permaneci\u00f3 intacta. Desde entonces el Imperio Otomano se instala en Hungr\u00eda del Sur y se convierte en una grave amenaza para Viena, yello marca el fin del reino h\u00fangaro, ya que los Magiares, deseando nombrar como rey al se\u00f1or Iv\u00e1n Zapolya, terminar\u00e1n por aceptar a Fernando I de la casa de los Habsburgo.<\/span><\/p>\n<p style=\"text-align: justify\"><span style=\"color: #000000\">El rey h\u00fangaro, Luis II morir\u00eda ahogado en un arroyo crecido mientras intentaba huir.<\/span><\/p>\n<p><span style=\"color: #000000\">\u00a0<\/span><\/p>\n","protected":false},"excerpt":{"rendered":"<p>La Batalla de Moh\u00e1cs, supuso la derrota del ej\u00e9rcito h\u00fangaro, a las \u00f3rdenes del joven rey Luis II de Hungr\u00eda, a manos del ej\u00e9rcito otomano, bajo el mando del sult\u00e1n Solim\u00e1n el Magn\u00edfico, y que tuvo lugar el 29 de agosto de 1526 a 170 km al sur de Budapest, Hungr\u00eda, en Moh\u00e1cs. Batalla de [&hellip;]<\/p>\n","protected":false},"author":1352,"featured_media":0,"parent":0,"menu_order":4,"comment_status":"open","ping_status":"open","template":"","meta":{"footnotes":""},"class_list":["post-237","page","type-page","status-publish","hentry"],"_links":{"self":[{"href":"https:\/\/blogs.ua.es\/solimanelmagnifico\/wp-json\/wp\/v2\/pages\/237","targetHints":{"allow":["GET"]}}],"collection":[{"href":"https:\/\/blogs.ua.es\/solimanelmagnifico\/wp-json\/wp\/v2\/pages"}],"about":[{"href":"https:\/\/blogs.ua.es\/solimanelmagnifico\/wp-json\/wp\/v2\/types\/page"}],"author":[{"embeddable":true,"href":"https:\/\/blogs.ua.es\/solimanelmagnifico\/wp-json\/wp\/v2\/users\/1352"}],"replies":[{"embeddable":true,"href":"https:\/\/blogs.ua.es\/solimanelmagnifico\/wp-json\/wp\/v2\/comments?post=237"}],"version-history":[{"count":10,"href":"https:\/\/blogs.ua.es\/solimanelmagnifico\/wp-json\/wp\/v2\/pages\/237\/revisions"}],"predecessor-version":[{"id":255,"href":"https:\/\/blogs.ua.es\/solimanelmagnifico\/wp-json\/wp\/v2\/pages\/237\/revisions\/255"}],"wp:attachment":[{"href":"https:\/\/blogs.ua.es\/solimanelmagnifico\/wp-json\/wp\/v2\/media?parent=237"}],"curies":[{"name":"wp","href":"https:\/\/api.w.org\/{rel}","templated":true}]}}