{"id":40,"date":"2009-11-02T11:38:11","date_gmt":"2009-11-02T09:38:11","guid":{"rendered":"https:\/\/blogs.ua.es\/solimanelmagnifico\/?page_id=40"},"modified":"2009-11-03T11:40:58","modified_gmt":"2009-11-03T09:40:58","slug":"labores-administrativas","status":"publish","type":"page","link":"https:\/\/blogs.ua.es\/solimanelmagnifico\/labores-administrativas\/","title":{"rendered":"Labores administrativas"},"content":{"rendered":"<p style=\"text-align: justify\"><span style=\"color: #000000\">Como se hab\u00eda comentado en los apartados anteriores, a Soleiman se le llam\u00f3 en occidente <em>Kanuni<\/em> o \u00abel legislador\u00bb, ya que no s\u00f3lo fue un gran estratega, un hombre de espada, como su padre y su abuelo, \u00e9l se distingu\u00eda de ellos en que era tambi\u00e9n un hombre de pluma, y logr\u00f3 reformar y mejorar la administraci\u00f3n de su pa\u00eds. La ley del imperio se basaba en la <\/span><a href=\"http:\/\/wapedia.mobi\/es\/Shari%27ah\"><span style=\"color: #000000\">Shari&#8217;ah<\/span><\/a><span style=\"color: #000000\">, que, al ser la ley divina del islam, estaba fuera de la jurisdicci\u00f3n del Sult\u00e1n. Pero un \u00e1rea de la legislaci\u00f3n, conocida como el <em>Kanuns<\/em> si depend\u00eda del deseo del sult\u00e1n. La <em>Kanuns<\/em> cubr\u00eda \u00e1reas como la ley criminal, la tenencia de tierras y la tasaci\u00f3n.\u00a0 En este contexto Suleiman trat\u00f3 de reformar la legislaci\u00f3n para adaptarla a un imperio cambiante.<\/span><\/p>\n<p style=\"text-align: justify\"><span style=\"color: #000000\">Siu Kanune Raya, reform\u00f3 los impuestos y las tasas a pagar por los Rayas, elevando su estatus hasta el punto en el que los cristianos emigraban a los territorios turcos para beneficiarse de las reformas.\u00a0 Adem\u00e1s, Suleiman promulg\u00f3 nuevas legislaciones criminales, prescribiendo un conjunto de multas para ofensas espec\u00edficas, as\u00ed como reduciendo los casos que se castigaban con la muerte o la mutilaci\u00f3n. En el \u00e1rea de la tasaci\u00f3n, las tasas se impon\u00edan a varios bienes y productos, como animales, minas, productos del comercio, importaci\u00f3n y deberes de exportaci\u00f3n. Adem\u00e1s de las tasas, los oficiales que hab\u00edan perdido su reputaci\u00f3n era probable que perdieran sus propiedades a manos del sult\u00e1n.<\/span><\/p>\n<p style=\"text-align: justify\"><span style=\"color: #000000\">Otra \u00e1rea importante para el Sult\u00e1n, fue la educaci\u00f3n. Las escuelas religiosas adjuntas a las mezquitas obten\u00edan sus fondos de fundaciones religiosas, lo que proporcionaba una educaci\u00f3n casi gratis para los muchachos musulmanes, en lo que el Imperio Otomano aventajaba a los pa\u00edses cristianos de la \u00e9poca. En la capital increment\u00f3 el n\u00famero de mektebs, escuelas a catorce. En ellas se ense\u00f1aba a los ni\u00f1os a leer, escribir y los principios del islam. Los ni\u00f1os que deseaban recibir m\u00e1s educaci\u00f3n pod\u00edan entrar en una de las ocho <\/span><a href=\"http:\/\/wapedia.mobi\/es\/Madraza\" target=\"_blank\"><span style=\"color: #000000\">madrazas<\/span><\/a><span style=\"color: #000000\">, que les instru\u00edan en gram\u00e1tica, sintaxis, l\u00f3gica, metaf\u00edsica, filosof\u00eda, estil\u00edstica, geometr\u00eda, astronom\u00eda y astrolog\u00eda. Las madrazas proporcionaban una educaci\u00f3n de categor\u00eda universitaria, cuyos graduados pod\u00edan ser imanes o profesores. Los centros educativos sol\u00edan ser uno de tantos edificios que rodeaban las mezquitas. Otros de estos edificios eran las bibliotecas, refectorios, fuentes, cocinas y hospitales p\u00fablicos.<\/span><\/p>\n<p style=\"text-align: justify\"><span style=\"color: #000000\">Suleiman fue reconocido como un gobernante justo, con \u00e9l, las leyes Kanun llegaron a su forma final y el c\u00f3digo de las leyes pas\u00f3 a llamarse <em>kanun-i Osmanl\u0131<\/em>, o \u201cleyes\u201d<\/span><\/p>\n","protected":false},"excerpt":{"rendered":"<p>Como se hab\u00eda comentado en los apartados anteriores, a Soleiman se le llam\u00f3 en occidente Kanuni o \u00abel legislador\u00bb, ya que no s\u00f3lo fue un gran estratega, un hombre de espada, como su padre y su abuelo, \u00e9l se distingu\u00eda de ellos en que era tambi\u00e9n un hombre de pluma, y logr\u00f3 reformar y mejorar [&hellip;]<\/p>\n","protected":false},"author":1352,"featured_media":0,"parent":0,"menu_order":0,"comment_status":"open","ping_status":"open","template":"","meta":{"footnotes":""},"class_list":["post-40","page","type-page","status-publish","hentry"],"_links":{"self":[{"href":"https:\/\/blogs.ua.es\/solimanelmagnifico\/wp-json\/wp\/v2\/pages\/40","targetHints":{"allow":["GET"]}}],"collection":[{"href":"https:\/\/blogs.ua.es\/solimanelmagnifico\/wp-json\/wp\/v2\/pages"}],"about":[{"href":"https:\/\/blogs.ua.es\/solimanelmagnifico\/wp-json\/wp\/v2\/types\/page"}],"author":[{"embeddable":true,"href":"https:\/\/blogs.ua.es\/solimanelmagnifico\/wp-json\/wp\/v2\/users\/1352"}],"replies":[{"embeddable":true,"href":"https:\/\/blogs.ua.es\/solimanelmagnifico\/wp-json\/wp\/v2\/comments?post=40"}],"version-history":[{"count":5,"href":"https:\/\/blogs.ua.es\/solimanelmagnifico\/wp-json\/wp\/v2\/pages\/40\/revisions"}],"predecessor-version":[{"id":48,"href":"https:\/\/blogs.ua.es\/solimanelmagnifico\/wp-json\/wp\/v2\/pages\/40\/revisions\/48"}],"wp:attachment":[{"href":"https:\/\/blogs.ua.es\/solimanelmagnifico\/wp-json\/wp\/v2\/media?parent=40"}],"curies":[{"name":"wp","href":"https:\/\/api.w.org\/{rel}","templated":true}]}}