{"id":42,"date":"2009-11-02T11:39:02","date_gmt":"2009-11-02T09:39:02","guid":{"rendered":"https:\/\/blogs.ua.es\/solimanelmagnifico\/?page_id=42"},"modified":"2010-01-14T12:57:17","modified_gmt":"2010-01-14T10:57:17","slug":"contexto-historico","status":"publish","type":"page","link":"https:\/\/blogs.ua.es\/solimanelmagnifico\/contexto-historico\/","title":{"rendered":"Contexto Hist\u00f3rico"},"content":{"rendered":"<p style=\"text-align: justify\"><span style=\"color: #000000\">El nombre del imperio otomano deriva de su fundador, el guerrero musulm\u00e1n turco Osm\u00e1n (o Utm\u00e1n I Gazi), que estableci\u00f3 la dinast\u00eda que rigi\u00f3 el Imperio durante su historia.<br \/>\nEl Imperio turco dur\u00f3 aproximadamente desde 1300 hasta 1922, y durante su mayor extensi\u00f3n territorial abarc\u00f3 tres continentes, desde Hungr\u00eda al norte hasta Ad\u00e9n al sur, y desde Argelia al oeste hasta la frontera iran\u00ed al este. A trav\u00e9s del Estado vasallo del kanato de Crimea, el poder otomano tambi\u00e9n se expandi\u00f3 por Ucrania y por el sur de Rusia.<br \/>\nSolim\u00e1n I el Magn\u00edfico,el cual subi\u00f3 al poder en 1520, normalmente es considerado como el mejor de los gobernantes otomanos. Durante su reinado Irak fue a\u00f1adido al Imperio, se estableci\u00f3 el control otomano al este del Mediterr\u00e1neo, y, a trav\u00e9s de la anexi\u00f3n de Argel y de las actividades de los corsarios de Berber\u00eda, el poder otomano fue empujado hacia el oeste del Mediterr\u00e1neo. Tambi\u00e9n Solim\u00e1n llev\u00f3 a los ej\u00e9rcitos otomanos hasta Europa. <\/span><\/p>\n<p style=\"text-align: justify\"><span style=\"color: #000000\">Mientras todo esto suced\u00eda en el Imperio otomano, en Europa, el siglo XV supuso su gran despertar. Tanto en Francia, Espa\u00f1a o Inglaterra, durante el siglo XV se formaron poderosas naciones, con nuevos monarcas, pero tambi\u00e9n con problemas pol\u00edticos.<br \/>\nPor otro lado la iglesia Cat\u00f3lica perd\u00eda poder por la corrupci\u00f3n, y sus conflictos internos, y adem\u00e1s por el surgimiento de lo cient\u00edfico, y filos\u00f3fico, del movimiento renacentista.<br \/>\nTambi\u00e9n es importante mencionar la reforma llevada a cabo en 1517 por <a href=\"http:\/\/es.wikipedia.org\/wiki\/Mart%C3%ADn_Lutero\" target=\"_blank\">Martin Lutero<\/a>, lo que desencaden\u00f3 guerras y persecuciones con enromes implicaciones para Europa.<br \/>\nEn Europa Central, polacos, lituanos, y h\u00fangaros, adoptaron la tolerancia religiosa entre los cat\u00f3licos, protestantes, ortodoxos y jud\u00edos. Tambi\u00e9n los <a href=\"http:\/\/es.wikipedia.org\/wiki\/Reyes_catolicos\" target=\"_blank\">reyes cat\u00f3licos<\/a> Isabel de Castilla y Fernando de Arag\u00f3n estaban muy preocupados por la extinci\u00f3n de su religi\u00f3n por lo que tomaron medidas cautelarias y as\u00ed lograr que su religi\u00f3n no se extinguiera.<br \/>\nPero sin olvidar el gran paso que dieron los nav\u00edos de Europa, surcando los mares del mundo en busca de rutas comerciales, y socios, desde el siglo XV, hasta el siglo XVII, descubriendo por el camino nuevos territorios.<br \/>\nCon la llegada del siglo XVI, el llamado siglo de las artes, llegaron grandes acontecimientos como la aparici\u00f3n de las reformas protestantes, y la contrareforma cat\u00f3lica con el <a href=\"http:\/\/es.wikipedia.org\/wiki\/Concilio_de_trento\" target=\"_blank\">Concilio de Trento,<\/a> y la <a href=\"http:\/\/es.wikipedia.org\/wiki\/Compa%C3%B1ia_de_Jesus\" target=\"_blank\">Compa\u00f1\u00eda de Jes\u00fas.<\/a><br \/>\nCon la llegada de oro y plata, tras el descubrimiento de Am\u00e9rica, en el siglo anterior, (1492), se form\u00f3 revoluci\u00f3n de los precios. durante el siglo XVI se conquista gran parte de Am\u00e9rica, se asume la divisi\u00f3n religiosa de Alemania, y la independencia de los estados alemanes pertenecientes al sacro imperio. Se establece la divisi\u00f3n de los Habsburgos entre los Austrias y los de Espa\u00f1a, mientras que por otra parte se establece una uni\u00f3n din\u00e1stica entre Espa\u00f1a y Portugal.<br \/>\nInglaterra pasa a ser aliada de Espa\u00f1a, y Francia pasa a ser su principal rival, protagonizando encuentros como la <a href=\"http:\/\/es.wikipedia.org\/wiki\/Batalla_de_pavia\" target=\"_blank\">Batalla de Pav\u00eda <\/a>en 1525, y el <a href=\"http:\/\/es.wikipedia.org\/wiki\/Saco_de_Roma\" target=\"_blank\">Saco de Roma<\/a> en 1527.<br \/>\nCon la revuelta de Flandes da comienzo a la <a href=\"http:\/\/es.wikipedia.org\/wiki\/Guerra_de_los_ochenta_a%C3%B1os\" target=\"_blank\">Guerra de los ochenta A\u00f1os<\/a>, que terminar\u00e1 con la independencia de Holanda. Se proclama la Rep\u00fablica Federal y Aristocr\u00e1tica de Polonia y Lituania en 1573.<br \/>\nDurante este siglo, Solim\u00e1n el Magn\u00edfico, comparte \u00e9poca con grandes personajes como <a href=\"http:\/\/es.wikipedia.org\/wiki\/Ivan_el_terrible\" target=\"_blank\">Iv\u00e1n el Terrible<\/a>, el cual aumenta considerablemente el poder de los zares y la extensi\u00f3n de Rusia, o con <a href=\"http:\/\/es.wikipedia.org\/wiki\/Miguel_Angel\" target=\"_blank\">Miguel \u00c1ngel<\/a>, escultor, arquitecto y pintor italiano renacentista, considerado uno de los m\u00e1s grandes artistas de la historia<\/span><\/p>\n<p style=\"text-align: justify\"><span style=\"color: #000000\"><img loading=\"lazy\" decoding=\"async\" class=\"size-full wp-image-109 alignnone\" src=\"https:\/\/blogs.ua.es\/solimanelmagnifico\/files\/2009\/11\/piedad.jpg\" alt=\"piedad\" width=\"430\" height=\"534\" \/><\/span><\/p>\n<p style=\"text-align: center\"><span style=\"color: #000000\"><em><span style=\"text-decoration: underline\">La piedad<\/span><\/em>, obra de Miguel \u00c1ngel<\/span><\/p>\n<p style=\"text-align: center\">\u00a0<\/p>\n<p style=\"text-align: center\"><img loading=\"lazy\" decoding=\"async\" class=\"size-full wp-image-108  aligncenter\" src=\"https:\/\/blogs.ua.es\/solimanelmagnifico\/files\/2009\/11\/ivan.jpg\" alt=\"ivan\" width=\"237\" height=\"545\" \/><\/p>\n<p style=\"text-align: center\"><span style=\"text-decoration: underline\"><span style=\"color: #000000\">\u00a0Iv\u00e1n el Terrible<\/span><\/span><\/p>\n","protected":false},"excerpt":{"rendered":"<p>El nombre del imperio otomano deriva de su fundador, el guerrero musulm\u00e1n turco Osm\u00e1n (o Utm\u00e1n I Gazi), que estableci\u00f3 la dinast\u00eda que rigi\u00f3 el Imperio durante su historia. El Imperio turco dur\u00f3 aproximadamente desde 1300 hasta 1922, y durante su mayor extensi\u00f3n territorial abarc\u00f3 tres continentes, desde Hungr\u00eda al norte hasta Ad\u00e9n al sur, [&hellip;]<\/p>\n","protected":false},"author":1352,"featured_media":0,"parent":0,"menu_order":5,"comment_status":"open","ping_status":"open","template":"","meta":{"footnotes":""},"class_list":["post-42","page","type-page","status-publish","hentry"],"_links":{"self":[{"href":"https:\/\/blogs.ua.es\/solimanelmagnifico\/wp-json\/wp\/v2\/pages\/42","targetHints":{"allow":["GET"]}}],"collection":[{"href":"https:\/\/blogs.ua.es\/solimanelmagnifico\/wp-json\/wp\/v2\/pages"}],"about":[{"href":"https:\/\/blogs.ua.es\/solimanelmagnifico\/wp-json\/wp\/v2\/types\/page"}],"author":[{"embeddable":true,"href":"https:\/\/blogs.ua.es\/solimanelmagnifico\/wp-json\/wp\/v2\/users\/1352"}],"replies":[{"embeddable":true,"href":"https:\/\/blogs.ua.es\/solimanelmagnifico\/wp-json\/wp\/v2\/comments?post=42"}],"version-history":[{"count":7,"href":"https:\/\/blogs.ua.es\/solimanelmagnifico\/wp-json\/wp\/v2\/pages\/42\/revisions"}],"predecessor-version":[{"id":287,"href":"https:\/\/blogs.ua.es\/solimanelmagnifico\/wp-json\/wp\/v2\/pages\/42\/revisions\/287"}],"wp:attachment":[{"href":"https:\/\/blogs.ua.es\/solimanelmagnifico\/wp-json\/wp\/v2\/media?parent=42"}],"curies":[{"name":"wp","href":"https:\/\/api.w.org\/{rel}","templated":true}]}}