{"id":44,"date":"2009-11-02T11:39:35","date_gmt":"2009-11-02T09:39:35","guid":{"rendered":"https:\/\/blogs.ua.es\/solimanelmagnifico\/?page_id=44"},"modified":"2010-01-14T12:56:40","modified_gmt":"2010-01-14T10:56:40","slug":"personajes-historicos","status":"publish","type":"page","link":"https:\/\/blogs.ua.es\/solimanelmagnifico\/personajes-historicos\/","title":{"rendered":"Personajes Hist\u00f3ricos que rodearon a Solim\u00e1n"},"content":{"rendered":"<p style=\"text-align: center\"><span style=\"color: #800080\">\u00a0<strong>ROXELANA\u00a0<\/strong><\/span><\/p>\n<p style=\"text-align: justify\"><span style=\"color: #000000\">Fueron varios los personajes que rodearon a Solim\u00e1n el Magn\u00edfico\u00a0 a lo largo de su vida. En primer lugar tenemos a\u00a0 su mujer\u00a0<\/span><span style=\"color: #000000\">\u00a0<span style=\"text-decoration: underline\"><span style=\"color: #0000ff\">Roxelana <\/span><\/span>, tambi\u00e9n conocida como, Roxelane, Rossa, Ruziac, pero m\u00e1s a menudo conocida por su nombre turco de Khourrem (o H\u00fcrrem), lo que significa <em>la risa.<\/em><\/span><\/p>\n<p style=\"text-align: justify\"><span style=\"color: #000000\">Khourrem naci\u00f3 de un padre que era un<\/span><span style=\"color: #000000\"> <\/span><span style=\"color: #000000\">sacerdote Ortodoxo,<\/span><span style=\"color: #000000\"> en lo que entonces era <\/span><span style=\"color: #000000\">Polonia<\/span><span style=\"color: #000000\"> (actualmente <\/span><span style=\"color: #000000\">Ucrania),<\/span><span style=\"color: #000000\"> posiblemente en Rohatyn. <\/span><span style=\"color: #000000\">Fue capturado y llevado a <\/span><span style=\"color: #000000\">Estambul<\/span><span style=\"color: #000000\"> en la d\u00e9cada de 1520 como un esclavo, pero fue seleccionado para <\/span><span style=\"color: #000000\">Harem<\/span><span style=\"color: #000000\"> Solim\u00e1n.<\/span><\/p>\n<p style=\"text-align: justify\"><span style=\"color: #000000\">\u00a0<\/span><\/p>\n<p style=\"text-align: justify\"><span style=\"color: #000000\">Ella lleg\u00f3 al har\u00e9n del sult\u00e1n y luch\u00f3 para intentar conseguir el favor del sult\u00e1n, no s\u00f3lo para mejorar su posici\u00f3n, sino como intentaban hacer todas, por sus hijos. La vida en el har\u00e9n no era f\u00e1cil, estaban encerradas de por vida, con la misi\u00f3n de dar hijos y entretener al que fueses su due\u00f1o.<\/span><\/p>\n<p style=\"text-align: justify\"><span style=\"color: #000000\">Roxelana lleg\u00f3 all\u00ed\u00a0 a temprana edad, y no con demasiada belleza, pero supo apartar de su camino a las que se interpon\u00edan entre ella y la favorita del sult\u00e1n, logrando al final tambi\u00e9n apartarla a ella, y consiguiendo ser ella la n\u00famero uno.<\/span><\/p>\n<p style=\"text-align: justify\"><span style=\"color: #000000\">\u00a0<\/span><\/p>\n<p><span style=\"color: #000000\"><img loading=\"lazy\" decoding=\"async\" src=\"https:\/\/blogs.ua.es\/solimanelmagnifico\/files\/2009\/12\/har\u00e9n.jpg\" alt=\"har\u00e9n\" width=\"416\" height=\"392\" \/><\/span><\/p>\n<p style=\"text-align: center\"><span style=\"color: #000000\"><span style=\"text-decoration: underline\">\u00a0Har\u00e9n<\/span><\/span><\/p>\n<p style=\"text-align: justify\"><span style=\"color: #000000\">Termin\u00f3 siendo la esposa de Solim\u00e1n, y consigui\u00f3 incluso acabar con las inquilinas del har\u00e9n, para desgracia del sult\u00e1n. Se dec\u00eda que ella era la que gobernaba, tomando el control de las decisiones internas y externas, e incluso que pudo quitar de en medio al visir Ibrahim Pash\u00e1, del cual no contaba con su simpat\u00eda. Khourrem fue la primera mujer a participar en varias obras importantes de construcci\u00f3n de p\u00fablicos, desde <\/span><span style=\"color: #000000\"><a href=\"http:\/\/es.wikipedia.org\/wiki\/La_Meca\" target=\"_blank\">La Meca<\/a><\/span><\/p>\n<p style=\"text-align: justify\"><span style=\"color: #000000\">\u00a0<\/span><\/p>\n<p style=\"text-align: justify\"><span style=\"color: #000000\">Roxelana tuvo cinco hijos, el mayor Selim, en el cual puso todo su inter\u00e9s para que pudiera suceder\u00a0 a su padre, aunque en vano ya que al primog\u00e9nito lo \u00fanico que le interesaban eran las juergas, y pas\u00f3\u00a0 a ser llamado Selim el Borracho.<\/span><\/p>\n<p style=\"text-align: justify\"><span style=\"color: #000000\">A la muerte de Roxelana, Solim\u00e1n mand\u00f3 construir la mezquita de Solim\u00e1n, en d\u00f3nde se encuentran las tumbas de ambos.<\/span><\/p>\n<p style=\"text-align: center\"><img loading=\"lazy\" decoding=\"async\" class=\"aligncenter size-full wp-image-144\" src=\"https:\/\/blogs.ua.es\/solimanelmagnifico\/files\/2009\/11\/solimanmezquita.jpg\" alt=\"solimanmezquita\" width=\"403\" height=\"328\" \/><span style=\"text-decoration: underline\"><span style=\"color: #000000\">Mezquita Solim\u00e1n<\/span><\/span><\/p>\n<p style=\"text-align: center\"><span style=\"color: #000000\"><strong><span style=\"color: #888888\">\u00a0<\/span><\/strong><\/span><\/p>\n<p style=\"text-align: center\"><span style=\"color: #000000\"><strong><span style=\"color: #800080\">SELIM I<\/span><\/strong><\/span><\/p>\n<p style=\"text-align: justify\"><span style=\"color: #000000\">En segundo lugar tenemos al padre de Solim\u00e1n el Magn\u00edfico, <span style=\"color: #0000ff\"><span style=\"text-decoration: underline\"><strong>Selim I<\/strong><\/span>, <\/span>o Selim el severo.<\/span><\/p>\n<p style=\"text-align: justify\"><span style=\"color: #000000\">Sult\u00e1n otomano nacido entre 1467-1465, hasta 1520. Fue sult\u00e1n entre 1512 y 1520 y califa 1517-1520. Hijo de Bayaceto II, y Gulbahar destron\u00f3 a su padre gracias a una conspiraci\u00f3n en el 1512, ayudado por los jen\u00edzaros. Se cas\u00f3 con Aisha Hafsa, con la que tuvo tres hijas, Khadija, Baykhan, y F\u00e1tima.<\/span><\/p>\n<p style=\"text-align: justify\"><span style=\"color: #000000\">Afianz\u00f3 su ascensi\u00f3n al trono otomano al matar a sus hermanos y sobrinos. Era esta un costumbre que hab\u00eda sido practicada en la dinast\u00eda otomana, entre otros, por su abuelo Fatih (\u00abEl Conquistador\u00bb) Mehmed II. Hubo una guerra civil entre su padre Beyazid y su t\u00edo Cem, as\u00ed como entre el mismo Selim y su hermano Ahmed. Selim tuvo la determinaci\u00f3n de no tener los mismos problemas con sus otros hermanos, y los ejecut\u00f3 a todos.<\/span><\/p>\n<p style=\"text-align: justify\"><span style=\"color: #000000\">Selim invent\u00f3 el turbante Taylesanl\u0131. Although his ancestors were all bearded, he was always seen clean-shaven. Aunque sus antepasados fueron todos con barba, fue visto siempre bien afeitado. He also wore an earring. Tambi\u00e9n llevaba un pendiente. During his reign he managed to fill the treasury completely whereupon it was locked and covered with his seal.<\/span><\/p>\n<p style=\"text-align: justify\"><span style=\"color: #000000\">Durante su reinado consigui\u00f3 llenar el tesoro completamente tras lo cual estaba cerrado y cubierto con su sello. He then declared, &#8220;If any of my successors can fill the treasury as much as I have, they may use their own seal, otherwise they all will use my seal&#8221;. A continuaci\u00f3n, declar\u00f3: &#8220;Si alguno de mis sucesores pueden llenar el tesoro tanto como yo, pueden utilizar su propio sello, de lo contrario, todos a utilizar mi sello&#8221;. This wish was honored by Selim&#8217;s successors. Este deseo fue homenajeado por los sucesores de Selim. as none of them could fill the treasury as much as he had. ya que ninguno de ellos podr\u00eda llenar el tesoro tanto como lo hab\u00eda hecho. His seal was used to lock the treasury for four centuries until the final dissolution of the Ottoman Empire. Su sello fue utilizado para bloquear la tesorer\u00eda durante cuatro siglos hasta la disoluci\u00f3n final del Imperio Otomano<\/span><\/p>\n<p style=\"text-align: justify\"><span style=\"color: #000000\">Su primer objetivo fue Persia, de amplia poblaci\u00f3n shii, por lo que eran considerados herejes. En 1514 derrot\u00f3 al sha Ismail y conquist\u00f3 el oeste de Armenia. Despu\u00e9s se centr\u00f3 en la conquista de Siria, Palestina y Egipto, haci\u00e9ndose con el control de los centros neur\u00e1lgicos del comercio oriental. Su dominio se manifest\u00f3 al ser proclamado califa. Falleci\u00f3 al intentar tomar Rodas y fue sucedido por su hijo Soliman el Magnifico<\/span><\/p>\n<p style=\"text-align: justify\"><span style=\"color: #000000\"><img loading=\"lazy\" decoding=\"async\" class=\"aligncenter size-full wp-image-99\" title=\"Selim_I\" src=\"https:\/\/blogs.ua.es\/solimanelmagnifico\/files\/2009\/11\/Selim_I.jpg\" alt=\"Selim_I\" width=\"235\" height=\"251\" \/><\/span><\/p>\n<p style=\"text-align: justify\"><span style=\"color: #000000\">Despu\u00e9s de que Selim se convirtiera en el amo y se\u00f1or de las ciudades santas del Islam y capturara Egipto junto con Al-Mutawakkil III, el \u00faltimo Califa de la dinast\u00eda Abas\u00ed que resid\u00eda all\u00ed, Selim le incit\u00f3 a que cediera formalmente el t\u00edtulo del califa as\u00ed como sus emblemas m\u00e1s reconocidos, la espada y la capa del profeta Mahoma. Tras la vuelta de Selim de su campa\u00f1a egipcia, este realizaba los preparativos para una expedici\u00f3n contra Rodas cuando cay\u00f3 enfermo y muri\u00f3 en el noveno a\u00f1o de su reinado. Ten\u00eda aproximadamente cincuenta y cinco a\u00f1os de edad. Falleci\u00f3 a consecuencia del <\/span><a title=\"Carbunco\" href=\"http:\/\/es.wikipedia.org\/wiki\/Carbunco\"><span style=\"color: #000000\">carbunco<\/span><\/a><span style=\"color: #000000\"> o \u00e1ntrax, una infecci\u00f3n en la piel, que desarroll\u00f3 durante los ocho a\u00f1os a caballo que transcurri\u00f3 su reinado envuelto en campa\u00f1as militares. Antes de morir eleigi\u00f3 como sucesor a su hijo Solim\u00e1n y mat\u00f3 cruelmente a todos sus hijos para que Solim\u00e1n no tuviera problemas internos en su sultanato. Fue tambi\u00e9n un poeta y escribi\u00f3 con el apodo <em>mahla Selimi<\/em>. En uno de sus poemas, escribi\u00f3: <em>El mundo entero no ser\u00eda una soberan\u00eda lo suficientemente vasta para un solo monarca<\/em>.<\/span><\/p>\n<p style=\"text-align: center\"><span style=\"color: #000000\"><strong><span style=\"color: #800080\">SELIM II<\/span><\/strong><\/span><\/p>\n<p style=\"text-align: justify\"><span style=\"color: #000000\">Selim II, hijo de Suleiman el Magn\u00edfico, el cual se asegur\u00f3 el trono mediante el asesinato de sus parientes m\u00e1s cercanos, hab\u00eda extendido el Imperio hasta Anatolia oriental y Siria e iniciado la conquista de \u00c1frica del Norte, encabezando \u00e9l mismo sus ej\u00e9rcitos, y Roxelana, gobern\u00f3 como <\/span><span style=\"color: #000000\">sult\u00e1n<\/span><span style=\"color: #000000\"> del <\/span><span style=\"color: #000000\">Imperio otomano<\/span><span style=\"color: #000000\"> desde <\/span><span style=\"color: #000000\">1566<\/span><span style=\"color: #000000\"> hasta su fallecimiento. Se convirti\u00f3 en el primer sult\u00e1n carente de inter\u00e9s por lo militar y condescendiente en abandonar el poder a sus ministros, a condici\u00f3n de que lo dejaran libre en sus org\u00edas y libertinajes. Por lo tanto, fue conocido como Selim \u00abel Borracho\u00bb o Selim \u00abel Beodo\u00bb. Un competente gran visir, <\/span><span style=\"color: #000000\">Mehmed Sokollu<\/span><span style=\"color: #000000\">, control\u00f3 la mayor parte de los asuntos estatales, y dos a\u00f1os despu\u00e9s de la ascensi\u00f3n de Selim alcanz\u00f3 el \u00e9xito al lograr en <\/span><span style=\"color: #000000\">Constantinopla<\/span><span style=\"color: #000000\"> un tratado honorable con el emperador <\/span><span style=\"color: #000000\">Maximiliano II<\/span><span style=\"color: #000000\">.<\/span><\/p>\n<p style=\"text-align: justify\"><span style=\"color: #000000\">\u00a0<\/span><\/p>\n<p style=\"text-align: justify\"><span style=\"color: #000000\">Y aunque Selim II, no lleg\u00f3 a dirigir sus tropas en ninguna batalla, \u00a0s\u00ed confirm\u00f3 su pol\u00edtica expansionista e intent\u00f3 agregar nuevos territorios al Imperio mediante campa\u00f1as militares, aunque en ocasiones obteniendo derrotas como cuando fracas\u00f3 en su prop\u00f3sito de conquistar Astrac\u00e1n, y en la incursi\u00f3n de una flota otomana en el mar de Azov en 1569, que lo oblig\u00f3 a la firma de un acuerdo de paz al a\u00f1o siguiente.<\/span><\/p>\n<p style=\"text-align: justify\"><span style=\"color: #000000\">Su inciativa militar m\u00e1s conocida, la conquista de Chipre, le trajo consigo consecuencias negativas, y la Santa Alianza, envi\u00f3 contra los Turcos la poderosa flota de don Juan de Austria, tras lo cual, supuso una p\u00e9rdida de dominio para Selim II, y la destrucci\u00d3n de casi todo su flota, pero manteniendo la posesi\u00f3n de Chipre.<\/span><\/p>\n<p>\u00a0<\/p>\n<p style=\"text-align: center\"><span style=\"color: #000000\"><strong><span style=\"color: #800080\">PIRATA BARBARROJA<\/span><\/strong><\/span><\/p>\n<p style=\"text-align: justify\"><span style=\"text-decoration: underline\"><strong><span style=\"color: #0000ff\"><a href=\"www.blogs.ua.es\/barbarroja\" target=\"_blank\">Jeiredd\u00edn Barbarroja<\/a><\/span><\/strong><\/span> <span style=\"color: #000000\">fue un almirante otomano, as\u00ed como un corsario turco que sirvi\u00f3 bajo las \u00f3rdenes del Sult\u00e1n otomano Suleim\u00e1n. Apodado Barbarroja por los europeos, as\u00ed como Barbaros Hayrettin por los turcos, su verdadero nombre en turco era H\u0131z\u0131r bin Yakup, y este procedente del \u00e1rabe <em>Jidr &#8216;ibn Ya&#8217;qub<\/em>.<\/span><\/p>\n<p style=\"text-align: justify\"><span style=\"color: #000000\">Jeiredd\u00edn fue uno de los m\u00e1s importantes corsarios del siglo XVI, y junto con su predecesor y hermano Aruj fund\u00f3 una organizaci\u00f3n <\/span><a title=\"Pirata\" href=\"http:\/\/es.wikipedia.org\/wiki\/Pirata\"><span style=\"color: #000000\">pirata<\/span><\/a><span style=\"color: #000000\"> que llev\u00f3 a los magreb\u00edes a alcanzar gran poder sobre el comercio del <\/span><a title=\"Mediterr\u00e1neo\" href=\"http:\/\/es.wikipedia.org\/wiki\/Mediterr%C3%A1neo\"><span style=\"color: #000000\">Mediterr\u00e1neo<\/span><\/a><span style=\"color: #000000\">. Muy pronto demostr\u00f3 una capacidad tal, que lleg\u00f3 a suceder merecidamente a su hermano, e incluso logr\u00f3 superar ampliamente las haza\u00f1as de \u00e9ste, convirti\u00e9ndose en una verdadera pesadilla para el Imperio espa\u00f1ol de la \u00e9poca y buena parte de la Europa cristiana.<\/span><\/p>\n<p><span style=\"color: #000000\"><img loading=\"lazy\" decoding=\"async\" class=\"aligncenter size-full wp-image-156\" title=\"Hayreddin\" src=\"https:\/\/blogs.ua.es\/solimanelmagnifico\/files\/2009\/11\/Hayreddin.jpg\" alt=\"Hayreddin\" width=\"237\" height=\"320\" srcset=\"https:\/\/blogs.ua.es\/solimanelmagnifico\/files\/2009\/11\/Hayreddin.jpg 237w, https:\/\/blogs.ua.es\/solimanelmagnifico\/files\/2009\/11\/Hayreddin-222x300.jpg 222w\" sizes=\"auto, (max-width: 237px) 100vw, 237px\" \/><\/span><\/p>\n<p style=\"text-align: justify\"><span style=\"color: #000000\">El padre de Hayredd\u00edn, llamado Yakup,\u00a0viv\u00eda en Grecia y, cuando los turcos tomaron el pa\u00eds alrededor del a\u00f1o\u00a01460, se lo llevaron a Constantinopla, lo hicieron turco\u00a0y lo pusieron al servicio del sult\u00e1n. Se cas\u00f3 con una mujer cristiana llamada Catalina, de la que se dice que era viuda de un sacerdote y que ten\u00eda marido y tres hijos. El matrimonio tuvo seis hijos: dos ni\u00f1as \u00a0y cuatro ni\u00f1os.\u00a0El mayor de los varones se llamaba\u00a0Aruj (tambi\u00e9n Omiche u Horuc), el segundo Il\u00edas (o Ja\u00e7a), el tercero Hayredd\u00edn y el \u00faltimo\u00a0Isaac (o Mau\u00e7ete). Por entonces, la tradici\u00f3n en las familias de religiones\u00a0mixtas\u00a0era que las hijas se convirtieran a la fe cristiana y los hijos a la isl\u00e1mica, hecho que ocurri\u00f3 con los hijos de Yakup y Catalina. Al morir Yakup dej\u00f3 a Catalina sola al cargo de los hijos.<\/span><\/p>\n","protected":false},"excerpt":{"rendered":"<p>\u00a0ROXELANA\u00a0 Fueron varios los personajes que rodearon a Solim\u00e1n el Magn\u00edfico\u00a0 a lo largo de su vida. En primer lugar tenemos a\u00a0 su mujer\u00a0\u00a0Roxelana , tambi\u00e9n conocida como, Roxelane, Rossa, Ruziac, pero m\u00e1s a menudo conocida por su nombre turco de Khourrem (o H\u00fcrrem), lo que significa la risa. Khourrem naci\u00f3 de un padre que [&hellip;]<\/p>\n","protected":false},"author":1352,"featured_media":0,"parent":0,"menu_order":6,"comment_status":"open","ping_status":"open","template":"","meta":{"footnotes":""},"class_list":["post-44","page","type-page","status-publish","hentry"],"_links":{"self":[{"href":"https:\/\/blogs.ua.es\/solimanelmagnifico\/wp-json\/wp\/v2\/pages\/44","targetHints":{"allow":["GET"]}}],"collection":[{"href":"https:\/\/blogs.ua.es\/solimanelmagnifico\/wp-json\/wp\/v2\/pages"}],"about":[{"href":"https:\/\/blogs.ua.es\/solimanelmagnifico\/wp-json\/wp\/v2\/types\/page"}],"author":[{"embeddable":true,"href":"https:\/\/blogs.ua.es\/solimanelmagnifico\/wp-json\/wp\/v2\/users\/1352"}],"replies":[{"embeddable":true,"href":"https:\/\/blogs.ua.es\/solimanelmagnifico\/wp-json\/wp\/v2\/comments?post=44"}],"version-history":[{"count":19,"href":"https:\/\/blogs.ua.es\/solimanelmagnifico\/wp-json\/wp\/v2\/pages\/44\/revisions"}],"predecessor-version":[{"id":286,"href":"https:\/\/blogs.ua.es\/solimanelmagnifico\/wp-json\/wp\/v2\/pages\/44\/revisions\/286"}],"wp:attachment":[{"href":"https:\/\/blogs.ua.es\/solimanelmagnifico\/wp-json\/wp\/v2\/media?parent=44"}],"curies":[{"name":"wp","href":"https:\/\/api.w.org\/{rel}","templated":true}]}}