{"id":32,"date":"2013-01-09T19:27:54","date_gmt":"2013-01-09T19:27:54","guid":{"rendered":"https:\/\/blogs.ua.es\/sorisabelvillena\/?page_id=32"},"modified":"2013-01-26T19:38:20","modified_gmt":"2013-01-26T19:38:20","slug":"metodologia","status":"publish","type":"page","link":"https:\/\/blogs.ua.es\/sorisabelvillena\/metodologia\/","title":{"rendered":"Metodolog\u00eda"},"content":{"rendered":"<p>Para realizar este blog hemos consultado varias bibliotecas virtuales como:<\/p>\n<ul>\n<li>La Biblioteca virtual de la Universidad de Alicante (\u00a0<a href=\"http:\/\/gaudi.ua.es\/uhtbin\/cgisirsi\/0\/0\/0\/38\/0\/POWER_SEARCH\">http:\/\/gaudi.ua.es\/uhtbin\/cgisirsi\/0\/0\/0\/38\/0\/POWER_SEARCH<\/a>\u00a0)<\/li>\n<li>La Xarxa de Biblioteques Universitaries (<a href=\"http:\/\/xlpv.cult.gva.es\/absysnetopac\/\">\u00a0http:\/\/xlpv.cult.gva.es\/absysnetopac\/<\/a><span style=\"line-height: 1.4\">)<\/span><\/li>\n<\/ul>\n<div><span style=\"line-height: 17px\">Tambi\u00e9n el portal bibliogr\u00e1fico\u00a0Dialnet (\u00a0<a href=\"http:\/\/dialnet.unirioja.es\/\">http:\/\/dialnet.unirioja.es\/<\/a> ), donde hemos encontrado la mayor parte de la informaci\u00f3n.<\/span><\/div>\n<div><\/div>\n<div>A continuacion para la realizacion de las entradas hemos empleado las normas ISO 690-2010 (E) que han sido ofrecidas por el profesor que imparte la asignatura de Fuentes y Documentos.<\/div>\n<div><\/div>\n<div>\n<p><strong>DOCUMENTOS IMPRESOS<\/strong><\/p>\n<p><em>Monograf\u00edas:<\/em><\/p>\n<p><em><\/em><br \/>\nAPELLIDOS, Nombre1. T\u00edtulo. (Otros colaboradores: traductor, editor, etc. se podr\u00edan hacer constar<br \/>\ncon la forma directa de nombre APELLIDOS). Edici\u00f3n. Lugar: Editor, a\u00f1o. Extensi\u00f3n (opcional).<br \/>\n(Serie; n\u00ba). ISBN.<\/p>\n<p><em>Parte de una monograf\u00eda:<\/em><\/p>\n<p><em><\/em><br \/>\n(Autor\/res de la parte) APELLIDOS, Nombre. T\u00edtulo de la parte. En: T\u00edtulo de la obra completa.<br \/>\nEdici\u00f3n. Lugar de edici\u00f3n: editor, a\u00f1o, pp. (p\u00e1ginas). ISBN.<br \/>\n<em>Publicaciones en serie (revista completa):<\/em><\/p>\n<p><em><\/em><br \/>\nT\u00edtulo de la revista. Responsabilidad (si fuera necesario para identificarla por tratarse de un t\u00edtulo<br \/>\nmuy gen\u00e9rico. Ejem: Bolet\u00edn informativo). A\u00f1o de inicio-A\u00f1o de cierre2 (este \u00faltimo dato s\u00f3lo se<br \/>\nusa en el caso de revistas que han dejado de publicarse). ISSN.<br \/>\n<em>Art\u00edculos de revistas:<\/em><br \/>\n(Autor\/es de la contribuci\u00f3n) APELLIDOS, Nombre. T\u00edtulo del art\u00edculo. T\u00edtulo de la revista.<br \/>\n(Localizaci\u00f3n de la parte en el n\u00famero de la revista) A\u00f1o, volumen (n\u00ba), pp. ISSN.<br \/>\n<strong>DOCUMENTOS ELECTR\u00d3NICOS<\/strong><\/p>\n<p><em>Libros electr\u00f3nicos y monografias en l\u00ednea:<\/em><br \/>\nAPELLIDOS, Nombre. T\u00edtulo [en l\u00ednea]. Lugar de publicaci\u00f3n: editor, fecha de publicaci\u00f3n<br \/>\n[Consulta: fecha de consulta]. Formato (pdf, etc), tama\u00f1o del fichero (MB). Disponible en: http:\/\/<\/p>\n<p>&nbsp;<\/p>\n<p><em>Parte de monograf\u00eda en l\u00ednea:<\/em><\/p>\n<p><em><\/em><br \/>\n(Autor\/es de la parte) APELLIDOS, Nombre. T\u00edtulo de la parte. En: T\u00edtulo de la obra completa [en<br \/>\nl\u00ednea]. Lugar de publicaci\u00f3n: editor, a\u00f1o, pp. [consulta: fecha de consulta]. Disponible en: http.\/\/<br \/>\n<em>Revista en l\u00ednea:<\/em><\/p>\n<p><em><\/em><br \/>\n1. Modelo de revista de un paquete de revistas electr\u00f3nicas con una base de datos com\u00fan:<br \/>\nT\u00edtulo [en linea]. Lugar de edici\u00f3n: editor, fecha de publicaci\u00f3n, volumen, n\u00famero [consulta: fecha<br \/>\nde consulta]. Nombre de la base de datos. ISSN. Disponible en: http:\/\/<br \/>\n2. Modelo de revista con acceso en l\u00ednea individualizado:<br \/>\nT\u00edtulo [en l\u00ednea]. Lugar de edici\u00f3n: editor, fecha de publicaci\u00f3n, volumen, n\u00famero [consulta: fecha<br \/>\nde consulta]. ISSN. Disponible en: http:\/\/<br \/>\n<em>Art\u00edculo de revista en l\u00ednea:<\/em><\/p>\n<p><em><\/em><br \/>\n(Autor\/es del art\u00edculo) APELLIDOS, Nombre. T\u00edtulo del art\u00edculo. T\u00edtulo de la revista [en l\u00ednea].<br \/>\nLugar: editor, fecha de publicaci\u00f3n, vol\u00famen, n\u00famero [consulta: fecha de consulta]. ISSN.<br \/>\nDisponible en: http:\/\/<br \/>\n<em>Sitio web:<\/em><\/p>\n<p><em><\/em><br \/>\nT\u00edtulo de la web. Editor, a\u00f1o [consulta: fecha de consulta]. Disponible en: http:\/\/<br \/>\n<em>Parte de un sitio web:<\/em><\/p>\n<p><em><\/em><br \/>\n\u2022 Ejemplo de p\u00e1gina sin autor o autor colectivo (ejem.: art\u00edculo de wikipedia):<br \/>\nT\u00edtulo de la p\u00e1gina. T\u00edtulo del sitio web [en l\u00ednea]. Fecha y hora de edici\u00f3n o actualizaci\u00f3n<br \/>\n[consulta: fecha de cosulta]. Disponible en: http:\/\/<br \/>\n\u2022 Ejemplo de p\u00e1gina o parte de un sitio web con autor:<br \/>\nAPELLIDOS, Nombre. T\u00edtulo de la p\u00e1gina o la parte. En: T\u00edtulo del sitio web [en l\u00ednea]. Fecha y<br \/>\nhora de edici\u00f3n [consulta: fecha y hora de consulta]. Disponible en: http:\/\/<\/p>\n<p><strong>DOCUMENTOS ESPECIALES<\/strong><\/p>\n<p><strong><\/strong><br \/>\n<em>Mapas<\/em><\/p>\n<p><em><\/em><br \/>\nEn papel:\u00a0T\u00edtulo. Escala. Lugar: Editor, a\u00f1o. Dimensiones (mm). Lugar donde se conserva y signatura.<br \/>\nEn Internet:\u00a0<span style=\"line-height: 1.4\">T\u00edtulo [en l\u00ednea]. Ubicaci\u00f3n y colecci\u00f3n [consulta: fecha de consulta]. Disponible en: http:\/\/<\/span><br \/>\n<em>Pel\u00edculas<\/em><br \/>\nT\u00edtulo de la pel\u00edcula [Pel\u00edcula]. Dirigida por Nombre APELLIDOS. Pa\u00eds: Productora, a\u00f1o. Lugar:<br \/>\ndistribuida en Espa\u00f1a por&#8230;<br \/>\n<em>Ejemplo de documental o programa de emisi\u00f3n de TV:<\/em><\/p>\n<p><em><\/em><br \/>\nTitulo. Nombre de la cadena de televisi\u00f3n, fecha.<br \/>\n<em>Im\u00e1genes<\/em><br \/>\nAPELLIDOS, Nombre. T\u00edtulo de la obra. A\u00f1o [imagen digital]. Museo&#8230; [consulta: fecha de<br \/>\nconsulta]. Disponible en: http:\/\/<\/p>\n<p>&nbsp;<\/p>\n<p>&nbsp;<\/p>\n<p>&nbsp;<\/p>\n<p>&nbsp;<\/p>\n<p>&nbsp;<\/p>\n<p>&nbsp;<\/p>\n<p>&nbsp;<\/p>\n<p>&nbsp;<\/p>\n<p>&nbsp;<\/p>\n<p>&nbsp;<\/p>\n<\/div>\n","protected":false},"excerpt":{"rendered":"<p>Para realizar este blog hemos consultado varias bibliotecas virtuales como: La Biblioteca virtual de la Universidad de Alicante (\u00a0http:\/\/gaudi.ua.es\/uhtbin\/cgisirsi\/0\/0\/0\/38\/0\/POWER_SEARCH\u00a0) La Xarxa de Biblioteques Universitaries (\u00a0http:\/\/xlpv.cult.gva.es\/absysnetopac\/) Tambi\u00e9n el portal bibliogr\u00e1fico\u00a0Dialnet (\u00a0http:\/\/dialnet.unirioja.es\/ ), donde hemos encontrado la mayor parte de la informaci\u00f3n. A continuacion para la realizacion de las entradas hemos empleado las normas ISO 690-2010 (E) [&hellip;]<\/p>\n","protected":false},"author":2860,"featured_media":0,"parent":0,"menu_order":0,"comment_status":"open","ping_status":"open","template":"","meta":{"footnotes":""},"class_list":["post-32","page","type-page","status-publish","hentry"],"_links":{"self":[{"href":"https:\/\/blogs.ua.es\/sorisabelvillena\/wp-json\/wp\/v2\/pages\/32","targetHints":{"allow":["GET"]}}],"collection":[{"href":"https:\/\/blogs.ua.es\/sorisabelvillena\/wp-json\/wp\/v2\/pages"}],"about":[{"href":"https:\/\/blogs.ua.es\/sorisabelvillena\/wp-json\/wp\/v2\/types\/page"}],"author":[{"embeddable":true,"href":"https:\/\/blogs.ua.es\/sorisabelvillena\/wp-json\/wp\/v2\/users\/2860"}],"replies":[{"embeddable":true,"href":"https:\/\/blogs.ua.es\/sorisabelvillena\/wp-json\/wp\/v2\/comments?post=32"}],"version-history":[{"count":3,"href":"https:\/\/blogs.ua.es\/sorisabelvillena\/wp-json\/wp\/v2\/pages\/32\/revisions"}],"predecessor-version":[{"id":152,"href":"https:\/\/blogs.ua.es\/sorisabelvillena\/wp-json\/wp\/v2\/pages\/32\/revisions\/152"}],"wp:attachment":[{"href":"https:\/\/blogs.ua.es\/sorisabelvillena\/wp-json\/wp\/v2\/media?parent=32"}],"curies":[{"name":"wp","href":"https:\/\/api.w.org\/{rel}","templated":true}]}}