{"id":34,"date":"2013-01-09T19:31:35","date_gmt":"2013-01-09T19:31:35","guid":{"rendered":"https:\/\/blogs.ua.es\/sorisabelvillena\/?page_id=34"},"modified":"2013-01-15T13:31:04","modified_gmt":"2013-01-15T13:31:04","slug":"recursos-de-informacion-consultados","status":"publish","type":"page","link":"https:\/\/blogs.ua.es\/sorisabelvillena\/recursos-de-informacion-consultados\/","title":{"rendered":"Recursos de Informaci\u00f3n Consultados"},"content":{"rendered":"<p>Para realizar la biograf\u00eda y analizar las obras desde diferentes puntos de vista, de Sor Isabel de Villena hemos utilizado diferentes fuentes que consideramos esenciales. Entre las fuentes consultadas sobresaltamos las fuentes escritas como art\u00edculos o revistas que han sido la base firme de toda la informaci\u00f3n que hemos recogido, aparte de los libros y alguna conferencia. Destacando las revistas de la p\u00e1gina oficial deVillena,de donde hemos sacado varias noticias e informaci\u00f3n.<\/p>\n<p>Las webs que m\u00e1s nos han servido como buscadores, han sido la <em>biblioteca electr\u00f3nica de la Universidad de Alicante<\/em>, y la<em> xarxa electr\u00f2nica de lectura p\u00fablica valenciana<\/em>, que nos han sido de mucha ayuda, ya que conten\u00edan bastante informaci\u00f3n.<\/p>\n<p>Para finalizar y a modo de cr\u00edtica me gusatr\u00eda destacar la escasa informaci\u00f3n que hay sobre esta monja escritora de nuestra comunidad aut\u00f3noma, que como bien sabemos tiene pocas obras pero que creemos que deber\u00eda haber m\u00e1s informaci\u00f3n sobre ella, ya que la tenemos tan cerca.<\/p>\n","protected":false},"excerpt":{"rendered":"<p>Para realizar la biograf\u00eda y analizar las obras desde diferentes puntos de vista, de Sor Isabel de Villena hemos utilizado diferentes fuentes que consideramos esenciales. Entre las fuentes consultadas sobresaltamos las fuentes escritas como art\u00edculos o revistas que han sido la base firme de toda la informaci\u00f3n que hemos recogido, aparte de los libros y [&hellip;]<\/p>\n","protected":false},"author":2860,"featured_media":0,"parent":0,"menu_order":0,"comment_status":"open","ping_status":"open","template":"","meta":{"footnotes":""},"class_list":["post-34","page","type-page","status-publish","hentry"],"_links":{"self":[{"href":"https:\/\/blogs.ua.es\/sorisabelvillena\/wp-json\/wp\/v2\/pages\/34","targetHints":{"allow":["GET"]}}],"collection":[{"href":"https:\/\/blogs.ua.es\/sorisabelvillena\/wp-json\/wp\/v2\/pages"}],"about":[{"href":"https:\/\/blogs.ua.es\/sorisabelvillena\/wp-json\/wp\/v2\/types\/page"}],"author":[{"embeddable":true,"href":"https:\/\/blogs.ua.es\/sorisabelvillena\/wp-json\/wp\/v2\/users\/2860"}],"replies":[{"embeddable":true,"href":"https:\/\/blogs.ua.es\/sorisabelvillena\/wp-json\/wp\/v2\/comments?post=34"}],"version-history":[{"count":3,"href":"https:\/\/blogs.ua.es\/sorisabelvillena\/wp-json\/wp\/v2\/pages\/34\/revisions"}],"predecessor-version":[{"id":74,"href":"https:\/\/blogs.ua.es\/sorisabelvillena\/wp-json\/wp\/v2\/pages\/34\/revisions\/74"}],"wp:attachment":[{"href":"https:\/\/blogs.ua.es\/sorisabelvillena\/wp-json\/wp\/v2\/media?parent=34"}],"curies":[{"name":"wp","href":"https:\/\/api.w.org\/{rel}","templated":true}]}}