{"id":36,"date":"2013-01-09T19:31:58","date_gmt":"2013-01-09T19:31:58","guid":{"rendered":"https:\/\/blogs.ua.es\/sorisabelvillena\/?page_id=36"},"modified":"2013-01-15T13:57:44","modified_gmt":"2013-01-15T13:57:44","slug":"valoracion-general","status":"publish","type":"page","link":"https:\/\/blogs.ua.es\/sorisabelvillena\/valoracion-general\/","title":{"rendered":"Valoraci\u00f3n General"},"content":{"rendered":"<p>Primero haremos una valoraci\u00f3n general del tema de este blog. Sobre el temaSor Isabel de Villenapodemos decir que hay poca cantidad de documentos escritos y que deber\u00edan haber m\u00e1s.<\/p>\n<p>El blog es una especie de biograf\u00eda en la que nos hemos encargado de analizar todos los datos que hemos encontrado. Como por ejemplo hemos analizado todos los escritos que tuvieran alguna relaci\u00f3n con ella y su obra, desde la gram\u00e1tica, hasta el v\u00ednculo con la pintura y la meditaci\u00f3n. Tambi\u00e9n hemos encontrado un par de conferencias que se han pronunciado para dar a entender varios aspectos de su obra m\u00e1s famosa. Estas conferencias se han dado dentro del marco de charlas de literatura del contexto hist\u00f3rico en el que vivi\u00f3.<\/p>\n<p>Nos hemos dado cuenta que los temas m\u00e1s investigados de Isabel de Villena es el an\u00e1lisis y comprensi\u00f3n de su obra <em>Vita Christi, <\/em>donde ella narra la vida de Jesucristo, relacionandola con las mujeres que vivieron con \u00e9l y apoy\u00e1ndose en la Biblia como base firme. En estos documentos encontrados sobre la feminidad dentro de la vida de Jesucrito nos hemos dado cuenta de que hace mucho imcapie y que se considera interesante e importante ya que, en esa \u00e9poca no era com\u00fan narrar unas historias as\u00ed\u00a0y meter de esa manera tan\u00a0contundente a las mujeres. Por que se aprecia que son consideradas importantes a lo largo de toda la narraci\u00f3n.<\/p>\n<p>Para finalizar, nos gustar\u00eda a\u00f1adir que hemos decidio exponer de esta forma el tema, ya que, al principio cuando nos comunicaron el tema nos aterro bastante la idea de no conocer a\u00a0la escritora, pero buscamos informaci\u00f3n primero para situarla dentro de un contexto hist\u00f3rico y luego conocer su biograf\u00eda y obras.\u00a0Al final decidimos hacerlo as\u00ed, y esperamos que\u00a0os guste y os sirva de ayuda.<\/p>\n","protected":false},"excerpt":{"rendered":"<p>Primero haremos una valoraci\u00f3n general del tema de este blog. Sobre el temaSor Isabel de Villenapodemos decir que hay poca cantidad de documentos escritos y que deber\u00edan haber m\u00e1s. El blog es una especie de biograf\u00eda en la que nos hemos encargado de analizar todos los datos que hemos encontrado. Como por ejemplo hemos analizado [&hellip;]<\/p>\n","protected":false},"author":2860,"featured_media":0,"parent":0,"menu_order":0,"comment_status":"open","ping_status":"open","template":"","meta":{"footnotes":""},"class_list":["post-36","page","type-page","status-publish","hentry"],"_links":{"self":[{"href":"https:\/\/blogs.ua.es\/sorisabelvillena\/wp-json\/wp\/v2\/pages\/36","targetHints":{"allow":["GET"]}}],"collection":[{"href":"https:\/\/blogs.ua.es\/sorisabelvillena\/wp-json\/wp\/v2\/pages"}],"about":[{"href":"https:\/\/blogs.ua.es\/sorisabelvillena\/wp-json\/wp\/v2\/types\/page"}],"author":[{"embeddable":true,"href":"https:\/\/blogs.ua.es\/sorisabelvillena\/wp-json\/wp\/v2\/users\/2860"}],"replies":[{"embeddable":true,"href":"https:\/\/blogs.ua.es\/sorisabelvillena\/wp-json\/wp\/v2\/comments?post=36"}],"version-history":[{"count":3,"href":"https:\/\/blogs.ua.es\/sorisabelvillena\/wp-json\/wp\/v2\/pages\/36\/revisions"}],"predecessor-version":[{"id":76,"href":"https:\/\/blogs.ua.es\/sorisabelvillena\/wp-json\/wp\/v2\/pages\/36\/revisions\/76"}],"wp:attachment":[{"href":"https:\/\/blogs.ua.es\/sorisabelvillena\/wp-json\/wp\/v2\/media?parent=36"}],"curies":[{"name":"wp","href":"https:\/\/api.w.org\/{rel}","templated":true}]}}