{"id":7,"date":"2012-11-16T15:12:09","date_gmt":"2012-11-16T15:12:09","guid":{"rendered":"https:\/\/blogs.ua.es\/sorisabelvillena\/?page_id=7"},"modified":"2012-12-31T12:34:57","modified_gmt":"2012-12-31T12:34:57","slug":"presentacion","status":"publish","type":"page","link":"https:\/\/blogs.ua.es\/sorisabelvillena\/presentacion\/","title":{"rendered":"Presentaci\u00f3n"},"content":{"rendered":"<p>&nbsp;<\/p>\n<p><a href=\"https:\/\/blogs.ua.es\/sorisabelvillena\/files\/2012\/11\/logo-ua-11.png\"><img loading=\"lazy\" decoding=\"async\" class=\"alignleft size-full wp-image-13\" src=\"https:\/\/blogs.ua.es\/sorisabelvillena\/files\/2012\/11\/logo-ua-11.png\" alt=\"Universidad de Alicante\" width=\"263\" height=\"45\" \/><\/a><\/p>\n<p>&nbsp;<\/p>\n<p>&nbsp;<\/p>\n<p>\u00a1Hola! Somos las alumnas Mar\u00eda Beas y Gemma Ib\u00e1\u00f1ez de la asignatura de <em>Fuentes y Documentos para la Historia<\/em>, del primer curso del grado de Humanidades, de la Universidad de Alicante. En este blog vamos a hablaros de Sor Isabel de Villena, monja y escritoria, hija bastarda del rey Enrique de Villena. Aqu\u00ed os contaremos su biograf\u00eda paso por paso, adem\u00e1s de dar detalles sobre su obra m\u00e1s conocida. Esperamos que os agrade el blog, y que os sirva tanto de ayuda, como de cultura general. Un saludo Mar\u00eda y Gemma.<\/p>\n<p>&nbsp;<\/p>\n","protected":false},"excerpt":{"rendered":"<p>&nbsp; &nbsp; &nbsp; \u00a1Hola! Somos las alumnas Mar\u00eda Beas y Gemma Ib\u00e1\u00f1ez de la asignatura de Fuentes y Documentos para la Historia, del primer curso del grado de Humanidades, de la Universidad de Alicante. En este blog vamos a hablaros de Sor Isabel de Villena, monja y escritoria, hija bastarda del rey Enrique de Villena. [&hellip;]<\/p>\n","protected":false},"author":2872,"featured_media":0,"parent":0,"menu_order":0,"comment_status":"open","ping_status":"open","template":"","meta":{"footnotes":""},"class_list":["post-7","page","type-page","status-publish","hentry"],"_links":{"self":[{"href":"https:\/\/blogs.ua.es\/sorisabelvillena\/wp-json\/wp\/v2\/pages\/7","targetHints":{"allow":["GET"]}}],"collection":[{"href":"https:\/\/blogs.ua.es\/sorisabelvillena\/wp-json\/wp\/v2\/pages"}],"about":[{"href":"https:\/\/blogs.ua.es\/sorisabelvillena\/wp-json\/wp\/v2\/types\/page"}],"author":[{"embeddable":true,"href":"https:\/\/blogs.ua.es\/sorisabelvillena\/wp-json\/wp\/v2\/users\/2872"}],"replies":[{"embeddable":true,"href":"https:\/\/blogs.ua.es\/sorisabelvillena\/wp-json\/wp\/v2\/comments?post=7"}],"version-history":[{"count":6,"href":"https:\/\/blogs.ua.es\/sorisabelvillena\/wp-json\/wp\/v2\/pages\/7\/revisions"}],"predecessor-version":[{"id":10,"href":"https:\/\/blogs.ua.es\/sorisabelvillena\/wp-json\/wp\/v2\/pages\/7\/revisions\/10"}],"wp:attachment":[{"href":"https:\/\/blogs.ua.es\/sorisabelvillena\/wp-json\/wp\/v2\/media?parent=7"}],"curies":[{"name":"wp","href":"https:\/\/api.w.org\/{rel}","templated":true}]}}