{"id":113,"date":"2011-01-10T17:42:29","date_gmt":"2011-01-10T16:42:29","guid":{"rendered":"https:\/\/blogs.ua.es\/starcraft\/"},"modified":"2011-03-08T12:28:44","modified_gmt":"2011-03-08T11:28:44","slug":"conferencias-previstas","status":"publish","type":"page","link":"https:\/\/blogs.ua.es\/starcraft\/conferencias-previstas\/","title":{"rendered":"Conferencias"},"content":{"rendered":"<p><strong>Juegos de estrategia en la toma de decisiones empresariales: Starcraft<\/strong><\/p>\n<p>Son muchos los factores que entran en juego en la gesti\u00f3n de una empresa. Constantemente se deben tomar decisiones relacionadas con el proceso productivo, los productos, la econom\u00eda, la distribuci\u00f3n, la promoci\u00f3n, etc. Dentro de este \u00e1mbito, una gesti\u00f3n innovadora de tipo estrat\u00e9gico, como la que se utiliza en Starcraft permite conseguir una visi\u00f3n de conjunto de todos los factores a tener en cuenta, as\u00ed como una adaptaci\u00f3n progresiva de la persona a la complejidad que supone una r\u00e1pida toma de decisiones que adem\u00e1s deben ser eficaces.<\/p>\n<p><span style=\"color: #008000\">Ponente:\u00a0 Sergio S\u00e1nchez Zapata<\/span><\/p>\n<p><strong>Geoestrategia: El control del territorio. M\u00e9todo CPS<\/strong><\/p>\n<p>La geoestrategia es la parte de la estrategia que se encarga de todo lo referente a las acciones que se desarrollan en el terreno. En Starcraft el mapa sobre el que transcurre la acci\u00f3n es la representaci\u00f3n virtual del terreno. El conocimiento del terreno, sus v\u00edas de paso, obst\u00e1culos y orograf\u00eda son de importancia clave para el posicionamiento de unidades y el transporte entre diferentes localizaciones. En esta parte del curso se profundizar\u00e1 en la importancia de este aspecto en cualquier estrategia que incluya el terreno.<\/p>\n<p><span style=\"color: #008000\">Ponente: Jes\u00fas Ortu\u00f1o S\u00e1nchez<\/span><\/p>\n<p><a href=\"https:\/\/blogs.ua.es\/starcraft\/files\/2011\/01\/154_mackinder.pdf\">art\u00edculo sobre estrategia de Mackinder<\/a><\/p>\n<p><span style=\"color: #008000\"><br \/>\n<\/span><\/p>\n<p><strong>Estrategia y \u201cmacro\u201d en Starcraft II<\/strong><\/p>\n<p>Conocimiento avanzado del entorno Starcraft II. Factores a tener en cuenta en estrategias de alta efectividad. Aspectos de estrategia \u201cmacro\u201d.<\/p>\n<p><span style=\"color: #008000\">Ponentes: Jonathan Onrubia Mogica, Nicol\u00e1s &#8216;HysteRya&#8217; Hamann<\/span><\/p>\n<div id='gallery-1' class='gallery galleryid-113 gallery-columns-3 gallery-size-thumbnail'><figure class='gallery-item'>\n\t\t\t<div class='gallery-icon '>\n\t\t\t\t<a href='https:\/\/blogs.ua.es\/starcraft\/conferencias-previstas\/estrategia-y-macro\/'><img loading=\"lazy\" decoding=\"async\" width=\"1\" height=\"1\" src=\"https:\/\/blogs.ua.es\/starcraft\/files\/2011\/03\/Estrategia-y-Macro.jpg\" class=\"attachment-thumbnail size-thumbnail\" alt=\"\" \/><\/a>\n\t\t\t<\/div><\/figure>\n\t\t<\/div>\n\n<p><span style=\"color: #008000\"><a href=\"https:\/\/blogs.ua.es\/starcraft\/files\/2011\/03\/Estrategia-y-Macro.jpg\"><img decoding=\"async\" class=\"aligncenter size-full wp-image-187\" src=\"https:\/\/blogs.ua.es\/starcraft\/files\/2011\/03\/Estrategia-y-Macro.jpg\" alt=\"\" \/><\/a><br \/>\n<\/span><\/p>\n","protected":false},"excerpt":{"rendered":"<p>Juegos de estrategia en la toma de decisiones empresariales: Starcraft Son muchos los factores que entran en juego en la gesti\u00f3n de una empresa. Constantemente se deben tomar decisiones relacionadas con el proceso productivo, los productos, la econom\u00eda, la distribuci\u00f3n, la promoci\u00f3n, etc. Dentro de este \u00e1mbito, una gesti\u00f3n innovadora de tipo estrat\u00e9gico, como la [&hellip;]<\/p>\n","protected":false},"author":1587,"featured_media":0,"parent":0,"menu_order":0,"comment_status":"closed","ping_status":"open","template":"","meta":{"footnotes":""},"class_list":["post-113","page","type-page","status-publish","hentry"],"_links":{"self":[{"href":"https:\/\/blogs.ua.es\/starcraft\/wp-json\/wp\/v2\/pages\/113","targetHints":{"allow":["GET"]}}],"collection":[{"href":"https:\/\/blogs.ua.es\/starcraft\/wp-json\/wp\/v2\/pages"}],"about":[{"href":"https:\/\/blogs.ua.es\/starcraft\/wp-json\/wp\/v2\/types\/page"}],"author":[{"embeddable":true,"href":"https:\/\/blogs.ua.es\/starcraft\/wp-json\/wp\/v2\/users\/1587"}],"replies":[{"embeddable":true,"href":"https:\/\/blogs.ua.es\/starcraft\/wp-json\/wp\/v2\/comments?post=113"}],"version-history":[{"count":7,"href":"https:\/\/blogs.ua.es\/starcraft\/wp-json\/wp\/v2\/pages\/113\/revisions"}],"predecessor-version":[{"id":115,"href":"https:\/\/blogs.ua.es\/starcraft\/wp-json\/wp\/v2\/pages\/113\/revisions\/115"}],"wp:attachment":[{"href":"https:\/\/blogs.ua.es\/starcraft\/wp-json\/wp\/v2\/media?parent=113"}],"curies":[{"name":"wp","href":"https:\/\/api.w.org\/{rel}","templated":true}]}}