{"id":144,"date":"2011-02-12T17:25:18","date_gmt":"2011-02-12T16:25:18","guid":{"rendered":"https:\/\/blogs.ua.es\/starcraft\/"},"modified":"2011-02-21T09:57:46","modified_gmt":"2011-02-21T08:57:46","slug":"resultados-torneos","status":"publish","type":"page","link":"https:\/\/blogs.ua.es\/starcraft\/resultados-torneos\/","title":{"rendered":"resultados campeonato"},"content":{"rendered":"<p>Gran afluencia de jugadores y un alto nivel de juego tanto en el torneo 1v1 como en el 2v2, donde contamos con la participaci\u00f3n de algunos de los mejores jugadores de Espa\u00f1a.<\/p>\n<p>clasificaci\u00f3n Torneo 1v1 (<a href=\"http:\/\/challonge.com\/ua1v1\">detalle<\/a>)<\/p>\n<table border=\"1\" cellspacing=\"0\" cellpadding=\"0\">\n<tbody>\n<tr style=\"text-align: center\">\n<td style=\"text-align: center\" width=\"139\" valign=\"top\"><strong>jugador<\/strong><\/td>\n<td width=\"120\" valign=\"top\"><strong>clasificaci\u00f3n<\/strong><\/td>\n<\/tr>\n<tr>\n<td width=\"139\" valign=\"top\">shaaw<\/td>\n<td width=\"120\" valign=\"top\">1<\/td>\n<\/tr>\n<tr>\n<td width=\"139\" valign=\"top\">lionheart<\/td>\n<td width=\"120\" valign=\"top\">2<\/td>\n<\/tr>\n<tr>\n<td width=\"139\" valign=\"top\">pepeptium<\/td>\n<td width=\"120\" valign=\"top\">3<\/td>\n<\/tr>\n<tr>\n<td width=\"139\" valign=\"top\">seeerling<\/td>\n<td width=\"120\" valign=\"top\">4<\/td>\n<\/tr>\n<tr>\n<td width=\"139\" valign=\"top\">charli<\/td>\n<td width=\"120\" valign=\"top\">5<\/td>\n<\/tr>\n<tr>\n<td width=\"139\" valign=\"top\">rmataweros<\/td>\n<td width=\"120\" valign=\"top\">6<\/td>\n<\/tr>\n<tr>\n<td width=\"139\" valign=\"top\">fanatico<\/td>\n<td width=\"120\" valign=\"top\">7<\/td>\n<\/tr>\n<tr>\n<td width=\"139\" valign=\"top\">ggdestroyer<\/td>\n<td width=\"120\" valign=\"top\">8<\/td>\n<\/tr>\n<tr>\n<td width=\"139\" valign=\"top\">internet<\/td>\n<td width=\"120\" valign=\"top\">9<\/td>\n<\/tr>\n<tr>\n<td width=\"139\" valign=\"top\">manuwar<\/td>\n<td width=\"120\" valign=\"top\">10<\/td>\n<\/tr>\n<tr>\n<td width=\"139\" valign=\"top\">capi<\/td>\n<td width=\"120\" valign=\"top\">11<\/td>\n<\/tr>\n<tr>\n<td width=\"139\" valign=\"top\">guimusan<\/td>\n<td width=\"120\" valign=\"top\">12<\/td>\n<\/tr>\n<tr>\n<td width=\"139\" valign=\"top\">barney<\/td>\n<td width=\"120\" valign=\"top\">13<\/td>\n<\/tr>\n<tr>\n<td width=\"139\" valign=\"top\">kiros<\/td>\n<td width=\"120\" valign=\"top\">14<\/td>\n<\/tr>\n<tr>\n<td width=\"139\" valign=\"top\">odoacro<\/td>\n<td width=\"120\" valign=\"top\">15<\/td>\n<\/tr>\n<tr>\n<td width=\"139\" valign=\"top\">kranikar<\/td>\n<td width=\"120\" valign=\"top\">16<\/td>\n<\/tr>\n<tr>\n<td width=\"139\" valign=\"top\">loLvsxD<\/td>\n<td width=\"120\" valign=\"top\">17<\/td>\n<\/tr>\n<tr>\n<td width=\"139\" valign=\"top\">niTo<\/td>\n<td width=\"120\" valign=\"top\">18<\/td>\n<\/tr>\n<tr>\n<td width=\"139\" valign=\"top\">okupa<\/td>\n<td width=\"120\" valign=\"top\">19<\/td>\n<\/tr>\n<tr>\n<td width=\"139\" valign=\"top\">thalon<\/td>\n<td width=\"120\" valign=\"top\">20<\/td>\n<\/tr>\n<tr>\n<td width=\"139\" valign=\"top\">anzu<\/td>\n<td width=\"120\" valign=\"top\">21<\/td>\n<\/tr>\n<tr>\n<td width=\"139\" valign=\"top\">azsayl<\/td>\n<td width=\"120\" valign=\"top\">22<\/td>\n<\/tr>\n<tr>\n<td width=\"139\" valign=\"top\">mrLing<\/td>\n<td width=\"120\" valign=\"top\">23<\/td>\n<\/tr>\n<tr>\n<td width=\"139\" valign=\"top\">zadrack<\/td>\n<td width=\"120\" valign=\"top\">24<\/td>\n<\/tr>\n<tr>\n<td width=\"139\" valign=\"top\">juanyoni<\/td>\n<td width=\"120\" valign=\"top\">25<\/td>\n<\/tr>\n<tr>\n<td width=\"139\" valign=\"top\">sidVicious<\/td>\n<td width=\"120\" valign=\"top\">26<\/td>\n<\/tr>\n<tr>\n<td width=\"139\" valign=\"top\">akaiNoah<\/td>\n<td width=\"120\" valign=\"top\">27<\/td>\n<\/tr>\n<tr>\n<td width=\"139\" valign=\"top\">davOid<\/td>\n<td width=\"120\" valign=\"top\">28<\/td>\n<\/tr>\n<tr>\n<td width=\"139\" valign=\"top\">blackDemon<\/td>\n<td width=\"120\" valign=\"top\">29<\/td>\n<\/tr>\n<tr>\n<td width=\"139\" valign=\"top\">quepumquepam<\/td>\n<td width=\"120\" valign=\"top\">30<\/td>\n<\/tr>\n<\/tbody>\n<\/table>\n<p>clasificaci\u00f3n Torneo 2v2 (a falta de rondas de desempate) (<a href=\"http:\/\/challonge.com\/ua2v2\">detalle<\/a>)<\/p>\n<table border=\"1\" cellspacing=\"0\" cellpadding=\"0\">\n<tbody>\n<tr>\n<td width=\"187\" valign=\"top\">\n<p style=\"text-align: center\"><strong>equipo<\/strong><\/p>\n<\/td>\n<td width=\"108\" valign=\"top\">\n<p style=\"text-align: center\"><strong>puntuaci\u00f3n<\/strong><\/p>\n<\/td>\n<\/tr>\n<tr style=\"text-align: center\">\n<td style=\"text-align: left\" width=\"187\" valign=\"top\">okupa y nito<\/td>\n<td style=\"text-align: left\" width=\"108\" valign=\"top\">5<\/td>\n<\/tr>\n<tr>\n<td width=\"187\" valign=\"top\">lionheart   y charli<\/td>\n<td width=\"108\" valign=\"top\">5<\/td>\n<\/tr>\n<tr>\n<td width=\"187\" valign=\"top\">fanatico   y Shaaw<\/td>\n<td width=\"108\" valign=\"top\">5<\/td>\n<\/tr>\n<tr>\n<td width=\"187\" valign=\"top\">barney y   nosgoth<\/td>\n<td width=\"108\" valign=\"top\">3<\/td>\n<\/tr>\n<tr>\n<td width=\"187\" valign=\"top\">ggdestroyer   y manuwar<\/td>\n<td width=\"108\" valign=\"top\">3<\/td>\n<\/tr>\n<tr>\n<td width=\"187\" valign=\"top\">capi y rmataweros<\/td>\n<td width=\"108\" valign=\"top\">3<\/td>\n<\/tr>\n<tr>\n<td width=\"187\" valign=\"top\">sseeeerling   y internet<\/td>\n<td width=\"108\" valign=\"top\">2<\/td>\n<\/tr>\n<tr>\n<td width=\"187\" valign=\"top\">odoacro y   kranikar<\/td>\n<td width=\"108\" valign=\"top\">2<\/td>\n<\/tr>\n<tr>\n<td width=\"187\" valign=\"top\">Fourier y Des<\/td>\n<td width=\"108\" valign=\"top\">2<\/td>\n<\/tr>\n<\/tbody>\n<\/table>\n<p>clasificaci\u00f3n definitiva Torneo 2v2<\/p>\n<p><span style=\"color: #ff0000\">primer clasificado equipos: <span style=\"color: #008000\">lionheart y charli<\/span><br \/>\nsegundo clasificado equipos: <span style=\"color: #008000\">okupa y nito<\/span><\/span><\/p>\n<table border=\"1\" cellspacing=\"0\" cellpadding=\"0\">\n<tbody>\n<tr>\n<td width=\"187\" valign=\"top\"><strong>equipo<\/strong><\/td>\n<td width=\"108\" valign=\"top\"><strong>puntuaci\u00f3n<\/strong><\/td>\n<\/tr>\n<tr>\n<td width=\"187\" valign=\"top\">lionheart   y charli<\/td>\n<td width=\"108\" valign=\"top\">6<\/td>\n<\/tr>\n<tr>\n<td width=\"187\" valign=\"top\">okupa y nito<\/td>\n<td width=\"108\" valign=\"top\">5<\/td>\n<\/tr>\n<tr>\n<td width=\"187\" valign=\"top\">fanatico   y Shaaw<\/td>\n<td width=\"108\" valign=\"top\">5<\/td>\n<\/tr>\n<tr>\n<td width=\"187\" valign=\"top\">barney y   nosgoth<\/td>\n<td width=\"108\" valign=\"top\">3<\/td>\n<\/tr>\n<tr>\n<td width=\"187\" valign=\"top\">ggdestroyer   y manuwar<\/td>\n<td width=\"108\" valign=\"top\">3<\/td>\n<\/tr>\n<tr>\n<td width=\"187\" valign=\"top\">capi y   rmataweros<\/td>\n<td width=\"108\" valign=\"top\">3<\/td>\n<\/tr>\n<tr>\n<td width=\"187\" valign=\"top\">sseeeerling   y internet<\/td>\n<td width=\"108\" valign=\"top\">2<\/td>\n<\/tr>\n<tr>\n<td width=\"187\" valign=\"top\">odoacro y   kranikar<\/td>\n<td width=\"108\" valign=\"top\">2<\/td>\n<\/tr>\n<tr>\n<td width=\"187\" valign=\"top\">Fourier y   Des<\/td>\n<td width=\"108\" valign=\"top\">2<\/td>\n<\/tr>\n<\/tbody>\n<\/table>\n<p><a href=\"https:\/\/blogs.ua.es\/starcraft\/files\/2011\/02\/IMAG0065b.jpg\"><img loading=\"lazy\" decoding=\"async\" class=\"aligncenter size-medium wp-image-165\" src=\"https:\/\/blogs.ua.es\/starcraft\/files\/2011\/02\/IMAG0065b-300x179.jpg\" alt=\"\" width=\"300\" height=\"179\" srcset=\"https:\/\/blogs.ua.es\/starcraft\/files\/2011\/02\/IMAG0065b-300x179.jpg 300w, https:\/\/blogs.ua.es\/starcraft\/files\/2011\/02\/IMAG0065b-150x89.jpg 150w, https:\/\/blogs.ua.es\/starcraft\/files\/2011\/02\/IMAG0065b.jpg 518w\" sizes=\"auto, (max-width: 300px) 100vw, 300px\" \/><\/a><\/p>\n","protected":false},"excerpt":{"rendered":"<p>Gran afluencia de jugadores y un alto nivel de juego tanto en el torneo 1v1 como en el 2v2, donde contamos con la participaci\u00f3n de algunos de los mejores jugadores de Espa\u00f1a. clasificaci\u00f3n Torneo 1v1 (detalle) jugador clasificaci\u00f3n shaaw 1 lionheart 2 pepeptium 3 seeerling 4 charli 5 rmataweros 6 fanatico 7 ggdestroyer 8 internet [&hellip;]<\/p>\n","protected":false},"author":1587,"featured_media":0,"parent":0,"menu_order":0,"comment_status":"open","ping_status":"open","template":"","meta":{"footnotes":""},"class_list":["post-144","page","type-page","status-publish","hentry"],"_links":{"self":[{"href":"https:\/\/blogs.ua.es\/starcraft\/wp-json\/wp\/v2\/pages\/144","targetHints":{"allow":["GET"]}}],"collection":[{"href":"https:\/\/blogs.ua.es\/starcraft\/wp-json\/wp\/v2\/pages"}],"about":[{"href":"https:\/\/blogs.ua.es\/starcraft\/wp-json\/wp\/v2\/types\/page"}],"author":[{"embeddable":true,"href":"https:\/\/blogs.ua.es\/starcraft\/wp-json\/wp\/v2\/users\/1587"}],"replies":[{"embeddable":true,"href":"https:\/\/blogs.ua.es\/starcraft\/wp-json\/wp\/v2\/comments?post=144"}],"version-history":[{"count":9,"href":"https:\/\/blogs.ua.es\/starcraft\/wp-json\/wp\/v2\/pages\/144\/revisions"}],"predecessor-version":[{"id":146,"href":"https:\/\/blogs.ua.es\/starcraft\/wp-json\/wp\/v2\/pages\/144\/revisions\/146"}],"wp:attachment":[{"href":"https:\/\/blogs.ua.es\/starcraft\/wp-json\/wp\/v2\/media?parent=144"}],"curies":[{"name":"wp","href":"https:\/\/api.w.org\/{rel}","templated":true}]}}