{"id":15,"date":"2010-02-10T12:02:32","date_gmt":"2010-02-10T11:02:32","guid":{"rendered":"https:\/\/blogs.ua.es\/starcraft\/?page_id=15"},"modified":"2011-01-31T18:44:07","modified_gmt":"2011-01-31T17:44:07","slug":"ponentes","status":"publish","type":"page","link":"https:\/\/blogs.ua.es\/starcraft\/ponentes\/","title":{"rendered":"Organizadores y ponentes"},"content":{"rendered":"<p><strong>Sergio S\u00e1nchez Zapata<\/strong>. Diplomado en empresariales, MBA y master en direcci\u00f3n de compras. Actualmente soy Consejero Delegado de una empresa de alimentaci\u00f3n y pertenezco al comit\u00e9 ejecutivo de la C\u00e1mara de Comercio e Industria de Orihuela. Mi inicio en los juegos de estrategia parte del ajedrez. Aprend\u00ed a mover las piezas,\u00a0ya tarde, y me fui aficionando a base de leer libros especializados y jugar en Internet.\u00a0\u00a0Pertenec\u00ed al club de ajedrez de la UNED y al de Orihuela donde particip\u00e9 como integrante del equipo.Sobre videojuegos, comenc\u00e9 con mi Amstrad donde llegu\u00e9 a programar peque\u00f1os juegos. M\u00e1s recientemente empec\u00e9 con el counter strike, diablo, starwars battleground y starky (starcraft) donde pertenec\u00eda al equipo sanguan con la raza Zerg.<\/p>\n<p><strong>Pepe Hurtado<\/strong>. Aprend\u00ed a jugar al ajedrez a tierna edad, aunque lo practicaba de manera espor\u00e1dica. Con el inicio de la Universidad y previamente en compa\u00f1\u00eda de Manuel Ortu\u00f1o jugu\u00e9 m\u00e1s asiduamente, instruy\u00e9ndome con libros de forma ocasional. Me inici\u00e9 en el mundo de los videojuegos con una consola Odissey 1978. Posteriormente pas\u00e9 mi infancia y adolescencia en compa\u00f1\u00eda de un Amstrad CPC 128 y todos los juegos del momento, incluso realizando peque\u00f1os pinitos en programaci\u00f3n. M\u00e1s adelante, me he ejercitado en varios juegos RTS como Warcraft II, Warcraft III, Settle, Stars Wars, y dem\u00e1s. Entre juego y juego estudi\u00e9 la carrera de Medicina y la especialidad de Cardiolog\u00eda. Los \u00faltimos a\u00f1os he descubierto el juego de estrategia y habilidad, a mi entender, m\u00e1s apasionante hasta el momento, el Starcraft.<\/p>\n<p><strong>Jes\u00fas Ortu\u00f1o S\u00e1nchez<\/strong>. Doctor en Biolog\u00eda por la Universidad de Murcia, Licenciado en Ciencias Pol\u00edticas y de la Administraci\u00f3n por la Universidad Complutense de Madrid. Ha sido investigador en la Facultad de Biolog\u00eda de la Universidad de Murcia, en el Centro de Edafolog\u00eda y Biolog\u00eda Aplicada del Segura, Murcia, En el Centro Nacional de Biotecnolog\u00eda del CSIC y en el Instituto Madrile\u00f1o de Investigaci\u00f3n y Desarrollo Rural, Agrario y Alimentario de Madrid. Gran conocedor de los usos y distribuci\u00f3n de recursos en un territorio, su inter\u00e9s en el Starcraft se centra en la Geoestrategia: todos los aspectos relacionados con el control del territorio (localizaci\u00f3n y acceso a los recursos, zonas de paso, limitaci\u00f3n de expansiones, etc.).<\/p>\n<p><strong>Nicol\u00e1s &#8216;HysteRya&#8217; Hamann<\/strong>. Comentarista en la mayor\u00eda de webs de starcraft, es coadministrador de la liga PGeS, y ha formado parte de APSC2 como \u201cplayer\u201d y como \u201ccaster\u201d. Actualmente forma parte del team iVg, como player, junto a jugadores como Shaaw, DranNki y KiroSS. Gran conocedor de Starcraft II, su \u00e1mbito de dominio es la estrategia macro.<\/p>\n<p><strong>Jonathan Onrubia Mogica<\/strong>. Es ingeniero inform\u00e1tico, especializado en programaci\u00f3n en C# y .NET. Experto en Starcraft y en medios de retransmisi\u00f3n por internet, participa habitualmente en torneos de relevancia para jugadores de alto nivel: Go4sc2, craftcup, TLOpen, ESL. Actualmente es analista de partidas de Starcraft II de la web progaming.es.<\/p>\n","protected":false},"excerpt":{"rendered":"<p>Sergio S\u00e1nchez Zapata. Diplomado en empresariales, MBA y master en direcci\u00f3n de compras. Actualmente soy Consejero Delegado de una empresa de alimentaci\u00f3n y pertenezco al comit\u00e9 ejecutivo de la C\u00e1mara de Comercio e Industria de Orihuela. Mi inicio en los juegos de estrategia parte del ajedrez. Aprend\u00ed a mover las piezas,\u00a0ya tarde, y me fui [&hellip;]<\/p>\n","protected":false},"author":1587,"featured_media":0,"parent":0,"menu_order":0,"comment_status":"closed","ping_status":"open","template":"","meta":{"footnotes":""},"class_list":["post-15","page","type-page","status-publish","hentry"],"_links":{"self":[{"href":"https:\/\/blogs.ua.es\/starcraft\/wp-json\/wp\/v2\/pages\/15","targetHints":{"allow":["GET"]}}],"collection":[{"href":"https:\/\/blogs.ua.es\/starcraft\/wp-json\/wp\/v2\/pages"}],"about":[{"href":"https:\/\/blogs.ua.es\/starcraft\/wp-json\/wp\/v2\/types\/page"}],"author":[{"embeddable":true,"href":"https:\/\/blogs.ua.es\/starcraft\/wp-json\/wp\/v2\/users\/1587"}],"replies":[{"embeddable":true,"href":"https:\/\/blogs.ua.es\/starcraft\/wp-json\/wp\/v2\/comments?post=15"}],"version-history":[{"count":11,"href":"https:\/\/blogs.ua.es\/starcraft\/wp-json\/wp\/v2\/pages\/15\/revisions"}],"predecessor-version":[{"id":17,"href":"https:\/\/blogs.ua.es\/starcraft\/wp-json\/wp\/v2\/pages\/15\/revisions\/17"}],"wp:attachment":[{"href":"https:\/\/blogs.ua.es\/starcraft\/wp-json\/wp\/v2\/media?parent=15"}],"curies":[{"name":"wp","href":"https:\/\/api.w.org\/{rel}","templated":true}]}}