{"id":215,"date":"2012-02-01T10:09:01","date_gmt":"2012-02-01T09:09:01","guid":{"rendered":"https:\/\/blogs.ua.es\/starcraft\/?page_id=215"},"modified":"2012-02-16T10:36:05","modified_gmt":"2012-02-16T09:36:05","slug":"torneos-e-sports-2012","status":"publish","type":"page","link":"https:\/\/blogs.ua.es\/starcraft\/torneos-e-sports-2012\/","title":{"rendered":"torneos e-sports 2012"},"content":{"rendered":"<p><a href=\"https:\/\/blogs.ua.es\/starcraft\/files\/2012\/02\/foto4.jpg\"><img loading=\"lazy\" decoding=\"async\" class=\"aligncenter size-medium wp-image-237\" src=\"https:\/\/blogs.ua.es\/starcraft\/files\/2012\/02\/foto4-300x179.jpg\" alt=\"\" width=\"300\" height=\"179\" srcset=\"https:\/\/blogs.ua.es\/starcraft\/files\/2012\/02\/foto4-300x179.jpg 300w, https:\/\/blogs.ua.es\/starcraft\/files\/2012\/02\/foto4-150x89.jpg 150w, https:\/\/blogs.ua.es\/starcraft\/files\/2012\/02\/foto4.jpg 518w\" sizes=\"auto, (max-width: 300px) 100vw, 300px\" \/><\/a>jornadas de deportes electr\u00f3nicos e-sports 2012<\/p>\n<p>d\u00edas 13 y 14 de febrero de 2012. Se celebrar\u00e1n campeonatos de Starcraft 2 y League of legends. Con la participaci\u00f3n de Sergio S\u00e1nchez, experto en juegos de estrategia.<\/p>\n<p><strong>PROGRAMA<\/strong><\/p>\n<p>d\u00eda 13 (Aula L04A, edificio EPS I planta baja Universidad de Alicante)<\/p>\n<p>9:00-11:00 talleres y entrenamiento Starcraft 2<\/p>\n<p>11:00-14:00 campeonato 1v1 Starcraft 2<\/p>\n<p>15:00-19:00 campeonato 2v2 Starcraft 2<\/p>\n<p>&nbsp;<\/p>\n<p>d\u00eda 14 (Aula L04A, edificio EPS I planta baja Universidad de Alicante)<\/p>\n<p>9:00-11:00 talleres y entrenamiento Legue of legends<\/p>\n<p>11:00-14:00 campeonato 3v3 Legue of legends<\/p>\n<p>15:00-19:00\u00a0campeonato 3v3 Legue of legends (posibles desempates)<\/p>\n<p>&nbsp;<\/p>\n<p>Importante:<\/p>\n<p>1. Aula L04A (edificio EPS I planta baja Universidad de Alicante). Este aula cuenta con un n\u00famero limitado de ordenadores (14), los primeros jugadores en llegar por la ma\u00f1ana podr\u00e1n reservar un ordenador por persona para los campeonatos. Si se llega tarde es posible que no queden ordenadores disponibles. La inscripci\u00f3n se har\u00e1 in situ no es necesario hacerlo por internet.<\/p>\n<p>2. El aula tambi\u00e9n tiene mesas para instalar ordenadores port\u00e1tiles con los que se podr\u00e1 jugar a trav\u00e9s de wifi. Cualquier jugador podr\u00e1 traerse su propio ordenador port\u00e1til con los juegos instalados. No se dispone de ordenadores port\u00e1tiles de la UA.<\/p>\n<p>3. Los mapas a jugar y dem\u00e1s detalles se decidir\u00e1n el mismo d\u00eda de cada juego entre los jugadores<\/p>\n<p>4. JUEVES 23 DE FEBRERO 9:00 SAL\u00d3N DE ACTOS DE LA EPS SE ENTREGAR\u00c1N LOS TROFEOS &#8220;Maestro de estrategia&#8221;. 7 trofeos para SC2 y 3 trofeos para LoL. ADEM\u00c1S LA EMPRESA SON SANCHEZ S.A. REPARTIR\u00c1 PRODUCTOS A LOS PREMIADOS.<\/p>\n<p>5. Calendario de actividades 2012 MES CULTURAL DE LA EPS: <a title=\"calendario MES CULTURAL EPS 2012\" href=\"http:\/\/www.eps.ua.es\/servicios\/noticia\/02045\/calendario-actividades-completo-mes-cultural-eps-2012\" target=\"_blank\">http:\/\/www.eps.ua.es\/servicios\/noticia\/02045\/calendario-actividades-completo-mes-cultural-eps-2012<\/a><\/p>\n<p>&nbsp;<\/p>\n<p>clasificaciones<\/p>\n<p>SC2 1v1. Tras 5 rondas el n\u00famero de partidas ganadas por cada jugador es la siguiente. El ganador del torneo es Depre y hay un empate en las posiciones 2 y 3 entre Thalon y Kep.<\/p>\n<table border=\"1\" cellspacing=\"0\" cellpadding=\"0\">\n<tbody>\n<tr>\n<td valign=\"top\" width=\"122\">\n<p align=\"center\"><strong>Nick<\/strong><\/p>\n<\/td>\n<td valign=\"top\" width=\"132\">\n<p align=\"center\"><strong>Partidas ganadas<\/strong><\/p>\n<\/td>\n<\/tr>\n<tr>\n<td valign=\"top\" width=\"122\">Depre<\/td>\n<td valign=\"top\" width=\"132\">\n<p align=\"center\">5<\/p>\n<\/td>\n<\/tr>\n<tr>\n<td valign=\"top\" width=\"122\">Thalon<\/td>\n<td valign=\"top\" width=\"132\">\n<p align=\"center\">4<\/p>\n<\/td>\n<\/tr>\n<tr>\n<td valign=\"top\" width=\"122\">Kep<\/td>\n<td valign=\"top\" width=\"132\">\n<p align=\"center\">4<\/p>\n<\/td>\n<\/tr>\n<tr>\n<td valign=\"top\" width=\"122\">Cliew<\/td>\n<td valign=\"top\" width=\"132\">\n<p align=\"center\">3<\/p>\n<\/td>\n<\/tr>\n<tr>\n<td valign=\"top\" width=\"122\">Ortsinton<\/td>\n<td valign=\"top\" width=\"132\">\n<p align=\"center\">3<\/p>\n<\/td>\n<\/tr>\n<tr>\n<td valign=\"top\" width=\"122\">gigidestroyer<\/td>\n<td valign=\"top\" width=\"132\">\n<p align=\"center\">2<\/p>\n<\/td>\n<\/tr>\n<tr>\n<td valign=\"top\" width=\"122\">Sidvicius<\/td>\n<td valign=\"top\" width=\"132\">\n<p align=\"center\">2<\/p>\n<\/td>\n<\/tr>\n<tr>\n<td valign=\"top\" width=\"122\">Rebornsnake<\/td>\n<td valign=\"top\" width=\"132\">\n<p align=\"center\">2<\/p>\n<\/td>\n<\/tr>\n<tr>\n<td valign=\"top\" width=\"122\">Zephon<\/td>\n<td valign=\"top\" width=\"132\">\n<p align=\"center\">2<\/p>\n<\/td>\n<\/tr>\n<tr>\n<td valign=\"top\" width=\"122\">manuwar<\/td>\n<td valign=\"top\" width=\"132\">\n<p align=\"center\">2<\/p>\n<\/td>\n<\/tr>\n<tr>\n<td valign=\"top\" width=\"122\">Nacho<\/td>\n<td valign=\"top\" width=\"132\">\n<p align=\"center\">1<\/p>\n<\/td>\n<\/tr>\n<tr>\n<td valign=\"top\" width=\"122\">Joyrider<\/td>\n<td valign=\"top\" width=\"132\">\n<p align=\"center\">0<\/p>\n<\/td>\n<\/tr>\n<\/tbody>\n<\/table>\n<p>&nbsp;<\/p>\n<p>SC2 2v2. Tras 4 rondas el equipo vencedor del campeonato es el formado por Imtgni-SuperAl. Segundo clasificado el equipo Gecko-Depre<\/p>\n<p>&nbsp;<\/p>\n<table border=\"1\" cellspacing=\"0\" cellpadding=\"0\">\n<tbody>\n<tr>\n<td valign=\"top\" width=\"143\">\n<p align=\"center\"><strong>Nicks<\/strong><\/p>\n<\/td>\n<td valign=\"top\" width=\"80\"><strong>Partidas ganadas<\/strong><\/td>\n<\/tr>\n<tr>\n<td valign=\"top\" width=\"143\">Imtgni-SuperAl<\/td>\n<td valign=\"top\" width=\"80\">4<\/td>\n<\/tr>\n<tr>\n<td valign=\"top\" width=\"143\">Gecko-Depre<\/td>\n<td valign=\"top\" width=\"80\">3<\/td>\n<\/tr>\n<tr>\n<td valign=\"top\" width=\"143\">Charli-Kep<\/td>\n<td valign=\"top\" width=\"80\">2<\/td>\n<\/tr>\n<tr>\n<td valign=\"top\" width=\"143\">Manuwar-Gigidestroyer<\/td>\n<td valign=\"top\" width=\"80\">2<\/td>\n<\/tr>\n<tr>\n<td valign=\"top\" width=\"143\">Thalon-Sidvicius<\/td>\n<td valign=\"top\" width=\"80\">1<\/td>\n<\/tr>\n<tr>\n<td valign=\"top\" width=\"143\">Mcgodric-El Tzar<\/td>\n<td valign=\"top\" width=\"80\">0<\/td>\n<\/tr>\n<\/tbody>\n<\/table>\n<p>&nbsp;<\/p>\n<p>En el torneo de Counter Strike por equipos de 5 jugadores. Se muestran en la foto las victorias de cada ronda. Los tres primeros equipos por orden de clasificaci\u00f3n son el 1, 4, 3.<\/p>\n<p><a href=\"https:\/\/blogs.ua.es\/starcraft\/files\/2012\/02\/resultadoscounter2.jpg\"><img loading=\"lazy\" decoding=\"async\" class=\"aligncenter size-large wp-image-229\" src=\"https:\/\/blogs.ua.es\/starcraft\/files\/2012\/02\/resultadoscounter2-1024x764.jpg\" alt=\"\" width=\"500\" height=\"373\" srcset=\"https:\/\/blogs.ua.es\/starcraft\/files\/2012\/02\/resultadoscounter2-1024x764.jpg 1024w, https:\/\/blogs.ua.es\/starcraft\/files\/2012\/02\/resultadoscounter2-300x224.jpg 300w, https:\/\/blogs.ua.es\/starcraft\/files\/2012\/02\/resultadoscounter2-150x112.jpg 150w\" sizes=\"auto, (max-width: 500px) 100vw, 500px\" \/><\/a><\/p>\n<p>El jueves d\u00eda 23 de febrero (9:00-10:00 sal\u00f3n de actos de la EPS) se entregar\u00e1n trofeos a los tres primeros clasificados en el torneo SC2 1v1: Depre, Thalon, Kep, a los jugadores de los dos primeros equipos clasificados en el SC2 2v2: Imtgni-SuperAl, Gecko-Deprey a los capitanes de los tres primeros equipos clasificados en el torneo de Counter: 1, 4, 3.<\/p>\n<p>im\u00e1genes de los torneos<\/p>\n<p><a href=\"https:\/\/blogs.ua.es\/starcraft\/files\/2012\/02\/foto5.jpg\"><img loading=\"lazy\" decoding=\"async\" class=\"aligncenter size-medium wp-image-238\" src=\"https:\/\/blogs.ua.es\/starcraft\/files\/2012\/02\/foto5-300x179.jpg\" alt=\"\" width=\"300\" height=\"179\" srcset=\"https:\/\/blogs.ua.es\/starcraft\/files\/2012\/02\/foto5-300x179.jpg 300w, https:\/\/blogs.ua.es\/starcraft\/files\/2012\/02\/foto5-150x89.jpg 150w, https:\/\/blogs.ua.es\/starcraft\/files\/2012\/02\/foto5.jpg 518w\" sizes=\"auto, (max-width: 300px) 100vw, 300px\" \/><\/a><\/p>\n<p><a href=\"https:\/\/blogs.ua.es\/starcraft\/files\/2012\/02\/foto1.jpg\"><img loading=\"lazy\" decoding=\"async\" class=\"aligncenter size-medium wp-image-234\" src=\"https:\/\/blogs.ua.es\/starcraft\/files\/2012\/02\/foto1-300x179.jpg\" alt=\"\" width=\"300\" height=\"179\" srcset=\"https:\/\/blogs.ua.es\/starcraft\/files\/2012\/02\/foto1-300x179.jpg 300w, https:\/\/blogs.ua.es\/starcraft\/files\/2012\/02\/foto1-150x89.jpg 150w, https:\/\/blogs.ua.es\/starcraft\/files\/2012\/02\/foto1.jpg 518w\" sizes=\"auto, (max-width: 300px) 100vw, 300px\" \/><\/a><\/p>\n<p><a href=\"https:\/\/blogs.ua.es\/starcraft\/files\/2012\/02\/foto12.jpg\"><img loading=\"lazy\" decoding=\"async\" class=\"aligncenter size-medium wp-image-233\" src=\"https:\/\/blogs.ua.es\/starcraft\/files\/2012\/02\/foto12-300x179.jpg\" alt=\"\" width=\"300\" height=\"179\" srcset=\"https:\/\/blogs.ua.es\/starcraft\/files\/2012\/02\/foto12-300x179.jpg 300w, https:\/\/blogs.ua.es\/starcraft\/files\/2012\/02\/foto12-150x89.jpg 150w, https:\/\/blogs.ua.es\/starcraft\/files\/2012\/02\/foto12.jpg 518w\" sizes=\"auto, (max-width: 300px) 100vw, 300px\" \/><\/a><a href=\"https:\/\/blogs.ua.es\/starcraft\/files\/2012\/02\/foto11.jpg\"><img loading=\"lazy\" decoding=\"async\" class=\"aligncenter size-medium wp-image-244\" src=\"https:\/\/blogs.ua.es\/starcraft\/files\/2012\/02\/foto11-300x179.jpg\" alt=\"\" width=\"300\" height=\"179\" srcset=\"https:\/\/blogs.ua.es\/starcraft\/files\/2012\/02\/foto11-300x179.jpg 300w, https:\/\/blogs.ua.es\/starcraft\/files\/2012\/02\/foto11-150x89.jpg 150w, https:\/\/blogs.ua.es\/starcraft\/files\/2012\/02\/foto11.jpg 518w\" sizes=\"auto, (max-width: 300px) 100vw, 300px\" \/><\/a><a href=\"https:\/\/blogs.ua.es\/starcraft\/files\/2012\/02\/foto10.jpg\"><img loading=\"lazy\" decoding=\"async\" class=\"aligncenter size-medium wp-image-243\" src=\"https:\/\/blogs.ua.es\/starcraft\/files\/2012\/02\/foto10-300x179.jpg\" alt=\"\" width=\"300\" height=\"179\" srcset=\"https:\/\/blogs.ua.es\/starcraft\/files\/2012\/02\/foto10-300x179.jpg 300w, https:\/\/blogs.ua.es\/starcraft\/files\/2012\/02\/foto10-150x89.jpg 150w, https:\/\/blogs.ua.es\/starcraft\/files\/2012\/02\/foto10.jpg 518w\" sizes=\"auto, (max-width: 300px) 100vw, 300px\" \/><\/a><a href=\"https:\/\/blogs.ua.es\/starcraft\/files\/2012\/02\/foto9.jpg\"><img loading=\"lazy\" decoding=\"async\" class=\"aligncenter size-medium wp-image-242\" src=\"https:\/\/blogs.ua.es\/starcraft\/files\/2012\/02\/foto9-300x179.jpg\" alt=\"\" width=\"300\" height=\"179\" srcset=\"https:\/\/blogs.ua.es\/starcraft\/files\/2012\/02\/foto9-300x179.jpg 300w, https:\/\/blogs.ua.es\/starcraft\/files\/2012\/02\/foto9-150x89.jpg 150w, https:\/\/blogs.ua.es\/starcraft\/files\/2012\/02\/foto9.jpg 518w\" sizes=\"auto, (max-width: 300px) 100vw, 300px\" \/><\/a><a href=\"https:\/\/blogs.ua.es\/starcraft\/files\/2012\/02\/foto8.jpg\"><img loading=\"lazy\" decoding=\"async\" class=\"aligncenter size-medium wp-image-241\" src=\"https:\/\/blogs.ua.es\/starcraft\/files\/2012\/02\/foto8-300x179.jpg\" alt=\"\" width=\"300\" height=\"179\" srcset=\"https:\/\/blogs.ua.es\/starcraft\/files\/2012\/02\/foto8-300x179.jpg 300w, https:\/\/blogs.ua.es\/starcraft\/files\/2012\/02\/foto8-150x89.jpg 150w, https:\/\/blogs.ua.es\/starcraft\/files\/2012\/02\/foto8.jpg 518w\" sizes=\"auto, (max-width: 300px) 100vw, 300px\" \/><\/a><a href=\"https:\/\/blogs.ua.es\/starcraft\/files\/2012\/02\/foto7.jpg\"><img loading=\"lazy\" decoding=\"async\" class=\"aligncenter size-medium wp-image-240\" src=\"https:\/\/blogs.ua.es\/starcraft\/files\/2012\/02\/foto7-300x179.jpg\" alt=\"\" width=\"300\" height=\"179\" srcset=\"https:\/\/blogs.ua.es\/starcraft\/files\/2012\/02\/foto7-300x179.jpg 300w, https:\/\/blogs.ua.es\/starcraft\/files\/2012\/02\/foto7-150x89.jpg 150w, https:\/\/blogs.ua.es\/starcraft\/files\/2012\/02\/foto7.jpg 518w\" sizes=\"auto, (max-width: 300px) 100vw, 300px\" \/><\/a><a href=\"https:\/\/blogs.ua.es\/starcraft\/files\/2012\/02\/foto6.jpg\"><img loading=\"lazy\" decoding=\"async\" class=\"aligncenter size-medium wp-image-239\" src=\"https:\/\/blogs.ua.es\/starcraft\/files\/2012\/02\/foto6-300x179.jpg\" alt=\"\" width=\"300\" height=\"179\" srcset=\"https:\/\/blogs.ua.es\/starcraft\/files\/2012\/02\/foto6-300x179.jpg 300w, https:\/\/blogs.ua.es\/starcraft\/files\/2012\/02\/foto6-150x89.jpg 150w, https:\/\/blogs.ua.es\/starcraft\/files\/2012\/02\/foto6.jpg 518w\" sizes=\"auto, (max-width: 300px) 100vw, 300px\" \/><\/a><a href=\"https:\/\/blogs.ua.es\/starcraft\/files\/2012\/02\/foto3.jpg\"><img loading=\"lazy\" decoding=\"async\" class=\"aligncenter size-medium wp-image-236\" src=\"https:\/\/blogs.ua.es\/starcraft\/files\/2012\/02\/foto3-300x179.jpg\" alt=\"\" width=\"300\" height=\"179\" srcset=\"https:\/\/blogs.ua.es\/starcraft\/files\/2012\/02\/foto3-300x179.jpg 300w, https:\/\/blogs.ua.es\/starcraft\/files\/2012\/02\/foto3-150x89.jpg 150w, https:\/\/blogs.ua.es\/starcraft\/files\/2012\/02\/foto3.jpg 518w\" sizes=\"auto, (max-width: 300px) 100vw, 300px\" \/><\/a><a href=\"https:\/\/blogs.ua.es\/starcraft\/files\/2012\/02\/foto2.jpg\"><img loading=\"lazy\" decoding=\"async\" class=\"aligncenter size-medium wp-image-235\" src=\"https:\/\/blogs.ua.es\/starcraft\/files\/2012\/02\/foto2-300x179.jpg\" alt=\"\" width=\"300\" height=\"179\" srcset=\"https:\/\/blogs.ua.es\/starcraft\/files\/2012\/02\/foto2-300x179.jpg 300w, https:\/\/blogs.ua.es\/starcraft\/files\/2012\/02\/foto2-150x89.jpg 150w, https:\/\/blogs.ua.es\/starcraft\/files\/2012\/02\/foto2.jpg 518w\" sizes=\"auto, (max-width: 300px) 100vw, 300px\" \/><\/a><\/p>\n","protected":false},"excerpt":{"rendered":"<p>jornadas de deportes electr\u00f3nicos e-sports 2012 d\u00edas 13 y 14 de febrero de 2012. Se celebrar\u00e1n campeonatos de Starcraft 2 y League of legends. Con la participaci\u00f3n de Sergio S\u00e1nchez, experto en juegos de estrategia. PROGRAMA d\u00eda 13 (Aula L04A, edificio EPS I planta baja Universidad de Alicante) 9:00-11:00 talleres y entrenamiento Starcraft 2 11:00-14:00 [&hellip;]<\/p>\n","protected":false},"author":1587,"featured_media":0,"parent":0,"menu_order":0,"comment_status":"open","ping_status":"open","template":"","meta":{"footnotes":""},"class_list":["post-215","page","type-page","status-publish","hentry"],"_links":{"self":[{"href":"https:\/\/blogs.ua.es\/starcraft\/wp-json\/wp\/v2\/pages\/215","targetHints":{"allow":["GET"]}}],"collection":[{"href":"https:\/\/blogs.ua.es\/starcraft\/wp-json\/wp\/v2\/pages"}],"about":[{"href":"https:\/\/blogs.ua.es\/starcraft\/wp-json\/wp\/v2\/types\/page"}],"author":[{"embeddable":true,"href":"https:\/\/blogs.ua.es\/starcraft\/wp-json\/wp\/v2\/users\/1587"}],"replies":[{"embeddable":true,"href":"https:\/\/blogs.ua.es\/starcraft\/wp-json\/wp\/v2\/comments?post=215"}],"version-history":[{"count":6,"href":"https:\/\/blogs.ua.es\/starcraft\/wp-json\/wp\/v2\/pages\/215\/revisions"}],"predecessor-version":[{"id":217,"href":"https:\/\/blogs.ua.es\/starcraft\/wp-json\/wp\/v2\/pages\/215\/revisions\/217"}],"wp:attachment":[{"href":"https:\/\/blogs.ua.es\/starcraft\/wp-json\/wp\/v2\/media?parent=215"}],"curies":[{"name":"wp","href":"https:\/\/api.w.org\/{rel}","templated":true}]}}