{"id":28,"date":"2010-02-16T23:53:06","date_gmt":"2010-02-16T22:53:06","guid":{"rendered":"https:\/\/blogs.ua.es\/starcraft\/reglas-torneo\/"},"modified":"2011-01-31T18:51:26","modified_gmt":"2011-01-31T17:51:26","slug":"reglas-torneo","status":"publish","type":"page","link":"https:\/\/blogs.ua.es\/starcraft\/reglas-torneo\/","title":{"rendered":"Reglas torneo"},"content":{"rendered":"<p><span style=\"color: #ff0000\">listado de mapas para los torneos:<\/span><\/p>\n<div>Torneo 1v1:<\/div>\n<ul>\n<li>Templo Perdido<\/li>\n<li>Metalopolis<\/li>\n<li>Cavernas Xel&#8217;naga<\/li>\n<li>Meseta de Shakuras<\/li>\n<li>Cuenca selv\u00e1tica<\/li>\n<li>Desguace<\/li>\n<\/ul>\n<div>Torneo 2v2:<\/div>\n<ul>\n<li>Baldios Aridos<\/li>\n<li>Discordia IV<\/li>\n<li>Refugio calcinado<\/li>\n<li>Sierra de Monlyth<\/li>\n<li>Asalgo a Tarsonis<\/li>\n<li>Orbita Alta<\/li>\n<\/ul>\n<p>Reglas del torneo modalidad 1v1<\/p>\n<p>Se jugar\u00e1 al Starcraft 2: Wings of liberty<br \/>\nCada jugador utilizar\u00e1 el nick que aparece en el listado de jugadores<br \/>\nCada jugador puede elegir la raza que crea conveniente en cada partida<br \/>\nlas tres primeras rondas permitir\u00e1n la clasificaci\u00f3n para las siguientes<br \/>\nLa organizaci\u00f3n indicar\u00e1 el emparejamiento de cada ronda antes de empezar la partida<br \/>\nSe har\u00e1 una partida por ronda y el tiempo de cada partida se limitar\u00e1 seg\u00fan se indica en cada ronda. Todos los jugadores empezar\u00e1n la ronda a la vez. Cuando la organizaci\u00f3n indique que se ha alcanzado el tiempo, los jugadores que no hayan terminado su correspondiente partida deber\u00e1n rendirse y para cada pareja la organizaci\u00f3n tomar\u00e1 nota de la puntuaci\u00f3n global obtenida por cada jugador (en la pantalla del jugador que se haya rendido en primer lugar) dando la victoria al jugador que haya obtenido la m\u00e1xima puntuaci\u00f3n global.<\/p>\n<p>Ronda 1. Jugadores del 1 al 20. tiempo m\u00e1ximo 30 min.<br \/>\nLos ganadores de esta ronda volver\u00e1n a jugar en la ronda 4. Los que pierdan esta ronda volver\u00e1n a jugar en la ronda 3.<\/p>\n<p>Ronda 2. Jugadores del 21 en adelante. tiempo m\u00e1ximo 30 min. Los ganadores de esta ronda volver\u00e1n a jugar en la ronda 4. Los que pierdan esta ronda volver\u00e1n a jugar en la ronda 3.<\/p>\n<p>11:00 Ronda 3. Jugadores que hayan perdido en la ronda 1 o ronda 2. tiempo m\u00e1ximo 30 min. Los ganadores de esta ronda volver\u00e1n a jugar en la ronda 4. Los que pierdan esta ronda quedan eliminados.<\/p>\n<p>11:30 Ronda 4. Jugadores que hayan ganado la ronda 1, 2, o 3. tiempo m\u00e1ximo 30 min.\u00a0 Los ganadores y perdedores de esta ronda seguir\u00e1n jugando el resto de rondas.<\/p>\n<p>12:00 Ronda 5. tiempo m\u00e1ximo 60 min<em><\/em>.<\/p>\n<p>13:00 Ronda 6. tiempo m\u00e1ximo 60 min.<\/p>\n<p>Tras finalizar la ronda 6 se clasificar\u00e1n los jugadores seg\u00fan el n\u00famero de partidas ganadas en las rondas 4,5,6. Los empates en n\u00famero de partidas ganadas se resolver\u00e1n teniendo en cuenta la suma de las puntuaciones globales obtenidas en las rondas 4,5,6. A decisi\u00f3n de la organizaci\u00f3n se podr\u00e1n realizar partidas de desempate.<\/p>\n<p>Reglas del torneo 2v2<\/p>\n<p>Se jugar\u00e1 al Starcraft 2: Wings of liberty<br \/>\nCada jugador utilizar\u00e1 el nick que aparece en el listado de jugadores<br \/>\nCada jugador puede elegir la raza que crea conveniente en cada partida<\/p>\n<p>las tres primeras rondas permitir\u00e1n la clasificaci\u00f3n para las siguientes<br \/>\nLa organizaci\u00f3n indicar\u00e1 el emparejamiento de cada ronda antes de empezar la partida<br \/>\nSe har\u00e1 una partida por ronda y el tiempo de cada partida se limitar\u00e1 seg\u00fan se indica en cada ronda. Todos los equipos empezar\u00e1n la ronda a la vez. Cuando la organizaci\u00f3n indique que se ha alcanzado el tiempo, los jugadores que no hayan terminado su correspondiente partida deber\u00e1n rendirse y para cada equipo la organizaci\u00f3n tomar\u00e1 nota de la puntuaci\u00f3n global obtenida por cada jugador (en la pantalla del jugador que se haya rendido en primer lugar) dando la victoria al equipo que haya obtenido la m\u00e1xima puntuaci\u00f3n global sumando la de los dos jugadores.<\/p>\n<p>Ronda 1. Equipos con jugadores del 1 al 20 (si un equipo est\u00e1 formado por un jugador del 1 al 20 y otro del 21 en adelante, la organizaci\u00f3n decidir\u00e1 antes de empezar en qu\u00e9 turno le toca jugar). tiempo m\u00e1ximo 30 min.<\/p>\n<p>Los ganadores de esta ronda volver\u00e1n a jugar en la ronda 4. Los que pierdan esta ronda volver\u00e1n a jugar en la ronda 3.<\/p>\n<p>15:30 Ronda 2. Jugadores del 21 en adelante. tiempo m\u00e1ximo 30 min. Los ganadores de esta ronda volver\u00e1n a jugar en la ronda 4. Los que pierdan esta ronda volver\u00e1n a jugar en la ronda 3.<\/p>\n<p>16:00 Ronda 3. Equipos que hayan perdido en la ronda 1 o ronda 2. tiempo m\u00e1ximo 30 min. Los ganadores de esta ronda volver\u00e1n a jugar en la ronda 4. Los que pierdan esta ronda quedan eliminados.<\/p>\n<p>16:30 Ronda 4. Jugadores que hayan ganado la ronda 1, 2, o 3. tiempo m\u00e1ximo 30 min. Los ganadores y perdedores de esta ronda seguir\u00e1n jugando el resto de rondas.<\/p>\n<p>17:00 Ronda 5. tiempo m\u00e1ximo 60 min.<\/p>\n<p>18:00 Ronda 6. tiempo m\u00e1ximo 60 min.<\/p>\n<p>Tras finalizar la ronda 6 se clasificar\u00e1n los equipos seg\u00fan el n\u00famero de partidas ganadas en las rondas 4,5,6. Los empates en n\u00famero de partidas ganadas se resolver\u00e1n teniendo en cuenta la suma de las puntuaciones globales obtenidas en las rondas 4,5,6 por cada uno de los jugadores de cada equipo. A decisi\u00f3n de la organizaci\u00f3n se podr\u00e1n realizar partidas de desempate.<\/p>\n","protected":false},"excerpt":{"rendered":"<p>listado de mapas para los torneos: Torneo 1v1: Templo Perdido Metalopolis Cavernas Xel&#8217;naga Meseta de Shakuras Cuenca selv\u00e1tica Desguace Torneo 2v2: Baldios Aridos Discordia IV Refugio calcinado Sierra de Monlyth Asalgo a Tarsonis Orbita Alta Reglas del torneo modalidad 1v1 Se jugar\u00e1 al Starcraft 2: Wings of liberty Cada jugador utilizar\u00e1 el nick que aparece [&hellip;]<\/p>\n","protected":false},"author":1587,"featured_media":0,"parent":0,"menu_order":0,"comment_status":"closed","ping_status":"closed","template":"","meta":{"footnotes":""},"class_list":["post-28","page","type-page","status-publish","hentry"],"_links":{"self":[{"href":"https:\/\/blogs.ua.es\/starcraft\/wp-json\/wp\/v2\/pages\/28","targetHints":{"allow":["GET"]}}],"collection":[{"href":"https:\/\/blogs.ua.es\/starcraft\/wp-json\/wp\/v2\/pages"}],"about":[{"href":"https:\/\/blogs.ua.es\/starcraft\/wp-json\/wp\/v2\/types\/page"}],"author":[{"embeddable":true,"href":"https:\/\/blogs.ua.es\/starcraft\/wp-json\/wp\/v2\/users\/1587"}],"replies":[{"embeddable":true,"href":"https:\/\/blogs.ua.es\/starcraft\/wp-json\/wp\/v2\/comments?post=28"}],"version-history":[{"count":4,"href":"https:\/\/blogs.ua.es\/starcraft\/wp-json\/wp\/v2\/pages\/28\/revisions"}],"predecessor-version":[{"id":101,"href":"https:\/\/blogs.ua.es\/starcraft\/wp-json\/wp\/v2\/pages\/28\/revisions\/101"}],"wp:attachment":[{"href":"https:\/\/blogs.ua.es\/starcraft\/wp-json\/wp\/v2\/media?parent=28"}],"curies":[{"name":"wp","href":"https:\/\/api.w.org\/{rel}","templated":true}]}}