{"id":30,"date":"2010-02-17T00:17:40","date_gmt":"2010-02-16T23:17:40","guid":{"rendered":"https:\/\/blogs.ua.es\/starcraft\/listado-de-jugadores\/"},"modified":"2011-02-09T12:40:15","modified_gmt":"2011-02-09T11:40:15","slug":"listado-de-jugadores","status":"publish","type":"page","link":"https:\/\/blogs.ua.es\/starcraft\/listado-de-jugadores\/","title":{"rendered":"listado de jugadores"},"content":{"rendered":"<p>Para participar en los talleres y torneo de Starcraft 2 que se realizar\u00e1 durante el curso deja <span style=\"color: #ff0000\">un comentario en esta p\u00e1gina indicando el NICK oficial que usas en Battle.net<\/span>. Durante el torneo cada jugador usar\u00e1 exclusivamente el nick indicado aqu\u00ed.<\/p>\n<p><strong>Listado oficial de inscritos<\/strong><\/p>\n<p>(los siguientes en inscribirse o que quieran participar pasan directamente a lista de espera, pudiendo participar solo si hay vacantes)<\/p>\n<p>manuwar<\/p>\n<p>gigidestroyer<\/p>\n<p>Shaaw<\/p>\n<p>Treveron<\/p>\n<p>Thar<\/p>\n<p>Guimusan<\/p>\n<p>ODOACRO<\/p>\n<p>Kranikar<\/p>\n<p>Anzu<\/p>\n<p>Azsayl<\/p>\n<p>MrLing<\/p>\n<p>RmaTaWeRoS<\/p>\n<p>Nyael<\/p>\n<p>LionHeart<\/p>\n<p>Kiros<\/p>\n<p>Capi<\/p>\n<p>Internet<\/p>\n<p><strong>Sseeeerling<\/strong><strong> <\/strong><\/p>\n<p>LoLvsxD<\/p>\n<p><strong>Thalon<\/strong><strong><\/strong><\/p>\n<p>SidVicious<\/p>\n<p>quepumquepam<\/p>\n<p>BlackDemon<\/p>\n<p>DavOid<br \/>\nAkaiNoah<\/p>\n<p>Fanatico<\/p>\n<p>Zadrack<\/p>\n<p>Okupa<\/p>\n<p>NiTo<strong><\/strong><\/p>\n<p><strong>Juanyoni<\/strong><\/p>\n","protected":false},"excerpt":{"rendered":"<p>Para participar en los talleres y torneo de Starcraft 2 que se realizar\u00e1 durante el curso deja un comentario en esta p\u00e1gina indicando el NICK oficial que usas en Battle.net. Durante el torneo cada jugador usar\u00e1 exclusivamente el nick indicado aqu\u00ed. Listado oficial de inscritos (los siguientes en inscribirse o que quieran participar pasan directamente [&hellip;]<\/p>\n","protected":false},"author":1587,"featured_media":0,"parent":0,"menu_order":0,"comment_status":"open","ping_status":"open","template":"","meta":{"footnotes":""},"class_list":["post-30","page","type-page","status-publish","hentry"],"_links":{"self":[{"href":"https:\/\/blogs.ua.es\/starcraft\/wp-json\/wp\/v2\/pages\/30","targetHints":{"allow":["GET"]}}],"collection":[{"href":"https:\/\/blogs.ua.es\/starcraft\/wp-json\/wp\/v2\/pages"}],"about":[{"href":"https:\/\/blogs.ua.es\/starcraft\/wp-json\/wp\/v2\/types\/page"}],"author":[{"embeddable":true,"href":"https:\/\/blogs.ua.es\/starcraft\/wp-json\/wp\/v2\/users\/1587"}],"replies":[{"embeddable":true,"href":"https:\/\/blogs.ua.es\/starcraft\/wp-json\/wp\/v2\/comments?post=30"}],"version-history":[{"count":10,"href":"https:\/\/blogs.ua.es\/starcraft\/wp-json\/wp\/v2\/pages\/30\/revisions"}],"predecessor-version":[{"id":34,"href":"https:\/\/blogs.ua.es\/starcraft\/wp-json\/wp\/v2\/pages\/30\/revisions\/34"}],"wp:attachment":[{"href":"https:\/\/blogs.ua.es\/starcraft\/wp-json\/wp\/v2\/media?parent=30"}],"curies":[{"name":"wp","href":"https:\/\/api.w.org\/{rel}","templated":true}]}}