{"id":2,"date":"2008-07-18T20:35:20","date_gmt":"2008-07-18T18:35:20","guid":{"rendered":""},"modified":"2011-08-05T21:40:31","modified_gmt":"2011-08-05T19:40:31","slug":"acerca-de","status":"publish","type":"page","link":"https:\/\/blogs.ua.es\/tecnoestructuras\/acerca-de\/","title":{"rendered":"Acerca de"},"content":{"rendered":"<p style=\"text-align: justify\">Este es el blog del Grupo de Innovaci\u00f3n Tecnol\u00f3gico-Educativa de Tecnolog\u00eda de Estructuras en Ingenier\u00eda Civil y Edificaci\u00f3n (GITE T+IC). Puedes encontrar m\u00e1s informaci\u00f3n acerca del mismo en nuestra <a title=\"Ir a la web del GITE T+IC\" href=\"http:\/\/web.ua.es\/tecnoestructuras\" target=\"_blank\">p\u00e1gina web<\/a>.<\/p>\n","protected":false},"excerpt":{"rendered":"<p>Este es el blog del Grupo de Innovaci\u00f3n Tecnol\u00f3gico-Educativa de Tecnolog\u00eda de Estructuras en Ingenier\u00eda Civil y Edificaci\u00f3n (GITE T+IC). Puedes encontrar m\u00e1s informaci\u00f3n acerca del mismo en nuestra p\u00e1gina web.<\/p>\n","protected":false},"author":50,"featured_media":0,"parent":0,"menu_order":0,"comment_status":"closed","ping_status":"closed","template":"","meta":{"footnotes":""},"class_list":["post-2","page","type-page","status-publish","hentry"],"_links":{"self":[{"href":"https:\/\/blogs.ua.es\/tecnoestructuras\/wp-json\/wp\/v2\/pages\/2","targetHints":{"allow":["GET"]}}],"collection":[{"href":"https:\/\/blogs.ua.es\/tecnoestructuras\/wp-json\/wp\/v2\/pages"}],"about":[{"href":"https:\/\/blogs.ua.es\/tecnoestructuras\/wp-json\/wp\/v2\/types\/page"}],"author":[{"embeddable":true,"href":"https:\/\/blogs.ua.es\/tecnoestructuras\/wp-json\/wp\/v2\/users\/50"}],"replies":[{"embeddable":true,"href":"https:\/\/blogs.ua.es\/tecnoestructuras\/wp-json\/wp\/v2\/comments?post=2"}],"version-history":[{"count":2,"href":"https:\/\/blogs.ua.es\/tecnoestructuras\/wp-json\/wp\/v2\/pages\/2\/revisions"}],"predecessor-version":[{"id":65,"href":"https:\/\/blogs.ua.es\/tecnoestructuras\/wp-json\/wp\/v2\/pages\/2\/revisions\/65"}],"wp:attachment":[{"href":"https:\/\/blogs.ua.es\/tecnoestructuras\/wp-json\/wp\/v2\/media?parent=2"}],"curies":[{"name":"wp","href":"https:\/\/api.w.org\/{rel}","templated":true}]}}