{"id":2,"date":"2010-03-08T12:07:19","date_gmt":"2010-03-08T12:07:19","guid":{"rendered":""},"modified":"2011-02-02T19:01:26","modified_gmt":"2011-02-02T19:01:26","slug":"informacion","status":"publish","type":"page","link":"https:\/\/blogs.ua.es\/tendenciashistoriograficas\/informacion\/","title":{"rendered":"Introducci\u00f3n a la historiograf\u00eda del siglo XX"},"content":{"rendered":"<p><!-- \t\t@page { margin: 2cm } \t\tP { margin-bottom: 0.21cm } \t\tH2 { margin-top: 0cm; margin-bottom: 0cm } \t\tH2.western { font-size: 14pt; font-style: normal } \t\tH2.cjk { font-family: \"Lucida Sans Unicode\"; font-size: 14pt; font-style: normal } \t\tH2.ctl { font-family: \"Tahoma\"; font-size: 14pt; font-style: italic } \t\tH3 { margin-top: 0cm; margin-bottom: 0cm } \t\tH3.western { font-size: 12pt } \t\tH3.cjk { font-family: \"Lucida Sans Unicode\"; font-size: 12pt } \t\tH3.ctl { font-family: \"Tahoma\" } --><\/p>\n<h2 style=\"text-align: justify\">1. La explicaci\u00f3n en la historia<\/h2>\n<p style=\"text-align: justify\">En general, los hechos del pasado suelen ser transmitidos por medio de la narraci\u00f3n. Esta narraci\u00f3n puede limitarse a contar lo que sucedi\u00f3 sin emitir juicios o valoraciones personales (descripci\u00f3n) o puede intentar dar respuesta a las causas que motivaron dichas circunstancias (explicaci\u00f3n). Los cronistas, antiguos y modernos, sol\u00edan quedarse en el plano puramente descriptivo, \u201ccontaban cosas\u201d. El historiador va m\u00e1s all\u00e1 y trata de explicar las causas, las circunstancias, la influencia de la personalidad de los protagonistas individuales o colectivos en los fen\u00f3menos hist\u00f3ricos.<\/p>\n<p style=\"text-align: justify\">Cuando tratamos de explicar los hechos y las conductas del pasado solemos hacerlo desde dos perspectivas, que derivan en dos tipos de explicaciones: la causal y la intencional.<\/p>\n<ul style=\"text-align: justify\">\n<li>La explicaci\u00f3n causal es la m\u00e1s \tusual en la historia y posiblemente la m\u00e1s propiamente hist\u00f3rica. \tEs la que trata de explicar las causas m\u00faltiples de los hechos \thist\u00f3ricos.<\/li>\n<li>La explicaci\u00f3n intencional o \tmotivacional es la que trata de establecer los motivos que llevaron \ta los protagonistas (individuales o colectivos) a actuar de una \tdeterminada manera y las consecuencias de sus acciones. Tienen, por \ttanto, una naturaleza psicol\u00f3gica y requieren empat\u00eda, es decir, \tuna identificaci\u00f3n mental con los protagonistas; hemos de ponernos \ten su situaci\u00f3n para poder comprender sus acciones y decisiones.<\/li>\n<\/ul>\n<p style=\"text-align: justify\">En la historia, es posible combinar ambas explicaciones y llegar a una explicaci\u00f3n integrada. Ambas son complementarias, ya que las acciones de los protagonistas no tuvieron siempre los efectos esperados y las causas de los hechos hist\u00f3ricos suelen ser m\u00faltiples, dada la complejidad de las relaciones sociales.<\/p>\n<h2 style=\"text-align: justify\">2. La historiograf\u00eda en el siglo XX e inicios del XXI<\/h2>\n<p style=\"text-align: justify\">La historiograf\u00eda ha suscitado gran inter\u00e9s entre los historiadores. Algunos autores han reconocido dos fases en la construcci\u00f3n del saber hist\u00f3rico:<\/p>\n<ul style=\"text-align: justify\">\n<li>una anterior al siglo XIX, que \tarranca de la tradici\u00f3n cl\u00e1sica de Her\u00f3doto y consiste \tfundamentalmente en narrar \u201ccosas del pasado\u201d;<\/li>\n<li>y otra iniciada a comienzos del \tsiglo XIX que recoge el pensamiento de la escuela alemana, que le da \testatus de ciencia humana a la Historia.<\/li>\n<\/ul>\n<p style=\"text-align: justify\">Como ciencia, la Historia tiene un \u00e1mbito de estudio que no es el pasado en s\u00ed, ya que este es inexistente e inaprehensible. Su campo de estudio lo constituyen las \u201creliquias del pasado\u201d, el conjunto de restos y vestigios del pasado que perviven en el presente bajo diversas formas. Al trabajar con estas reliquias, el conocimiento no es el pasado, sino una parte fragmentaria y parcial del pasado.<\/p>\n<p style=\"text-align: justify\">Veamos los paradigmas historiogr\u00e1ficos m\u00e1s comunes en nuestro tiempo y sus antecedentes m\u00e1s significativos.<\/p>\n<h3 style=\"text-align: justify\">2.1. El nacimiento de la historiograf\u00eda: historicismo y positivismo<\/h3>\n<p style=\"text-align: justify\">La ciencia hist\u00f3rica nace en Alemania en el tr\u00e1nsito del siglo XVIII al XIX. El historicismo es la cuna de la historia acad\u00e9mica del siglo XIX y de toda una tradici\u00f3n de cr\u00edtica de las fuentes hist\u00f3ricas.<\/p>\n<p style=\"text-align: justify\">Uno de sus principales representantes, Leopold von Ranke, entend\u00eda la Historia como un discurso fuertemente unitario en el que la pol\u00edtica desempe\u00f1aba un papel fundamental en torno al cual se desarrollaba el discurso hist\u00f3rico. Era una Historia nacida al calor de la lucha por la unidad alemana y justificadora del Estado-Naci\u00f3n propio de la ideolog\u00eda nacionalista y liberal de los a\u00f1os centrales del siglo XIX. En ella, las ideas pol\u00edticas y los principios morales de los protagonistas individuales (los reyes, los jefes de Estado o los grandes personajes) dejaban de lado la historia de las colectividades, la historia econ\u00f3mica o la historia social. Esta historiograf\u00eda estaba claramente influida por el positivismo. Los historiadores aparecieron como una clase profesional, lo que les llev\u00f3 a considerar su disciplina como ciencia.<\/p>\n<p style=\"text-align: justify\">La influencia alemana hizo que se extendiese por Europa una visi\u00f3n de la historia reducida a la mera reconstrucci\u00f3n de acontecimientos, basada en el estudio de los documentos.<\/p>\n<p style=\"text-align: justify\">Frente a esta forma de hacer historia surgieron a finales del siglo XIX, al margen de los c\u00edrculos acad\u00e9micos, nuevas alternativas historiogr\u00e1ficas: las teor\u00edas de Marx y de algunos sectores de la historiograf\u00eda dominante:<\/p>\n<ul style=\"text-align: justify\">\n<li>El pensamiento marxista supon\u00eda \tuna subversi\u00f3n profunda de la historiograf\u00eda. Incid\u00eda en la \thistoria del movimiento obrero y en ciencias sociales, como la \tEconom\u00eda y la Sociolog\u00eda.<\/li>\n<li>As\u00ed mismo, entre los \thistoriadores acad\u00e9micos surgi\u00f3 el cultivo de la historia \tecon\u00f3mica y social, al centrarse en el estudio de las relaciones \tentre el Estado -eje del an\u00e1lisis historicista-, la sociedad y la \teconom\u00eda.<\/li>\n<\/ul>\n<p style=\"text-align: justify\">Los primeros cambios se produjeron en los Estados Unidos y en Francia:<\/p>\n<ul style=\"text-align: justify\">\n<li>En EE. UU., surgi\u00f3 la idea de la \tque la Historia era una ciencia social m\u00e1s y, por lo tanto, ten\u00eda \tque contribuir al descubimiento de las leyes del desarrollo humano. \tAs\u00ed naci\u00f3 la historia cient\u00edfica, llamada \u201c<em>New History<\/em>\u201d, \tcomo una rama de las ciencias sociales.<\/li>\n<li>No obstante, fue en Francia donde \tnaci\u00f3 la historia social. Hacia 1900, en torno a Henri Berr, naci\u00f3 \tuna nueva clase de historia apoyada por las nuevas ciencias sociales \t(\u201chumanas\u201d, seg\u00fan la terminolog\u00eda francesa): geograf\u00eda, \teconom\u00eda y sociolog\u00eda. Esta nueva historia se enfrent\u00f3 con la \thistoria acad\u00e9mica y de la confrontaci\u00f3n salieron beneficiados los \tque han sido considerados padres de la historia social: Lucien \tFebvre y Marc Bloch, fundadores en 1929 de la revista <em>Annales \td&#8217;histoire \u00e9conomique et sociale<\/em>.<\/li>\n<\/ul>\n<p style=\"text-align: justify\">La transici\u00f3n de la historiograf\u00eda positivista o historicista-met\u00f3dica no se produjo hasta el per\u00edodo de entreguerras. La primera alternativa fue la formada en torno a la revita <em>Annales<\/em>.<\/p>\n<h3 style=\"text-align: justify\">2.2. El cambio cualitativo: de Annales a la Nouvelle Histoire<\/h3>\n<p style=\"text-align: justify\">La llamada Escuela de los Annales, formada en la d\u00e9cada de los 30 del siglo XX, como reacci\u00f3n a la historia acad\u00e9mica, intent\u00f3 una reconstrucci\u00f3n del pasado sobre bases cient\u00edficas tomadas de otras ciencias humanas o sociales, para acabar desintegr\u00e1ndose en los a\u00f1os 70 en m\u00faltiples direcciones.<\/p>\n<p style=\"text-align: justify\">Su objetivo era hacer una historia global, total, partiendo de la premisa de que los aspectos sociales y econ\u00f3micos formaban parte de la Historia.<\/p>\n<p style=\"text-align: justify\">As\u00ed mismo, la Escuela de los Annales ampli\u00f3 el concepto de documento hist\u00f3rico: adem\u00e1s de los documentos escritos (como se\u00f1alaban Langlois y Seignobos a finales del siglo XIX), tambi\u00e9n fueron considerados documentos hist\u00f3ricos todas las huellas del pasado humano: las obras de arte, los restos arqueol\u00f3gicos, los testimonios orales y las im\u00e1genes.<\/p>\n<p style=\"text-align: justify\">La nueva historia naci\u00f3 con dos objetivos: sacarla de la rutina de la escuela \u201cmet\u00f3dica\u201d y primar lo econ\u00f3mico y lo social en detrimento de lo narrativo-factual y de lo exclusivamente pol\u00edtico.<\/p>\n<p style=\"text-align: justify\">La Escuela de los Annales tuvo tres \u201cgeneraciones\u201d de historiadores:<\/p>\n<ul style=\"text-align: justify\">\n<li>La primera generaci\u00f3n naci\u00f3 en \t1929 y tuvo como principales representantes a Marc Bloch y Lucien \tFebvre. Fue la etapa de formaci\u00f3n de la corriente y se caracteriz\u00f3 \tpor el rechazo al historicismo, la b\u00fasqueda de nuevos objetivos de \testudio, con \u00e9nfasis especial en lo social.<\/li>\n<li>La segunda generaci\u00f3n comenz\u00f3 \ttras 1945, en torno a Fernand Braudel, y lleg\u00f3 hasta los a\u00f1os 70. \tFue la etapa de mayor influencia de la Escuela. Se caracteriz\u00f3 por \tla introducci\u00f3n de propuestas tomadas de otras ciencias sociales.<\/li>\n<li>La tercera generaci\u00f3n, la de la \t<em>Nouvelle Histoire<\/em> o Nueva Historia, tuvo como principales \trepresentantes a Jacques Le Goff, George Duby, Pierre Chaunu, \tFran\u00e7ois Furet, Jacques Revel, Andr\u00e9 Burgui\u00e8re y Roger Chartier. \tFue la etapa de la fragmentaci\u00f3n del objeto de an\u00e1lisis y la \tb\u00fasqueda de nuevos caminos por el an\u00e1lisis de nuevos temas (como \tla mujer, la vida privada, la infancia o la familia) o por el uso de \tnuevos m\u00e9todos (como el estudio de las mentalidades).<\/li>\n<\/ul>\n<p style=\"text-align: justify\">La corriente de pensamiento historiogr\u00e1fico de los Annales se extendi\u00f3 a otros pa\u00edses. En Espa\u00f1a penetr\u00f3 durante los a\u00f1os 50 del siglo pasado. De la mano de Jaume Vicens i Vives fueron incorporados a los estudios hist\u00f3ricos los aspectos econ\u00f3micos y sociales, as\u00ed como el estudio de un nuevo sujeto hist\u00f3rico: las masas.<\/p>\n<p style=\"text-align: justify\">La Escuela de los Annales ha recibido diversas cr\u00edticas. Entre ellas, las principales han sido la ausencia de una concepci\u00f3n historiogr\u00e1fica propia y la primac\u00eda de los aspectos econ\u00f3micos sobre los sociales.<\/p>\n<p style=\"text-align: justify\">Desde los a\u00f1os 70 la Escuela se fragment\u00f3, alcanzando un alto grado de especializaci\u00f3n, que ha llevado a la aparici\u00f3n de m\u00faltipes \u201chistorias\u201d (del libro, de las mentalidades, de la familia, de la vida privada, de la alimentaci\u00f3n, del sexo, de la infancia, de la vejez, etc.).<\/p>\n<h3 style=\"text-align: justify\">2.3. La aportaci\u00f3n del marxismo<\/h3>\n<p style=\"text-align: justify\">El marxismo es el otro gran pilar sobre el que se apoya la historiograf\u00eda contempor\u00e1nea. La llegada del marxismo a la Historiograf\u00eda es relativamente tard\u00eda. Desde la muerte de Engels, en 1895, hasta la incorporaci\u00f3n del m\u00e9todo de an\u00e1lisis del materialismo hist\u00f3rico a la construcci\u00f3n de la explicac\u00f3n hist\u00f3rica pas\u00f3 casi medio siglo. Las primeras aportaciones de la nueva historiograf\u00eda marxista se produjeron durante el per\u00edodo de entreguerras. En Espa\u00f1a, la dictadura franquista impidi\u00f3 su desarrollo hasta mediados los a\u00f1os 70.<\/p>\n<p style=\"text-align: justify\">El materialismo hist\u00f3rico pretend\u00eda explicar el pasado sobre la base de una teor\u00eda general del movimiento de las sociedades, en la que se incluyen conceptos \u201cb\u00e1sicos\u201d marxistas (clases, lucha de clases, superestructura, infraestructura), entre los que el m\u00e1s importante es el modo de producci\u00f3n.<\/p>\n<p style=\"text-align: justify\">La historiograf\u00eda marxista tuvo representantes ilustres en Francia y en Gran Breta\u00f1a:<\/p>\n<ul style=\"text-align: justify\">\n<li>Entre los franceses, podemos \tdestacar a Pierre Vilar.<\/li>\n<li>La nueva historiograf\u00eda marxista \tbrit\u00e1nica se desarroll\u00f3 en torno a la revista <em>History Workshop<\/em>, \tfundada en 1975. Se centr\u00f3 en la historia social del trabajo y en \tel compromiso pol\u00edtico de sus representantes.<\/li>\n<\/ul>\n<h3 style=\"text-align: justify\">2.4. Estructuralismo e Historia<\/h3>\n<p style=\"text-align: justify\">La historia estructural o de las estructuras fue una tendencia centrada en Francia y muy relacionada con la Escuela de los Annales.<\/p>\n<p style=\"text-align: justify\">Estudia las regularidades, los hechos cotidianos, que se repiten, frente a los sucesos excepcionales, \u00fanicos o singulares que caracterizan a la historia narrativa tradicional. Las estructuras son fen\u00f3menos geogr\u00e1ficos, ecol\u00f3gicos, t\u00e9cnicos, econ\u00f3micos, sociales, pol\u00edticos, culturales y psicol\u00f3gicos, que permanecen constantes durante un per\u00edodo largo de tiempo y que evolucionan de manera casi imperceptible. Frente a la estructura se halla la coyuntura, las fluctuaciones manifiestas en el contexto de la estructura. El tiempo de las estructuras es muy lento (\u201ctiempo largo\u201d, seg\u00fan Braudel), mientras que el de las coyunturas es un \u201ctiempo corto\u201d.<\/p>\n<p style=\"text-align: justify\">La historia estructural es una historia de poblaciones totales, es decir, del conjunto de personas que viven en un lugar objeto de estudio, que no excluye el an\u00e1lisis de las individualidades o de las elites, en el sentido de minor\u00edas innovadoras y no de grupos de privilegiados. Es, adem\u00e1s, una historia biol\u00f3gica, relacionada con la alimentaci\u00f3n, la sexualidad, la enfermedad, las actitudes con respecto al cuerpo. Se interesa por los acontecimientos de larga duraci\u00f3n, por lo que una revoluci\u00f3n tiene un car\u00e1cter de proceso que conmueve estructuras hist\u00f3ricas. Las revoluciones estructurales son silenciosas e imperceptibles, como, por ejemplo, las revoluciones neol\u00edtica o demogr\u00e1fica.<\/p>\n<h3 style=\"text-align: justify\">2.5. New Economic History y cuantitativismo<\/h3>\n<p style=\"text-align: justify\">Si bien la cuantificaci\u00f3n de los sucesos hist\u00f3ricos comenz\u00f3 en los a\u00f1os 30 del siglo XX, la defensa de un paradigma cuantitativista para explicar los hechos del pasado humano apareci\u00f3 en Francia y los Estados Unidos en los a\u00f1os 70, se extendi\u00f3 durante los 80 y ha entrado en crisis desde entonces.<\/p>\n<p style=\"text-align: justify\">En la historiograf\u00eda cuantitativista se pueden distinguir dos tendencias:<\/p>\n<ul style=\"text-align: justify\">\n<li>La \tcliometr\u00eda, la aut\u00e9ntica historia cuantitativa, que matematiza la \texplicaci\u00f3n del pasado mediente la elaboraci\u00f3n de modelos \tcuantitativos. Un ejemplo de esta l\u00ednea es la \u201c<em>New \tEconomic History<\/em>\u201d, \tdesarrollada en los a\u00f1os 60 en los Estados Unidos y con aplicaci\u00f3n \ta la historia econ\u00f3mica.<\/li>\n<li>La historia \testructural-cuantitativista, que utiliza con frecuencia la \testad\u00edstica o la informatizaci\u00f3n de datos num\u00e9ricos como \tcomplemento o instrumento auxiliar de una explicaci\u00f3n hist\u00f3rica \tpuramente verbal y no matematizada. Esta tendencia est\u00e1 muy \tpresente en la tercera generaci\u00f3n de la Escuela de los Annales y \tabarca temas muy variados, generalmente en el \u00e1mbito de lo social.<\/li>\n<\/ul>\n<h3 style=\"text-align: justify\">2.6. La crisis de los grandes paradigmas<\/h3>\n<p style=\"text-align: justify\">La crisis de los grandes paradigmas es el nombre de un per\u00edodo de la Historiograf\u00eda iniciado a finales de la d\u00e9cada de los 70 del siglo XX, que se agranda con el hundimiento del socialismo (1989) y conduce a la incertidumbre de los 90, agravada en los inicios del siglo XXI por los efectos de la globalizaci\u00f3n, la expansi\u00f3n del terrorismo y las consecuencias de los atentados del 11 de septiembre de 2001.<\/p>\n<p style=\"text-align: justify\">Frente a los paradigmas de la historia marxista, la historia estructural, el cuantitativismo o la <em>Nouvelle Histoire<\/em>, ha surgido en los \u00faltimos a\u00f1os una reivindicaci\u00f3n de la historia narrativa, una vuelta al relato hist\u00f3rico, que no supone una vuelta a los modos de hacer historia del siglo XIX. Este retorno, unido a la inmensa fragmentaci\u00f3n que ha experimentado la historiograf\u00eda en las \u00faltimas dos d\u00e9cadas, son s\u00edntomas claros de la crisis de la historia anal\u00edtica como ciencia.<\/p>\n<p style=\"text-align: justify\">Esta crisis de los grandes modelos historiogr\u00e1ficos no supone, en cambio, una p\u00e9rdida de inter\u00e9s por la Historia. Al contrario, el crecimiento de los problemas pol\u00edticos a escala global hace mayor la necesidad de informaci\u00f3n que el conocimiento del pasado proporciona para la comprensi\u00f3n del presente. En esta \u201cera de la incertidumbre\u201d la Historia es necesaria. Este hecho y la creciente demanda de novela hist\u00f3rica revelan la atracci\u00f3n que siente el ser humano por el conocimiento, el estudio y la lectura sobre las ra\u00edces hist\u00f3ricas de las distintas culturas existentes en el planeta.<\/p>\n<p style=\"text-align: justify\">La vuelta a la historia narrativa se plante\u00f3 a finales de los a\u00f1os 70 y comienzos de los 80. Surgi\u00f3 como consecuencia de un debate mantenido en la revista <em>Past and Present<\/em> entre Lawrence Stone y otros autores, entre los que cabe destacar al marxista Eric Hobsbawm:<\/p>\n<ul style=\"text-align: justify\">\n<li>Stone \tcomentaba la existencia de un cansancio de la historia \tsociol\u00f3gico-estructural dominante, en la que se relegaban los \tfactores intelectuales, culturales, religiosos, psicol\u00f3gicos e \tincluso pol\u00edticos por un determinismo econ\u00f3mico-demogr\u00e1fico en el \tque la cuantificaci\u00f3n ten\u00eda un papel relevante. Este cansancio \thab\u00eda llevado a un resurgimiento del inter\u00e9s por los factores \tculturales y pol\u00edticos o por la historia de las ideas, aunque \tconcebidos de forma muy distinta a los de la historia tradicional \tdel historicismo y el positivismo.<\/li>\n<li>Howsbawm \tcritic\u00f3 la exposici\u00f3n de Stone, asegurando que los cambios \thistoriogr\u00e1ficos producidos no ten\u00edan tal importancia y \tdefendi\u00e9ndose del reduccionismo economicista en que hab\u00edan ca\u00eddo \talgunos historiadores marxistas o de la <em>Nouvelle Histoire<\/em>. \tAs\u00ed mismo, afirm\u00f3 que los marxistas brit\u00e1nicos nunca perdieron el \tinter\u00e9s por los acontecimientos o la cultura y que tampoco \taceptaron nunca el determinismo econ\u00f3mico que consideraba a la \t\u201csuperestructura\u201d siempre dependiente de la \u201cinfraestructura\u201d.<\/li>\n<\/ul>\n<p style=\"text-align: justify\">La vuelta a la historia narrativa ha dado paso a la \u201cmicrohistoria\u201d, en contraposici\u00f3n a los grandes an\u00e1lisis estructurales. De esta manera, han surgido la historia de la vida cotidiana, de la vida privada, o la \u201cnueva historia social de la pol\u00edtica\u201d, en la que los dos objetivos b\u00e1sicos son el poder y los hechos que se relacionan con \u00e9l.<\/p>\n<p style=\"text-align: justify\">De la crisis de los grandes paradigmas han surgido nuevas formas de hacer historia, que han marcado la historiograf\u00eda de los \u00faltimos 15 a\u00f1os; entre esas nuevas formas historiogr\u00e1ficas destacan las siguientes:<\/p>\n<ul style=\"text-align: justify\">\n<li>La \tmicrohistoria. Tiene su origen en Italia, tras la publicaci\u00f3n en \t1976 por Carlo Ginzburg del libro <em>El queso y los gusanos. \tEl cosmos de un molinero del siglo XVI<\/em>. \tSe basa en la reducci\u00f3n de la escala de la observaci\u00f3n, en un \tan\u00e1lisis microsc\u00f3pico y en un estudio intensivo del material \tdocumental. Es m\u00e1s una pr\u00e1ctica historiogr\u00e1fica que un paradigma \tte\u00f3rico. Las relaciones con la antropolog\u00eda y otras ciencias \tsociales y su proximidad a la historia local la hacen estar pr\u00f3xima \ta la creaci\u00f3n literaria y la narraci\u00f3n.<\/li>\n<li>La nueva \thistoria cultural. Influida por la antropolog\u00eda y la ling\u00fc\u00edstica, \tincide en el mundo de las \u201crepresentaciones\u201d. Va m\u00e1s all\u00e1 de \tla historia de las mentalidades y la tradicional historia cultural o \tintelectual. Pretende el estudio de las creencias populares \tcolectivas como objeto etnogr\u00e1fico, lo que se ha llamado el \t\u201cimaginario colectivo\u201d. En este sentido, ser\u00eda una especie de \tantropolog\u00eda hist\u00f3rica, pero que m\u00e1s que describir las pr\u00e1cticas \tsocioculturales del pasado, resalta la manera en que esas formas se \trepresentan en la mente de los distintos grupos sociales.<\/li>\n<li>La ciencia \thist\u00f3rica socioestructural o historia socioestructural. Es la m\u00e1s \trenovadora de todas estas nuevas formas de hacer historia. Su m\u00e1ximo \trepresentante es Christopher Lloyd, que se inserta dentro de la \tamplia v\u00eda de la historia social. Ligada a la sociolog\u00eda \thist\u00f3rica, defiende un estatus \u201ccient\u00edfico\u201d que se niega a las \totras dos corrientes se\u00f1aladas, enmarcadas en el narrativismo. La \thistoria socioestructural pretende descubrir la real estructura \toculta de la sociedad, el proceso real del cambio social \testructural.<\/li>\n<\/ul>\n<p style=\"text-align: justify\">\n<p style=\"text-align: justify\">\n<p style=\"text-align: justify\">\n","protected":false},"excerpt":{"rendered":"<p>1. La explicaci\u00f3n en la historia En general, los hechos del pasado suelen ser transmitidos por medio de la narraci\u00f3n. Esta narraci\u00f3n puede limitarse a contar lo que sucedi\u00f3 sin emitir juicios o valoraciones personales (descripci\u00f3n) o puede intentar dar &hellip; <a href=\"https:\/\/blogs.ua.es\/tendenciashistoriograficas\/informacion\/\">Continue reading <span class=\"meta-nav\">&rarr;<\/span><\/a><\/p>\n","protected":false},"author":936,"featured_media":0,"parent":0,"menu_order":1,"comment_status":"open","ping_status":"open","template":"","meta":{"footnotes":""},"class_list":["post-2","page","type-page","status-publish","hentry"],"_links":{"self":[{"href":"https:\/\/blogs.ua.es\/tendenciashistoriograficas\/wp-json\/wp\/v2\/pages\/2","targetHints":{"allow":["GET"]}}],"collection":[{"href":"https:\/\/blogs.ua.es\/tendenciashistoriograficas\/wp-json\/wp\/v2\/pages"}],"about":[{"href":"https:\/\/blogs.ua.es\/tendenciashistoriograficas\/wp-json\/wp\/v2\/types\/page"}],"author":[{"embeddable":true,"href":"https:\/\/blogs.ua.es\/tendenciashistoriograficas\/wp-json\/wp\/v2\/users\/936"}],"replies":[{"embeddable":true,"href":"https:\/\/blogs.ua.es\/tendenciashistoriograficas\/wp-json\/wp\/v2\/comments?post=2"}],"version-history":[{"count":4,"href":"https:\/\/blogs.ua.es\/tendenciashistoriograficas\/wp-json\/wp\/v2\/pages\/2\/revisions"}],"predecessor-version":[{"id":203,"href":"https:\/\/blogs.ua.es\/tendenciashistoriograficas\/wp-json\/wp\/v2\/pages\/2\/revisions\/203"}],"wp:attachment":[{"href":"https:\/\/blogs.ua.es\/tendenciashistoriograficas\/wp-json\/wp\/v2\/media?parent=2"}],"curies":[{"name":"wp","href":"https:\/\/api.w.org\/{rel}","templated":true}]}}