{"id":2,"date":"2018-06-02T15:52:31","date_gmt":"2018-06-02T15:52:31","guid":{"rendered":"https:\/\/blogs.ua.es\/teorialiteraria\/?page_id=2"},"modified":"2018-06-09T21:21:23","modified_gmt":"2018-06-09T21:21:23","slug":"pagina-ejemplo","status":"publish","type":"page","link":"https:\/\/blogs.ua.es\/teorialiteraria\/pagina-ejemplo\/","title":{"rendered":"Ficha de la asignatura"},"content":{"rendered":"<p>La <strong>Teor\u00eda de la Literatura<\/strong> es la disciplina cient\u00edfico-literaria y, por tanto, filol\u00f3gica, que tiene por objeto el estudio de los problemas generales que afectan a la Literatura, al texto y al hecho literarios. En este contexto, la asignatura de \u201cTeor\u00eda de la Literatura I\u201d ofrece al estudiante los conceptos b\u00e1sicos y problemas fundamentales de la Ciencia literaria (Historia de la Literatura, Teor\u00eda de la Literatura, Cr\u00edtica literaria, y la metodolog\u00eda de Literatura comparada), as\u00ed como el conocimiento de sus relaciones con las disciplinas extrafilol\u00f3gicas vinculadas a ella; los conceptos te\u00f3rico-literarios y cr\u00edtico-literarios pertenecientes a la Po\u00e9tica y a la Ret\u00f3rica cl\u00e1sicas y tradicionales, entendidas como antecedentes hist\u00f3ricos de la disciplina; y los conceptos te\u00f3rico-literarios y cr\u00edtico-literarios pertenecientes al pensamiento est\u00e9tico y po\u00e9tico moderno. Por todo ello la asignatura de \u201cTeor\u00eda de la Literatura I\u201d constituye uno de los pilares b\u00e1sicos del Grado, al manifestarse desde un punto de vista hist\u00f3rico como reflexi\u00f3n te\u00f3rica, general y abstracta de las manifestaciones literarias.<\/p>\n<p><a href=\"https:\/\/cvnet.cpd.ua.es\/Guia-Docente\/GuiaDocente\/Index?wcodest=&amp;wcodasi=31811&amp;wlengua=es&amp;scaca=2013-14\">Ficha de la asignatura de Teor\u00eda de la Literatura I<\/a>.<\/p>\n<p>El proyecto del Blog de Teor\u00eda de la Literatura I se enmarca en el PROGRAMA I3CE DE REDES DE INVESTIGACI\u00d3N EN DOCENCIA UNIVERSITARIA 2017\/2018 (c\u00f3digo: 4095)<\/p>\n<div class=\"page\" title=\"Page 20\">\n<div class=\"layoutArea\">\n<div class=\"column\">\n<p>Coordinador: Pedro Aull\u00f3n de Haro.<\/p>\n<p>Miembros PDI: Rosa Elia Castell\u00f3 Gomara, Benito El\u00edas Garc\u00edas Valero, Joaqu\u00edn Juan Penalva, Davide Mombelli, Jos\u00e9 Antonio Sanduvete Chaves.<\/p>\n<\/div>\n<\/div>\n<\/div>\n<p>&nbsp;<\/p>\n","protected":false},"excerpt":{"rendered":"<p>La Teor\u00eda de la Literatura es la disciplina cient\u00edfico-literaria y, por tanto, filol\u00f3gica, que tiene por objeto el estudio de los problemas generales que afectan a la Literatura, al texto y al hecho literarios. En este contexto, la asignatura de \u201cTeor\u00eda de la Literatura I\u201d ofrece al estudiante los conceptos b\u00e1sicos y problemas fundamentales de [&hellip;]<\/p>\n","protected":false},"author":4314,"featured_media":0,"parent":0,"menu_order":0,"comment_status":"closed","ping_status":"open","template":"","meta":{"footnotes":""},"class_list":["post-2","page","type-page","status-publish","hentry"],"_links":{"self":[{"href":"https:\/\/blogs.ua.es\/teorialiteraria\/wp-json\/wp\/v2\/pages\/2","targetHints":{"allow":["GET"]}}],"collection":[{"href":"https:\/\/blogs.ua.es\/teorialiteraria\/wp-json\/wp\/v2\/pages"}],"about":[{"href":"https:\/\/blogs.ua.es\/teorialiteraria\/wp-json\/wp\/v2\/types\/page"}],"author":[{"embeddable":true,"href":"https:\/\/blogs.ua.es\/teorialiteraria\/wp-json\/wp\/v2\/users\/4314"}],"replies":[{"embeddable":true,"href":"https:\/\/blogs.ua.es\/teorialiteraria\/wp-json\/wp\/v2\/comments?post=2"}],"version-history":[{"count":5,"href":"https:\/\/blogs.ua.es\/teorialiteraria\/wp-json\/wp\/v2\/pages\/2\/revisions"}],"predecessor-version":[{"id":64,"href":"https:\/\/blogs.ua.es\/teorialiteraria\/wp-json\/wp\/v2\/pages\/2\/revisions\/64"}],"wp:attachment":[{"href":"https:\/\/blogs.ua.es\/teorialiteraria\/wp-json\/wp\/v2\/media?parent=2"}],"curies":[{"name":"wp","href":"https:\/\/api.w.org\/{rel}","templated":true}]}}