{"id":40,"date":"2018-06-09T19:35:36","date_gmt":"2018-06-09T19:35:36","guid":{"rendered":"https:\/\/blogs.ua.es\/teorialiteraria\/?page_id=40"},"modified":"2018-06-09T19:39:25","modified_gmt":"2018-06-09T19:39:25","slug":"enlaces-de-interes","status":"publish","type":"page","link":"https:\/\/blogs.ua.es\/teorialiteraria\/enlaces-de-interes\/","title":{"rendered":"Enlaces de inter\u00e9s"},"content":{"rendered":"<h3 style=\"text-align: left\">Enlaces de inter\u00e9s<\/h3>\n<ul>\n<li>Biblioteca <a href=\"https:\/\/humanismoeuropa.org\">Humanismoeuropa<\/a><\/li>\n<li><a href=\"https:\/\/escuelauniversalistaespanola.wordpress.com\">Blog Escuela Universalista Espa\u00f1ola<\/a><\/li>\n<li>Cat\u00e1logos:\n<ul>\n<li><a href=\"http:\/\/www.rebiun.org\">REBIUN<\/a> (Cat\u00e1logo colectivo de las Universidades espa\u00f1olas)<\/li>\n<li><a href=\"http:\/\/catalogo.bne.es\/uhtbin\/webcat\">BNE<\/a> (Biblioteca Nacional Espa\u00f1ola)<\/li>\n<li><a href=\"http:\/\/www.bnf.fr\/fr\/acc\/x.accueil.html\">BNF<\/a> (Biblioteca Nacional de Francia)<\/li>\n<li><a href=\"http:\/\/opac.sbn.it\/opacsbn\/opac\/iccu\/free.jsp\">SBN<\/a> (Sistema Bibliotecario Nacional de Italia)<\/li>\n<\/ul>\n<\/li>\n<\/ul>\n","protected":false},"excerpt":{"rendered":"<p>Enlaces de inter\u00e9s Biblioteca Humanismoeuropa Blog Escuela Universalista Espa\u00f1ola Cat\u00e1logos: REBIUN (Cat\u00e1logo colectivo de las Universidades espa\u00f1olas) BNE (Biblioteca Nacional Espa\u00f1ola) BNF (Biblioteca Nacional de Francia) SBN (Sistema Bibliotecario Nacional de Italia)<\/p>\n","protected":false},"author":4314,"featured_media":0,"parent":0,"menu_order":0,"comment_status":"closed","ping_status":"closed","template":"","meta":{"footnotes":""},"class_list":["post-40","page","type-page","status-publish","hentry"],"_links":{"self":[{"href":"https:\/\/blogs.ua.es\/teorialiteraria\/wp-json\/wp\/v2\/pages\/40","targetHints":{"allow":["GET"]}}],"collection":[{"href":"https:\/\/blogs.ua.es\/teorialiteraria\/wp-json\/wp\/v2\/pages"}],"about":[{"href":"https:\/\/blogs.ua.es\/teorialiteraria\/wp-json\/wp\/v2\/types\/page"}],"author":[{"embeddable":true,"href":"https:\/\/blogs.ua.es\/teorialiteraria\/wp-json\/wp\/v2\/users\/4314"}],"replies":[{"embeddable":true,"href":"https:\/\/blogs.ua.es\/teorialiteraria\/wp-json\/wp\/v2\/comments?post=40"}],"version-history":[{"count":3,"href":"https:\/\/blogs.ua.es\/teorialiteraria\/wp-json\/wp\/v2\/pages\/40\/revisions"}],"predecessor-version":[{"id":43,"href":"https:\/\/blogs.ua.es\/teorialiteraria\/wp-json\/wp\/v2\/pages\/40\/revisions\/43"}],"wp:attachment":[{"href":"https:\/\/blogs.ua.es\/teorialiteraria\/wp-json\/wp\/v2\/media?parent=40"}],"curies":[{"name":"wp","href":"https:\/\/api.w.org\/{rel}","templated":true}]}}