{"id":11,"date":"2010-03-04T14:33:31","date_gmt":"2010-03-04T14:33:31","guid":{"rendered":"https:\/\/blogs.ua.es\/thomashobbes\/?page_id=11"},"modified":"2010-03-11T15:14:02","modified_gmt":"2010-03-11T14:14:02","slug":"biografia","status":"publish","type":"page","link":"https:\/\/blogs.ua.es\/thomashobbes\/biografia\/","title":{"rendered":"Biograf\u00eda"},"content":{"rendered":"<p style=\"text-align: justify\"><a href=\"https:\/\/blogs.ua.es\/thomashobbes\/files\/2010\/03\/569px-Thomas_Hobbes_portrait12.jpg\"><img loading=\"lazy\" decoding=\"async\" class=\"alignleft size-medium wp-image-43\" title=\"Thomas Hobbes\" src=\"https:\/\/blogs.ua.es\/thomashobbes\/files\/2010\/03\/569px-Thomas_Hobbes_portrait12-284x300.jpg\" alt=\"\" width=\"227\" height=\"240\" srcset=\"https:\/\/blogs.ua.es\/thomashobbes\/files\/2010\/03\/569px-Thomas_Hobbes_portrait12-284x300.jpg 284w, https:\/\/blogs.ua.es\/thomashobbes\/files\/2010\/03\/569px-Thomas_Hobbes_portrait12.jpg 569w\" sizes=\"auto, (max-width: 227px) 100vw, 227px\" \/><\/a>(Westport, Inglaterra, 1588-Hardwick Hall, id., 1679) Fil\u00f3sofo ingl\u00e9s. Hijo de un eclesi\u00e1stico, qued\u00f3 a cargo de su t\u00edo cuando aqu\u00e9l abandon\u00f3 a su familia, tras participar en una pelea en la puerta de su iglesia. Estudi\u00f3 en el Magdalen Hall de Oxford, y en 1608 entr\u00f3 al servicio de la familia Cavendish como preceptor de uno de sus hijos, a quien acompa\u00f1\u00f3 en sus viajes por Francia e Italia entre 1608 y 1610. A la muerte de su alumno, en 1628, regres\u00f3 de nuevo a Francia para entrar al servicio de Gervase Clifton.<\/p>\n<p style=\"text-align: justify\">En dicho pa\u00eds permaneci\u00f3 hasta 1631, cuando los Cavendish lo solicitaron de nuevo, como preceptor de otro de sus hijos. En 1634, acompa\u00f1ando a su nuevo alumno, realiz\u00f3 otro viaje al continente, ocasi\u00f3n que aprovech\u00f3 para entrevistarse con Galileo y otros pensadores y cient\u00edficos de la \u00e9poca. En 1637 volvi\u00f3 a Inglaterra, pero el mal ambiente pol\u00edtico, que anunciaba ya la guerra civil, lo llev\u00f3 a abandonar su patria e instalarse en Par\u00eds en 1640.<\/p>\n<p style=\"text-align: justify\">Poco tiempo antes hab\u00eda hecho circular entre sus amigos un ejemplar manuscrito de sus <em>Elementos de la ley natural y pol\u00edtica<\/em>, de los que, en forma de dos tratados distintos, se editaron dos partes en 1650. En Par\u00eds comenz\u00f3 a publicar las distintas partes de su sistema, empezando con el <em>De cive<\/em> en 1642. En 1651 abandon\u00f3 Francia y regres\u00f3 a Inglaterra, llev\u00e1ndose consigo el manuscrito del <em>Leviat\u00e1n<\/em>, sin duda la m\u00e1s conocida de sus obras, que se editar\u00eda en Londres ese mismo a\u00f1o.<\/p>\n<p style=\"text-align: justify\">En 1655 public\u00f3 la primera parte de los <em>Elementos de filosof\u00eda<\/em> y en 1658, la segunda. Estas dos obras completaban la trilog\u00eda iniciada con <em>De cive<\/em>. Tras la restauraci\u00f3n de 1660 goz\u00f3 del favor real, pero las acusaciones de ate\u00edsmo que le lanzaron los estamentos eclesi\u00e1sticos lo llevaron a retirarse de la vida p\u00fablica. Durante los \u00faltimos a\u00f1os de su vida hizo una traducci\u00f3n en verso de la <em>Il\u00edada<\/em> y la <em>Odisea<\/em>, y escribi\u00f3 una autobiograf\u00eda en versos latinos.<\/p>\n<p style=\"text-align: justify\">Fuente: biografiasyvidas.com\/biografia\/h\/hobbes.htm<\/p>\n","protected":false},"excerpt":{"rendered":"<p>(Westport, Inglaterra, 1588-Hardwick Hall, id., 1679) Fil\u00f3sofo ingl\u00e9s. Hijo de un eclesi\u00e1stico, qued\u00f3 a cargo de su t\u00edo cuando aqu\u00e9l abandon\u00f3 a su familia, tras participar en una pelea en la puerta de su iglesia. Estudi\u00f3 en el Magdalen Hall de Oxford, y en 1608 entr\u00f3 al servicio de la familia Cavendish como preceptor de [&hellip;]<\/p>\n","protected":false},"author":1667,"featured_media":0,"parent":0,"menu_order":2,"comment_status":"open","ping_status":"open","template":"","meta":{"footnotes":""},"class_list":["post-11","page","type-page","status-publish","hentry"],"_links":{"self":[{"href":"https:\/\/blogs.ua.es\/thomashobbes\/wp-json\/wp\/v2\/pages\/11","targetHints":{"allow":["GET"]}}],"collection":[{"href":"https:\/\/blogs.ua.es\/thomashobbes\/wp-json\/wp\/v2\/pages"}],"about":[{"href":"https:\/\/blogs.ua.es\/thomashobbes\/wp-json\/wp\/v2\/types\/page"}],"author":[{"embeddable":true,"href":"https:\/\/blogs.ua.es\/thomashobbes\/wp-json\/wp\/v2\/users\/1667"}],"replies":[{"embeddable":true,"href":"https:\/\/blogs.ua.es\/thomashobbes\/wp-json\/wp\/v2\/comments?post=11"}],"version-history":[{"count":15,"href":"https:\/\/blogs.ua.es\/thomashobbes\/wp-json\/wp\/v2\/pages\/11\/revisions"}],"predecessor-version":[{"id":36,"href":"https:\/\/blogs.ua.es\/thomashobbes\/wp-json\/wp\/v2\/pages\/11\/revisions\/36"}],"wp:attachment":[{"href":"https:\/\/blogs.ua.es\/thomashobbes\/wp-json\/wp\/v2\/media?parent=11"}],"curies":[{"name":"wp","href":"https:\/\/api.w.org\/{rel}","templated":true}]}}