{"id":2,"date":"2010-03-04T13:39:54","date_gmt":"2010-03-04T13:39:54","guid":{"rendered":""},"modified":"2010-03-12T16:18:50","modified_gmt":"2010-03-12T15:18:50","slug":"informacion","status":"publish","type":"page","link":"https:\/\/blogs.ua.es\/thomashobbes\/informacion\/","title":{"rendered":"Presentaci\u00f3n y saludo"},"content":{"rendered":"<p style=\"text-align: justify\">Hola amigos aficionados a los blogs, y en particular a los blogs con contenido hist\u00f3rico, en este blog trataremos sobre la teor\u00eda pol\u00edtica del siglo XVII, basandonos en una de sus f\u00edguras m\u00e1s importantes, la del pensador ingl\u00e9s Thomas Hobbes, y su obra cumbre el <em>Leviat\u00e1n<\/em>.<\/p>\n<p style=\"text-align: justify\">Os habla Fran, un\u00a0 estudiante de 5\u00ba de Historia, el blog es una de nuestras pr\u00e1cticas de la asignatura de <span style=\"text-decoration: underline\"><a href=\"http:\/\/cv1.cpd.ua.es\/ConsPlanesEstudio\/cvFichaAsi.asp?wCodEst=B002&amp;wcodasi=8089&amp;wLengua=C&amp;scaca=2009-10\">Ideas y Movimientos pol\u00edticos y sociales en la edad moderna<\/a><\/span>, siendo el profesor Antonio Carrasco, un apasionado de este mundo.<\/p>\n<p style=\"text-align: justify\">Como ya sabre\u00eds en este per\u00edodo hubier\u00f3n diversos pensadores, pero \u00bfPor qu\u00e9 Thomas Hobbes y no otro?, para ser sincero quer\u00eda hacer mi blog sobre otro autor, pero al estar ya pillado, eleg\u00ed a Hobbes y su <em>Leviat\u00e1n, <\/em>y la verdad ha sido una sorpresa conocer a este autor totalmente desconocido para m\u00ed.<\/p>\n<p style=\"text-align: justify\">Sin m\u00e1s un saludo de nuevo e invitaros a tod@s a participar en mi blog, y que aporte\u00eds vuestras opiniones e inquietudes.<\/p>\n","protected":false},"excerpt":{"rendered":"<p>Hola amigos aficionados a los blogs, y en particular a los blogs con contenido hist\u00f3rico, en este blog trataremos sobre la teor\u00eda pol\u00edtica del siglo XVII, basandonos en una de sus f\u00edguras m\u00e1s importantes, la del pensador ingl\u00e9s Thomas Hobbes, y su obra cumbre el Leviat\u00e1n. Os habla Fran, un\u00a0 estudiante de 5\u00ba de Historia, [&hellip;]<\/p>\n","protected":false},"author":1667,"featured_media":0,"parent":0,"menu_order":1,"comment_status":"open","ping_status":"open","template":"","meta":{"footnotes":""},"class_list":["post-2","page","type-page","status-publish","hentry"],"_links":{"self":[{"href":"https:\/\/blogs.ua.es\/thomashobbes\/wp-json\/wp\/v2\/pages\/2","targetHints":{"allow":["GET"]}}],"collection":[{"href":"https:\/\/blogs.ua.es\/thomashobbes\/wp-json\/wp\/v2\/pages"}],"about":[{"href":"https:\/\/blogs.ua.es\/thomashobbes\/wp-json\/wp\/v2\/types\/page"}],"author":[{"embeddable":true,"href":"https:\/\/blogs.ua.es\/thomashobbes\/wp-json\/wp\/v2\/users\/1667"}],"replies":[{"embeddable":true,"href":"https:\/\/blogs.ua.es\/thomashobbes\/wp-json\/wp\/v2\/comments?post=2"}],"version-history":[{"count":6,"href":"https:\/\/blogs.ua.es\/thomashobbes\/wp-json\/wp\/v2\/pages\/2\/revisions"}],"predecessor-version":[{"id":58,"href":"https:\/\/blogs.ua.es\/thomashobbes\/wp-json\/wp\/v2\/pages\/2\/revisions\/58"}],"wp:attachment":[{"href":"https:\/\/blogs.ua.es\/thomashobbes\/wp-json\/wp\/v2\/media?parent=2"}],"curies":[{"name":"wp","href":"https:\/\/api.w.org\/{rel}","templated":true}]}}