{"id":23,"date":"2010-03-04T16:25:41","date_gmt":"2010-03-04T16:25:41","guid":{"rendered":"https:\/\/blogs.ua.es\/thomashobbes\/?page_id=23"},"modified":"2010-04-05T12:44:10","modified_gmt":"2010-04-05T11:44:10","slug":"bibliografia","status":"publish","type":"page","link":"https:\/\/blogs.ua.es\/thomashobbes\/bibliografia\/","title":{"rendered":"Obra completa"},"content":{"rendered":"<ul>1628 <em>Tuc\u00eddides<\/em> (Su traducci\u00f3n inglesa, con la que entned\u00eda mostrar a los ingleses los peligros de la democracia).<\/ul>\n<ol>1640 <em>Elements of Law, Natural and Politics.<\/em><\/ol>\n<ol>1642 <em>De Cive<\/em> ( Segunda edici\u00f3n del De Cive en 1647).<img loading=\"lazy\" decoding=\"async\" class=\"alignnone\" title=\"Portada de la primera edici\u00f3n de &quot;De cive&quot;\" src=\"http:\/\/upload.wikimedia.org\/wikipedia\/en\/thumb\/9\/96\/Hobbes_de_cive.jpg\/220px-Hobbes_de_cive.jpg\" alt=\"\" width=\"178\" height=\"239\" \/><\/ol>\n<ol>1646 <em>La \u00d3ptica<\/em>.<\/ol>\n<ol>1651 <em>Leviathan<\/em>.<img loading=\"lazy\" decoding=\"async\" class=\"alignnone\" title=\"Portada de la primera edici\u00f3n del Leviat\u00e1n\" src=\"http:\/\/www.moderna1.ih.csic.es\/cordoba\/img\/leviatan.jpg\" alt=\"\" width=\"204\" height=\"304\" \/><a title=\"Editar \u201cLeviat\u00e1n\u201d\" href=\"media.php?action=edit&amp;attachment_id=62\"><\/a><a title=\"Editar \u201cLeviat\u00e1n\u201d\" href=\"media.php?action=edit&amp;attachment_id=62\"><\/a><\/ol>\n<ol>1654 <em>De la libertad y la necesidad<\/em> (publicada sin su consentimiento).<\/ol>\n<ol>1655 <em>A Defence of True Liberty from Antecedent and Extrinsical Necessity<\/em>.<\/ol>\n<ol>1656 <em>The Questions Concerning Liberty, Necessity and Chance.<\/em><\/ol>\n<ol>1657<em> De Homine.<\/em><\/ol>\n<ol>1658 <em>Castigations of Hobbes his Last Animadversions<\/em>, con un ap\u00e9ndice titulado &#8220;&#8221;<em>The Catching of Leviathan the Great Whale<\/em>.&#8221;<\/ol>\n<ol>1665 <em>De Corpore<\/em>.<\/ol>\n<ol>1668 Escribe <em>Behemoth<\/em>, (historia de los a\u00f1os 1640 a 1660, pero su publicaci\u00f3n no fue autorizada)<\/ol>\n<ol>1672 Versi\u00f3n en prosa de su Autobiograf\u00eda, seguida de una versi\u00f3n latina en verso.<\/ol>\n<ol>1675 Traducciones de la Il\u00edada y la Odisea.<\/ol>\n<ol>1682 Publicaci\u00f3n p\u00f3stuma de <em>Behemoth<\/em>.<\/ol>\n","protected":false},"excerpt":{"rendered":"<p>1628 Tuc\u00eddides (Su traducci\u00f3n inglesa, con la que entned\u00eda mostrar a los ingleses los peligros de la democracia). 1640 Elements of Law, Natural and Politics. 1642 De Cive ( Segunda edici\u00f3n del De Cive en 1647). 1646 La \u00d3ptica. 1651 Leviathan. 1654 De la libertad y la necesidad (publicada sin su consentimiento). 1655 A Defence [&hellip;]<\/p>\n","protected":false},"author":1667,"featured_media":0,"parent":0,"menu_order":3,"comment_status":"open","ping_status":"open","template":"","meta":{"footnotes":""},"class_list":["post-23","page","type-page","status-publish","hentry"],"_links":{"self":[{"href":"https:\/\/blogs.ua.es\/thomashobbes\/wp-json\/wp\/v2\/pages\/23","targetHints":{"allow":["GET"]}}],"collection":[{"href":"https:\/\/blogs.ua.es\/thomashobbes\/wp-json\/wp\/v2\/pages"}],"about":[{"href":"https:\/\/blogs.ua.es\/thomashobbes\/wp-json\/wp\/v2\/types\/page"}],"author":[{"embeddable":true,"href":"https:\/\/blogs.ua.es\/thomashobbes\/wp-json\/wp\/v2\/users\/1667"}],"replies":[{"embeddable":true,"href":"https:\/\/blogs.ua.es\/thomashobbes\/wp-json\/wp\/v2\/comments?post=23"}],"version-history":[{"count":32,"href":"https:\/\/blogs.ua.es\/thomashobbes\/wp-json\/wp\/v2\/pages\/23\/revisions"}],"predecessor-version":[{"id":141,"href":"https:\/\/blogs.ua.es\/thomashobbes\/wp-json\/wp\/v2\/pages\/23\/revisions\/141"}],"wp:attachment":[{"href":"https:\/\/blogs.ua.es\/thomashobbes\/wp-json\/wp\/v2\/media?parent=23"}],"curies":[{"name":"wp","href":"https:\/\/api.w.org\/{rel}","templated":true}]}}