{"id":68,"date":"2010-03-12T17:37:44","date_gmt":"2010-03-12T16:37:44","guid":{"rendered":"https:\/\/blogs.ua.es\/thomashobbes\/?page_id=68"},"modified":"2010-03-12T17:39:48","modified_gmt":"2010-03-12T16:39:48","slug":"frases-y-maximas","status":"publish","type":"page","link":"https:\/\/blogs.ua.es\/thomashobbes\/frases-y-maximas\/","title":{"rendered":"Frases y m\u00e1ximas"},"content":{"rendered":"<p><span style=\"text-decoration: underline\">Esperanza<\/span><\/p>\n<ul>\n<li><em>Al deseo, acompa\u00f1ado de la idea de satisfacerse, se le denomina esperanza; despojado de tal idea, desesperaci\u00f3n<\/em>.<\/li>\n<\/ul>\n<p>\u00a0<\/p>\n<p><span style=\"text-decoration: underline\">Filosof\u00eda<\/span><\/p>\n<ul>\n<li><em>La ociosidad es la madre de la filosof\u00eda<\/em>.<\/li>\n<li><em>Cuando dos hombres desean la misma cosa que no pueden gozar juntos se convierten en enemigos<\/em><em>\u00a0<\/em><\/li>\n<\/ul>\n<p>\u00a0<\/p>\n<p><span style=\"text-decoration: underline\">Gobierno<\/span><\/p>\n<ul>\n<li><em>Hay muy pocos que sean tan necios que no prefieren gobernarse a s\u00ed mismos antes que ser gobernados por otros.<\/em><\/li>\n<\/ul>\n<p><em>\u00a0<\/em><\/p>\n<p><span style=\"text-decoration: underline\">Libertad<\/span><\/p>\n<ul>\n<li><em>Un hombre libre es aquel que, teniendo fuerza y talento para hacer una cosa, no encuentra trabas a su voluntad<\/em>.<\/li>\n<\/ul>\n<p>\u00a0<\/p>\n<p><span style=\"text-decoration: underline\">Esperanza<\/span><\/p>\n<ul>\n<li><em>De la igualdad de habilidades surge la igualdad de esperanzas en el logro de nuestros fines<\/em>.<\/li>\n<\/ul>\n<p>\u00a0<\/p>\n<p><span style=\"text-decoration: underline\">Sociedad<\/span><\/p>\n<ul>\n<li><em>La base de todas las sociedades grandes y duraderas ha consistido, no en la mutua voluntad que los hombres se ten\u00edan, sino en el rec\u00edproco temor.<\/em><\/li>\n<\/ul>\n<p><em>\u00a0<\/em><\/p>\n<p><span style=\"text-decoration: underline\">Maldad<\/span><\/p>\n<ul>\n<li><em>El hombre es un lobo para el hombre<\/em>.<\/li>\n<\/ul>\n<p>\u00a0<\/p>\n<p><span style=\"text-decoration: underline\">Risa<\/span><\/p>\n<ul>\n<li><em>La risa no es m\u00e1s que la gloria que nace de nuestra superioridad<\/em>.<\/li>\n<\/ul>\n<p>\u00a0<\/p>\n<p><span style=\"text-decoration: underline\">Ideas<\/span><\/p>\n<ul>\n<li><em>Las ideas estimulan la mente<\/em>.<\/li>\n<\/ul>\n<p>\u00a0<\/p>\n<p><span style=\"text-decoration: underline\">Opini\u00f3n<\/span><\/p>\n<ul>\n<li><em>Los que aprueban una opini\u00f3n, la llaman opini\u00f3n; pero los que la desaprueban la llaman herej\u00eda<\/em>.<\/li>\n<li><em>El que conoce poco, lo repite a menudo.<\/em><\/li>\n<\/ul>\n<p>Fuente: www.proverbia.net\/citasautor.asp?autor=492<\/p>\n","protected":false},"excerpt":{"rendered":"<p>Esperanza Al deseo, acompa\u00f1ado de la idea de satisfacerse, se le denomina esperanza; despojado de tal idea, desesperaci\u00f3n. \u00a0 Filosof\u00eda La ociosidad es la madre de la filosof\u00eda. Cuando dos hombres desean la misma cosa que no pueden gozar juntos se convierten en enemigos\u00a0 \u00a0 Gobierno Hay muy pocos que sean tan necios que no [&hellip;]<\/p>\n","protected":false},"author":1667,"featured_media":0,"parent":0,"menu_order":4,"comment_status":"open","ping_status":"open","template":"","meta":{"footnotes":""},"class_list":["post-68","page","type-page","status-publish","hentry"],"_links":{"self":[{"href":"https:\/\/blogs.ua.es\/thomashobbes\/wp-json\/wp\/v2\/pages\/68","targetHints":{"allow":["GET"]}}],"collection":[{"href":"https:\/\/blogs.ua.es\/thomashobbes\/wp-json\/wp\/v2\/pages"}],"about":[{"href":"https:\/\/blogs.ua.es\/thomashobbes\/wp-json\/wp\/v2\/types\/page"}],"author":[{"embeddable":true,"href":"https:\/\/blogs.ua.es\/thomashobbes\/wp-json\/wp\/v2\/users\/1667"}],"replies":[{"embeddable":true,"href":"https:\/\/blogs.ua.es\/thomashobbes\/wp-json\/wp\/v2\/comments?post=68"}],"version-history":[{"count":3,"href":"https:\/\/blogs.ua.es\/thomashobbes\/wp-json\/wp\/v2\/pages\/68\/revisions"}],"predecessor-version":[{"id":70,"href":"https:\/\/blogs.ua.es\/thomashobbes\/wp-json\/wp\/v2\/pages\/68\/revisions\/70"}],"wp:attachment":[{"href":"https:\/\/blogs.ua.es\/thomashobbes\/wp-json\/wp\/v2\/media?parent=68"}],"curies":[{"name":"wp","href":"https:\/\/api.w.org\/{rel}","templated":true}]}}