{"id":29,"date":"2009-06-12T15:43:16","date_gmt":"2009-06-12T13:43:16","guid":{"rendered":"https:\/\/blogs.ua.es\/thomasjefferson\/?page_id=29"},"modified":"2009-06-12T15:43:16","modified_gmt":"2009-06-12T13:43:16","slug":"bibliografia","status":"publish","type":"page","link":"https:\/\/blogs.ua.es\/thomasjefferson\/bibliografia\/","title":{"rendered":"Bibliograf\u00eda"},"content":{"rendered":"<p>El arquitecto norteamericano Thomas Jefferson (1743-1826) y su relaci\u00f3n con Espa\u00f1a. Xos\u00e9 Fern\u00e1ndez Fern\u00e1ndez, Universidade da Coru\u00f1a, 2003.<\/p>\n<p>Thomas Jefferson: el hombre. Lally Weymouth, Tecnos, 1976. <\/p>\n<p>La invenci\u00f3n de una naci\u00f3n: Washington, Adams, Jefferson. Gore Vidal, Anagrama, 2004. <\/p>\n<p>Thomas Jefferson: revolucionario &amp; fil\u00f3sofo. Thomas Jefferson, John S. Pancake, Barcelona : Ediciones 29, D.L. 1986. <\/p>\n<p>La Am\u00e9rica de Thomas Jefferson. Oscar Celador Ang\u00f3n, Anuario Residencia de Estudiantes &#8220;Fernando de los R\u00edos&#8221; : [1995-1996], 1997.<\/p>\n<p>\u00bfQu\u00e9 sigue siendo norteamericano en la filosof\u00eda pol\u00edtica de Thomas Jefferson?, Joyce Appleby.<\/p>\n<p>El epicure\u00edsmo de Thomas Jefferson. Charles Plumb, Carlos Garc\u00eda Gual, Revista de Occidente, ISSN 0034-8635, N\u00ba 37, 1984.<\/p>\n<p>Thomas Jefferson y el problema de la esclavitud. Angela Aparisi Miralles, Anuario de filosof\u00eda del derecho, ISSN 0518-0872, N\u00ba 7, 1990.<\/p>\n<p>Jefferson y la interpretaci\u00f3n de la Declaraci\u00f3n de los Derechos del Hombre de 1789. Michel Troper, Derechos y libertades: Revista del Instituto Bartolom\u00e9 de las Casas, ISSN 1133-0937, A\u00f1o n\u00ba 5, N\u00ba 8, 2000.<\/p>\n<p>Looking for liberty: Thomas Jefferson and the British lions. Lucia Stanton, Eighteenth century studies, ISSN 0013-2586, Vol. 26, N\u00ba 4, 1993.<\/p>\n<p>Autobiograf\u00eda y otros escritos. Thomas Jefferson, Tecnos.<\/p>\n","protected":false},"excerpt":{"rendered":"<p>El arquitecto norteamericano Thomas Jefferson (1743-1826) y su relaci\u00f3n con Espa\u00f1a. Xos\u00e9 Fern\u00e1ndez Fern\u00e1ndez, Universidade da Coru\u00f1a, 2003. Thomas Jefferson: el hombre. Lally Weymouth, Tecnos, 1976. La invenci\u00f3n de una naci\u00f3n: Washington, Adams, Jefferson. Gore Vidal, Anagrama, 2004. Thomas Jefferson: revolucionario &amp; fil\u00f3sofo. Thomas Jefferson, John S. Pancake, Barcelona : Ediciones 29, D.L. 1986. La [&hellip;]<\/p>\n","protected":false},"author":1141,"featured_media":0,"parent":0,"menu_order":0,"comment_status":"open","ping_status":"open","template":"","meta":{"footnotes":""},"class_list":["post-29","page","type-page","status-publish","hentry"],"_links":{"self":[{"href":"https:\/\/blogs.ua.es\/thomasjefferson\/wp-json\/wp\/v2\/pages\/29","targetHints":{"allow":["GET"]}}],"collection":[{"href":"https:\/\/blogs.ua.es\/thomasjefferson\/wp-json\/wp\/v2\/pages"}],"about":[{"href":"https:\/\/blogs.ua.es\/thomasjefferson\/wp-json\/wp\/v2\/types\/page"}],"author":[{"embeddable":true,"href":"https:\/\/blogs.ua.es\/thomasjefferson\/wp-json\/wp\/v2\/users\/1141"}],"replies":[{"embeddable":true,"href":"https:\/\/blogs.ua.es\/thomasjefferson\/wp-json\/wp\/v2\/comments?post=29"}],"version-history":[{"count":1,"href":"https:\/\/blogs.ua.es\/thomasjefferson\/wp-json\/wp\/v2\/pages\/29\/revisions"}],"predecessor-version":[{"id":36,"href":"https:\/\/blogs.ua.es\/thomasjefferson\/wp-json\/wp\/v2\/pages\/29\/revisions\/36"}],"wp:attachment":[{"href":"https:\/\/blogs.ua.es\/thomasjefferson\/wp-json\/wp\/v2\/media?parent=29"}],"curies":[{"name":"wp","href":"https:\/\/api.w.org\/{rel}","templated":true}]}}