{"id":2,"date":"2009-02-05T14:28:40","date_gmt":"2009-02-05T13:28:40","guid":{"rendered":"https:\/\/blogs.ua.es\/thomasmore\/acerca_de\/"},"modified":"2009-02-26T15:24:37","modified_gmt":"2009-02-26T14:24:37","slug":"acerca_de","status":"publish","type":"page","link":"https:\/\/blogs.ua.es\/thomasmore\/acerca_de\/","title":{"rendered":"Trayectoria p\u00fablica"},"content":{"rendered":"<p style=\"text-align: justify\">Politicamente hablando, Thomas Moro fue miembro del Parlamento desde 1504. Tambi\u00e9n fue elegido juez y subprefecto en la ciudad de Londres, pero comunmente se le conoce porque se opuso a algunas medidas de Enrique VII, lo que le trajo varios quebraderos de cabeza.  Ya con la llegada de Enrique VIII, protector del humanismo y de las ciencias, Moro entr\u00f3 al servicio del Rey y se convirti\u00f3 en miembro de su Consejo Privado.<\/p>\n<p style=\"text-align: justify\">Moro viaj\u00f3 por Europa, y recibi\u00f3 la influencia de distintas universidades. Desde all\u00ed escribi\u00f3 un poema dedicado al rey, que acababa de tomar posesi\u00f3n de su trono. La obra lleg\u00f3 a manos del rey, que hizo llamarlo, naciendo a partir de entonces entre ambos una amistad. Enrique VIII se sirvi\u00f3 de su diplomacia y tacto confi\u00e1ndole algunas misiones diplom\u00e1ticas en pa\u00edses europeos; m\u00e1s tarde lo nombr\u00f3 para varios cargos menores (tesorero, etc.), y por fin Lord Canciller, en 1529. Fue el primer Canciller laico en varios siglos.<\/p>\n<p style=\"text-align: justify\">Pero el Rey Enrique VIII se enemist\u00f3 con Tom\u00e1s Moro cuando quiso divorciarse de su esposa Catalina de Arag\u00f3n, y Tom\u00e1s, como Canciller, no lo aprob\u00f3. Enrique VIII hab\u00eda pedido al Papa la concesi\u00f3n del divorcio, y la negativa de \u00e9ste supuso la ruptura de la Iglesia de Inglaterra con la Iglesia Cat\u00f3lica de Roma.<\/p>\n<p style=\"text-align: justify\">El rey insisti\u00f3 en obtener su divorcio eclesi\u00e1stico, como medio para acallar sus devaneos de alcoba, de los que hab\u00eda murmuraciones por la Corte, y por las que el rey se sent\u00eda molesto. El divorcio hubiese borrado la infidelidad, y todo hubiese quedado en un asunto intrascendente.<\/p>\n<p style=\"text-align: justify\">Las sucesivas negativas de Tom\u00e1s Moro a aceptar algunos de los deseos del rey, acabaron por provocar el rencor de Enrique VIII, que acab\u00f3 encarcelando a Tom\u00e1s Moro en la Torre de Londres, tras la negativa de \u00e9ste a aceptar el juramento que reconoc\u00eda a Enrique VIII como cabeza suprema de la Iglesia de Inglaterra, tras la ruptura con Roma.<\/p>\n<p style=\"text-align: justify\">Finalmente el rey, enojado, mand\u00f3 juzgar a Moro, quien en un juicio sumario fue acusado de alta traici\u00f3n y condenaron a muerte (ya hab\u00eda sido condenado a cadena perpetua anteriormente). Otros dirigentes europeos como el Papa o el rey Carlos I de Espa\u00f1a y V de Alemania, quien ve\u00eda en \u00e9l al mejor pensador del momento, presionaron para que se le perdonara la vida, y se la conmutara por cadena perpetua o destierro, pero no sirvi\u00f3 de nada y fue decapitado una semana despu\u00e9s, el 6 de julio de 1535.<\/p>\n<p style=\"text-align: justify\">Mantuvo hasta el final su sentido del humor, confiando plenamente en el Dios misericordioso que le recibir\u00eda al cruzar el umbral de la muerte. Mientras sub\u00eda al cadalso se dirigi\u00f3 al verdugo en estos t\u00e9rminos: \u00ab\u00bfPuede ayudarme a subir?, porque para bajar, ya sabr\u00e9 val\u00e9rmelas por m\u00ed mismo\u00bb. Luego, al arrodillarse dijo: \u00abF\u00edjese que mi barba ha crecido en la c\u00e1rcel; es decir, ella no ha sido desobediente al rey, por lo tanto no hay por qu\u00e9 cortarla. Perm\u00edtame que la aparte\u00bb. Finalmente, ya apartando su iron\u00eda, se dirigi\u00f3 a los presentes: \u00ab<em>I die being the King&#8217;s good servant-but God&#8217;s first<\/em>\u00bb (Muero siendo el buen siervo del Rey, pero primero de Dios).<\/p>\n<p style=\"text-align: justify\">Moro no fue el \u00fanico que estuvo en la encrucijada de si deb\u00eda seguir al Rey Enrique VIII o a la Iglesia Romana. El por entonces reci\u00e9n nombrado cardenal Juan Fisher tambi\u00e9n pas\u00f3 por el mismo trance; Enrique VIII le mand\u00f3 el capelo cardenalicio cuando Fisher estaba en prisi\u00f3n, y fue tambi\u00e9n ejecutado.<\/p>\n<p style=\"text-align: justify\">En cuanto a los nombramientos academicos, en 1521 fue condecorado con el t\u00edtulo de <em>knygth<\/em>. En 1524 fue nombrado <em>High Steward<\/em> (censor y patr\u00f3n) de la Universidad de Oxford, de la que hab\u00eda sido alumno. En 1525 fue nombado tambi\u00e9n <em>High Steward<\/em> de la Universidad de Cambridge.<\/p>\n<p style=\"text-align: justify\">\n","protected":false},"excerpt":{"rendered":"<p>Politicamente hablando, Thomas Moro fue miembro del Parlamento desde 1504. Tambi\u00e9n fue elegido juez y subprefecto en la ciudad de Londres, pero comunmente se le conoce porque se opuso a algunas medidas de Enrique VII, lo que le trajo varios quebraderos de cabeza. Ya con la llegada de Enrique VIII, protector del humanismo y de [&hellip;]<\/p>\n","protected":false},"author":1146,"featured_media":0,"parent":0,"menu_order":0,"comment_status":"open","ping_status":"open","template":"","meta":{"footnotes":""},"class_list":["post-2","page","type-page","status-publish","hentry"],"_links":{"self":[{"href":"https:\/\/blogs.ua.es\/thomasmore\/wp-json\/wp\/v2\/pages\/2","targetHints":{"allow":["GET"]}}],"collection":[{"href":"https:\/\/blogs.ua.es\/thomasmore\/wp-json\/wp\/v2\/pages"}],"about":[{"href":"https:\/\/blogs.ua.es\/thomasmore\/wp-json\/wp\/v2\/types\/page"}],"author":[{"embeddable":true,"href":"https:\/\/blogs.ua.es\/thomasmore\/wp-json\/wp\/v2\/users\/1146"}],"replies":[{"embeddable":true,"href":"https:\/\/blogs.ua.es\/thomasmore\/wp-json\/wp\/v2\/comments?post=2"}],"version-history":[{"count":8,"href":"https:\/\/blogs.ua.es\/thomasmore\/wp-json\/wp\/v2\/pages\/2\/revisions"}],"predecessor-version":[{"id":66,"href":"https:\/\/blogs.ua.es\/thomasmore\/wp-json\/wp\/v2\/pages\/2\/revisions\/66"}],"wp:attachment":[{"href":"https:\/\/blogs.ua.es\/thomasmore\/wp-json\/wp\/v2\/media?parent=2"}],"curies":[{"name":"wp","href":"https:\/\/api.w.org\/{rel}","templated":true}]}}