{"id":30,"date":"2009-02-12T15:49:38","date_gmt":"2009-02-12T14:49:38","guid":{"rendered":"https:\/\/blogs.ua.es\/thomasmore\/?page_id=30"},"modified":"2009-02-26T15:25:10","modified_gmt":"2009-02-26T14:25:10","slug":"cartas-de-y-para-thomas-moro","status":"publish","type":"page","link":"https:\/\/blogs.ua.es\/thomasmore\/cartas-de-y-para-thomas-moro\/","title":{"rendered":"Carta Thomas Moro"},"content":{"rendered":"<p>Carta del pensador a su hija Margarita desde la C\u00e1rcel:<\/p>\n<h4>Me pongo totalmente en manos de Dios con absoluta esperanza y confianza<br \/>\n<em>De una carta de santo Tom\u00e1s Moro, escrita en la c\u00e1rcel a su hija Margarita<\/em><\/h4>\n<p style=\"text-align: justify\">Aunque estoy bien convencido, mi querida Margarita, de que la maldad de mi vida pasada es tal que merecer\u00eda que Dios me abandonase del todo, ni por un momento dejar\u00e9 de confiar en su inmensa bondad. Hasta ahora, su gracia sant\u00edsima me ha dado fuerzas para postergarlo todo: las riquezas, las ganancias y la misma vida, antes que prestar juramento en contra de mi conciencia; hasta ahora, ha inspirado al mismo rey la suficiente benignidad para que no pasara de privarme de la libertad (y, por cierto, que con esto solo su majestad me ha hecho un favor m\u00e1s grande, por el provecho espiritual que de ello espero sacar para mi alma, que con todos aquellos honores y bienes de que antes me hab\u00eda colmado). Por esto, espero confiadamente que la misma gracia divina continuar\u00e1 favoreci\u00e9ndome, no permitiendo que el rey vaya m\u00e1s all\u00e1, o bien d\u00e1ndome la fuerza necesaria para sufrir lo que sea con paciencia, con fortaleza y de buen grado.<\/p>\n<p style=\"text-align: justify\">Esta mi paciencia, unida a los m\u00e9ritos de la doloros\u00edsima pasi\u00f3n del Se\u00f1or (infinitamente superior en todos los aspectos a todo lo que yo pueda sufrir), mitigar\u00e1 la pena que tenga que sufrir en el purgatorio y, gracias a su divina bondad, me conseguir\u00e1 m\u00e1s tarde un aumento premio en el cielo.<\/p>\n<p style=\"text-align: justify\">No quiero, mi querida Margarita, desconfiar de la bondad de Dios, por m\u00e1s d\u00e9bil y fr\u00e1gil que me sienta. M\u00e1s a\u00fan, si a causa del terror y el espanto viera que estoy ya a punto de ceder, me acordar\u00e9 de san Pedro, cuando, por su poca fe, empezaba a hundirse por un solo golpe viento, y har\u00e9 lo que \u00e9l hizo. Gritar\u00e9 a Cristo: <em>Se\u00f1or, s\u00e1lvame.<\/em> Espero que entonces \u00e9l, tendi\u00e9ndome la mano, me sujetar\u00e1 y no dejar\u00e1 que me hunda.<\/p>\n<p style=\"text-align: justify\">Y, si permitiera que mi semejanza con Pedro fuera a\u00fan m\u00e1s all\u00e1, de tal modo que llegara a la ca\u00edda total y a jurar y perjurar (lo que Dios, por su misericordia, aparte lejos de m\u00ed, y haga que una tal ca\u00edda redunde m\u00e1s bien en perjuicio que en provecho m\u00edo), aun en este caso espero que el Se\u00f1or me dirija, como a Pedro, una mirada llena de misericordia y me levante de nuevo, para que vuelva a salir en defensa de la verdad y descargue as\u00ed mi conciencia, y soporte con fortaleza el castigo y la verg\u00fcenza de mi anterior negaci\u00f3n.<\/p>\n<p style=\"text-align: justify\">Finalmente, mi querida Margarita, de lo que estoy cierto es de que Dios no me abandonar\u00e1 sin culpa m\u00eda. Por esto, me pongo totalmente en manos de Dios con absoluta esperanza y confianza. Si a causa de mis pecados permite mi perdici\u00f3n, por lo menos su justicia ser\u00e1 alabada a causa de mi persona. Espero, sin embargo, y lo espero con toda certeza, que su bondad clement\u00edsima guardar\u00e1 fielmente mi alma y har\u00e1 que sea su misericordia, m\u00e1s que su justicia, lo que se ponga en m\u00ed de relieve.<\/p>\n<p style=\"text-align: justify\">Ten, pues, buen \u00e1nimo, hija m\u00eda, y no te preocupes por m\u00ed, sea lo que sea que me pase en este mundo. Nada puede pasarme que Dios no quiera. Y todo lo que \u00e9l quiere, por muy malo que nos parezca, es en realidad lo mejor.<\/p>\n","protected":false},"excerpt":{"rendered":"<p>Carta del pensador a su hija Margarita desde la C\u00e1rcel: Me pongo totalmente en manos de Dios con absoluta esperanza y confianza De una carta de santo Tom\u00e1s Moro, escrita en la c\u00e1rcel a su hija Margarita Aunque estoy bien convencido, mi querida Margarita, de que la maldad de mi vida pasada es tal que [&hellip;]<\/p>\n","protected":false},"author":1146,"featured_media":0,"parent":0,"menu_order":0,"comment_status":"open","ping_status":"open","template":"","meta":{"footnotes":""},"class_list":["post-30","page","type-page","status-publish","hentry"],"_links":{"self":[{"href":"https:\/\/blogs.ua.es\/thomasmore\/wp-json\/wp\/v2\/pages\/30","targetHints":{"allow":["GET"]}}],"collection":[{"href":"https:\/\/blogs.ua.es\/thomasmore\/wp-json\/wp\/v2\/pages"}],"about":[{"href":"https:\/\/blogs.ua.es\/thomasmore\/wp-json\/wp\/v2\/types\/page"}],"author":[{"embeddable":true,"href":"https:\/\/blogs.ua.es\/thomasmore\/wp-json\/wp\/v2\/users\/1146"}],"replies":[{"embeddable":true,"href":"https:\/\/blogs.ua.es\/thomasmore\/wp-json\/wp\/v2\/comments?post=30"}],"version-history":[{"count":4,"href":"https:\/\/blogs.ua.es\/thomasmore\/wp-json\/wp\/v2\/pages\/30\/revisions"}],"predecessor-version":[{"id":68,"href":"https:\/\/blogs.ua.es\/thomasmore\/wp-json\/wp\/v2\/pages\/30\/revisions\/68"}],"wp:attachment":[{"href":"https:\/\/blogs.ua.es\/thomasmore\/wp-json\/wp\/v2\/media?parent=30"}],"curies":[{"name":"wp","href":"https:\/\/api.w.org\/{rel}","templated":true}]}}