{"id":56,"date":"2009-02-25T11:16:11","date_gmt":"2009-02-25T10:16:11","guid":{"rendered":"https:\/\/blogs.ua.es\/thomasmore\/?page_id=56"},"modified":"2009-03-04T11:47:03","modified_gmt":"2009-03-04T10:47:03","slug":"utopias-modernas","status":"publish","type":"page","link":"https:\/\/blogs.ua.es\/thomasmore\/utopias-modernas\/","title":{"rendered":"Utop\u00edas modernas"},"content":{"rendered":"<p style=\"text-align: justify\">Lo primero que debemos de tener en cuenta es que las utopias modernas tienen un concepto diferente a sus precedentes, como bien podria ser la de Thomas Moro, pues, \u00e9ste no pretendia hacer de ella una realidad, en mi opinion era una critica mordaz a la sociedad inglesa del siglo XVI. Las modernas en cambio estan mas orientadas al futuro, pero , sobretodo , son un reclamo frente al orden entendido, que no explica adecuadamente el mal y la explotacion. Expresan una realidad frente a lo dado y , en mi opinion, una inconformidad de la realidad, proponiendo na transformacion radical, que en muchos de los casos que vamos a ver pasan por un proceso revolucionario.<\/p>\n<p style=\"text-align: justify\">basicamente y para no enrrollarme destacaria en la actualidad no mas de 4 \u00f3 5 movimientos utopicos:<\/p>\n<p style=\"text-align: justify\"><strong>El Comunismo<\/strong><\/p>\n<p style=\"text-align: justify\">Fundamentalmente se trata de una ideologia politica, cuya principal aspiracion es la consecucion de una sociedad en la que los principales recursos y medios de produccion pertenezcan a la comunidad y no a los individuos.<\/p>\n<p style=\"text-align: justify\">Sus origenes se remontan a principios del siglo XIX, como respuesta al nacimiento y desarrollo del capitalismo moderno .<\/p>\n<p style=\"text-align: justify\">El concepto comunista de la sociedad ideal tiene lejanos antecedentes, incluyendo la Republica de Plat\u00f3n y quien lo iba a decir, de las primeras comunidades cristianas.<\/p>\n<p style=\"text-align: justify\">Fue la base de una serie de aformaciones utopicas; sin embargo , casi todos estos primeros experimentos comunistas fracasaron;realizados a peque\u00f1a escala.<\/p>\n<p style=\"text-align: justify\">En cuanto a sus caracteristicas doctrinales , podriamos citar las siguientes, principalmente:<\/p>\n<ul style=\"text-align: justify\">\n<li>En la teor\u00eda, estas sociedades permiten el reparto equitativo de todo el trabajo en funci\u00f3n de la habilidad, y de todos los beneficios en funci\u00f3n de las necesidades.<\/li>\n<li>La sociedad comunista suponen que, en \u00faltimo t\u00e9rmino, no se necesita que haya un gobierno coercitivo y, por lo tanto, la sociedad comunista no tendr\u00eda por qu\u00e9 tener legisladores.<\/li>\n<li>El comunismo debe luchar, por medio de la revoluci\u00f3n, para lograr la abolici\u00f3n de la propiedad privada; la responsabilidad de satisfacer las necesidades p\u00fablicas recae, pues, en el Estado.<\/li>\n<\/ul>\n<p style=\"text-align: justify\"><strong>El Anarquismo<\/strong><\/p>\n<p style=\"text-align: justify\">\u00a0En una visi\u00f3n muy somera,\u00a0se trata de \u00a0una doctrina\u00a0que promueve la autonom\u00eda\u00a0 o libertad de cada individuo.\u00a0 En cuanto a la forma de gobierno,es contrario al gobierno o autoridad obligatoria\u00a0como por ejemplo el Estado\u00a0y promueve el autogobierno de personas y asociaciones.<\/p>\n<p style=\"text-align: justify\">Es la doctrina que sostiene que toda autoridad pol\u00edtica es innecesaria y nociva, aunque otros tipos de autoridad (jur\u00eddica, religiosa) son tambi\u00e9n perjudiciales. El anarquismo sostiene que mediante la abolici\u00f3n de la autoridad se puede crear una autoridad justa, basada en la bondad innata del hombre y su voluntad de cooperar pac\u00edficamente con el resto de la sociedad. Adem\u00e1s, posee notables concepciones filos\u00f3ficas sobre la historia, la sociedad, el hombre y la libertad. Sus principales representantes son: <span style=\"color: #000000\">Stirner, Bakunin y Kropotkin. <\/span><\/p>\n<p style=\"text-align: justify\">en el caso concreto de Espa\u00f1a,<\/p>\n<p style=\"text-align: justify\">Existieron numerosas variantes de anarquismo en Espa\u00f1a: el anarquismo del campesinado en la zona rural de Andaluc\u00eda; el anarcosindicalismo urbano en Catalu\u00f1a, particularmente en su capital Barcelona, y lo que es a veces llamado anarquismo &#8220;puro&#8221; en otras ciudades tales como Zaragoza. Sin embargo, estos movimientos ten\u00edan y compart\u00edan varias similitudes ideol\u00f3gicas.<\/p>\n<p style=\"text-align: justify\">Al principio, los \u00e9xitos de los movimientos anarquistas fueron espor\u00e1dicos. Los anarquistas organizaban huelgas que terminaban por expandirse por el resto del pa\u00eds. Normalmente, las represiones de la polic\u00eda reduc\u00edan el n\u00famero de manifestantes, pero al mismo tiempo esto provocaba un fen\u00f3meno de radicalizaci\u00f3n en aquellos miembros. Este ciclo ayud\u00f3 a liderar una \u00e9poca de violencia mutua a principios del siglo XX, en la cual anarquistas armados y pistoleros, mercenarios pagados por due\u00f1os de empresas, se convirtieron en responsables de muchos asesinatos pol\u00edticos.<\/p>\n<p style=\"text-align: justify\">Posteriormente, en el siglo XX, la violencia comenz\u00f3 a decaer, y el movimiento gan\u00f3 velocidad con el alzamiento del anarcosindicalismo y la creaci\u00f3n del gran sindicato libertario, la CNT. Las huelgas generales llegaron a hacerse comunes, y una gran porci\u00f3n de la clase obrera espa\u00f1ola adopt\u00f3 las ideas anarquistas.<\/p>\n<p style=\"text-align: justify\">Dentro del espinoso tema de la Guerra Civil, los anarquistas desempe\u00f1aron un papel destacado en la lucha armada en contra de Franco . Al mismo tiempo, una revoluci\u00f3n social a gran escala se expandi\u00f3 a trav\u00e9s de todo el territorio espa\u00f1ol bajo el dominio republicano. Pero el batacazo definitivo para toda expectativa de futuro respecto al proceso revolucionario no se consumar\u00eda hasta el fin de la guerra, en 1939, con la victoria del ej\u00e9rcito sublevado, comandando por Franco, quien har\u00eda ejecutar a miles de anarquistas y encarcelar a una importante cifra de disidentes, como presos pol\u00edticos, fundamentalmente izquierdistas, republicanos y cr\u00edticos del nuevo r\u00e9gimen. Pese a ello, la resistencia a su dictadura nunca muri\u00f3 completamente, con simpatizantes participando en actos de sabotajes y otros m\u00e9todos de acci\u00f3n directa, y en algunas ocasiones atentando contra la vida del propio gobernante.<\/p>\n","protected":false},"excerpt":{"rendered":"<p>Lo primero que debemos de tener en cuenta es que las utopias modernas tienen un concepto diferente a sus precedentes, como bien podria ser la de Thomas Moro, pues, \u00e9ste no pretendia hacer de ella una realidad, en mi opinion era una critica mordaz a la sociedad inglesa del siglo XVI. Las modernas en cambio [&hellip;]<\/p>\n","protected":false},"author":1146,"featured_media":0,"parent":0,"menu_order":0,"comment_status":"open","ping_status":"open","template":"","meta":{"footnotes":""},"class_list":["post-56","page","type-page","status-publish","hentry"],"_links":{"self":[{"href":"https:\/\/blogs.ua.es\/thomasmore\/wp-json\/wp\/v2\/pages\/56","targetHints":{"allow":["GET"]}}],"collection":[{"href":"https:\/\/blogs.ua.es\/thomasmore\/wp-json\/wp\/v2\/pages"}],"about":[{"href":"https:\/\/blogs.ua.es\/thomasmore\/wp-json\/wp\/v2\/types\/page"}],"author":[{"embeddable":true,"href":"https:\/\/blogs.ua.es\/thomasmore\/wp-json\/wp\/v2\/users\/1146"}],"replies":[{"embeddable":true,"href":"https:\/\/blogs.ua.es\/thomasmore\/wp-json\/wp\/v2\/comments?post=56"}],"version-history":[{"count":9,"href":"https:\/\/blogs.ua.es\/thomasmore\/wp-json\/wp\/v2\/pages\/56\/revisions"}],"predecessor-version":[{"id":71,"href":"https:\/\/blogs.ua.es\/thomasmore\/wp-json\/wp\/v2\/pages\/56\/revisions\/71"}],"wp:attachment":[{"href":"https:\/\/blogs.ua.es\/thomasmore\/wp-json\/wp\/v2\/media?parent=56"}],"curies":[{"name":"wp","href":"https:\/\/api.w.org\/{rel}","templated":true}]}}